{"id":1087,"date":"2024-08-25T17:26:13","date_gmt":"2024-08-25T15:26:13","guid":{"rendered":"http:\/\/cecilemachin.com\/?page_id=1087"},"modified":"2024-08-25T18:30:51","modified_gmt":"2024-08-25T16:30:51","slug":"semaine-de-la-danse-2024-jazz","status":"publish","type":"page","link":"https:\/\/cecilemachin.com\/index.php\/semaine-de-la-danse-2024-jazz\/","title":{"rendered":"Semaine de la danse 2024 \/ jazz"},"content":{"rendered":"\t\t<div data-elementor-type=\"wp-page\" data-elementor-id=\"1087\" class=\"elementor elementor-1087\">\n\t\t\t\t<div class=\"elementor-element elementor-element-1a02c11 e-flex e-con-boxed e-con e-parent\" data-id=\"1a02c11\" data-element_type=\"container\" data-e-type=\"container\">\n\t\t\t\t\t<div class=\"e-con-inner\">\n\t\t\t\t<div class=\"elementor-element elementor-element-dbce4a2 elementor-widget elementor-widget-image\" data-id=\"dbce4a2\" data-element_type=\"widget\" data-e-type=\"widget\" data-widget_type=\"image.default\">\n\t\t\t\t<div class=\"elementor-widget-container\">\n\t\t\t\t\t\t\t\t\t\t\t\t\t\t\t<img fetchpriority=\"high\" decoding=\"async\" width=\"1024\" height=\"649\" src=\"https:\/\/cecilemachin.com\/wp-content\/uploads\/2024\/08\/DSF3261-1-1024x649.jpg\" class=\"attachment-large size-large wp-image-1090\" alt=\"\" srcset=\"https:\/\/cecilemachin.com\/wp-content\/uploads\/2024\/08\/DSF3261-1-1024x649.jpg 1024w, https:\/\/cecilemachin.com\/wp-content\/uploads\/2024\/08\/DSF3261-1-300x190.jpg 300w, https:\/\/cecilemachin.com\/wp-content\/uploads\/2024\/08\/DSF3261-1-2000x1268.jpg 2000w, https:\/\/cecilemachin.com\/wp-content\/uploads\/2024\/08\/DSF3261-1-scaled-1536x974.jpg 1536w, https:\/\/cecilemachin.com\/wp-content\/uploads\/2024\/08\/DSF3261-1-scaled-2048x1298.jpg 2048w\" sizes=\"(max-width: 1024px) 100vw, 1024px\" \/>\t\t\t\t\t\t\t\t\t\t\t\t\t\t\t<\/div>\n\t\t\t\t<\/div>\n\t\t\t\t\t<\/div>\n\t\t\t\t<\/div>\n\t\t<div class=\"elementor-element elementor-element-2602cb2 e-flex e-con-boxed e-con e-parent\" data-id=\"2602cb2\" data-element_type=\"container\" data-e-type=\"container\">\n\t\t\t\t\t<div class=\"e-con-inner\">\n\t\t<div class=\"elementor-element elementor-element-86f027e e-con-full e-flex e-con e-child\" data-id=\"86f027e\" data-element_type=\"container\" data-e-type=\"container\">\n\t\t\t\t<div class=\"elementor-element elementor-element-2355b99 elementor-widget elementor-widget-image\" data-id=\"2355b99\" data-element_type=\"widget\" data-e-type=\"widget\" data-widget_type=\"image.default\">\n\t\t\t\t<div class=\"elementor-widget-container\">\n\t\t\t\t\t\t\t\t\t\t\t\t\t\t\t<img decoding=\"async\" width=\"997\" height=\"1024\" src=\"https:\/\/cecilemachin.com\/wp-content\/uploads\/2024\/08\/DSF3258-997x1024.jpg\" class=\"attachment-large size-large wp-image-1091\" alt=\"\" srcset=\"https:\/\/cecilemachin.com\/wp-content\/uploads\/2024\/08\/DSF3258-997x1024.jpg 997w, https:\/\/cecilemachin.com\/wp-content\/uploads\/2024\/08\/DSF3258-292x300.jpg 292w, https:\/\/cecilemachin.com\/wp-content\/uploads\/2024\/08\/DSF3258-1496x1536.jpg 1496w, https:\/\/cecilemachin.com\/wp-content\/uploads\/2024\/08\/DSF3258.jpg 1752w\" sizes=\"(max-width: 997px) 100vw, 997px\" \/>\t\t\t\t\t\t\t\t\t\t\t\t\t\t\t<\/div>\n\t\t\t\t<\/div>\n\t\t\t\t<\/div>\n\t\t<div class=\"elementor-element elementor-element-db5184f e-con-full e-flex e-con e-child\" data-id=\"db5184f\" data-element_type=\"container\" data-e-type=\"container\">\n\t\t\t\t<div class=\"elementor-element elementor-element-3a2c008 elementor-widget elementor-widget-heading\" data-id=\"3a2c008\" data-element_type=\"widget\" data-e-type=\"widget\" data-widget_type=\"heading.default\">\n\t\t\t\t<div class=\"elementor-widget-container\">\n\t\t\t\t\t<h2 class=\"elementor-heading-title elementor-size-default\">Semaine de danse 2024 \/ jazz \/ \nconservatoire de Vienne<\/h2>\t\t\t\t<\/div>\n\t\t\t\t<\/div>\n\t\t\t\t<div class=\"elementor-element elementor-element-1a1b429 elementor-widget elementor-widget-text-editor\" data-id=\"1a1b429\" data-element_type=\"widget\" data-e-type=\"widget\" data-widget_type=\"text-editor.default\">\n\t\t\t\t<div class=\"elementor-widget-container\">\n\t\t\t\t\t\t\t\t\t<p style=\"text-align: left;\">Costumes pour 6 danseuses et 1 danseur jazz 2C3\/4 du conservatoire de Vienne avec des techniques de teinture.<\/p><p style=\"text-align: left;\">Les motifs g\u00e9om\u00e9triques irr\u00e9guliers sont r\u00e9alis\u00e9s avec des techniques de shibori, pliages japonais tremp\u00e9s dans la teinture.<\/p><p>Chor\u00e9graphie g\u00e9niale de la prof H\u00e9l\u00e8ne Vidal, et musique live par Philippe Khoury et son \u00e9l\u00e8ve.<\/p>\t\t\t\t\t\t\t\t<\/div>\n\t\t\t\t<\/div>\n\t\t\t\t<\/div>\n\t\t\t\t\t<\/div>\n\t\t\t\t<\/div>\n\t\t<div class=\"elementor-element elementor-element-c42ef67 e-flex e-con-boxed e-con e-parent\" data-id=\"c42ef67\" data-element_type=\"container\" data-e-type=\"container\">\n\t\t\t\t\t<div class=\"e-con-inner\">\n\t\t\t\t<div class=\"elementor-element elementor-element-b41ed76 elementor-widget elementor-widget-image\" data-id=\"b41ed76\" data-element_type=\"widget\" data-e-type=\"widget\" data-widget_type=\"image.default\">\n\t\t\t\t<div class=\"elementor-widget-container\">\n\t\t\t\t\t\t\t\t\t\t\t\t\t\t\t<img decoding=\"async\" width=\"1024\" height=\"646\" src=\"https:\/\/cecilemachin.com\/wp-content\/uploads\/2024\/08\/DSF3327-1024x646.jpg\" class=\"attachment-large size-large wp-image-1095\" alt=\"\" srcset=\"https:\/\/cecilemachin.com\/wp-content\/uploads\/2024\/08\/DSF3327-1024x646.jpg 1024w, https:\/\/cecilemachin.com\/wp-content\/uploads\/2024\/08\/DSF3327-300x189.jpg 300w, https:\/\/cecilemachin.com\/wp-content\/uploads\/2024\/08\/DSF3327-2000x1262.jpg 2000w, https:\/\/cecilemachin.com\/wp-content\/uploads\/2024\/08\/DSF3327-scaled-1536x970.jpg 1536w, https:\/\/cecilemachin.com\/wp-content\/uploads\/2024\/08\/DSF3327-scaled-2048x1293.jpg 2048w\" sizes=\"(max-width: 1024px) 100vw, 1024px\" \/>\t\t\t\t\t\t\t\t\t\t\t\t\t\t\t<\/div>\n\t\t\t\t<\/div>\n\t\t\t\t\t<\/div>\n\t\t\t\t<\/div>\n\t\t<div class=\"elementor-element elementor-element-d2ef8a5 e-flex e-con-boxed e-con e-parent\" data-id=\"d2ef8a5\" data-element_type=\"container\" data-e-type=\"container\">\n\t\t\t\t\t<div class=\"e-con-inner\">\n\t\t<div class=\"elementor-element elementor-element-e2dcbf5 e-con-full e-flex e-con e-child\" data-id=\"e2dcbf5\" data-element_type=\"container\" data-e-type=\"container\">\n\t\t\t\t<div class=\"elementor-element elementor-element-da85869 elementor-widget elementor-widget-image\" data-id=\"da85869\" data-element_type=\"widget\" data-e-type=\"widget\" data-widget_type=\"image.default\">\n\t\t\t\t<div class=\"elementor-widget-container\">\n\t\t\t\t\t\t\t\t\t\t\t\t\t\t\t<img loading=\"lazy\" decoding=\"async\" width=\"768\" height=\"1024\" src=\"https:\/\/cecilemachin.com\/wp-content\/uploads\/2024\/08\/IMG_0153-scaled.jpg\" class=\"attachment-medium_large size-medium_large wp-image-1100\" alt=\"\" srcset=\"https:\/\/cecilemachin.com\/wp-content\/uploads\/2024\/08\/IMG_0153-scaled.jpg 1920w, https:\/\/cecilemachin.com\/wp-content\/uploads\/2024\/08\/IMG_0153-225x300.jpg 225w, https:\/\/cecilemachin.com\/wp-content\/uploads\/2024\/08\/IMG_0153-768x1024.jpg 768w, https:\/\/cecilemachin.com\/wp-content\/uploads\/2024\/08\/IMG_0153-2000x2667.jpg 2000w, https:\/\/cecilemachin.com\/wp-content\/uploads\/2024\/08\/IMG_0153-scaled-1152x1536.jpg 1152w, https:\/\/cecilemachin.com\/wp-content\/uploads\/2024\/08\/IMG_0153-scaled-1536x2048.jpg 1536w\" sizes=\"(max-width: 768px) 100vw, 768px\" \/>\t\t\t\t\t\t\t\t\t\t\t\t\t\t\t<\/div>\n\t\t\t\t<\/div>\n\t\t\t\t<\/div>\n\t\t<div class=\"elementor-element elementor-element-dd26a87 e-con-full e-flex e-con e-child\" data-id=\"dd26a87\" data-element_type=\"container\" data-e-type=\"container\">\n\t\t\t\t<div class=\"elementor-element elementor-element-63419a3 elementor-widget elementor-widget-image\" data-id=\"63419a3\" data-element_type=\"widget\" data-e-type=\"widget\" data-widget_type=\"image.default\">\n\t\t\t\t<div class=\"elementor-widget-container\">\n\t\t\t\t\t\t\t\t\t\t\t\t\t\t\t<img loading=\"lazy\" decoding=\"async\" width=\"768\" height=\"576\" src=\"https:\/\/cecilemachin.com\/wp-content\/uploads\/2024\/08\/IMG_0154-1-scaled.jpg\" class=\"attachment-medium_large size-medium_large wp-image-1101\" alt=\"\" srcset=\"https:\/\/cecilemachin.com\/wp-content\/uploads\/2024\/08\/IMG_0154-1-scaled.jpg 2560w, https:\/\/cecilemachin.com\/wp-content\/uploads\/2024\/08\/IMG_0154-1-300x225.jpg 300w, https:\/\/cecilemachin.com\/wp-content\/uploads\/2024\/08\/IMG_0154-1-1024x768.jpg 1024w, https:\/\/cecilemachin.com\/wp-content\/uploads\/2024\/08\/IMG_0154-1-2000x1500.jpg 2000w, https:\/\/cecilemachin.com\/wp-content\/uploads\/2024\/08\/IMG_0154-1-scaled-1536x1152.jpg 1536w, https:\/\/cecilemachin.com\/wp-content\/uploads\/2024\/08\/IMG_0154-1-scaled-2048x1536.jpg 2048w\" sizes=\"(max-width: 768px) 100vw, 768px\" \/>\t\t\t\t\t\t\t\t\t\t\t\t\t\t\t<\/div>\n\t\t\t\t<\/div>\n\t\t\t\t<\/div>\n\t\t\t\t\t<\/div>\n\t\t\t\t<\/div>\n\t\t<div class=\"elementor-element elementor-element-640f06f e-flex e-con-boxed e-con e-parent\" data-id=\"640f06f\" data-element_type=\"container\" data-e-type=\"container\">\n\t\t\t\t\t<div class=\"e-con-inner\">\n\t\t\t\t<div class=\"elementor-element elementor-element-8f8078c elementor-widget elementor-widget-image\" data-id=\"8f8078c\" data-element_type=\"widget\" data-e-type=\"widget\" data-widget_type=\"image.default\">\n\t\t\t\t<div class=\"elementor-widget-container\">\n\t\t\t\t\t\t\t\t\t\t\t\t\t\t\t<img loading=\"lazy\" decoding=\"async\" width=\"1024\" height=\"608\" src=\"https:\/\/cecilemachin.com\/wp-content\/uploads\/2024\/08\/DSF3306-1024x608.jpg\" class=\"attachment-large size-large wp-image-1102\" alt=\"\" srcset=\"https:\/\/cecilemachin.com\/wp-content\/uploads\/2024\/08\/DSF3306-1024x608.jpg 1024w, https:\/\/cecilemachin.com\/wp-content\/uploads\/2024\/08\/DSF3306-300x178.jpg 300w, https:\/\/cecilemachin.com\/wp-content\/uploads\/2024\/08\/DSF3306-2000x1188.jpg 2000w, https:\/\/cecilemachin.com\/wp-content\/uploads\/2024\/08\/DSF3306-scaled-1536x913.jpg 1536w, https:\/\/cecilemachin.com\/wp-content\/uploads\/2024\/08\/DSF3306-scaled-2048x1217.jpg 2048w\" sizes=\"(max-width: 1024px) 100vw, 1024px\" \/>\t\t\t\t\t\t\t\t\t\t\t\t\t\t\t<\/div>\n\t\t\t\t<\/div>\n\t\t\t\t\t<\/div>\n\t\t\t\t<\/div>\n\t\t<div class=\"elementor-element elementor-element-f9914dc e-flex e-con-boxed e-con e-parent\" data-id=\"f9914dc\" data-element_type=\"container\" data-e-type=\"container\">\n\t\t\t\t\t<div class=\"e-con-inner\">\n\t\t\t\t<div class=\"elementor-element elementor-element-e126e10 elementor-widget elementor-widget-image\" data-id=\"e126e10\" data-element_type=\"widget\" data-e-type=\"widget\" data-widget_type=\"image.default\">\n\t\t\t\t<div class=\"elementor-widget-container\">\n\t\t\t\t\t\t\t\t\t\t\t\t\t\t\t<img loading=\"lazy\" decoding=\"async\" width=\"1024\" height=\"449\" src=\"https:\/\/cecilemachin.com\/wp-content\/uploads\/2024\/08\/DSF3250-1024x449.jpg\" class=\"attachment-large size-large wp-image-1103\" alt=\"\" srcset=\"https:\/\/cecilemachin.com\/wp-content\/uploads\/2024\/08\/DSF3250-1024x449.jpg 1024w, https:\/\/cecilemachin.com\/wp-content\/uploads\/2024\/08\/DSF3250-300x131.jpg 300w, https:\/\/cecilemachin.com\/wp-content\/uploads\/2024\/08\/DSF3250-2000x877.jpg 2000w, https:\/\/cecilemachin.com\/wp-content\/uploads\/2024\/08\/DSF3250-scaled-1536x673.jpg 1536w, https:\/\/cecilemachin.com\/wp-content\/uploads\/2024\/08\/DSF3250-scaled-2048x898.jpg 2048w\" sizes=\"(max-width: 1024px) 100vw, 1024px\" \/>\t\t\t\t\t\t\t\t\t\t\t\t\t\t\t<\/div>\n\t\t\t\t<\/div>\n\t\t\t\t\t<\/div>\n\t\t\t\t<\/div>\n\t\t<div class=\"elementor-element elementor-element-381b6e7 e-flex e-con-boxed e-con e-parent\" data-id=\"381b6e7\" data-element_type=\"container\" data-e-type=\"container\">\n\t\t\t\t\t<div class=\"e-con-inner\">\n\t\t\t\t<div class=\"elementor-element elementor-element-d067e1e elementor-widget elementor-widget-image\" data-id=\"d067e1e\" data-element_type=\"widget\" data-e-type=\"widget\" data-widget_type=\"image.default\">\n\t\t\t\t<div class=\"elementor-widget-container\">\n\t\t\t\t\t\t\t\t\t\t\t\t\t\t\t<img loading=\"lazy\" decoding=\"async\" width=\"1024\" height=\"614\" src=\"https:\/\/cecilemachin.com\/wp-content\/uploads\/2024\/08\/DSF3268-1024x614.jpg\" class=\"attachment-large size-large wp-image-1112\" alt=\"\" srcset=\"https:\/\/cecilemachin.com\/wp-content\/uploads\/2024\/08\/DSF3268-1024x614.jpg 1024w, https:\/\/cecilemachin.com\/wp-content\/uploads\/2024\/08\/DSF3268-300x180.jpg 300w, https:\/\/cecilemachin.com\/wp-content\/uploads\/2024\/08\/DSF3268-2000x1200.jpg 2000w, https:\/\/cecilemachin.com\/wp-content\/uploads\/2024\/08\/DSF3268-scaled-1536x922.jpg 1536w, https:\/\/cecilemachin.com\/wp-content\/uploads\/2024\/08\/DSF3268-scaled-2048x1229.jpg 2048w\" sizes=\"(max-width: 1024px) 100vw, 1024px\" \/>\t\t\t\t\t\t\t\t\t\t\t\t\t\t\t<\/div>\n\t\t\t\t<\/div>\n\t\t\t\t\t<\/div>\n\t\t\t\t<\/div>\n\t\t\t\t<\/div>\n\t\t","protected":false},"excerpt":{"rendered":"<p>Semaine de danse 2024 \/ jazz \/ conservatoire de Vienne Costumes pour 6 danseuses et 1 danseur jazz 2C3\/4 du [&hellip;]<\/p>\n","protected":false},"author":1,"featured_media":0,"parent":0,"menu_order":0,"comment_status":"closed","ping_status":"closed","template":"","meta":{"site-sidebar-layout":"default","site-content-layout":"","ast-site-content-layout":"default","site-content-style":"default","site-sidebar-style":"default","ast-global-header-display":"","ast-banner-title-visibility":"","ast-main-header-display":"","ast-hfb-above-header-display":"","ast-hfb-below-header-display":"","ast-hfb-mobile-header-display":"","site-post-title":"","ast-breadcrumbs-content":"","ast-featured-img":"","footer-sml-layout":"","ast-disable-related-posts":"","theme-transparent-header-meta":"","adv-header-id-meta":"","stick-header-meta":"","header-above-stick-meta":"","header-main-stick-meta":"","header-below-stick-meta":"","astra-migrate-meta-layouts":"default","ast-page-background-enabled":"default","ast-page-background-meta":{"desktop":{"background-color":"var(--ast-global-color-4)","background-image":"","background-repeat":"repeat","background-position":"center center","background-size":"auto","background-attachment":"scroll","background-type":"","background-media":"","overlay-type":"","overlay-color":"","overlay-opacity":"","overlay-gradient":""},"tablet":{"background-color":"","background-image":"","background-repeat":"repeat","background-position":"center center","background-size":"auto","background-attachment":"scroll","background-type":"","background-media":"","overlay-type":"","overlay-color":"","overlay-opacity":"","overlay-gradient":""},"mobile":{"background-color":"","background-image":"","background-repeat":"repeat","background-position":"center center","background-size":"auto","background-attachment":"scroll","background-type":"","background-media":"","overlay-type":"","overlay-color":"","overlay-opacity":"","overlay-gradient":""}},"ast-content-background-meta":{"desktop":{"background-color":"var(--ast-global-color-5)","background-image":"","background-repeat":"repeat","background-position":"center center","background-size":"auto","background-attachment":"scroll","background-type":"","background-media":"","overlay-type":"","overlay-color":"","overlay-opacity":"","overlay-gradient":""},"tablet":{"background-color":"var(--ast-global-color-5)","background-image":"","background-repeat":"repeat","background-position":"center center","background-size":"auto","background-attachment":"scroll","background-type":"","background-media":"","overlay-type":"","overlay-color":"","overlay-opacity":"","overlay-gradient":""},"mobile":{"background-color":"var(--ast-global-color-5)","background-image":"","background-repeat":"repeat","background-position":"center center","background-size":"auto","background-attachment":"scroll","background-type":"","background-media":"","overlay-type":"","overlay-color":"","overlay-opacity":"","overlay-gradient":""}},"footnotes":""},"class_list":["post-1087","page","type-page","status-publish","hentry"],"_links":{"self":[{"href":"https:\/\/cecilemachin.com\/index.php\/wp-json\/wp\/v2\/pages\/1087","targetHints":{"allow":["GET"]}}],"collection":[{"href":"https:\/\/cecilemachin.com\/index.php\/wp-json\/wp\/v2\/pages"}],"about":[{"href":"https:\/\/cecilemachin.com\/index.php\/wp-json\/wp\/v2\/types\/page"}],"author":[{"embeddable":true,"href":"https:\/\/cecilemachin.com\/index.php\/wp-json\/wp\/v2\/users\/1"}],"replies":[{"embeddable":true,"href":"https:\/\/cecilemachin.com\/index.php\/wp-json\/wp\/v2\/comments?post=1087"}],"version-history":[{"count":19,"href":"https:\/\/cecilemachin.com\/index.php\/wp-json\/wp\/v2\/pages\/1087\/revisions"}],"predecessor-version":[{"id":1122,"href":"https:\/\/cecilemachin.com\/index.php\/wp-json\/wp\/v2\/pages\/1087\/revisions\/1122"}],"wp:attachment":[{"href":"https:\/\/cecilemachin.com\/index.php\/wp-json\/wp\/v2\/media?parent=1087"}],"curies":[{"name":"wp","href":"https:\/\/api.w.org\/{rel}","templated":true}]}}