{"id":1154,"date":"2024-08-27T15:34:07","date_gmt":"2024-08-27T13:34:07","guid":{"rendered":"http:\/\/cecilemachin.com\/?page_id=1154"},"modified":"2024-08-27T15:39:56","modified_gmt":"2024-08-27T13:39:56","slug":"semaine-de-la-danse-2024-contemporain","status":"publish","type":"page","link":"https:\/\/cecilemachin.com\/index.php\/semaine-de-la-danse-2024-contemporain\/","title":{"rendered":"Semaine de la danse 2024 \/ contemporain"},"content":{"rendered":"\t\t<div data-elementor-type=\"wp-page\" data-elementor-id=\"1154\" class=\"elementor elementor-1154\">\n\t\t\t\t<div class=\"elementor-element elementor-element-198e064 e-flex e-con-boxed e-con e-parent\" data-id=\"198e064\" data-element_type=\"container\" data-e-type=\"container\">\n\t\t\t\t\t<div class=\"e-con-inner\">\n\t\t\t\t<div class=\"elementor-element elementor-element-8059125 elementor-widget elementor-widget-image\" data-id=\"8059125\" data-element_type=\"widget\" data-e-type=\"widget\" data-widget_type=\"image.default\">\n\t\t\t\t<div class=\"elementor-widget-container\">\n\t\t\t\t\t\t\t\t\t\t\t\t\t\t\t<img fetchpriority=\"high\" decoding=\"async\" width=\"768\" height=\"474\" src=\"https:\/\/cecilemachin.com\/wp-content\/uploads\/2024\/08\/DSF3483-scaled.jpg\" class=\"attachment-medium_large size-medium_large wp-image-1171\" alt=\"\" srcset=\"https:\/\/cecilemachin.com\/wp-content\/uploads\/2024\/08\/DSF3483-scaled.jpg 2560w, https:\/\/cecilemachin.com\/wp-content\/uploads\/2024\/08\/DSF3483-300x185.jpg 300w, https:\/\/cecilemachin.com\/wp-content\/uploads\/2024\/08\/DSF3483-1024x632.jpg 1024w, https:\/\/cecilemachin.com\/wp-content\/uploads\/2024\/08\/DSF3483-2000x1233.jpg 2000w, https:\/\/cecilemachin.com\/wp-content\/uploads\/2024\/08\/DSF3483-scaled-1536x947.jpg 1536w, https:\/\/cecilemachin.com\/wp-content\/uploads\/2024\/08\/DSF3483-scaled-2048x1263.jpg 2048w\" sizes=\"(max-width: 768px) 100vw, 768px\" \/>\t\t\t\t\t\t\t\t\t\t\t\t\t\t\t<\/div>\n\t\t\t\t<\/div>\n\t\t\t\t\t<\/div>\n\t\t\t\t<\/div>\n\t\t<div class=\"elementor-element elementor-element-aef0e12 e-con-full e-flex e-con e-parent\" data-id=\"aef0e12\" data-element_type=\"container\" data-e-type=\"container\">\n\t\t<div class=\"elementor-element elementor-element-1a83ff7 e-con-full e-flex e-con e-child\" data-id=\"1a83ff7\" data-element_type=\"container\" data-e-type=\"container\">\n\t\t\t\t<div class=\"elementor-element elementor-element-2663c19 elementor-widget elementor-widget-heading\" data-id=\"2663c19\" data-element_type=\"widget\" data-e-type=\"widget\" data-widget_type=\"heading.default\">\n\t\t\t\t<div class=\"elementor-widget-container\">\n\t\t\t\t\t<h2 class=\"elementor-heading-title elementor-size-default\">Costumes pour les petits danseurs contemporain du conservatoire de Vienne X Nicolas Baduraux<\/h2>\t\t\t\t<\/div>\n\t\t\t\t<\/div>\n\t\t\t\t<div class=\"elementor-element elementor-element-3570c81 elementor-widget elementor-widget-text-editor\" data-id=\"3570c81\" data-element_type=\"widget\" data-e-type=\"widget\" data-widget_type=\"text-editor.default\">\n\t\t\t\t<div class=\"elementor-widget-container\">\n\t\t\t\t\t\t\t\t\t<p>Conception des combinaisons strech et essayages par bibi. Cr\u00e9ation et confection des motifs magnifiques par Nicolas Baduraux !!<\/p><p>Th\u00e8me de travail pour ce groupe, Matisse et ses couleurs. Tous les motifs sont faits en appliqu\u00e9, ce qui les rend si contrast\u00e9s. Recherche de motifs \u00e0 partir d&#8217;observations botaniques. Et chaque costume est unique, il n&#8217;y a pas de r\u00e9p\u00e9tition de motif.<\/p>\t\t\t\t\t\t\t\t<\/div>\n\t\t\t\t<\/div>\n\t\t\t\t<\/div>\n\t\t\t\t<\/div>\n\t\t<div class=\"elementor-element elementor-element-c4ec639 e-flex e-con-boxed e-con e-parent\" data-id=\"c4ec639\" data-element_type=\"container\" data-e-type=\"container\">\n\t\t\t\t\t<div class=\"e-con-inner\">\n\t\t<div class=\"elementor-element elementor-element-4dc723d e-con-full e-flex e-con e-child\" data-id=\"4dc723d\" data-element_type=\"container\" data-e-type=\"container\">\n\t\t\t\t<div class=\"elementor-element elementor-element-fd9202f elementor-widget elementor-widget-image\" data-id=\"fd9202f\" data-element_type=\"widget\" data-e-type=\"widget\" data-widget_type=\"image.default\">\n\t\t\t\t<div class=\"elementor-widget-container\">\n\t\t\t\t\t\t\t\t\t\t\t\t\t\t\t<img decoding=\"async\" width=\"1024\" height=\"768\" src=\"https:\/\/cecilemachin.com\/wp-content\/uploads\/2024\/08\/IMG_9818-1024x768.jpg\" class=\"attachment-large size-large wp-image-1158\" alt=\"\" srcset=\"https:\/\/cecilemachin.com\/wp-content\/uploads\/2024\/08\/IMG_9818-1024x768.jpg 1024w, https:\/\/cecilemachin.com\/wp-content\/uploads\/2024\/08\/IMG_9818-300x225.jpg 300w, https:\/\/cecilemachin.com\/wp-content\/uploads\/2024\/08\/IMG_9818-2000x1500.jpg 2000w, https:\/\/cecilemachin.com\/wp-content\/uploads\/2024\/08\/IMG_9818-scaled-1536x1152.jpg 1536w, https:\/\/cecilemachin.com\/wp-content\/uploads\/2024\/08\/IMG_9818-scaled-2048x1536.jpg 2048w\" sizes=\"(max-width: 1024px) 100vw, 1024px\" \/>\t\t\t\t\t\t\t\t\t\t\t\t\t\t\t<\/div>\n\t\t\t\t<\/div>\n\t\t\t\t<\/div>\n\t\t<div class=\"elementor-element elementor-element-1eea910 e-con-full e-flex e-con e-child\" data-id=\"1eea910\" data-element_type=\"container\" data-e-type=\"container\">\n\t\t\t\t<div class=\"elementor-element elementor-element-35a92ed elementor-widget elementor-widget-image\" data-id=\"35a92ed\" data-element_type=\"widget\" data-e-type=\"widget\" data-widget_type=\"image.default\">\n\t\t\t\t<div class=\"elementor-widget-container\">\n\t\t\t\t\t\t\t\t\t\t\t\t\t\t\t<img decoding=\"async\" width=\"768\" height=\"1024\" src=\"https:\/\/cecilemachin.com\/wp-content\/uploads\/2024\/08\/IMG_9820-768x1024.jpg\" class=\"attachment-large size-large wp-image-1157\" alt=\"\" srcset=\"https:\/\/cecilemachin.com\/wp-content\/uploads\/2024\/08\/IMG_9820-768x1024.jpg 768w, https:\/\/cecilemachin.com\/wp-content\/uploads\/2024\/08\/IMG_9820-225x300.jpg 225w, https:\/\/cecilemachin.com\/wp-content\/uploads\/2024\/08\/IMG_9820-2000x2667.jpg 2000w, https:\/\/cecilemachin.com\/wp-content\/uploads\/2024\/08\/IMG_9820-scaled-1152x1536.jpg 1152w, https:\/\/cecilemachin.com\/wp-content\/uploads\/2024\/08\/IMG_9820-scaled-1536x2048.jpg 1536w, https:\/\/cecilemachin.com\/wp-content\/uploads\/2024\/08\/IMG_9820-scaled.jpg 1920w\" sizes=\"(max-width: 768px) 100vw, 768px\" \/>\t\t\t\t\t\t\t\t\t\t\t\t\t\t\t<\/div>\n\t\t\t\t<\/div>\n\t\t\t\t<\/div>\n\t\t\t\t\t<\/div>\n\t\t\t\t<\/div>\n\t\t<div class=\"elementor-element elementor-element-f6ce89e e-flex e-con-boxed e-con e-parent\" data-id=\"f6ce89e\" data-element_type=\"container\" data-e-type=\"container\">\n\t\t\t\t\t<div class=\"e-con-inner\">\n\t\t<div class=\"elementor-element elementor-element-9072c4f e-con-full e-flex e-con e-child\" data-id=\"9072c4f\" data-element_type=\"container\" data-e-type=\"container\">\n\t\t\t\t<div class=\"elementor-element elementor-element-6e6813a elementor-widget elementor-widget-image\" data-id=\"6e6813a\" data-element_type=\"widget\" data-e-type=\"widget\" data-widget_type=\"image.default\">\n\t\t\t\t<div class=\"elementor-widget-container\">\n\t\t\t\t\t\t\t\t\t\t\t\t\t\t\t<img loading=\"lazy\" decoding=\"async\" width=\"768\" height=\"1024\" src=\"https:\/\/cecilemachin.com\/wp-content\/uploads\/2024\/08\/IMG_0274-768x1024.jpg\" class=\"attachment-large size-large wp-image-1159\" alt=\"\" srcset=\"https:\/\/cecilemachin.com\/wp-content\/uploads\/2024\/08\/IMG_0274-768x1024.jpg 768w, https:\/\/cecilemachin.com\/wp-content\/uploads\/2024\/08\/IMG_0274-225x300.jpg 225w, https:\/\/cecilemachin.com\/wp-content\/uploads\/2024\/08\/IMG_0274-2000x2667.jpg 2000w, https:\/\/cecilemachin.com\/wp-content\/uploads\/2024\/08\/IMG_0274-scaled-1152x1536.jpg 1152w, https:\/\/cecilemachin.com\/wp-content\/uploads\/2024\/08\/IMG_0274-scaled-1536x2048.jpg 1536w, https:\/\/cecilemachin.com\/wp-content\/uploads\/2024\/08\/IMG_0274-scaled.jpg 1920w\" sizes=\"(max-width: 768px) 100vw, 768px\" \/>\t\t\t\t\t\t\t\t\t\t\t\t\t\t\t<\/div>\n\t\t\t\t<\/div>\n\t\t\t\t<\/div>\n\t\t<div class=\"elementor-element elementor-element-878367e e-con-full e-flex e-con e-child\" data-id=\"878367e\" data-element_type=\"container\" data-e-type=\"container\">\n\t\t\t\t<div class=\"elementor-element elementor-element-a1638d4 elementor-widget elementor-widget-image\" data-id=\"a1638d4\" data-element_type=\"widget\" data-e-type=\"widget\" data-widget_type=\"image.default\">\n\t\t\t\t<div class=\"elementor-widget-container\">\n\t\t\t\t\t\t\t\t\t\t\t\t\t\t\t<img loading=\"lazy\" decoding=\"async\" width=\"768\" height=\"1024\" src=\"https:\/\/cecilemachin.com\/wp-content\/uploads\/2024\/08\/IMG_0275-768x1024.jpg\" class=\"attachment-large size-large wp-image-1160\" alt=\"\" srcset=\"https:\/\/cecilemachin.com\/wp-content\/uploads\/2024\/08\/IMG_0275-768x1024.jpg 768w, https:\/\/cecilemachin.com\/wp-content\/uploads\/2024\/08\/IMG_0275-225x300.jpg 225w, https:\/\/cecilemachin.com\/wp-content\/uploads\/2024\/08\/IMG_0275-2000x2667.jpg 2000w, https:\/\/cecilemachin.com\/wp-content\/uploads\/2024\/08\/IMG_0275-scaled-1152x1536.jpg 1152w, https:\/\/cecilemachin.com\/wp-content\/uploads\/2024\/08\/IMG_0275-scaled-1536x2048.jpg 1536w, https:\/\/cecilemachin.com\/wp-content\/uploads\/2024\/08\/IMG_0275-scaled.jpg 1920w\" sizes=\"(max-width: 768px) 100vw, 768px\" \/>\t\t\t\t\t\t\t\t\t\t\t\t\t\t\t<\/div>\n\t\t\t\t<\/div>\n\t\t\t\t<\/div>\n\t\t<div class=\"elementor-element elementor-element-7a95131 e-con-full e-flex e-con e-child\" data-id=\"7a95131\" data-element_type=\"container\" data-e-type=\"container\">\n\t\t\t\t<div class=\"elementor-element elementor-element-49f6f2d elementor-widget elementor-widget-image\" data-id=\"49f6f2d\" data-element_type=\"widget\" data-e-type=\"widget\" data-widget_type=\"image.default\">\n\t\t\t\t<div class=\"elementor-widget-container\">\n\t\t\t\t\t\t\t\t\t\t\t\t\t\t\t<img loading=\"lazy\" decoding=\"async\" width=\"768\" height=\"1024\" src=\"https:\/\/cecilemachin.com\/wp-content\/uploads\/2024\/08\/IMG_0276-768x1024.jpg\" class=\"attachment-large size-large wp-image-1161\" alt=\"\" srcset=\"https:\/\/cecilemachin.com\/wp-content\/uploads\/2024\/08\/IMG_0276-768x1024.jpg 768w, https:\/\/cecilemachin.com\/wp-content\/uploads\/2024\/08\/IMG_0276-225x300.jpg 225w, https:\/\/cecilemachin.com\/wp-content\/uploads\/2024\/08\/IMG_0276-2000x2667.jpg 2000w, https:\/\/cecilemachin.com\/wp-content\/uploads\/2024\/08\/IMG_0276-scaled-1152x1536.jpg 1152w, https:\/\/cecilemachin.com\/wp-content\/uploads\/2024\/08\/IMG_0276-scaled-1536x2048.jpg 1536w, https:\/\/cecilemachin.com\/wp-content\/uploads\/2024\/08\/IMG_0276-scaled.jpg 1920w\" sizes=\"(max-width: 768px) 100vw, 768px\" \/>\t\t\t\t\t\t\t\t\t\t\t\t\t\t\t<\/div>\n\t\t\t\t<\/div>\n\t\t\t\t<\/div>\n\t\t<div class=\"elementor-element elementor-element-e8aae88 e-con-full e-flex e-con e-child\" data-id=\"e8aae88\" data-element_type=\"container\" data-e-type=\"container\">\n\t\t\t\t<div class=\"elementor-element elementor-element-d548946 elementor-widget elementor-widget-image\" data-id=\"d548946\" data-element_type=\"widget\" data-e-type=\"widget\" data-widget_type=\"image.default\">\n\t\t\t\t<div class=\"elementor-widget-container\">\n\t\t\t\t\t\t\t\t\t\t\t\t\t\t\t<img loading=\"lazy\" decoding=\"async\" width=\"768\" height=\"1024\" src=\"https:\/\/cecilemachin.com\/wp-content\/uploads\/2024\/08\/IMG_0272-768x1024.jpg\" class=\"attachment-large size-large wp-image-1163\" alt=\"\" srcset=\"https:\/\/cecilemachin.com\/wp-content\/uploads\/2024\/08\/IMG_0272-768x1024.jpg 768w, https:\/\/cecilemachin.com\/wp-content\/uploads\/2024\/08\/IMG_0272-225x300.jpg 225w, https:\/\/cecilemachin.com\/wp-content\/uploads\/2024\/08\/IMG_0272-2000x2667.jpg 2000w, https:\/\/cecilemachin.com\/wp-content\/uploads\/2024\/08\/IMG_0272-scaled-1152x1536.jpg 1152w, https:\/\/cecilemachin.com\/wp-content\/uploads\/2024\/08\/IMG_0272-scaled-1536x2048.jpg 1536w, https:\/\/cecilemachin.com\/wp-content\/uploads\/2024\/08\/IMG_0272-scaled.jpg 1920w\" sizes=\"(max-width: 768px) 100vw, 768px\" \/>\t\t\t\t\t\t\t\t\t\t\t\t\t\t\t<\/div>\n\t\t\t\t<\/div>\n\t\t\t\t<\/div>\n\t\t\t\t\t<\/div>\n\t\t\t\t<\/div>\n\t\t<div class=\"elementor-element elementor-element-5126866 e-con-full e-flex e-con e-parent\" data-id=\"5126866\" data-element_type=\"container\" data-e-type=\"container\">\n\t\t<div class=\"elementor-element elementor-element-721439c e-con-full e-flex e-con e-child\" data-id=\"721439c\" data-element_type=\"container\" data-e-type=\"container\">\n\t\t\t\t<div class=\"elementor-element elementor-element-45495e0 elementor-widget elementor-widget-image\" data-id=\"45495e0\" data-element_type=\"widget\" data-e-type=\"widget\" data-widget_type=\"image.default\">\n\t\t\t\t<div class=\"elementor-widget-container\">\n\t\t\t\t\t\t\t\t\t\t\t\t\t\t\t<img loading=\"lazy\" decoding=\"async\" width=\"768\" height=\"1024\" src=\"https:\/\/cecilemachin.com\/wp-content\/uploads\/2024\/08\/IMG_0273-768x1024.jpg\" class=\"attachment-large size-large wp-image-1164\" alt=\"\" srcset=\"https:\/\/cecilemachin.com\/wp-content\/uploads\/2024\/08\/IMG_0273-768x1024.jpg 768w, https:\/\/cecilemachin.com\/wp-content\/uploads\/2024\/08\/IMG_0273-225x300.jpg 225w, https:\/\/cecilemachin.com\/wp-content\/uploads\/2024\/08\/IMG_0273-2000x2667.jpg 2000w, https:\/\/cecilemachin.com\/wp-content\/uploads\/2024\/08\/IMG_0273-scaled-1152x1536.jpg 1152w, https:\/\/cecilemachin.com\/wp-content\/uploads\/2024\/08\/IMG_0273-scaled-1536x2048.jpg 1536w, https:\/\/cecilemachin.com\/wp-content\/uploads\/2024\/08\/IMG_0273-scaled.jpg 1920w\" sizes=\"(max-width: 768px) 100vw, 768px\" \/>\t\t\t\t\t\t\t\t\t\t\t\t\t\t\t<\/div>\n\t\t\t\t<\/div>\n\t\t\t\t<\/div>\n\t\t<div class=\"elementor-element elementor-element-ee2b34a e-con-full e-flex e-con e-child\" data-id=\"ee2b34a\" data-element_type=\"container\" data-e-type=\"container\">\n\t\t\t\t<\/div>\n\t\t\t\t<\/div>\n\t\t<div class=\"elementor-element elementor-element-a906f1e e-flex e-con-boxed e-con e-parent\" data-id=\"a906f1e\" data-element_type=\"container\" data-e-type=\"container\">\n\t\t\t\t\t<div class=\"e-con-inner\">\n\t\t\t\t<div class=\"elementor-element elementor-element-2b6a78e elementor-widget elementor-widget-image\" data-id=\"2b6a78e\" data-element_type=\"widget\" data-e-type=\"widget\" data-widget_type=\"image.default\">\n\t\t\t\t<div class=\"elementor-widget-container\">\n\t\t\t\t\t\t\t\t\t\t\t\t\t\t\t<img loading=\"lazy\" decoding=\"async\" width=\"1024\" height=\"661\" src=\"https:\/\/cecilemachin.com\/wp-content\/uploads\/2024\/08\/DSF3469-1024x661.jpg\" class=\"attachment-large size-large wp-image-1165\" alt=\"\" srcset=\"https:\/\/cecilemachin.com\/wp-content\/uploads\/2024\/08\/DSF3469-1024x661.jpg 1024w, https:\/\/cecilemachin.com\/wp-content\/uploads\/2024\/08\/DSF3469-300x194.jpg 300w, https:\/\/cecilemachin.com\/wp-content\/uploads\/2024\/08\/DSF3469-2000x1290.jpg 2000w, https:\/\/cecilemachin.com\/wp-content\/uploads\/2024\/08\/DSF3469-scaled-1536x991.jpg 1536w, https:\/\/cecilemachin.com\/wp-content\/uploads\/2024\/08\/DSF3469-scaled-2048x1321.jpg 2048w\" sizes=\"(max-width: 1024px) 100vw, 1024px\" \/>\t\t\t\t\t\t\t\t\t\t\t\t\t\t\t<\/div>\n\t\t\t\t<\/div>\n\t\t\t\t\t<\/div>\n\t\t\t\t<\/div>\n\t\t<div class=\"elementor-element elementor-element-0b93cd6 e-flex e-con-boxed e-con e-parent\" data-id=\"0b93cd6\" data-element_type=\"container\" data-e-type=\"container\">\n\t\t\t\t\t<div class=\"e-con-inner\">\n\t\t<div class=\"elementor-element elementor-element-35d4be8 e-con-full e-flex e-con e-child\" data-id=\"35d4be8\" data-element_type=\"container\" data-e-type=\"container\">\n\t\t\t\t<div class=\"elementor-element elementor-element-0c1d699 elementor-widget elementor-widget-image\" data-id=\"0c1d699\" data-element_type=\"widget\" data-e-type=\"widget\" data-widget_type=\"image.default\">\n\t\t\t\t<div class=\"elementor-widget-container\">\n\t\t\t\t\t\t\t\t\t\t\t\t\t\t\t<img loading=\"lazy\" decoding=\"async\" width=\"1024\" height=\"730\" src=\"https:\/\/cecilemachin.com\/wp-content\/uploads\/2024\/08\/DSF3490-1024x730.jpg\" class=\"attachment-large size-large wp-image-1172\" alt=\"\" srcset=\"https:\/\/cecilemachin.com\/wp-content\/uploads\/2024\/08\/DSF3490-1024x730.jpg 1024w, https:\/\/cecilemachin.com\/wp-content\/uploads\/2024\/08\/DSF3490-300x214.jpg 300w, https:\/\/cecilemachin.com\/wp-content\/uploads\/2024\/08\/DSF3490-2000x1425.jpg 2000w, https:\/\/cecilemachin.com\/wp-content\/uploads\/2024\/08\/DSF3490-scaled-1536x1094.jpg 1536w, https:\/\/cecilemachin.com\/wp-content\/uploads\/2024\/08\/DSF3490-scaled-2048x1459.jpg 2048w\" sizes=\"(max-width: 1024px) 100vw, 1024px\" \/>\t\t\t\t\t\t\t\t\t\t\t\t\t\t\t<\/div>\n\t\t\t\t<\/div>\n\t\t\t\t<\/div>\n\t\t<div class=\"elementor-element elementor-element-663d94d e-con-full e-flex e-con e-child\" data-id=\"663d94d\" data-element_type=\"container\" data-e-type=\"container\">\n\t\t\t\t<\/div>\n\t\t\t\t\t<\/div>\n\t\t\t\t<\/div>\n\t\t<div class=\"elementor-element elementor-element-1c8f8c8 e-flex e-con-boxed e-con e-parent\" data-id=\"1c8f8c8\" data-element_type=\"container\" data-e-type=\"container\">\n\t\t\t\t\t<div class=\"e-con-inner\">\n\t\t<div class=\"elementor-element elementor-element-3b85507 e-con-full e-flex e-con e-child\" data-id=\"3b85507\" data-element_type=\"container\" data-e-type=\"container\">\n\t\t\t\t<\/div>\n\t\t<div class=\"elementor-element elementor-element-5f482dd e-con-full e-flex e-con e-child\" data-id=\"5f482dd\" data-element_type=\"container\" data-e-type=\"container\">\n\t\t\t\t<div class=\"elementor-element elementor-element-7c0aa2c elementor-widget elementor-widget-image\" data-id=\"7c0aa2c\" data-element_type=\"widget\" data-e-type=\"widget\" data-widget_type=\"image.default\">\n\t\t\t\t<div class=\"elementor-widget-container\">\n\t\t\t\t\t\t\t\t\t\t\t\t\t\t\t<img loading=\"lazy\" decoding=\"async\" width=\"1024\" height=\"775\" src=\"https:\/\/cecilemachin.com\/wp-content\/uploads\/2024\/08\/DSF3501-copie-1024x775.jpg\" class=\"attachment-large size-large wp-image-1167\" alt=\"\" srcset=\"https:\/\/cecilemachin.com\/wp-content\/uploads\/2024\/08\/DSF3501-copie-1024x775.jpg 1024w, https:\/\/cecilemachin.com\/wp-content\/uploads\/2024\/08\/DSF3501-copie-300x227.jpg 300w, https:\/\/cecilemachin.com\/wp-content\/uploads\/2024\/08\/DSF3501-copie-2000x1514.jpg 2000w, https:\/\/cecilemachin.com\/wp-content\/uploads\/2024\/08\/DSF3501-copie-1536x1163.jpg 1536w, https:\/\/cecilemachin.com\/wp-content\/uploads\/2024\/08\/DSF3501-copie.jpg 2026w\" sizes=\"(max-width: 1024px) 100vw, 1024px\" \/>\t\t\t\t\t\t\t\t\t\t\t\t\t\t\t<\/div>\n\t\t\t\t<\/div>\n\t\t\t\t<\/div>\n\t\t\t\t\t<\/div>\n\t\t\t\t<\/div>\n\t\t\t\t<\/div>\n\t\t","protected":false},"excerpt":{"rendered":"<p>Costumes pour les petits danseurs contemporain du conservatoire de Vienne X Nicolas Baduraux Conception des combinaisons strech et essayages par [&hellip;]<\/p>\n","protected":false},"author":1,"featured_media":0,"parent":0,"menu_order":0,"comment_status":"closed","ping_status":"closed","template":"","meta":{"site-sidebar-layout":"default","site-content-layout":"","ast-site-content-layout":"default","site-content-style":"default","site-sidebar-style":"default","ast-global-header-display":"","ast-banner-title-visibility":"","ast-main-header-display":"","ast-hfb-above-header-display":"","ast-hfb-below-header-display":"","ast-hfb-mobile-header-display":"","site-post-title":"","ast-breadcrumbs-content":"","ast-featured-img":"","footer-sml-layout":"","ast-disable-related-posts":"","theme-transparent-header-meta":"","adv-header-id-meta":"","stick-header-meta":"","header-above-stick-meta":"","header-main-stick-meta":"","header-below-stick-meta":"","astra-migrate-meta-layouts":"default","ast-page-background-enabled":"default","ast-page-background-meta":{"desktop":{"background-color":"var(--ast-global-color-4)","background-image":"","background-repeat":"repeat","background-position":"center center","background-size":"auto","background-attachment":"scroll","background-type":"","background-media":"","overlay-type":"","overlay-color":"","overlay-opacity":"","overlay-gradient":""},"tablet":{"background-color":"","background-image":"","background-repeat":"repeat","background-position":"center center","background-size":"auto","background-attachment":"scroll","background-type":"","background-media":"","overlay-type":"","overlay-color":"","overlay-opacity":"","overlay-gradient":""},"mobile":{"background-color":"","background-image":"","background-repeat":"repeat","background-position":"center center","background-size":"auto","background-attachment":"scroll","background-type":"","background-media":"","overlay-type":"","overlay-color":"","overlay-opacity":"","overlay-gradient":""}},"ast-content-background-meta":{"desktop":{"background-color":"var(--ast-global-color-5)","background-image":"","background-repeat":"repeat","background-position":"center center","background-size":"auto","background-attachment":"scroll","background-type":"","background-media":"","overlay-type":"","overlay-color":"","overlay-opacity":"","overlay-gradient":""},"tablet":{"background-color":"var(--ast-global-color-5)","background-image":"","background-repeat":"repeat","background-position":"center center","background-size":"auto","background-attachment":"scroll","background-type":"","background-media":"","overlay-type":"","overlay-color":"","overlay-opacity":"","overlay-gradient":""},"mobile":{"background-color":"var(--ast-global-color-5)","background-image":"","background-repeat":"repeat","background-position":"center center","background-size":"auto","background-attachment":"scroll","background-type":"","background-media":"","overlay-type":"","overlay-color":"","overlay-opacity":"","overlay-gradient":""}},"footnotes":""},"class_list":["post-1154","page","type-page","status-publish","hentry"],"_links":{"self":[{"href":"https:\/\/cecilemachin.com\/index.php\/wp-json\/wp\/v2\/pages\/1154","targetHints":{"allow":["GET"]}}],"collection":[{"href":"https:\/\/cecilemachin.com\/index.php\/wp-json\/wp\/v2\/pages"}],"about":[{"href":"https:\/\/cecilemachin.com\/index.php\/wp-json\/wp\/v2\/types\/page"}],"author":[{"embeddable":true,"href":"https:\/\/cecilemachin.com\/index.php\/wp-json\/wp\/v2\/users\/1"}],"replies":[{"embeddable":true,"href":"https:\/\/cecilemachin.com\/index.php\/wp-json\/wp\/v2\/comments?post=1154"}],"version-history":[{"count":10,"href":"https:\/\/cecilemachin.com\/index.php\/wp-json\/wp\/v2\/pages\/1154\/revisions"}],"predecessor-version":[{"id":1178,"href":"https:\/\/cecilemachin.com\/index.php\/wp-json\/wp\/v2\/pages\/1154\/revisions\/1178"}],"wp:attachment":[{"href":"https:\/\/cecilemachin.com\/index.php\/wp-json\/wp\/v2\/media?parent=1154"}],"curies":[{"name":"wp","href":"https:\/\/api.w.org\/{rel}","templated":true}]}}