{"id":1222,"date":"2025-09-06T19:29:30","date_gmt":"2025-09-06T17:29:30","guid":{"rendered":"https:\/\/cecilemachin.com\/?page_id=1222"},"modified":"2025-09-14T19:20:47","modified_gmt":"2025-09-14T17:20:47","slug":"biclou","status":"publish","type":"page","link":"https:\/\/cecilemachin.com\/index.php\/biclou\/","title":{"rendered":"Biclou"},"content":{"rendered":"\t\t<div data-elementor-type=\"wp-page\" data-elementor-id=\"1222\" class=\"elementor elementor-1222\">\n\t\t\t\t<div class=\"elementor-element elementor-element-42a7e4e e-con-full e-flex e-con e-parent\" data-id=\"42a7e4e\" data-element_type=\"container\" data-e-type=\"container\">\n\t\t\t\t<div class=\"elementor-element elementor-element-dd665dd elementor-widget elementor-widget-image\" data-id=\"dd665dd\" data-element_type=\"widget\" data-e-type=\"widget\" data-widget_type=\"image.default\">\n\t\t\t\t<div class=\"elementor-widget-container\">\n\t\t\t\t\t\t\t\t\t\t\t\t\t\t\t<img fetchpriority=\"high\" decoding=\"async\" width=\"1024\" height=\"683\" src=\"https:\/\/cecilemachin.com\/wp-content\/uploads\/2025\/09\/DSCF0180-1024x683.jpg\" class=\"attachment-large size-large wp-image-1225\" alt=\"\" srcset=\"https:\/\/cecilemachin.com\/wp-content\/uploads\/2025\/09\/DSCF0180-1024x683.jpg 1024w, https:\/\/cecilemachin.com\/wp-content\/uploads\/2025\/09\/DSCF0180-300x200.jpg 300w, https:\/\/cecilemachin.com\/wp-content\/uploads\/2025\/09\/DSCF0180-2000x1333.jpg 2000w, https:\/\/cecilemachin.com\/wp-content\/uploads\/2025\/09\/DSCF0180-scaled-1536x1024.jpg 1536w, https:\/\/cecilemachin.com\/wp-content\/uploads\/2025\/09\/DSCF0180-scaled-2048x1366.jpg 2048w\" sizes=\"(max-width: 1024px) 100vw, 1024px\" \/>\t\t\t\t\t\t\t\t\t\t\t\t\t\t\t<\/div>\n\t\t\t\t<\/div>\n\t\t\t\t<\/div>\n\t\t<div class=\"elementor-element elementor-element-cc32961 e-flex e-con-boxed e-con e-parent\" data-id=\"cc32961\" data-element_type=\"container\" data-e-type=\"container\">\n\t\t\t\t\t<div class=\"e-con-inner\">\n\t\t<div class=\"elementor-element elementor-element-d6008e7 e-con-full e-flex e-con e-child\" data-id=\"d6008e7\" data-element_type=\"container\" data-e-type=\"container\">\n\t\t\t\t<div class=\"elementor-element elementor-element-b231ee7 elementor-widget elementor-widget-heading\" data-id=\"b231ee7\" data-element_type=\"widget\" data-e-type=\"widget\" data-widget_type=\"heading.default\">\n\t\t\t\t<div class=\"elementor-widget-container\">\n\t\t\t\t\t<h2 class=\"elementor-heading-title elementor-size-default\">Biclou - Cie les Transformateurs<\/h2>\t\t\t\t<\/div>\n\t\t\t\t<\/div>\n\t\t\t\t<div class=\"elementor-element elementor-element-4b35ea1 elementor-widget elementor-widget-text-editor\" data-id=\"4b35ea1\" data-element_type=\"widget\" data-e-type=\"widget\" data-widget_type=\"text-editor.default\">\n\t\t\t\t<div class=\"elementor-widget-container\">\n\t\t\t\t\t\t\t\t\t<p>Commande et cr\u00e9ation de 3 silhouettes : achat, couture, teinture et patine, pour ce spectacle qui tourne \u00e0 v\u00e9lo !<\/p><p>Fabrication d&#8217;un short et d&#8217;une combi g\u00e9ante. Fabrication d&#8217;une cape en chambre \u00e0 air XXL en tissage.<\/p><p>Ecriture &amp; mise en sc\u00e8ne &#8211; Nicolas Ramond &amp; Anne de Boissy \/ Cr\u00e9ation sonore &#8211; Sylvain Ferlay \/ R\u00e9gie G &#8211; Yoann Tivoli \/ D\u00e9cors &#8211; Cl\u00e9mentine Cadoret et plein d&#8217;autres personnes incroyables sur <a href=\"https:\/\/www.lestransformateurs.org\/\">https:\/\/www.lestransformateurs.org\/<\/a><\/p><p>2025<\/p>\t\t\t\t\t\t\t\t<\/div>\n\t\t\t\t<\/div>\n\t\t\t\t<\/div>\n\t\t<div class=\"elementor-element elementor-element-187dcd3 e-con-full e-flex e-con e-child\" data-id=\"187dcd3\" data-element_type=\"container\" data-e-type=\"container\">\n\t\t\t\t<div class=\"elementor-element elementor-element-5c53ebe elementor-widget elementor-widget-image\" data-id=\"5c53ebe\" data-element_type=\"widget\" data-e-type=\"widget\" data-widget_type=\"image.default\">\n\t\t\t\t<div class=\"elementor-widget-container\">\n\t\t\t\t\t\t\t\t\t\t\t\t\t\t\t<img decoding=\"async\" width=\"685\" height=\"1024\" src=\"https:\/\/cecilemachin.com\/wp-content\/uploads\/2025\/09\/24D4C030-9902-4237-8B38-A404332C8DF3_1_201_a-685x1024.jpeg\" class=\"attachment-large size-large wp-image-1240\" alt=\"\" srcset=\"https:\/\/cecilemachin.com\/wp-content\/uploads\/2025\/09\/24D4C030-9902-4237-8B38-A404332C8DF3_1_201_a-685x1024.jpeg 685w, https:\/\/cecilemachin.com\/wp-content\/uploads\/2025\/09\/24D4C030-9902-4237-8B38-A404332C8DF3_1_201_a-201x300.jpeg 201w, https:\/\/cecilemachin.com\/wp-content\/uploads\/2025\/09\/24D4C030-9902-4237-8B38-A404332C8DF3_1_201_a.jpeg 722w\" sizes=\"(max-width: 685px) 100vw, 685px\" \/>\t\t\t\t\t\t\t\t\t\t\t\t\t\t\t<\/div>\n\t\t\t\t<\/div>\n\t\t\t\t<\/div>\n\t\t\t\t\t<\/div>\n\t\t\t\t<\/div>\n\t\t<div class=\"elementor-element elementor-element-8ed23a3 e-flex e-con-boxed e-con e-parent\" data-id=\"8ed23a3\" data-element_type=\"container\" data-e-type=\"container\">\n\t\t\t\t\t<div class=\"e-con-inner\">\n\t\t<div class=\"elementor-element elementor-element-a8b5fed e-con-full e-flex e-con e-child\" data-id=\"a8b5fed\" data-element_type=\"container\" data-e-type=\"container\">\n\t\t\t\t<div class=\"elementor-element elementor-element-402ac11 elementor-widget__width-initial elementor-widget elementor-widget-image\" data-id=\"402ac11\" data-element_type=\"widget\" data-e-type=\"widget\" data-widget_type=\"image.default\">\n\t\t\t\t<div class=\"elementor-widget-container\">\n\t\t\t\t\t\t\t\t\t\t\t\t\t\t\t<img decoding=\"async\" width=\"1024\" height=\"768\" src=\"https:\/\/cecilemachin.com\/wp-content\/uploads\/2025\/09\/9CCC80F9-411B-4C95-8567-0A7604679E70_1_201_a-1024x768.jpg\" class=\"attachment-large size-large wp-image-1231\" alt=\"\" srcset=\"https:\/\/cecilemachin.com\/wp-content\/uploads\/2025\/09\/9CCC80F9-411B-4C95-8567-0A7604679E70_1_201_a-1024x768.jpg 1024w, https:\/\/cecilemachin.com\/wp-content\/uploads\/2025\/09\/9CCC80F9-411B-4C95-8567-0A7604679E70_1_201_a-300x225.jpg 300w, https:\/\/cecilemachin.com\/wp-content\/uploads\/2025\/09\/9CCC80F9-411B-4C95-8567-0A7604679E70_1_201_a-2000x1500.jpg 2000w, https:\/\/cecilemachin.com\/wp-content\/uploads\/2025\/09\/9CCC80F9-411B-4C95-8567-0A7604679E70_1_201_a-scaled-1536x1152.jpg 1536w, https:\/\/cecilemachin.com\/wp-content\/uploads\/2025\/09\/9CCC80F9-411B-4C95-8567-0A7604679E70_1_201_a-scaled-2048x1536.jpg 2048w\" sizes=\"(max-width: 1024px) 100vw, 1024px\" \/>\t\t\t\t\t\t\t\t\t\t\t\t\t\t\t<\/div>\n\t\t\t\t<\/div>\n\t\t\t\t<\/div>\n\t\t<div class=\"elementor-element elementor-element-ed7225a e-con-full e-flex e-con e-child\" data-id=\"ed7225a\" data-element_type=\"container\" data-e-type=\"container\">\n\t\t\t\t<div class=\"elementor-element elementor-element-0acbd33 elementor-widget elementor-widget-image\" data-id=\"0acbd33\" data-element_type=\"widget\" data-e-type=\"widget\" data-widget_type=\"image.default\">\n\t\t\t\t<div class=\"elementor-widget-container\">\n\t\t\t\t\t\t\t\t\t\t\t\t\t\t\t<img loading=\"lazy\" decoding=\"async\" width=\"1024\" height=\"682\" src=\"https:\/\/cecilemachin.com\/wp-content\/uploads\/2025\/09\/DSCF0145-copie-1024x682.jpg\" class=\"attachment-large size-large wp-image-1236\" alt=\"\" srcset=\"https:\/\/cecilemachin.com\/wp-content\/uploads\/2025\/09\/DSCF0145-copie-1024x682.jpg 1024w, https:\/\/cecilemachin.com\/wp-content\/uploads\/2025\/09\/DSCF0145-copie-300x200.jpg 300w, https:\/\/cecilemachin.com\/wp-content\/uploads\/2025\/09\/DSCF0145-copie-1536x1024.jpg 1536w, https:\/\/cecilemachin.com\/wp-content\/uploads\/2025\/09\/DSCF0145-copie.jpg 2000w\" sizes=\"(max-width: 1024px) 100vw, 1024px\" \/>\t\t\t\t\t\t\t\t\t\t\t\t\t\t\t<\/div>\n\t\t\t\t<\/div>\n\t\t\t\t<\/div>\n\t\t\t\t\t<\/div>\n\t\t\t\t<\/div>\n\t\t<div class=\"elementor-element elementor-element-803ae59 e-flex e-con-boxed e-con e-parent\" data-id=\"803ae59\" data-element_type=\"container\" data-e-type=\"container\">\n\t\t\t\t\t<div class=\"e-con-inner\">\n\t\t<div class=\"elementor-element elementor-element-f4cf70c e-con-full e-flex e-con e-child\" data-id=\"f4cf70c\" data-element_type=\"container\" data-e-type=\"container\">\n\t\t\t\t<\/div>\n\t\t<div class=\"elementor-element elementor-element-3707a1f e-flex e-con-boxed e-con e-child\" data-id=\"3707a1f\" data-element_type=\"container\" data-e-type=\"container\">\n\t\t\t\t\t<div class=\"e-con-inner\">\n\t\t\t\t\t<\/div>\n\t\t\t\t<\/div>\n\t\t<div class=\"elementor-element elementor-element-a488b60 e-con-full e-flex e-con e-child\" data-id=\"a488b60\" data-element_type=\"container\" data-e-type=\"container\">\n\t\t\t\t<div class=\"elementor-element elementor-element-2c27986 elementor-widget elementor-widget-image\" data-id=\"2c27986\" data-element_type=\"widget\" data-e-type=\"widget\" data-widget_type=\"image.default\">\n\t\t\t\t<div class=\"elementor-widget-container\">\n\t\t\t\t\t\t\t\t\t\t\t\t\t\t\t<img loading=\"lazy\" decoding=\"async\" width=\"768\" height=\"1024\" src=\"https:\/\/cecilemachin.com\/wp-content\/uploads\/2025\/09\/IMG_2975-768x1024.jpg\" class=\"attachment-large size-large wp-image-1246\" alt=\"\" srcset=\"https:\/\/cecilemachin.com\/wp-content\/uploads\/2025\/09\/IMG_2975-768x1024.jpg 768w, https:\/\/cecilemachin.com\/wp-content\/uploads\/2025\/09\/IMG_2975-225x300.jpg 225w, https:\/\/cecilemachin.com\/wp-content\/uploads\/2025\/09\/IMG_2975-rotated-1152x1536.jpg 1152w, https:\/\/cecilemachin.com\/wp-content\/uploads\/2025\/09\/IMG_2975-rotated.jpg 1512w\" sizes=\"(max-width: 768px) 100vw, 768px\" \/>\t\t\t\t\t\t\t\t\t\t\t\t\t\t\t<\/div>\n\t\t\t\t<\/div>\n\t\t\t\t<\/div>\n\t\t\t\t\t<\/div>\n\t\t\t\t<\/div>\n\t\t<div class=\"elementor-element elementor-element-8068871 e-flex e-con-boxed e-con e-parent\" data-id=\"8068871\" data-element_type=\"container\" data-e-type=\"container\">\n\t\t\t\t\t<div class=\"e-con-inner\">\n\t\t<div class=\"elementor-element elementor-element-86e34c3 e-con-full e-flex e-con e-child\" data-id=\"86e34c3\" data-element_type=\"container\" data-e-type=\"container\">\n\t\t\t\t<div class=\"elementor-element elementor-element-4e60b66 elementor-widget elementor-widget-image\" data-id=\"4e60b66\" data-element_type=\"widget\" data-e-type=\"widget\" data-widget_type=\"image.default\">\n\t\t\t\t<div class=\"elementor-widget-container\">\n\t\t\t\t\t\t\t\t\t\t\t\t\t\t\t<img loading=\"lazy\" decoding=\"async\" width=\"473\" height=\"1024\" src=\"https:\/\/cecilemachin.com\/wp-content\/uploads\/2025\/09\/biclou-473x1024.jpg\" class=\"attachment-large size-large wp-image-1245\" alt=\"\" srcset=\"https:\/\/cecilemachin.com\/wp-content\/uploads\/2025\/09\/biclou-473x1024.jpg 473w, https:\/\/cecilemachin.com\/wp-content\/uploads\/2025\/09\/biclou-139x300.jpg 139w, https:\/\/cecilemachin.com\/wp-content\/uploads\/2025\/09\/biclou-710x1536.jpg 710w, https:\/\/cecilemachin.com\/wp-content\/uploads\/2025\/09\/biclou.jpg 946w\" sizes=\"(max-width: 473px) 100vw, 473px\" \/>\t\t\t\t\t\t\t\t\t\t\t\t\t\t\t<\/div>\n\t\t\t\t<\/div>\n\t\t\t\t<div class=\"elementor-element elementor-element-f80f7ea elementor-widget elementor-widget-image\" data-id=\"f80f7ea\" data-element_type=\"widget\" data-e-type=\"widget\" data-widget_type=\"image.default\">\n\t\t\t\t<div class=\"elementor-widget-container\">\n\t\t\t\t\t\t\t\t\t\t\t\t\t\t\t<img loading=\"lazy\" decoding=\"async\" width=\"1024\" height=\"768\" src=\"https:\/\/cecilemachin.com\/wp-content\/uploads\/2025\/09\/C77EA4CF-3B3C-4C3E-B27F-65DB7D6342AC-1024x768.jpg\" class=\"attachment-large size-large wp-image-1229\" alt=\"\" srcset=\"https:\/\/cecilemachin.com\/wp-content\/uploads\/2025\/09\/C77EA4CF-3B3C-4C3E-B27F-65DB7D6342AC-1024x768.jpg 1024w, https:\/\/cecilemachin.com\/wp-content\/uploads\/2025\/09\/C77EA4CF-3B3C-4C3E-B27F-65DB7D6342AC-300x225.jpg 300w, https:\/\/cecilemachin.com\/wp-content\/uploads\/2025\/09\/C77EA4CF-3B3C-4C3E-B27F-65DB7D6342AC-2000x1500.jpg 2000w, https:\/\/cecilemachin.com\/wp-content\/uploads\/2025\/09\/C77EA4CF-3B3C-4C3E-B27F-65DB7D6342AC-scaled-1536x1152.jpg 1536w, https:\/\/cecilemachin.com\/wp-content\/uploads\/2025\/09\/C77EA4CF-3B3C-4C3E-B27F-65DB7D6342AC-scaled-2048x1536.jpg 2048w\" sizes=\"(max-width: 1024px) 100vw, 1024px\" \/>\t\t\t\t\t\t\t\t\t\t\t\t\t\t\t<\/div>\n\t\t\t\t<\/div>\n\t\t\t\t<\/div>\n\t\t<div class=\"elementor-element elementor-element-6f3c807 e-con-full e-flex e-con e-child\" data-id=\"6f3c807\" data-element_type=\"container\" data-e-type=\"container\">\n\t\t\t\t<div class=\"elementor-element elementor-element-5790170 elementor-widget elementor-widget-image\" data-id=\"5790170\" data-element_type=\"widget\" data-e-type=\"widget\" data-widget_type=\"image.default\">\n\t\t\t\t<div class=\"elementor-widget-container\">\n\t\t\t\t\t\t\t\t\t\t\t\t\t\t\t<img loading=\"lazy\" decoding=\"async\" width=\"768\" height=\"1024\" src=\"https:\/\/cecilemachin.com\/wp-content\/uploads\/2025\/09\/IMG_2981-768x1024.jpg\" class=\"attachment-large size-large wp-image-1244\" alt=\"\" srcset=\"https:\/\/cecilemachin.com\/wp-content\/uploads\/2025\/09\/IMG_2981-768x1024.jpg 768w, https:\/\/cecilemachin.com\/wp-content\/uploads\/2025\/09\/IMG_2981-225x300.jpg 225w, https:\/\/cecilemachin.com\/wp-content\/uploads\/2025\/09\/IMG_2981-rotated-1152x1536.jpg 1152w, https:\/\/cecilemachin.com\/wp-content\/uploads\/2025\/09\/IMG_2981-rotated.jpg 1512w\" sizes=\"(max-width: 768px) 100vw, 768px\" \/>\t\t\t\t\t\t\t\t\t\t\t\t\t\t\t<\/div>\n\t\t\t\t<\/div>\n\t\t\t\t<\/div>\n\t\t\t\t\t<\/div>\n\t\t\t\t<\/div>\n\t\t<div class=\"elementor-element elementor-element-4dff938 e-flex e-con-boxed e-con e-parent\" data-id=\"4dff938\" data-element_type=\"container\" data-e-type=\"container\">\n\t\t\t\t\t<div class=\"e-con-inner\">\n\t\t<div class=\"elementor-element elementor-element-9437b68 e-con-full e-flex e-con e-child\" data-id=\"9437b68\" data-element_type=\"container\" data-e-type=\"container\">\n\t\t\t\t<\/div>\n\t\t<div class=\"elementor-element elementor-element-b37b40c e-con-full e-flex e-con e-child\" data-id=\"b37b40c\" data-element_type=\"container\" data-e-type=\"container\">\n\t\t\t\t<\/div>\n\t\t<div class=\"elementor-element elementor-element-8a46f3c e-con-full e-flex e-con e-child\" data-id=\"8a46f3c\" data-element_type=\"container\" data-e-type=\"container\">\n\t\t\t\t<div class=\"elementor-element elementor-element-4857ba4 elementor-widget elementor-widget-image\" data-id=\"4857ba4\" data-element_type=\"widget\" data-e-type=\"widget\" data-widget_type=\"image.default\">\n\t\t\t\t<div class=\"elementor-widget-container\">\n\t\t\t\t\t\t\t\t\t\t\t\t\t\t\t<img loading=\"lazy\" decoding=\"async\" width=\"1024\" height=\"871\" src=\"https:\/\/cecilemachin.com\/wp-content\/uploads\/2025\/09\/DSCF0035-copie-2-1024x871.jpg\" class=\"attachment-large size-large wp-image-1238\" alt=\"\" srcset=\"https:\/\/cecilemachin.com\/wp-content\/uploads\/2025\/09\/DSCF0035-copie-2-1024x871.jpg 1024w, https:\/\/cecilemachin.com\/wp-content\/uploads\/2025\/09\/DSCF0035-copie-2-300x255.jpg 300w, https:\/\/cecilemachin.com\/wp-content\/uploads\/2025\/09\/DSCF0035-copie-2.jpg 1070w\" sizes=\"(max-width: 1024px) 100vw, 1024px\" \/>\t\t\t\t\t\t\t\t\t\t\t\t\t\t\t<\/div>\n\t\t\t\t<\/div>\n\t\t\t\t<\/div>\n\t\t\t\t\t<\/div>\n\t\t\t\t<\/div>\n\t\t<div class=\"elementor-element elementor-element-2b33d3b e-flex e-con-boxed e-con e-parent\" data-id=\"2b33d3b\" data-element_type=\"container\" data-e-type=\"container\">\n\t\t\t\t\t<div class=\"e-con-inner\">\n\t\t\t\t<div class=\"elementor-element elementor-element-dd70554 elementor-widget elementor-widget-image\" data-id=\"dd70554\" data-element_type=\"widget\" data-e-type=\"widget\" data-widget_type=\"image.default\">\n\t\t\t\t<div class=\"elementor-widget-container\">\n\t\t\t\t\t\t\t\t\t\t\t\t\t\t\t<img loading=\"lazy\" decoding=\"async\" width=\"1024\" height=\"637\" src=\"https:\/\/cecilemachin.com\/wp-content\/uploads\/2025\/09\/DSCF0036-copie-1024x637.jpg\" class=\"attachment-large size-large wp-image-1234\" alt=\"\" srcset=\"https:\/\/cecilemachin.com\/wp-content\/uploads\/2025\/09\/DSCF0036-copie-1024x637.jpg 1024w, https:\/\/cecilemachin.com\/wp-content\/uploads\/2025\/09\/DSCF0036-copie-300x187.jpg 300w, https:\/\/cecilemachin.com\/wp-content\/uploads\/2025\/09\/DSCF0036-copie-1536x955.jpg 1536w, https:\/\/cecilemachin.com\/wp-content\/uploads\/2025\/09\/DSCF0036-copie.jpg 2000w\" sizes=\"(max-width: 1024px) 100vw, 1024px\" \/>\t\t\t\t\t\t\t\t\t\t\t\t\t\t\t<\/div>\n\t\t\t\t<\/div>\n\t\t\t\t\t<\/div>\n\t\t\t\t<\/div>\n\t\t<div class=\"elementor-element elementor-element-69ac5bf e-con-full e-flex e-con e-parent\" data-id=\"69ac5bf\" data-element_type=\"container\" data-e-type=\"container\">\n\t\t\t\t<div class=\"elementor-element elementor-element-a349004 elementor-widget elementor-widget-image\" data-id=\"a349004\" data-element_type=\"widget\" data-e-type=\"widget\" data-widget_type=\"image.default\">\n\t\t\t\t<div class=\"elementor-widget-container\">\n\t\t\t\t\t\t\t\t\t\t\t\t\t\t\t<img loading=\"lazy\" decoding=\"async\" width=\"1024\" height=\"868\" src=\"https:\/\/cecilemachin.com\/wp-content\/uploads\/2025\/09\/DSCF0124-copie-1-1024x868.jpg\" class=\"attachment-large size-large wp-image-1250\" alt=\"\" srcset=\"https:\/\/cecilemachin.com\/wp-content\/uploads\/2025\/09\/DSCF0124-copie-1-1024x868.jpg 1024w, https:\/\/cecilemachin.com\/wp-content\/uploads\/2025\/09\/DSCF0124-copie-1-300x254.jpg 300w, https:\/\/cecilemachin.com\/wp-content\/uploads\/2025\/09\/DSCF0124-copie-1-1536x1302.jpg 1536w, https:\/\/cecilemachin.com\/wp-content\/uploads\/2025\/09\/DSCF0124-copie-1.jpg 2000w\" sizes=\"(max-width: 1024px) 100vw, 1024px\" \/>\t\t\t\t\t\t\t\t\t\t\t\t\t\t\t<\/div>\n\t\t\t\t<\/div>\n\t\t\t\t<\/div>\n\t\t\t\t<\/div>\n\t\t","protected":false},"excerpt":{"rendered":"<p>Biclou &#8211; Cie les Transformateurs Commande et cr\u00e9ation de 3 silhouettes : achat, couture, teinture et patine, pour ce spectacle [&hellip;]<\/p>\n","protected":false},"author":1,"featured_media":0,"parent":0,"menu_order":0,"comment_status":"closed","ping_status":"closed","template":"","meta":{"site-sidebar-layout":"default","site-content-layout":"","ast-site-content-layout":"default","site-content-style":"default","site-sidebar-style":"default","ast-global-header-display":"","ast-banner-title-visibility":"","ast-main-header-display":"","ast-hfb-above-header-display":"","ast-hfb-below-header-display":"","ast-hfb-mobile-header-display":"","site-post-title":"","ast-breadcrumbs-content":"","ast-featured-img":"","footer-sml-layout":"","ast-disable-related-posts":"","theme-transparent-header-meta":"","adv-header-id-meta":"","stick-header-meta":"","header-above-stick-meta":"","header-main-stick-meta":"","header-below-stick-meta":"","astra-migrate-meta-layouts":"default","ast-page-background-enabled":"default","ast-page-background-meta":{"desktop":{"background-color":"var(--ast-global-color-4)","background-image":"","background-repeat":"repeat","background-position":"center center","background-size":"auto","background-attachment":"scroll","background-type":"","background-media":"","overlay-type":"","overlay-color":"","overlay-opacity":"","overlay-gradient":""},"tablet":{"background-color":"","background-image":"","background-repeat":"repeat","background-position":"center center","background-size":"auto","background-attachment":"scroll","background-type":"","background-media":"","overlay-type":"","overlay-color":"","overlay-opacity":"","overlay-gradient":""},"mobile":{"background-color":"","background-image":"","background-repeat":"repeat","background-position":"center center","background-size":"auto","background-attachment":"scroll","background-type":"","background-media":"","overlay-type":"","overlay-color":"","overlay-opacity":"","overlay-gradient":""}},"ast-content-background-meta":{"desktop":{"background-color":"var(--ast-global-color-5)","background-image":"","background-repeat":"repeat","background-position":"center center","background-size":"auto","background-attachment":"scroll","background-type":"","background-media":"","overlay-type":"","overlay-color":"","overlay-opacity":"","overlay-gradient":""},"tablet":{"background-color":"var(--ast-global-color-5)","background-image":"","background-repeat":"repeat","background-position":"center center","background-size":"auto","background-attachment":"scroll","background-type":"","background-media":"","overlay-type":"","overlay-color":"","overlay-opacity":"","overlay-gradient":""},"mobile":{"background-color":"var(--ast-global-color-5)","background-image":"","background-repeat":"repeat","background-position":"center center","background-size":"auto","background-attachment":"scroll","background-type":"","background-media":"","overlay-type":"","overlay-color":"","overlay-opacity":"","overlay-gradient":""}},"footnotes":""},"class_list":["post-1222","page","type-page","status-publish","hentry"],"_links":{"self":[{"href":"https:\/\/cecilemachin.com\/index.php\/wp-json\/wp\/v2\/pages\/1222","targetHints":{"allow":["GET"]}}],"collection":[{"href":"https:\/\/cecilemachin.com\/index.php\/wp-json\/wp\/v2\/pages"}],"about":[{"href":"https:\/\/cecilemachin.com\/index.php\/wp-json\/wp\/v2\/types\/page"}],"author":[{"embeddable":true,"href":"https:\/\/cecilemachin.com\/index.php\/wp-json\/wp\/v2\/users\/1"}],"replies":[{"embeddable":true,"href":"https:\/\/cecilemachin.com\/index.php\/wp-json\/wp\/v2\/comments?post=1222"}],"version-history":[{"count":37,"href":"https:\/\/cecilemachin.com\/index.php\/wp-json\/wp\/v2\/pages\/1222\/revisions"}],"predecessor-version":[{"id":1365,"href":"https:\/\/cecilemachin.com\/index.php\/wp-json\/wp\/v2\/pages\/1222\/revisions\/1365"}],"wp:attachment":[{"href":"https:\/\/cecilemachin.com\/index.php\/wp-json\/wp\/v2\/media?parent=1222"}],"curies":[{"name":"wp","href":"https:\/\/api.w.org\/{rel}","templated":true}]}}