{"id":1305,"date":"2025-09-06T20:49:59","date_gmt":"2025-09-06T18:49:59","guid":{"rendered":"https:\/\/cecilemachin.com\/?page_id=1305"},"modified":"2025-09-14T19:30:41","modified_gmt":"2025-09-14T17:30:41","slug":"les-pondarmes","status":"publish","type":"page","link":"https:\/\/cecilemachin.com\/index.php\/les-pondarmes\/","title":{"rendered":"Les pondarmes"},"content":{"rendered":"\t\t<div data-elementor-type=\"wp-page\" data-elementor-id=\"1305\" class=\"elementor elementor-1305\">\n\t\t\t\t<div class=\"elementor-element elementor-element-a396d46 e-flex e-con-boxed e-con e-parent\" data-id=\"a396d46\" data-element_type=\"container\" data-e-type=\"container\">\n\t\t\t\t\t<div class=\"e-con-inner\">\n\t\t\t\t<div class=\"elementor-element elementor-element-f47f012 elementor-widget elementor-widget-image\" data-id=\"f47f012\" data-element_type=\"widget\" data-e-type=\"widget\" data-widget_type=\"image.default\">\n\t\t\t\t<div class=\"elementor-widget-container\">\n\t\t\t\t\t\t\t\t\t\t\t\t\t\t\t<img fetchpriority=\"high\" decoding=\"async\" width=\"819\" height=\"1024\" src=\"https:\/\/cecilemachin.com\/wp-content\/uploads\/2025\/09\/CD608E15-A94C-4602-A817-CDE8503DE2D1-819x1024.jpeg\" class=\"attachment-large size-large wp-image-1307\" alt=\"\" srcset=\"https:\/\/cecilemachin.com\/wp-content\/uploads\/2025\/09\/CD608E15-A94C-4602-A817-CDE8503DE2D1-819x1024.jpeg 819w, https:\/\/cecilemachin.com\/wp-content\/uploads\/2025\/09\/CD608E15-A94C-4602-A817-CDE8503DE2D1-240x300.jpeg 240w, https:\/\/cecilemachin.com\/wp-content\/uploads\/2025\/09\/CD608E15-A94C-4602-A817-CDE8503DE2D1.jpeg 1134w\" sizes=\"(max-width: 819px) 100vw, 819px\" \/>\t\t\t\t\t\t\t\t\t\t\t\t\t\t\t<\/div>\n\t\t\t\t<\/div>\n\t\t\t\t\t<\/div>\n\t\t\t\t<\/div>\n\t\t<div class=\"elementor-element elementor-element-69660c4 e-flex e-con-boxed e-con e-parent\" data-id=\"69660c4\" data-element_type=\"container\" data-e-type=\"container\">\n\t\t\t\t\t<div class=\"e-con-inner\">\n\t\t<div class=\"elementor-element elementor-element-d3cb6f0 e-con-full e-flex e-con e-child\" data-id=\"d3cb6f0\" data-element_type=\"container\" data-e-type=\"container\">\n\t\t\t\t<div class=\"elementor-element elementor-element-0927699 elementor-widget elementor-widget-heading\" data-id=\"0927699\" data-element_type=\"widget\" data-e-type=\"widget\" data-widget_type=\"heading.default\">\n\t\t\t\t<div class=\"elementor-widget-container\">\n\t\t\t\t\t<h2 class=\"elementor-heading-title elementor-size-default\">Les Pondarmes - Cie Un de ces 4<\/h2>\t\t\t\t<\/div>\n\t\t\t\t<\/div>\n\t\t\t\t<div class=\"elementor-element elementor-element-ae8246b elementor-widget elementor-widget-text-editor\" data-id=\"ae8246b\" data-element_type=\"widget\" data-e-type=\"widget\" data-widget_type=\"text-editor.default\">\n\t\t\t\t<div class=\"elementor-widget-container\">\n\t\t\t\t\t\t\t\t\t<p>Collaboration avec <a href=\"https:\/\/www.instagram.com\/lolartplastique\/\">Lola Roubert<\/a> qui fabrique les casques !<\/p><p>Fabrication avec application des fameux costumes des Pondarmes, moiti\u00e9 gendarmes, moiti\u00e9 pompiers. Personnages cr\u00e9es par Alexine &amp; Renaud Bauer.<\/p><p>Vestes, pantalons et slip \u00e0 paillettes bicolore ! Le tout strech pour l&#8217;aisance des circassiens sur les structures. Et cerise sur le gateau \ud83d\ude42 pantalon kick change pour Morgan Brosed Ponce et son slip \u00e0 paillette assorti !<\/p><p>Cr\u00e9ation d&#8217;une tr\u00e8s longue robe \u00e0 collerette en plusieurs morceaux, qui se d\u00e9ploie en grande hauteur, port\u00e9e par Alexine \u00e0 7M de haut !<\/p><p>Fabrication d&#8217;une brassi\u00e8re pour micro HF pour Jeanne Garrouste.<\/p><p><a href=\"https:\/\/www.undeces4.com\/les-pondarmes-cie-un-de-ces-4\/\">\/\/\/site <\/a><\/p><p><a href=\"https:\/\/www.instagram.com\/cieundeces4\/\">\/\/\/insta<\/a><\/p><p><em>2025<\/em><\/p>\t\t\t\t\t\t\t\t<\/div>\n\t\t\t\t<\/div>\n\t\t\t\t<\/div>\n\t\t<div class=\"elementor-element elementor-element-22a56e7 e-con-full e-flex e-con e-child\" data-id=\"22a56e7\" data-element_type=\"container\" data-e-type=\"container\">\n\t\t\t\t<div class=\"elementor-element elementor-element-cdd583e elementor-widget elementor-widget-image\" data-id=\"cdd583e\" data-element_type=\"widget\" data-e-type=\"widget\" data-widget_type=\"image.default\">\n\t\t\t\t<div class=\"elementor-widget-container\">\n\t\t\t\t\t\t\t\t\t\t\t\t\t\t\t<img decoding=\"async\" width=\"832\" height=\"560\" src=\"https:\/\/cecilemachin.com\/wp-content\/uploads\/2025\/09\/Capture-decran-2025-09-14-a-19.28.36.png\" class=\"attachment-large size-large wp-image-1371\" alt=\"\" srcset=\"https:\/\/cecilemachin.com\/wp-content\/uploads\/2025\/09\/Capture-decran-2025-09-14-a-19.28.36.png 832w, https:\/\/cecilemachin.com\/wp-content\/uploads\/2025\/09\/Capture-decran-2025-09-14-a-19.28.36-300x202.png 300w\" sizes=\"(max-width: 832px) 100vw, 832px\" \/>\t\t\t\t\t\t\t\t\t\t\t\t\t\t\t<\/div>\n\t\t\t\t<\/div>\n\t\t\t\t<\/div>\n\t\t\t\t\t<\/div>\n\t\t\t\t<\/div>\n\t\t<div class=\"elementor-element elementor-element-8d93622 e-flex e-con-boxed e-con e-parent\" data-id=\"8d93622\" data-element_type=\"container\" data-e-type=\"container\">\n\t\t\t\t\t<div class=\"e-con-inner\">\n\t\t<div class=\"elementor-element elementor-element-43f891e e-con-full e-flex e-con e-child\" data-id=\"43f891e\" data-element_type=\"container\" data-e-type=\"container\">\n\t\t\t\t<div class=\"elementor-element elementor-element-f461c83 elementor-widget elementor-widget-image\" data-id=\"f461c83\" data-element_type=\"widget\" data-e-type=\"widget\" data-widget_type=\"image.default\">\n\t\t\t\t<div class=\"elementor-widget-container\">\n\t\t\t\t\t\t\t\t\t\t\t\t\t\t\t<img decoding=\"async\" width=\"225\" height=\"300\" src=\"https:\/\/cecilemachin.com\/wp-content\/uploads\/2025\/09\/278A842E-8DA9-4F8C-B5DB-E94473E24D0C-1-225x300.jpg\" class=\"attachment-medium size-medium wp-image-1337\" alt=\"\" srcset=\"https:\/\/cecilemachin.com\/wp-content\/uploads\/2025\/09\/278A842E-8DA9-4F8C-B5DB-E94473E24D0C-1-225x300.jpg 225w, https:\/\/cecilemachin.com\/wp-content\/uploads\/2025\/09\/278A842E-8DA9-4F8C-B5DB-E94473E24D0C-1-768x1024.jpg 768w, https:\/\/cecilemachin.com\/wp-content\/uploads\/2025\/09\/278A842E-8DA9-4F8C-B5DB-E94473E24D0C-1-2000x2667.jpg 2000w, https:\/\/cecilemachin.com\/wp-content\/uploads\/2025\/09\/278A842E-8DA9-4F8C-B5DB-E94473E24D0C-1-scaled-1152x1536.jpg 1152w, https:\/\/cecilemachin.com\/wp-content\/uploads\/2025\/09\/278A842E-8DA9-4F8C-B5DB-E94473E24D0C-1-scaled-1536x2048.jpg 1536w, https:\/\/cecilemachin.com\/wp-content\/uploads\/2025\/09\/278A842E-8DA9-4F8C-B5DB-E94473E24D0C-1-scaled.jpg 1920w\" sizes=\"(max-width: 225px) 100vw, 225px\" \/>\t\t\t\t\t\t\t\t\t\t\t\t\t\t\t<\/div>\n\t\t\t\t<\/div>\n\t\t\t\t<\/div>\n\t\t<div class=\"elementor-element elementor-element-8b585ad e-con-full e-flex e-con e-child\" data-id=\"8b585ad\" data-element_type=\"container\" data-e-type=\"container\">\n\t\t\t\t<div class=\"elementor-element elementor-element-ac2dcb8 elementor-widget elementor-widget-image\" data-id=\"ac2dcb8\" data-element_type=\"widget\" data-e-type=\"widget\" data-widget_type=\"image.default\">\n\t\t\t\t<div class=\"elementor-widget-container\">\n\t\t\t\t\t\t\t\t\t\t\t\t\t\t\t<img loading=\"lazy\" decoding=\"async\" width=\"1024\" height=\"768\" src=\"https:\/\/cecilemachin.com\/wp-content\/uploads\/2025\/09\/D78959E9-2856-44E2-94D7-2795A33529B5_1_201_a-1024x768.jpg\" class=\"attachment-large size-large wp-image-1336\" alt=\"\" srcset=\"https:\/\/cecilemachin.com\/wp-content\/uploads\/2025\/09\/D78959E9-2856-44E2-94D7-2795A33529B5_1_201_a-1024x768.jpg 1024w, https:\/\/cecilemachin.com\/wp-content\/uploads\/2025\/09\/D78959E9-2856-44E2-94D7-2795A33529B5_1_201_a-300x225.jpg 300w, https:\/\/cecilemachin.com\/wp-content\/uploads\/2025\/09\/D78959E9-2856-44E2-94D7-2795A33529B5_1_201_a-2000x1500.jpg 2000w, https:\/\/cecilemachin.com\/wp-content\/uploads\/2025\/09\/D78959E9-2856-44E2-94D7-2795A33529B5_1_201_a-scaled-1536x1152.jpg 1536w, https:\/\/cecilemachin.com\/wp-content\/uploads\/2025\/09\/D78959E9-2856-44E2-94D7-2795A33529B5_1_201_a-scaled-2048x1536.jpg 2048w\" sizes=\"(max-width: 1024px) 100vw, 1024px\" \/>\t\t\t\t\t\t\t\t\t\t\t\t\t\t\t<\/div>\n\t\t\t\t<\/div>\n\t\t\t\t<\/div>\n\t\t\t\t\t<\/div>\n\t\t\t\t<\/div>\n\t\t<div class=\"elementor-element elementor-element-3eb00b8 e-flex e-con-boxed e-con e-parent\" data-id=\"3eb00b8\" data-element_type=\"container\" data-e-type=\"container\">\n\t\t\t\t\t<div class=\"e-con-inner\">\n\t\t<div class=\"elementor-element elementor-element-c9c543e e-con-full e-flex e-con e-child\" data-id=\"c9c543e\" data-element_type=\"container\" data-e-type=\"container\">\n\t\t\t\t<div class=\"elementor-element elementor-element-86dc626 elementor-widget elementor-widget-image\" data-id=\"86dc626\" data-element_type=\"widget\" data-e-type=\"widget\" data-widget_type=\"image.default\">\n\t\t\t\t<div class=\"elementor-widget-container\">\n\t\t\t\t\t\t\t\t\t\t\t\t\t\t\t<img loading=\"lazy\" decoding=\"async\" width=\"819\" height=\"1024\" src=\"https:\/\/cecilemachin.com\/wp-content\/uploads\/2025\/09\/543768AF-0166-4C35-A3B4-6CA3F185A947-819x1024.jpeg\" class=\"attachment-large size-large wp-image-1313\" alt=\"\" srcset=\"https:\/\/cecilemachin.com\/wp-content\/uploads\/2025\/09\/543768AF-0166-4C35-A3B4-6CA3F185A947-819x1024.jpeg 819w, https:\/\/cecilemachin.com\/wp-content\/uploads\/2025\/09\/543768AF-0166-4C35-A3B4-6CA3F185A947-240x300.jpeg 240w, https:\/\/cecilemachin.com\/wp-content\/uploads\/2025\/09\/543768AF-0166-4C35-A3B4-6CA3F185A947-1229x1536.jpeg 1229w, https:\/\/cecilemachin.com\/wp-content\/uploads\/2025\/09\/543768AF-0166-4C35-A3B4-6CA3F185A947.jpeg 1440w\" sizes=\"(max-width: 819px) 100vw, 819px\" \/>\t\t\t\t\t\t\t\t\t\t\t\t\t\t\t<\/div>\n\t\t\t\t<\/div>\n\t\t\t\t<\/div>\n\t\t<div class=\"elementor-element elementor-element-5a9f25a e-con-full e-flex e-con e-child\" data-id=\"5a9f25a\" data-element_type=\"container\" data-e-type=\"container\">\n\t\t\t\t<div class=\"elementor-element elementor-element-33a3c4e elementor-widget elementor-widget-image\" data-id=\"33a3c4e\" data-element_type=\"widget\" data-e-type=\"widget\" data-widget_type=\"image.default\">\n\t\t\t\t<div class=\"elementor-widget-container\">\n\t\t\t\t\t\t\t\t\t\t\t\t\t\t\t<img loading=\"lazy\" decoding=\"async\" width=\"810\" height=\"1024\" src=\"https:\/\/cecilemachin.com\/wp-content\/uploads\/2025\/09\/ABAF9103-6056-421B-967A-F123F0ECEBC8-scaled-e1757185224443-810x1024.jpg\" class=\"attachment-large size-large wp-image-1312\" alt=\"\" srcset=\"https:\/\/cecilemachin.com\/wp-content\/uploads\/2025\/09\/ABAF9103-6056-421B-967A-F123F0ECEBC8-scaled-e1757185224443-810x1024.jpg 810w, https:\/\/cecilemachin.com\/wp-content\/uploads\/2025\/09\/ABAF9103-6056-421B-967A-F123F0ECEBC8-scaled-e1757185224443-237x300.jpg 237w, https:\/\/cecilemachin.com\/wp-content\/uploads\/2025\/09\/ABAF9103-6056-421B-967A-F123F0ECEBC8-scaled-e1757185224443-1215x1536.jpg 1215w, https:\/\/cecilemachin.com\/wp-content\/uploads\/2025\/09\/ABAF9103-6056-421B-967A-F123F0ECEBC8-scaled-e1757185224443-1620x2048.jpg 1620w, https:\/\/cecilemachin.com\/wp-content\/uploads\/2025\/09\/ABAF9103-6056-421B-967A-F123F0ECEBC8-scaled-e1757185224443-768x971.jpg 768w, https:\/\/cecilemachin.com\/wp-content\/uploads\/2025\/09\/ABAF9103-6056-421B-967A-F123F0ECEBC8-scaled-e1757185224443.jpg 1920w\" sizes=\"(max-width: 810px) 100vw, 810px\" \/>\t\t\t\t\t\t\t\t\t\t\t\t\t\t\t<\/div>\n\t\t\t\t<\/div>\n\t\t\t\t<\/div>\n\t\t\t\t\t<\/div>\n\t\t\t\t<\/div>\n\t\t<div class=\"elementor-element elementor-element-e528262 e-flex e-con-boxed e-con e-parent\" data-id=\"e528262\" data-element_type=\"container\" data-e-type=\"container\">\n\t\t\t\t\t<div class=\"e-con-inner\">\n\t\t<div class=\"elementor-element elementor-element-b6e405d e-con-full e-flex e-con e-child\" data-id=\"b6e405d\" data-element_type=\"container\" data-e-type=\"container\">\n\t\t\t\t<\/div>\n\t\t<div class=\"elementor-element elementor-element-a40d4f6 e-con-full e-flex e-con e-child\" data-id=\"a40d4f6\" data-element_type=\"container\" data-e-type=\"container\">\n\t\t\t\t<div class=\"elementor-element elementor-element-a099855 elementor-widget elementor-widget-image\" data-id=\"a099855\" data-element_type=\"widget\" data-e-type=\"widget\" data-widget_type=\"image.default\">\n\t\t\t\t<div class=\"elementor-widget-container\">\n\t\t\t\t\t\t\t\t\t\t\t\t\t\t\t<img loading=\"lazy\" decoding=\"async\" width=\"1024\" height=\"768\" src=\"https:\/\/cecilemachin.com\/wp-content\/uploads\/2025\/09\/2FBF7793-7A41-462D-86A5-B51C8DC1B51D-scaled-e1757184987187-1024x768.jpg\" class=\"attachment-large size-large wp-image-1311\" alt=\"\" srcset=\"https:\/\/cecilemachin.com\/wp-content\/uploads\/2025\/09\/2FBF7793-7A41-462D-86A5-B51C8DC1B51D-scaled-e1757184987187-1024x768.jpg 1024w, https:\/\/cecilemachin.com\/wp-content\/uploads\/2025\/09\/2FBF7793-7A41-462D-86A5-B51C8DC1B51D-scaled-e1757184987187-300x225.jpg 300w, https:\/\/cecilemachin.com\/wp-content\/uploads\/2025\/09\/2FBF7793-7A41-462D-86A5-B51C8DC1B51D-scaled-e1757184987187-2000x1500.jpg 2000w, https:\/\/cecilemachin.com\/wp-content\/uploads\/2025\/09\/2FBF7793-7A41-462D-86A5-B51C8DC1B51D-scaled-e1757184987187-1536x1152.jpg 1536w, https:\/\/cecilemachin.com\/wp-content\/uploads\/2025\/09\/2FBF7793-7A41-462D-86A5-B51C8DC1B51D-scaled-e1757184987187-2048x1536.jpg 2048w, https:\/\/cecilemachin.com\/wp-content\/uploads\/2025\/09\/2FBF7793-7A41-462D-86A5-B51C8DC1B51D-scaled-e1757184987187-768x576.jpg 768w\" sizes=\"(max-width: 1024px) 100vw, 1024px\" \/>\t\t\t\t\t\t\t\t\t\t\t\t\t\t\t<\/div>\n\t\t\t\t<\/div>\n\t\t\t\t<\/div>\n\t\t<div class=\"elementor-element elementor-element-957f9e2 e-con-full e-flex e-con e-child\" data-id=\"957f9e2\" data-element_type=\"container\" data-e-type=\"container\">\n\t\t\t\t<\/div>\n\t\t\t\t\t<\/div>\n\t\t\t\t<\/div>\n\t\t<div class=\"elementor-element elementor-element-52da4db e-flex e-con-boxed e-con e-parent\" data-id=\"52da4db\" data-element_type=\"container\" data-e-type=\"container\">\n\t\t\t\t\t<div class=\"e-con-inner\">\n\t\t\t\t<div class=\"elementor-element elementor-element-526a307 elementor-widget elementor-widget-image\" data-id=\"526a307\" data-element_type=\"widget\" data-e-type=\"widget\" data-widget_type=\"image.default\">\n\t\t\t\t<div class=\"elementor-widget-container\">\n\t\t\t\t\t\t\t\t\t\t\t\t\t\t\t<img loading=\"lazy\" decoding=\"async\" width=\"768\" height=\"811\" src=\"https:\/\/cecilemachin.com\/wp-content\/uploads\/2025\/09\/les-pondarmes-1.png\" class=\"attachment-medium_large size-medium_large wp-image-1366\" alt=\"\" srcset=\"https:\/\/cecilemachin.com\/wp-content\/uploads\/2025\/09\/les-pondarmes-1.png 826w, https:\/\/cecilemachin.com\/wp-content\/uploads\/2025\/09\/les-pondarmes-1-284x300.png 284w\" sizes=\"(max-width: 768px) 100vw, 768px\" \/>\t\t\t\t\t\t\t\t\t\t\t\t\t\t\t<\/div>\n\t\t\t\t<\/div>\n\t\t\t\t\t<\/div>\n\t\t\t\t<\/div>\n\t\t\t\t<\/div>\n\t\t","protected":false},"excerpt":{"rendered":"<p>Les Pondarmes &#8211; Cie Un de ces 4 Collaboration avec Lola Roubert qui fabrique les casques ! Fabrication avec application [&hellip;]<\/p>\n","protected":false},"author":1,"featured_media":0,"parent":0,"menu_order":0,"comment_status":"closed","ping_status":"closed","template":"","meta":{"site-sidebar-layout":"default","site-content-layout":"","ast-site-content-layout":"default","site-content-style":"default","site-sidebar-style":"default","ast-global-header-display":"","ast-banner-title-visibility":"","ast-main-header-display":"","ast-hfb-above-header-display":"","ast-hfb-below-header-display":"","ast-hfb-mobile-header-display":"","site-post-title":"","ast-breadcrumbs-content":"","ast-featured-img":"","footer-sml-layout":"","ast-disable-related-posts":"","theme-transparent-header-meta":"","adv-header-id-meta":"","stick-header-meta":"","header-above-stick-meta":"","header-main-stick-meta":"","header-below-stick-meta":"","astra-migrate-meta-layouts":"default","ast-page-background-enabled":"default","ast-page-background-meta":{"desktop":{"background-color":"var(--ast-global-color-4)","background-image":"","background-repeat":"repeat","background-position":"center center","background-size":"auto","background-attachment":"scroll","background-type":"","background-media":"","overlay-type":"","overlay-color":"","overlay-opacity":"","overlay-gradient":""},"tablet":{"background-color":"","background-image":"","background-repeat":"repeat","background-position":"center center","background-size":"auto","background-attachment":"scroll","background-type":"","background-media":"","overlay-type":"","overlay-color":"","overlay-opacity":"","overlay-gradient":""},"mobile":{"background-color":"","background-image":"","background-repeat":"repeat","background-position":"center center","background-size":"auto","background-attachment":"scroll","background-type":"","background-media":"","overlay-type":"","overlay-color":"","overlay-opacity":"","overlay-gradient":""}},"ast-content-background-meta":{"desktop":{"background-color":"var(--ast-global-color-5)","background-image":"","background-repeat":"repeat","background-position":"center center","background-size":"auto","background-attachment":"scroll","background-type":"","background-media":"","overlay-type":"","overlay-color":"","overlay-opacity":"","overlay-gradient":""},"tablet":{"background-color":"var(--ast-global-color-5)","background-image":"","background-repeat":"repeat","background-position":"center center","background-size":"auto","background-attachment":"scroll","background-type":"","background-media":"","overlay-type":"","overlay-color":"","overlay-opacity":"","overlay-gradient":""},"mobile":{"background-color":"var(--ast-global-color-5)","background-image":"","background-repeat":"repeat","background-position":"center center","background-size":"auto","background-attachment":"scroll","background-type":"","background-media":"","overlay-type":"","overlay-color":"","overlay-opacity":"","overlay-gradient":""}},"footnotes":""},"class_list":["post-1305","page","type-page","status-publish","hentry"],"_links":{"self":[{"href":"https:\/\/cecilemachin.com\/index.php\/wp-json\/wp\/v2\/pages\/1305","targetHints":{"allow":["GET"]}}],"collection":[{"href":"https:\/\/cecilemachin.com\/index.php\/wp-json\/wp\/v2\/pages"}],"about":[{"href":"https:\/\/cecilemachin.com\/index.php\/wp-json\/wp\/v2\/types\/page"}],"author":[{"embeddable":true,"href":"https:\/\/cecilemachin.com\/index.php\/wp-json\/wp\/v2\/users\/1"}],"replies":[{"embeddable":true,"href":"https:\/\/cecilemachin.com\/index.php\/wp-json\/wp\/v2\/comments?post=1305"}],"version-history":[{"count":40,"href":"https:\/\/cecilemachin.com\/index.php\/wp-json\/wp\/v2\/pages\/1305\/revisions"}],"predecessor-version":[{"id":1377,"href":"https:\/\/cecilemachin.com\/index.php\/wp-json\/wp\/v2\/pages\/1305\/revisions\/1377"}],"wp:attachment":[{"href":"https:\/\/cecilemachin.com\/index.php\/wp-json\/wp\/v2\/media?parent=1305"}],"curies":[{"name":"wp","href":"https:\/\/api.w.org\/{rel}","templated":true}]}}