{"id":134,"date":"2024-01-21T14:50:07","date_gmt":"2024-01-21T13:50:07","guid":{"rendered":"http:\/\/cecilemachin.com\/?page_id=134"},"modified":"2024-01-21T15:01:31","modified_gmt":"2024-01-21T14:01:31","slug":"semaine-de-la-danse-2022-conservatoire-de-vienne","status":"publish","type":"page","link":"https:\/\/cecilemachin.com\/index.php\/semaine-de-la-danse-2022-conservatoire-de-vienne\/","title":{"rendered":"Semaine de la Danse 2022, Conservatoire de Vienne"},"content":{"rendered":"\t\t<div data-elementor-type=\"wp-page\" data-elementor-id=\"134\" class=\"elementor elementor-134\">\n\t\t\t\t<div class=\"elementor-element elementor-element-026808d e-con-full e-flex e-con e-parent\" data-id=\"026808d\" data-element_type=\"container\" data-e-type=\"container\">\n\t\t\t\t<div class=\"elementor-element elementor-element-34151c7 elementor-widget elementor-widget-image\" data-id=\"34151c7\" data-element_type=\"widget\" data-e-type=\"widget\" data-widget_type=\"image.default\">\n\t\t\t\t<div class=\"elementor-widget-container\">\n\t\t\t\t\t\t\t\t\t\t\t\t\t\t\t<img fetchpriority=\"high\" decoding=\"async\" width=\"2048\" height=\"2048\" src=\"https:\/\/cecilemachin.com\/wp-content\/uploads\/2024\/01\/semaine-danse2022-6-2048x2048.jpg\" class=\"attachment-2048x2048 size-2048x2048 wp-image-136\" alt=\"\" srcset=\"https:\/\/cecilemachin.com\/wp-content\/uploads\/2024\/01\/semaine-danse2022-6-2048x2048.jpg 2048w, https:\/\/cecilemachin.com\/wp-content\/uploads\/2024\/01\/semaine-danse2022-6-150x150.jpg 150w\" sizes=\"(max-width: 2048px) 100vw, 2048px\" \/>\t\t\t\t\t\t\t\t\t\t\t\t\t\t\t<\/div>\n\t\t\t\t<\/div>\n\t\t\t\t<\/div>\n\t\t<div class=\"elementor-element elementor-element-36435a2 e-flex e-con-boxed e-con e-parent\" data-id=\"36435a2\" data-element_type=\"container\" data-e-type=\"container\">\n\t\t\t\t\t<div class=\"e-con-inner\">\n\t\t<div class=\"elementor-element elementor-element-56e36b6 e-con-full e-flex e-con e-child\" data-id=\"56e36b6\" data-element_type=\"container\" data-e-type=\"container\">\n\t\t\t\t<div class=\"elementor-element elementor-element-a01cf80 elementor-widget elementor-widget-heading\" data-id=\"a01cf80\" data-element_type=\"widget\" data-e-type=\"widget\" data-widget_type=\"heading.default\">\n\t\t\t\t<div class=\"elementor-widget-container\">\n\t\t\t\t\t<h2 class=\"elementor-heading-title elementor-size-default\">Semaine de la Danse 2022, Conservatoire de Vienne<\/h2>\t\t\t\t<\/div>\n\t\t\t\t<\/div>\n\t\t\t\t<\/div>\n\t\t<div class=\"elementor-element elementor-element-394a379 e-con-full e-flex e-con e-child\" data-id=\"394a379\" data-element_type=\"container\" data-e-type=\"container\">\n\t\t\t\t<div class=\"elementor-element elementor-element-601baf2 elementor-widget elementor-widget-text-editor\" data-id=\"601baf2\" data-element_type=\"widget\" data-e-type=\"widget\" data-widget_type=\"text-editor.default\">\n\t\t\t\t<div class=\"elementor-widget-container\">\n\t\t\t\t\t\t\t\t\t<h2>Cr\u00e9ation costumes pour les classes jazz, classique et contemporain, chor\u00e9graphies d&#8217;H\u00e9l\u00e8ne Vidal, de Nad\u00e8ge Cabisidan et de Jade Th\u00e9nier<br \/><br \/><span style=\"font-size: small;\">Robes strech chair avec empi\u00e8cement noir et body int\u00e9gr\u00e9. <br \/>Combishort strech beige\/paillettes\/noir avec dos chair semi-transparent. <br \/>S\u00e9rie de costumes contemporains noir et rouge, avec collants r\u00e9sille, vestes, tops&#8230; <br \/>Robes ultra fluide en satin de polyester, avec dos en dentelle jaune strech. <br \/><br \/>Photos sign\u00e9es Jolan Boudin\/Ing\u00e9ens Studio<\/span><\/h2>\t\t\t\t\t\t\t\t<\/div>\n\t\t\t\t<\/div>\n\t\t\t\t<\/div>\n\t\t\t\t\t<\/div>\n\t\t\t\t<\/div>\n\t\t<div class=\"elementor-element elementor-element-72a4233 e-flex e-con-boxed e-con e-parent\" data-id=\"72a4233\" data-element_type=\"container\" data-e-type=\"container\">\n\t\t\t\t\t<div class=\"e-con-inner\">\n\t\t<div class=\"elementor-element elementor-element-8765cea e-con-full e-flex e-con e-child\" data-id=\"8765cea\" data-element_type=\"container\" data-e-type=\"container\">\n\t\t\t\t<div class=\"elementor-element elementor-element-5faebde elementor-widget elementor-widget-image\" data-id=\"5faebde\" data-element_type=\"widget\" data-e-type=\"widget\" data-widget_type=\"image.default\">\n\t\t\t\t<div class=\"elementor-widget-container\">\n\t\t\t\t\t\t\t\t\t\t\t\t\t\t\t<img decoding=\"async\" width=\"700\" height=\"525\" src=\"https:\/\/cecilemachin.com\/wp-content\/uploads\/2024\/01\/semaine-danse2022-4-1.jpg\" class=\"attachment-large size-large wp-image-137\" alt=\"\" srcset=\"https:\/\/cecilemachin.com\/wp-content\/uploads\/2024\/01\/semaine-danse2022-4-1.jpg 700w, https:\/\/cecilemachin.com\/wp-content\/uploads\/2024\/01\/semaine-danse2022-4-1-300x225.jpg 300w\" sizes=\"(max-width: 700px) 100vw, 700px\" \/>\t\t\t\t\t\t\t\t\t\t\t\t\t\t\t<\/div>\n\t\t\t\t<\/div>\n\t\t\t\t<\/div>\n\t\t<div class=\"elementor-element elementor-element-6853b56 e-con-full e-flex e-con e-child\" data-id=\"6853b56\" data-element_type=\"container\" data-e-type=\"container\">\n\t\t\t\t<div class=\"elementor-element elementor-element-a0839dc elementor-widget elementor-widget-image\" data-id=\"a0839dc\" data-element_type=\"widget\" data-e-type=\"widget\" data-widget_type=\"image.default\">\n\t\t\t\t<div class=\"elementor-widget-container\">\n\t\t\t\t\t\t\t\t\t\t\t\t\t\t\t<img decoding=\"async\" width=\"333\" height=\"500\" src=\"https:\/\/cecilemachin.com\/wp-content\/uploads\/2024\/01\/semaine-danse2022-5.jpg\" class=\"attachment-large size-large wp-image-138\" alt=\"\" srcset=\"https:\/\/cecilemachin.com\/wp-content\/uploads\/2024\/01\/semaine-danse2022-5.jpg 333w, https:\/\/cecilemachin.com\/wp-content\/uploads\/2024\/01\/semaine-danse2022-5-200x300.jpg 200w\" sizes=\"(max-width: 333px) 100vw, 333px\" \/>\t\t\t\t\t\t\t\t\t\t\t\t\t\t\t<\/div>\n\t\t\t\t<\/div>\n\t\t\t\t<\/div>\n\t\t\t\t\t<\/div>\n\t\t\t\t<\/div>\n\t\t<div class=\"elementor-element elementor-element-9f223a9 e-flex e-con-boxed e-con e-parent\" data-id=\"9f223a9\" data-element_type=\"container\" data-e-type=\"container\">\n\t\t\t\t\t<div class=\"e-con-inner\">\n\t\t<div class=\"elementor-element elementor-element-c1d2000 e-con-full e-flex e-con e-child\" data-id=\"c1d2000\" data-element_type=\"container\" data-e-type=\"container\">\n\t\t\t\t<div class=\"elementor-element elementor-element-ac27019 elementor-widget elementor-widget-image\" data-id=\"ac27019\" data-element_type=\"widget\" data-e-type=\"widget\" data-widget_type=\"image.default\">\n\t\t\t\t<div class=\"elementor-widget-container\">\n\t\t\t\t\t\t\t\t\t\t\t\t\t\t\t<img loading=\"lazy\" decoding=\"async\" width=\"473\" height=\"361\" src=\"https:\/\/cecilemachin.com\/wp-content\/uploads\/2024\/01\/semaine-danse2022-1.jpg\" class=\"attachment-large size-large wp-image-141\" alt=\"\" srcset=\"https:\/\/cecilemachin.com\/wp-content\/uploads\/2024\/01\/semaine-danse2022-1.jpg 473w, https:\/\/cecilemachin.com\/wp-content\/uploads\/2024\/01\/semaine-danse2022-1-300x229.jpg 300w\" sizes=\"(max-width: 473px) 100vw, 473px\" \/>\t\t\t\t\t\t\t\t\t\t\t\t\t\t\t<\/div>\n\t\t\t\t<\/div>\n\t\t\t\t<div class=\"elementor-element elementor-element-702c48d elementor-widget elementor-widget-image\" data-id=\"702c48d\" data-element_type=\"widget\" data-e-type=\"widget\" data-widget_type=\"image.default\">\n\t\t\t\t<div class=\"elementor-widget-container\">\n\t\t\t\t\t\t\t\t\t\t\t\t\t\t\t<img loading=\"lazy\" decoding=\"async\" width=\"359\" height=\"540\" src=\"https:\/\/cecilemachin.com\/wp-content\/uploads\/2024\/01\/semaine-danse2022-3.jpg\" class=\"attachment-large size-large wp-image-139\" alt=\"\" srcset=\"https:\/\/cecilemachin.com\/wp-content\/uploads\/2024\/01\/semaine-danse2022-3.jpg 359w, https:\/\/cecilemachin.com\/wp-content\/uploads\/2024\/01\/semaine-danse2022-3-199x300.jpg 199w\" sizes=\"(max-width: 359px) 100vw, 359px\" \/>\t\t\t\t\t\t\t\t\t\t\t\t\t\t\t<\/div>\n\t\t\t\t<\/div>\n\t\t\t\t<\/div>\n\t\t<div class=\"elementor-element elementor-element-52efb7f e-con-full e-flex e-con e-child\" data-id=\"52efb7f\" data-element_type=\"container\" data-e-type=\"container\">\n\t\t\t\t<div class=\"elementor-element elementor-element-9203ca0 elementor-widget elementor-widget-image\" data-id=\"9203ca0\" data-element_type=\"widget\" data-e-type=\"widget\" data-widget_type=\"image.default\">\n\t\t\t\t<div class=\"elementor-widget-container\">\n\t\t\t\t\t\t\t\t\t\t\t\t\t\t\t<img loading=\"lazy\" decoding=\"async\" width=\"581\" height=\"979\" src=\"https:\/\/cecilemachin.com\/wp-content\/uploads\/2024\/01\/semaine-danse2022-2.jpg\" class=\"attachment-large size-large wp-image-140\" alt=\"\" srcset=\"https:\/\/cecilemachin.com\/wp-content\/uploads\/2024\/01\/semaine-danse2022-2.jpg 581w, https:\/\/cecilemachin.com\/wp-content\/uploads\/2024\/01\/semaine-danse2022-2-178x300.jpg 178w\" sizes=\"(max-width: 581px) 100vw, 581px\" \/>\t\t\t\t\t\t\t\t\t\t\t\t\t\t\t<\/div>\n\t\t\t\t<\/div>\n\t\t\t\t<\/div>\n\t\t\t\t\t<\/div>\n\t\t\t\t<\/div>\n\t\t<div class=\"elementor-element elementor-element-dadeedc e-flex e-con-boxed e-con e-parent\" data-id=\"dadeedc\" data-element_type=\"container\" data-e-type=\"container\">\n\t\t\t\t\t<div class=\"e-con-inner\">\n\t\t<div class=\"elementor-element elementor-element-dd6cfd4 e-con-full e-flex e-con e-child\" data-id=\"dd6cfd4\" data-element_type=\"container\" data-e-type=\"container\">\n\t\t\t\t<div class=\"elementor-element elementor-element-d33f920 elementor-widget elementor-widget-image\" data-id=\"d33f920\" data-element_type=\"widget\" data-e-type=\"widget\" data-widget_type=\"image.default\">\n\t\t\t\t<div class=\"elementor-widget-container\">\n\t\t\t\t\t\t\t\t\t\t\t\t\t\t\t<img loading=\"lazy\" decoding=\"async\" width=\"794\" height=\"500\" src=\"https:\/\/cecilemachin.com\/wp-content\/uploads\/2024\/01\/semaine-danse2022-7.jpg\" class=\"attachment-large size-large wp-image-142\" alt=\"\" srcset=\"https:\/\/cecilemachin.com\/wp-content\/uploads\/2024\/01\/semaine-danse2022-7.jpg 794w, https:\/\/cecilemachin.com\/wp-content\/uploads\/2024\/01\/semaine-danse2022-7-300x189.jpg 300w, https:\/\/cecilemachin.com\/wp-content\/uploads\/2024\/01\/semaine-danse2022-7-768x484.jpg 768w\" sizes=\"(max-width: 794px) 100vw, 794px\" \/>\t\t\t\t\t\t\t\t\t\t\t\t\t\t\t<\/div>\n\t\t\t\t<\/div>\n\t\t\t\t<\/div>\n\t\t<div class=\"elementor-element elementor-element-e08a066 e-con-full e-flex e-con e-child\" data-id=\"e08a066\" data-element_type=\"container\" data-e-type=\"container\">\n\t\t\t\t<\/div>\n\t\t\t\t\t<\/div>\n\t\t\t\t<\/div>\n\t\t<div class=\"elementor-element elementor-element-eaaf1a2 e-flex e-con-boxed e-con e-parent\" data-id=\"eaaf1a2\" data-element_type=\"container\" data-e-type=\"container\">\n\t\t\t\t\t<div class=\"e-con-inner\">\n\t\t<div class=\"elementor-element elementor-element-7c6a7b7 e-con-full e-flex e-con e-child\" data-id=\"7c6a7b7\" data-element_type=\"container\" data-e-type=\"container\">\n\t\t\t\t<div class=\"elementor-element elementor-element-bb45c47 elementor-widget elementor-widget-image\" data-id=\"bb45c47\" data-element_type=\"widget\" data-e-type=\"widget\" data-widget_type=\"image.default\">\n\t\t\t\t<div class=\"elementor-widget-container\">\n\t\t\t\t\t\t\t\t\t\t\t\t\t\t\t<img loading=\"lazy\" decoding=\"async\" width=\"601\" height=\"400\" src=\"https:\/\/cecilemachin.com\/wp-content\/uploads\/2024\/01\/semaine-danse2022-9.jpg\" class=\"attachment-large size-large wp-image-144\" alt=\"\" srcset=\"https:\/\/cecilemachin.com\/wp-content\/uploads\/2024\/01\/semaine-danse2022-9.jpg 601w, https:\/\/cecilemachin.com\/wp-content\/uploads\/2024\/01\/semaine-danse2022-9-300x200.jpg 300w\" sizes=\"(max-width: 601px) 100vw, 601px\" \/>\t\t\t\t\t\t\t\t\t\t\t\t\t\t\t<\/div>\n\t\t\t\t<\/div>\n\t\t\t\t<\/div>\n\t\t<div class=\"elementor-element elementor-element-2161d48 e-con-full e-flex e-con e-child\" data-id=\"2161d48\" data-element_type=\"container\" data-e-type=\"container\">\n\t\t\t\t<div class=\"elementor-element elementor-element-6ae3364 elementor-widget elementor-widget-image\" data-id=\"6ae3364\" data-element_type=\"widget\" data-e-type=\"widget\" data-widget_type=\"image.default\">\n\t\t\t\t<div class=\"elementor-widget-container\">\n\t\t\t\t\t\t\t\t\t\t\t\t\t\t\t<img loading=\"lazy\" decoding=\"async\" width=\"676\" height=\"450\" src=\"https:\/\/cecilemachin.com\/wp-content\/uploads\/2024\/01\/semaine-danse2022-8.jpg\" class=\"attachment-large size-large wp-image-143\" alt=\"\" srcset=\"https:\/\/cecilemachin.com\/wp-content\/uploads\/2024\/01\/semaine-danse2022-8.jpg 676w, https:\/\/cecilemachin.com\/wp-content\/uploads\/2024\/01\/semaine-danse2022-8-300x200.jpg 300w\" sizes=\"(max-width: 676px) 100vw, 676px\" \/>\t\t\t\t\t\t\t\t\t\t\t\t\t\t\t<\/div>\n\t\t\t\t<\/div>\n\t\t\t\t<\/div>\n\t\t\t\t\t<\/div>\n\t\t\t\t<\/div>\n\t\t<div class=\"elementor-element elementor-element-2a67fbf e-flex e-con-boxed e-con e-parent\" data-id=\"2a67fbf\" data-element_type=\"container\" data-e-type=\"container\">\n\t\t\t\t\t<div class=\"e-con-inner\">\n\t\t\t\t<div class=\"elementor-element elementor-element-4816f34 elementor-widget__width-initial elementor-widget elementor-widget-image\" data-id=\"4816f34\" data-element_type=\"widget\" data-e-type=\"widget\" data-widget_type=\"image.default\">\n\t\t\t\t<div class=\"elementor-widget-container\">\n\t\t\t\t\t\t\t\t\t\t\t\t\t\t\t<img loading=\"lazy\" decoding=\"async\" width=\"379\" height=\"570\" src=\"https:\/\/cecilemachin.com\/wp-content\/uploads\/2024\/01\/semaine-danse2022-10.jpg\" class=\"attachment-large size-large wp-image-145\" alt=\"\" srcset=\"https:\/\/cecilemachin.com\/wp-content\/uploads\/2024\/01\/semaine-danse2022-10.jpg 379w, https:\/\/cecilemachin.com\/wp-content\/uploads\/2024\/01\/semaine-danse2022-10-199x300.jpg 199w\" sizes=\"(max-width: 379px) 100vw, 379px\" \/>\t\t\t\t\t\t\t\t\t\t\t\t\t\t\t<\/div>\n\t\t\t\t<\/div>\n\t\t<div class=\"elementor-element elementor-element-1c639bf e-con-full e-flex e-con e-child\" data-id=\"1c639bf\" data-element_type=\"container\" data-e-type=\"container\">\n\t\t\t\t<div class=\"elementor-element elementor-element-3c1fd31 elementor-widget elementor-widget-image\" data-id=\"3c1fd31\" data-element_type=\"widget\" data-e-type=\"widget\" data-widget_type=\"image.default\">\n\t\t\t\t<div class=\"elementor-widget-container\">\n\t\t\t\t\t\t\t\t\t\t\t\t\t\t\t<img loading=\"lazy\" decoding=\"async\" width=\"266\" height=\"400\" src=\"https:\/\/cecilemachin.com\/wp-content\/uploads\/2024\/01\/semaine-danse2022-13.jpg\" class=\"attachment-large size-large wp-image-148\" alt=\"\" srcset=\"https:\/\/cecilemachin.com\/wp-content\/uploads\/2024\/01\/semaine-danse2022-13.jpg 266w, https:\/\/cecilemachin.com\/wp-content\/uploads\/2024\/01\/semaine-danse2022-13-200x300.jpg 200w\" sizes=\"(max-width: 266px) 100vw, 266px\" \/>\t\t\t\t\t\t\t\t\t\t\t\t\t\t\t<\/div>\n\t\t\t\t<\/div>\n\t\t\t\t<\/div>\n\t\t<div class=\"elementor-element elementor-element-e61bb6a e-con-full e-flex e-con e-child\" data-id=\"e61bb6a\" data-element_type=\"container\" data-e-type=\"container\">\n\t\t\t\t<div class=\"elementor-element elementor-element-aaa2b28 elementor-widget elementor-widget-image\" data-id=\"aaa2b28\" data-element_type=\"widget\" data-e-type=\"widget\" data-widget_type=\"image.default\">\n\t\t\t\t<div class=\"elementor-widget-container\">\n\t\t\t\t\t\t\t\t\t\t\t\t\t\t\t<img loading=\"lazy\" decoding=\"async\" width=\"426\" height=\"640\" src=\"https:\/\/cecilemachin.com\/wp-content\/uploads\/2024\/01\/semaine-danse2022-12.jpg\" class=\"attachment-large size-large wp-image-147\" alt=\"\" srcset=\"https:\/\/cecilemachin.com\/wp-content\/uploads\/2024\/01\/semaine-danse2022-12.jpg 426w, https:\/\/cecilemachin.com\/wp-content\/uploads\/2024\/01\/semaine-danse2022-12-200x300.jpg 200w\" sizes=\"(max-width: 426px) 100vw, 426px\" \/>\t\t\t\t\t\t\t\t\t\t\t\t\t\t\t<\/div>\n\t\t\t\t<\/div>\n\t\t\t\t<\/div>\n\t\t\t\t\t<\/div>\n\t\t\t\t<\/div>\n\t\t<div class=\"elementor-element elementor-element-65f51c2 e-flex e-con-boxed e-con e-parent\" data-id=\"65f51c2\" data-element_type=\"container\" data-e-type=\"container\">\n\t\t\t\t\t<div class=\"e-con-inner\">\n\t\t\t\t<div class=\"elementor-element elementor-element-cec5fa6 elementor-widget elementor-widget-image\" data-id=\"cec5fa6\" data-element_type=\"widget\" data-e-type=\"widget\" data-widget_type=\"image.default\">\n\t\t\t\t<div class=\"elementor-widget-container\">\n\t\t\t\t\t\t\t\t\t\t\t\t\t\t\t<img loading=\"lazy\" decoding=\"async\" width=\"676\" height=\"450\" src=\"https:\/\/cecilemachin.com\/wp-content\/uploads\/2024\/01\/semaine-danse2022-11.jpg\" class=\"attachment-large size-large wp-image-146\" alt=\"\" srcset=\"https:\/\/cecilemachin.com\/wp-content\/uploads\/2024\/01\/semaine-danse2022-11.jpg 676w, https:\/\/cecilemachin.com\/wp-content\/uploads\/2024\/01\/semaine-danse2022-11-300x200.jpg 300w\" sizes=\"(max-width: 676px) 100vw, 676px\" \/>\t\t\t\t\t\t\t\t\t\t\t\t\t\t\t<\/div>\n\t\t\t\t<\/div>\n\t\t\t\t\t<\/div>\n\t\t\t\t<\/div>\n\t\t\t\t<\/div>\n\t\t","protected":false},"excerpt":{"rendered":"<p>Semaine de la Danse 2022, Conservatoire de Vienne Cr\u00e9ation costumes pour les classes jazz, classique et contemporain, chor\u00e9graphies d&#8217;H\u00e9l\u00e8ne Vidal, [&hellip;]<\/p>\n","protected":false},"author":1,"featured_media":0,"parent":0,"menu_order":0,"comment_status":"closed","ping_status":"closed","template":"","meta":{"site-sidebar-layout":"no-sidebar","site-content-layout":"","ast-site-content-layout":"full-width-container","site-content-style":"default","site-sidebar-style":"default","ast-global-header-display":"","ast-banner-title-visibility":"","ast-main-header-display":"","ast-hfb-above-header-display":"","ast-hfb-below-header-display":"","ast-hfb-mobile-header-display":"","site-post-title":"disabled","ast-breadcrumbs-content":"","ast-featured-img":"disabled","footer-sml-layout":"","ast-disable-related-posts":"","theme-transparent-header-meta":"","adv-header-id-meta":"","stick-header-meta":"","header-above-stick-meta":"","header-main-stick-meta":"","header-below-stick-meta":"","astra-migrate-meta-layouts":"default","ast-page-background-enabled":"default","ast-page-background-meta":{"desktop":{"background-color":"var(--ast-global-color-4)","background-image":"","background-repeat":"repeat","background-position":"center center","background-size":"auto","background-attachment":"scroll","background-type":"","background-media":"","overlay-type":"","overlay-color":"","overlay-opacity":"","overlay-gradient":""},"tablet":{"background-color":"","background-image":"","background-repeat":"repeat","background-position":"center center","background-size":"auto","background-attachment":"scroll","background-type":"","background-media":"","overlay-type":"","overlay-color":"","overlay-opacity":"","overlay-gradient":""},"mobile":{"background-color":"","background-image":"","background-repeat":"repeat","background-position":"center center","background-size":"auto","background-attachment":"scroll","background-type":"","background-media":"","overlay-type":"","overlay-color":"","overlay-opacity":"","overlay-gradient":""}},"ast-content-background-meta":{"desktop":{"background-color":"var(--ast-global-color-5)","background-image":"","background-repeat":"repeat","background-position":"center center","background-size":"auto","background-attachment":"scroll","background-type":"","background-media":"","overlay-type":"","overlay-color":"","overlay-opacity":"","overlay-gradient":""},"tablet":{"background-color":"var(--ast-global-color-5)","background-image":"","background-repeat":"repeat","background-position":"center center","background-size":"auto","background-attachment":"scroll","background-type":"","background-media":"","overlay-type":"","overlay-color":"","overlay-opacity":"","overlay-gradient":""},"mobile":{"background-color":"var(--ast-global-color-5)","background-image":"","background-repeat":"repeat","background-position":"center center","background-size":"auto","background-attachment":"scroll","background-type":"","background-media":"","overlay-type":"","overlay-color":"","overlay-opacity":"","overlay-gradient":""}},"footnotes":""},"class_list":["post-134","page","type-page","status-publish","hentry"],"_links":{"self":[{"href":"https:\/\/cecilemachin.com\/index.php\/wp-json\/wp\/v2\/pages\/134","targetHints":{"allow":["GET"]}}],"collection":[{"href":"https:\/\/cecilemachin.com\/index.php\/wp-json\/wp\/v2\/pages"}],"about":[{"href":"https:\/\/cecilemachin.com\/index.php\/wp-json\/wp\/v2\/types\/page"}],"author":[{"embeddable":true,"href":"https:\/\/cecilemachin.com\/index.php\/wp-json\/wp\/v2\/users\/1"}],"replies":[{"embeddable":true,"href":"https:\/\/cecilemachin.com\/index.php\/wp-json\/wp\/v2\/comments?post=134"}],"version-history":[{"count":7,"href":"https:\/\/cecilemachin.com\/index.php\/wp-json\/wp\/v2\/pages\/134\/revisions"}],"predecessor-version":[{"id":154,"href":"https:\/\/cecilemachin.com\/index.php\/wp-json\/wp\/v2\/pages\/134\/revisions\/154"}],"wp:attachment":[{"href":"https:\/\/cecilemachin.com\/index.php\/wp-json\/wp\/v2\/media?parent=134"}],"curies":[{"name":"wp","href":"https:\/\/api.w.org\/{rel}","templated":true}]}}