{"id":1410,"date":"2025-09-14T20:39:27","date_gmt":"2025-09-14T18:39:27","guid":{"rendered":"http:\/\/cecilemachin.com\/?page_id=1410"},"modified":"2025-09-14T20:48:59","modified_gmt":"2025-09-14T18:48:59","slug":"fremen-2","status":"publish","type":"page","link":"https:\/\/cecilemachin.com\/index.php\/fremen-2\/","title":{"rendered":"Fremen"},"content":{"rendered":"\t\t<div data-elementor-type=\"wp-page\" data-elementor-id=\"1410\" class=\"elementor elementor-1410\">\n\t\t\t\t<div class=\"elementor-element elementor-element-96bd442 e-flex e-con-boxed e-con e-parent\" data-id=\"96bd442\" data-element_type=\"container\" data-e-type=\"container\">\n\t\t\t\t\t<div class=\"e-con-inner\">\n\t\t\t\t<div class=\"elementor-element elementor-element-b8bb6ee elementor-widget elementor-widget-image\" data-id=\"b8bb6ee\" data-element_type=\"widget\" data-e-type=\"widget\" data-widget_type=\"image.default\">\n\t\t\t\t<div class=\"elementor-widget-container\">\n\t\t\t\t\t\t\t\t\t\t\t\t\t\t\t<img fetchpriority=\"high\" decoding=\"async\" width=\"768\" height=\"1024\" src=\"https:\/\/cecilemachin.com\/wp-content\/uploads\/2025\/09\/DB9A5A43-2E7E-426E-8703-A75C8A04FC8D-768x1024.jpg\" class=\"attachment-large size-large wp-image-1415\" alt=\"\" srcset=\"https:\/\/cecilemachin.com\/wp-content\/uploads\/2025\/09\/DB9A5A43-2E7E-426E-8703-A75C8A04FC8D-768x1024.jpg 768w, https:\/\/cecilemachin.com\/wp-content\/uploads\/2025\/09\/DB9A5A43-2E7E-426E-8703-A75C8A04FC8D-225x300.jpg 225w, https:\/\/cecilemachin.com\/wp-content\/uploads\/2025\/09\/DB9A5A43-2E7E-426E-8703-A75C8A04FC8D-2000x2667.jpg 2000w, https:\/\/cecilemachin.com\/wp-content\/uploads\/2025\/09\/DB9A5A43-2E7E-426E-8703-A75C8A04FC8D-scaled-1152x1536.jpg 1152w, https:\/\/cecilemachin.com\/wp-content\/uploads\/2025\/09\/DB9A5A43-2E7E-426E-8703-A75C8A04FC8D-scaled-1536x2048.jpg 1536w, https:\/\/cecilemachin.com\/wp-content\/uploads\/2025\/09\/DB9A5A43-2E7E-426E-8703-A75C8A04FC8D-scaled.jpg 1920w\" sizes=\"(max-width: 768px) 100vw, 768px\" \/>\t\t\t\t\t\t\t\t\t\t\t\t\t\t\t<\/div>\n\t\t\t\t<\/div>\n\t\t\t\t\t<\/div>\n\t\t\t\t<\/div>\n\t\t<div class=\"elementor-element elementor-element-405c899 e-flex e-con-boxed e-con e-parent\" data-id=\"405c899\" data-element_type=\"container\" data-e-type=\"container\">\n\t\t\t\t\t<div class=\"e-con-inner\">\n\t\t<div class=\"elementor-element elementor-element-f199cea e-con-full e-flex e-con e-child\" data-id=\"f199cea\" data-element_type=\"container\" data-e-type=\"container\">\n\t\t\t\t<div class=\"elementor-element elementor-element-cec33bd elementor-widget elementor-widget-heading\" data-id=\"cec33bd\" data-element_type=\"widget\" data-e-type=\"widget\" data-widget_type=\"heading.default\">\n\t\t\t\t<div class=\"elementor-widget-container\">\n\t\t\t\t\t<h2 class=\"elementor-heading-title elementor-size-default\">R\u00e9plique d'un costume de Fremen \u00e0 4 main avec Lola Roubert <\/h2>\t\t\t\t<\/div>\n\t\t\t\t<\/div>\n\t\t\t\t<div class=\"elementor-element elementor-element-8e529d5 elementor-widget elementor-widget-text-editor\" data-id=\"8e529d5\" data-element_type=\"widget\" data-e-type=\"widget\" data-widget_type=\"text-editor.default\">\n\t\t\t\t<div class=\"elementor-widget-container\">\n\t\t\t\t\t\t\t\t\t<p>D&#8217;apr\u00e8s le film de Denis Villeneuve.<\/p><p>Costume sur mesure, combinaison, armure et capes et accessoires.<\/p>\t\t\t\t\t\t\t\t<\/div>\n\t\t\t\t<\/div>\n\t\t\t\t<\/div>\n\t\t<div class=\"elementor-element elementor-element-9f524f9 e-con-full e-flex e-con e-child\" data-id=\"9f524f9\" data-element_type=\"container\" data-e-type=\"container\">\n\t\t\t\t<\/div>\n\t\t\t\t\t<\/div>\n\t\t\t\t<\/div>\n\t\t<div class=\"elementor-element elementor-element-04d29c0 e-flex e-con-boxed e-con e-parent\" data-id=\"04d29c0\" data-element_type=\"container\" data-e-type=\"container\">\n\t\t\t\t\t<div class=\"e-con-inner\">\n\t\t<div class=\"elementor-element elementor-element-b34d382 e-con-full e-flex e-con e-child\" data-id=\"b34d382\" data-element_type=\"container\" data-e-type=\"container\">\n\t\t\t\t<div class=\"elementor-element elementor-element-e39ba26 elementor-widget elementor-widget-image\" data-id=\"e39ba26\" data-element_type=\"widget\" data-e-type=\"widget\" data-widget_type=\"image.default\">\n\t\t\t\t<div class=\"elementor-widget-container\">\n\t\t\t\t\t\t\t\t\t\t\t\t\t\t\t<img decoding=\"async\" width=\"768\" height=\"1024\" src=\"https:\/\/cecilemachin.com\/wp-content\/uploads\/2025\/09\/B20E1138-6946-4FDD-84B3-35C6229AE6BB_1_105_c.jpeg\" class=\"attachment-large size-large wp-image-1412\" alt=\"\" srcset=\"https:\/\/cecilemachin.com\/wp-content\/uploads\/2025\/09\/B20E1138-6946-4FDD-84B3-35C6229AE6BB_1_105_c.jpeg 768w, https:\/\/cecilemachin.com\/wp-content\/uploads\/2025\/09\/B20E1138-6946-4FDD-84B3-35C6229AE6BB_1_105_c-225x300.jpeg 225w\" sizes=\"(max-width: 768px) 100vw, 768px\" \/>\t\t\t\t\t\t\t\t\t\t\t\t\t\t\t<\/div>\n\t\t\t\t<\/div>\n\t\t\t\t<\/div>\n\t\t<div class=\"elementor-element elementor-element-b316be8 e-con-full e-flex e-con e-child\" data-id=\"b316be8\" data-element_type=\"container\" data-e-type=\"container\">\n\t\t\t\t<div class=\"elementor-element elementor-element-92893fd elementor-widget elementor-widget-image\" data-id=\"92893fd\" data-element_type=\"widget\" data-e-type=\"widget\" data-widget_type=\"image.default\">\n\t\t\t\t<div class=\"elementor-widget-container\">\n\t\t\t\t\t\t\t\t\t\t\t\t\t\t\t<img decoding=\"async\" width=\"768\" height=\"1024\" src=\"https:\/\/cecilemachin.com\/wp-content\/uploads\/2025\/09\/9907E637-34AF-4C9C-B12B-5BA171F86995_1_105_c.jpeg\" class=\"attachment-large size-large wp-image-1413\" alt=\"\" srcset=\"https:\/\/cecilemachin.com\/wp-content\/uploads\/2025\/09\/9907E637-34AF-4C9C-B12B-5BA171F86995_1_105_c.jpeg 768w, https:\/\/cecilemachin.com\/wp-content\/uploads\/2025\/09\/9907E637-34AF-4C9C-B12B-5BA171F86995_1_105_c-225x300.jpeg 225w\" sizes=\"(max-width: 768px) 100vw, 768px\" \/>\t\t\t\t\t\t\t\t\t\t\t\t\t\t\t<\/div>\n\t\t\t\t<\/div>\n\t\t\t\t<\/div>\n\t\t<div class=\"elementor-element elementor-element-51a1f17 e-con-full e-flex e-con e-child\" data-id=\"51a1f17\" data-element_type=\"container\" data-e-type=\"container\">\n\t\t\t\t<div class=\"elementor-element elementor-element-d3f398a elementor-widget elementor-widget-image\" data-id=\"d3f398a\" data-element_type=\"widget\" data-e-type=\"widget\" data-widget_type=\"image.default\">\n\t\t\t\t<div class=\"elementor-widget-container\">\n\t\t\t\t\t\t\t\t\t\t\t\t\t\t\t<img loading=\"lazy\" decoding=\"async\" width=\"768\" height=\"1024\" src=\"https:\/\/cecilemachin.com\/wp-content\/uploads\/2025\/09\/578CD066-E1D3-4FE2-8571-7BC3B2F7C4DA-768x1024.jpg\" class=\"attachment-large size-large wp-image-1414\" alt=\"\" srcset=\"https:\/\/cecilemachin.com\/wp-content\/uploads\/2025\/09\/578CD066-E1D3-4FE2-8571-7BC3B2F7C4DA-768x1024.jpg 768w, https:\/\/cecilemachin.com\/wp-content\/uploads\/2025\/09\/578CD066-E1D3-4FE2-8571-7BC3B2F7C4DA-225x300.jpg 225w, https:\/\/cecilemachin.com\/wp-content\/uploads\/2025\/09\/578CD066-E1D3-4FE2-8571-7BC3B2F7C4DA-2000x2667.jpg 2000w, https:\/\/cecilemachin.com\/wp-content\/uploads\/2025\/09\/578CD066-E1D3-4FE2-8571-7BC3B2F7C4DA-scaled-1152x1536.jpg 1152w, https:\/\/cecilemachin.com\/wp-content\/uploads\/2025\/09\/578CD066-E1D3-4FE2-8571-7BC3B2F7C4DA-scaled-1536x2048.jpg 1536w, https:\/\/cecilemachin.com\/wp-content\/uploads\/2025\/09\/578CD066-E1D3-4FE2-8571-7BC3B2F7C4DA-scaled.jpg 1920w\" sizes=\"(max-width: 768px) 100vw, 768px\" \/>\t\t\t\t\t\t\t\t\t\t\t\t\t\t\t<\/div>\n\t\t\t\t<\/div>\n\t\t\t\t<\/div>\n\t\t\t\t\t<\/div>\n\t\t\t\t<\/div>\n\t\t<div class=\"elementor-element elementor-element-3f02b4a e-flex e-con-boxed e-con e-parent\" data-id=\"3f02b4a\" data-element_type=\"container\" data-e-type=\"container\">\n\t\t\t\t\t<div class=\"e-con-inner\">\n\t\t<div class=\"elementor-element elementor-element-a0e03a0 e-con-full e-flex e-con e-child\" data-id=\"a0e03a0\" data-element_type=\"container\" data-e-type=\"container\">\n\t\t\t\t<div class=\"elementor-element elementor-element-b023ff7 elementor-widget elementor-widget-image\" data-id=\"b023ff7\" data-element_type=\"widget\" data-e-type=\"widget\" data-widget_type=\"image.default\">\n\t\t\t\t<div class=\"elementor-widget-container\">\n\t\t\t\t\t\t\t\t\t\t\t\t\t\t\t<img loading=\"lazy\" decoding=\"async\" width=\"768\" height=\"1024\" src=\"https:\/\/cecilemachin.com\/wp-content\/uploads\/2025\/09\/A638654A-156D-4BD1-8331-7D7759CBF39F-768x1024.jpg\" class=\"attachment-large size-large wp-image-1418\" alt=\"\" srcset=\"https:\/\/cecilemachin.com\/wp-content\/uploads\/2025\/09\/A638654A-156D-4BD1-8331-7D7759CBF39F-768x1024.jpg 768w, https:\/\/cecilemachin.com\/wp-content\/uploads\/2025\/09\/A638654A-156D-4BD1-8331-7D7759CBF39F-225x300.jpg 225w, https:\/\/cecilemachin.com\/wp-content\/uploads\/2025\/09\/A638654A-156D-4BD1-8331-7D7759CBF39F-2000x2667.jpg 2000w, https:\/\/cecilemachin.com\/wp-content\/uploads\/2025\/09\/A638654A-156D-4BD1-8331-7D7759CBF39F-scaled-1152x1536.jpg 1152w, https:\/\/cecilemachin.com\/wp-content\/uploads\/2025\/09\/A638654A-156D-4BD1-8331-7D7759CBF39F-scaled-1536x2048.jpg 1536w, https:\/\/cecilemachin.com\/wp-content\/uploads\/2025\/09\/A638654A-156D-4BD1-8331-7D7759CBF39F-scaled.jpg 1920w\" sizes=\"(max-width: 768px) 100vw, 768px\" \/>\t\t\t\t\t\t\t\t\t\t\t\t\t\t\t<\/div>\n\t\t\t\t<\/div>\n\t\t\t\t<\/div>\n\t\t<div class=\"elementor-element elementor-element-8b56363 e-con-full e-flex e-con e-child\" data-id=\"8b56363\" data-element_type=\"container\" data-e-type=\"container\">\n\t\t<div class=\"elementor-element elementor-element-eba163c e-flex e-con-boxed e-con e-child\" data-id=\"eba163c\" data-element_type=\"container\" data-e-type=\"container\">\n\t\t\t\t\t<div class=\"e-con-inner\">\n\t\t\t\t<div class=\"elementor-element elementor-element-756dc03 elementor-widget elementor-widget-image\" data-id=\"756dc03\" data-element_type=\"widget\" data-e-type=\"widget\" data-widget_type=\"image.default\">\n\t\t\t\t<div class=\"elementor-widget-container\">\n\t\t\t\t\t\t\t\t\t\t\t\t\t\t\t<img loading=\"lazy\" decoding=\"async\" width=\"225\" height=\"300\" src=\"https:\/\/cecilemachin.com\/wp-content\/uploads\/2025\/09\/3F2E9703-594B-4314-81C5-BAE93B168A41-225x300.jpg\" class=\"attachment-medium size-medium wp-image-1416\" alt=\"\" srcset=\"https:\/\/cecilemachin.com\/wp-content\/uploads\/2025\/09\/3F2E9703-594B-4314-81C5-BAE93B168A41-225x300.jpg 225w, https:\/\/cecilemachin.com\/wp-content\/uploads\/2025\/09\/3F2E9703-594B-4314-81C5-BAE93B168A41-768x1024.jpg 768w, https:\/\/cecilemachin.com\/wp-content\/uploads\/2025\/09\/3F2E9703-594B-4314-81C5-BAE93B168A41-2000x2667.jpg 2000w, https:\/\/cecilemachin.com\/wp-content\/uploads\/2025\/09\/3F2E9703-594B-4314-81C5-BAE93B168A41-scaled-1152x1536.jpg 1152w, https:\/\/cecilemachin.com\/wp-content\/uploads\/2025\/09\/3F2E9703-594B-4314-81C5-BAE93B168A41-scaled-1536x2048.jpg 1536w, https:\/\/cecilemachin.com\/wp-content\/uploads\/2025\/09\/3F2E9703-594B-4314-81C5-BAE93B168A41-scaled.jpg 1920w\" sizes=\"(max-width: 225px) 100vw, 225px\" \/>\t\t\t\t\t\t\t\t\t\t\t\t\t\t\t<\/div>\n\t\t\t\t<\/div>\n\t\t\t\t\t<\/div>\n\t\t\t\t<\/div>\n\t\t<div class=\"elementor-element elementor-element-3a481c9 e-flex e-con-boxed e-con e-child\" data-id=\"3a481c9\" data-element_type=\"container\" data-e-type=\"container\">\n\t\t\t\t\t<div class=\"e-con-inner\">\n\t\t\t\t<div class=\"elementor-element elementor-element-de791f2 elementor-widget elementor-widget-image\" data-id=\"de791f2\" data-element_type=\"widget\" data-e-type=\"widget\" data-widget_type=\"image.default\">\n\t\t\t\t<div class=\"elementor-widget-container\">\n\t\t\t\t\t\t\t\t\t\t\t\t\t\t\t<img loading=\"lazy\" decoding=\"async\" width=\"225\" height=\"300\" src=\"https:\/\/cecilemachin.com\/wp-content\/uploads\/2025\/09\/5E75639A-9C22-4713-ABC6-E6BAE7CF3F3B-225x300.jpg\" class=\"attachment-medium size-medium wp-image-1417\" alt=\"\" srcset=\"https:\/\/cecilemachin.com\/wp-content\/uploads\/2025\/09\/5E75639A-9C22-4713-ABC6-E6BAE7CF3F3B-225x300.jpg 225w, https:\/\/cecilemachin.com\/wp-content\/uploads\/2025\/09\/5E75639A-9C22-4713-ABC6-E6BAE7CF3F3B-768x1024.jpg 768w, https:\/\/cecilemachin.com\/wp-content\/uploads\/2025\/09\/5E75639A-9C22-4713-ABC6-E6BAE7CF3F3B-2000x2667.jpg 2000w, https:\/\/cecilemachin.com\/wp-content\/uploads\/2025\/09\/5E75639A-9C22-4713-ABC6-E6BAE7CF3F3B-scaled-1152x1536.jpg 1152w, https:\/\/cecilemachin.com\/wp-content\/uploads\/2025\/09\/5E75639A-9C22-4713-ABC6-E6BAE7CF3F3B-scaled-1536x2048.jpg 1536w, https:\/\/cecilemachin.com\/wp-content\/uploads\/2025\/09\/5E75639A-9C22-4713-ABC6-E6BAE7CF3F3B-scaled.jpg 1920w\" sizes=\"(max-width: 225px) 100vw, 225px\" \/>\t\t\t\t\t\t\t\t\t\t\t\t\t\t\t<\/div>\n\t\t\t\t<\/div>\n\t\t\t\t\t<\/div>\n\t\t\t\t<\/div>\n\t\t\t\t<\/div>\n\t\t\t\t\t<\/div>\n\t\t\t\t<\/div>\n\t\t<div class=\"elementor-element elementor-element-14b7b1b e-con-full e-flex e-con e-parent\" data-id=\"14b7b1b\" data-element_type=\"container\" data-e-type=\"container\">\n\t\t\t\t<div class=\"elementor-element elementor-element-c11304c elementor-widget elementor-widget-image\" data-id=\"c11304c\" data-element_type=\"widget\" data-e-type=\"widget\" data-widget_type=\"image.default\">\n\t\t\t\t<div class=\"elementor-widget-container\">\n\t\t\t\t\t\t\t\t\t\t\t\t\t\t\t<img loading=\"lazy\" decoding=\"async\" width=\"768\" height=\"1024\" src=\"https:\/\/cecilemachin.com\/wp-content\/uploads\/2025\/09\/fremen-768x1024.png\" class=\"attachment-large size-large wp-image-1419\" alt=\"\" srcset=\"https:\/\/cecilemachin.com\/wp-content\/uploads\/2025\/09\/fremen-768x1024.png 768w, https:\/\/cecilemachin.com\/wp-content\/uploads\/2025\/09\/fremen-225x300.png 225w, https:\/\/cecilemachin.com\/wp-content\/uploads\/2025\/09\/fremen-2000x2667.png 2000w, https:\/\/cecilemachin.com\/wp-content\/uploads\/2025\/09\/fremen-scaled-1152x1536.png 1152w, https:\/\/cecilemachin.com\/wp-content\/uploads\/2025\/09\/fremen-scaled-1536x2048.png 1536w, https:\/\/cecilemachin.com\/wp-content\/uploads\/2025\/09\/fremen-scaled.png 1920w\" sizes=\"(max-width: 768px) 100vw, 768px\" \/>\t\t\t\t\t\t\t\t\t\t\t\t\t\t\t<\/div>\n\t\t\t\t<\/div>\n\t\t\t\t<\/div>\n\t\t\t\t<\/div>\n\t\t","protected":false},"excerpt":{"rendered":"<p>R\u00e9plique d&#8217;un costume de Fremen \u00e0 4 main avec Lola Roubert D&#8217;apr\u00e8s le film de Denis Villeneuve. Costume sur mesure, [&hellip;]<\/p>\n","protected":false},"author":1,"featured_media":0,"parent":0,"menu_order":0,"comment_status":"closed","ping_status":"closed","template":"","meta":{"site-sidebar-layout":"default","site-content-layout":"","ast-site-content-layout":"default","site-content-style":"default","site-sidebar-style":"default","ast-global-header-display":"","ast-banner-title-visibility":"","ast-main-header-display":"","ast-hfb-above-header-display":"","ast-hfb-below-header-display":"","ast-hfb-mobile-header-display":"","site-post-title":"","ast-breadcrumbs-content":"","ast-featured-img":"","footer-sml-layout":"","ast-disable-related-posts":"","theme-transparent-header-meta":"","adv-header-id-meta":"","stick-header-meta":"","header-above-stick-meta":"","header-main-stick-meta":"","header-below-stick-meta":"","astra-migrate-meta-layouts":"default","ast-page-background-enabled":"default","ast-page-background-meta":{"desktop":{"background-color":"var(--ast-global-color-4)","background-image":"","background-repeat":"repeat","background-position":"center center","background-size":"auto","background-attachment":"scroll","background-type":"","background-media":"","overlay-type":"","overlay-color":"","overlay-opacity":"","overlay-gradient":""},"tablet":{"background-color":"","background-image":"","background-repeat":"repeat","background-position":"center center","background-size":"auto","background-attachment":"scroll","background-type":"","background-media":"","overlay-type":"","overlay-color":"","overlay-opacity":"","overlay-gradient":""},"mobile":{"background-color":"","background-image":"","background-repeat":"repeat","background-position":"center center","background-size":"auto","background-attachment":"scroll","background-type":"","background-media":"","overlay-type":"","overlay-color":"","overlay-opacity":"","overlay-gradient":""}},"ast-content-background-meta":{"desktop":{"background-color":"var(--ast-global-color-5)","background-image":"","background-repeat":"repeat","background-position":"center center","background-size":"auto","background-attachment":"scroll","background-type":"","background-media":"","overlay-type":"","overlay-color":"","overlay-opacity":"","overlay-gradient":""},"tablet":{"background-color":"var(--ast-global-color-5)","background-image":"","background-repeat":"repeat","background-position":"center center","background-size":"auto","background-attachment":"scroll","background-type":"","background-media":"","overlay-type":"","overlay-color":"","overlay-opacity":"","overlay-gradient":""},"mobile":{"background-color":"var(--ast-global-color-5)","background-image":"","background-repeat":"repeat","background-position":"center center","background-size":"auto","background-attachment":"scroll","background-type":"","background-media":"","overlay-type":"","overlay-color":"","overlay-opacity":"","overlay-gradient":""}},"footnotes":""},"class_list":["post-1410","page","type-page","status-publish","hentry"],"_links":{"self":[{"href":"https:\/\/cecilemachin.com\/index.php\/wp-json\/wp\/v2\/pages\/1410","targetHints":{"allow":["GET"]}}],"collection":[{"href":"https:\/\/cecilemachin.com\/index.php\/wp-json\/wp\/v2\/pages"}],"about":[{"href":"https:\/\/cecilemachin.com\/index.php\/wp-json\/wp\/v2\/types\/page"}],"author":[{"embeddable":true,"href":"https:\/\/cecilemachin.com\/index.php\/wp-json\/wp\/v2\/users\/1"}],"replies":[{"embeddable":true,"href":"https:\/\/cecilemachin.com\/index.php\/wp-json\/wp\/v2\/comments?post=1410"}],"version-history":[{"count":8,"href":"https:\/\/cecilemachin.com\/index.php\/wp-json\/wp\/v2\/pages\/1410\/revisions"}],"predecessor-version":[{"id":1426,"href":"https:\/\/cecilemachin.com\/index.php\/wp-json\/wp\/v2\/pages\/1410\/revisions\/1426"}],"wp:attachment":[{"href":"https:\/\/cecilemachin.com\/index.php\/wp-json\/wp\/v2\/media?parent=1410"}],"curies":[{"name":"wp","href":"https:\/\/api.w.org\/{rel}","templated":true}]}}