{"id":175,"date":"2024-01-21T15:22:13","date_gmt":"2024-01-21T14:22:13","guid":{"rendered":"http:\/\/cecilemachin.com\/?page_id=175"},"modified":"2024-01-21T15:30:10","modified_gmt":"2024-01-21T14:30:10","slug":"semaine-de-la-danse-2022-danse-neo-classique-conservatoire-de-vienne","status":"publish","type":"page","link":"https:\/\/cecilemachin.com\/index.php\/semaine-de-la-danse-2022-danse-neo-classique-conservatoire-de-vienne\/","title":{"rendered":"Semaine de la Danse 2022, danse n\u00e9o classique , Conservatoire de Vienne"},"content":{"rendered":"\t\t<div data-elementor-type=\"wp-page\" data-elementor-id=\"175\" class=\"elementor elementor-175\">\n\t\t\t\t<div class=\"elementor-element elementor-element-4457925 e-con-full e-flex e-con e-parent\" data-id=\"4457925\" data-element_type=\"container\" data-e-type=\"container\">\n\t\t\t\t<div class=\"elementor-element elementor-element-5adaaa5 elementor-widget elementor-widget-image\" data-id=\"5adaaa5\" data-element_type=\"widget\" data-e-type=\"widget\" data-widget_type=\"image.default\">\n\t\t\t\t<div class=\"elementor-widget-container\">\n\t\t\t\t\t\t\t\t\t\t\t\t\t\t\t<img fetchpriority=\"high\" decoding=\"async\" width=\"1024\" height=\"672\" src=\"https:\/\/cecilemachin.com\/wp-content\/uploads\/2024\/01\/nadege4-1024x672.jpg\" class=\"attachment-large size-large wp-image-180\" alt=\"\" srcset=\"https:\/\/cecilemachin.com\/wp-content\/uploads\/2024\/01\/nadege4-1024x672.jpg 1024w, https:\/\/cecilemachin.com\/wp-content\/uploads\/2024\/01\/nadege4-300x197.jpg 300w, https:\/\/cecilemachin.com\/wp-content\/uploads\/2024\/01\/nadege4-768x504.jpg 768w, https:\/\/cecilemachin.com\/wp-content\/uploads\/2024\/01\/nadege4.jpg 1200w\" sizes=\"(max-width: 1024px) 100vw, 1024px\" \/>\t\t\t\t\t\t\t\t\t\t\t\t\t\t\t<\/div>\n\t\t\t\t<\/div>\n\t\t\t\t<\/div>\n\t\t<div class=\"elementor-element elementor-element-2ccf5c3 e-flex e-con-boxed e-con e-parent\" data-id=\"2ccf5c3\" data-element_type=\"container\" data-e-type=\"container\">\n\t\t\t\t\t<div class=\"e-con-inner\">\n\t\t<div class=\"elementor-element elementor-element-974fbe4 e-con-full e-flex e-con e-child\" data-id=\"974fbe4\" data-element_type=\"container\" data-e-type=\"container\">\n\t\t\t\t<div class=\"elementor-element elementor-element-a3b2fa6 elementor-widget elementor-widget-heading\" data-id=\"a3b2fa6\" data-element_type=\"widget\" data-e-type=\"widget\" data-widget_type=\"heading.default\">\n\t\t\t\t<div class=\"elementor-widget-container\">\n\t\t\t\t\t<h2 class=\"elementor-heading-title elementor-size-default\">Semaine de la Danse 2022, Conservatoire de Vienne<\/h2>\t\t\t\t<\/div>\n\t\t\t\t<\/div>\n\t\t\t\t<\/div>\n\t\t<div class=\"elementor-element elementor-element-424f686 e-con-full e-flex e-con e-child\" data-id=\"424f686\" data-element_type=\"container\" data-e-type=\"container\">\n\t\t\t\t<div class=\"elementor-element elementor-element-a8519c8 elementor-widget elementor-widget-text-editor\" data-id=\"a8519c8\" data-element_type=\"widget\" data-e-type=\"widget\" data-widget_type=\"text-editor.default\">\n\t\t\t\t<div class=\"elementor-widget-container\">\n\t\t\t\t\t\t\t\t\t<h2>Cr\u00e9ation costumes pour les 3C Classique, chor\u00e9graphie de Nad\u00e8ge Cabisidan<\/h2><p>\u00a0<\/p><p><span style=\"font-size: small;\">7 bodys avec empi\u00e8cement chair invisible, fermeture invisible milieu dos. Tutu galette ultra l\u00e9ger avec ceinture dans la m\u00eame teinte. Fabriqu\u00e9 aux mesures de chaque \u00e9l\u00e8ve. <\/span><\/p><p>Photo bibi<\/p>\t\t\t\t\t\t\t\t<\/div>\n\t\t\t\t<\/div>\n\t\t\t\t<\/div>\n\t\t\t\t\t<\/div>\n\t\t\t\t<\/div>\n\t\t<div class=\"elementor-element elementor-element-3deecc9 e-flex e-con-boxed e-con e-parent\" data-id=\"3deecc9\" data-element_type=\"container\" data-e-type=\"container\">\n\t\t\t\t\t<div class=\"e-con-inner\">\n\t\t\t\t<div class=\"elementor-element elementor-element-49e50c7 elementor-widget elementor-widget-image\" data-id=\"49e50c7\" data-element_type=\"widget\" data-e-type=\"widget\" data-widget_type=\"image.default\">\n\t\t\t\t<div class=\"elementor-widget-container\">\n\t\t\t\t\t\t\t\t\t\t\t\t\t\t\t<img decoding=\"async\" width=\"1000\" height=\"617\" src=\"https:\/\/cecilemachin.com\/wp-content\/uploads\/2024\/01\/nadege8.jpg\" class=\"attachment-large size-large wp-image-184\" alt=\"\" srcset=\"https:\/\/cecilemachin.com\/wp-content\/uploads\/2024\/01\/nadege8.jpg 1000w, https:\/\/cecilemachin.com\/wp-content\/uploads\/2024\/01\/nadege8-300x185.jpg 300w, https:\/\/cecilemachin.com\/wp-content\/uploads\/2024\/01\/nadege8-768x474.jpg 768w\" sizes=\"(max-width: 1000px) 100vw, 1000px\" \/>\t\t\t\t\t\t\t\t\t\t\t\t\t\t\t<\/div>\n\t\t\t\t<\/div>\n\t\t\t\t\t<\/div>\n\t\t\t\t<\/div>\n\t\t<div class=\"elementor-element elementor-element-4f5cd28 e-flex e-con-boxed e-con e-parent\" data-id=\"4f5cd28\" data-element_type=\"container\" data-e-type=\"container\">\n\t\t\t\t\t<div class=\"e-con-inner\">\n\t\t\t\t<div class=\"elementor-element elementor-element-0d7728f elementor-widget elementor-widget-image\" data-id=\"0d7728f\" data-element_type=\"widget\" data-e-type=\"widget\" data-widget_type=\"image.default\">\n\t\t\t\t<div class=\"elementor-widget-container\">\n\t\t\t\t\t\t\t\t\t\t\t\t\t\t\t<img decoding=\"async\" width=\"700\" height=\"829\" src=\"https:\/\/cecilemachin.com\/wp-content\/uploads\/2024\/01\/nadege7.jpg\" class=\"attachment-large size-large wp-image-183\" alt=\"\" srcset=\"https:\/\/cecilemachin.com\/wp-content\/uploads\/2024\/01\/nadege7.jpg 700w, https:\/\/cecilemachin.com\/wp-content\/uploads\/2024\/01\/nadege7-253x300.jpg 253w\" sizes=\"(max-width: 700px) 100vw, 700px\" \/>\t\t\t\t\t\t\t\t\t\t\t\t\t\t\t<\/div>\n\t\t\t\t<\/div>\n\t\t\t\t\t<\/div>\n\t\t\t\t<\/div>\n\t\t<div class=\"elementor-element elementor-element-18316f9 e-flex e-con-boxed e-con e-parent\" data-id=\"18316f9\" data-element_type=\"container\" data-e-type=\"container\">\n\t\t\t\t\t<div class=\"e-con-inner\">\n\t\t<div class=\"elementor-element elementor-element-e837fed e-con-full e-flex e-con e-child\" data-id=\"e837fed\" data-element_type=\"container\" data-e-type=\"container\">\n\t\t\t\t<div class=\"elementor-element elementor-element-aa0b6d0 elementor-widget elementor-widget-image\" data-id=\"aa0b6d0\" data-element_type=\"widget\" data-e-type=\"widget\" data-widget_type=\"image.default\">\n\t\t\t\t<div class=\"elementor-widget-container\">\n\t\t\t\t\t\t\t\t\t\t\t\t\t\t\t<img loading=\"lazy\" decoding=\"async\" width=\"478\" height=\"560\" src=\"https:\/\/cecilemachin.com\/wp-content\/uploads\/2024\/01\/nadege2.jpg\" class=\"attachment-large size-large wp-image-178\" alt=\"\" srcset=\"https:\/\/cecilemachin.com\/wp-content\/uploads\/2024\/01\/nadege2.jpg 478w, https:\/\/cecilemachin.com\/wp-content\/uploads\/2024\/01\/nadege2-256x300.jpg 256w\" sizes=\"(max-width: 478px) 100vw, 478px\" \/>\t\t\t\t\t\t\t\t\t\t\t\t\t\t\t<\/div>\n\t\t\t\t<\/div>\n\t\t\t\t<\/div>\n\t\t<div class=\"elementor-element elementor-element-a51b3be e-con-full e-flex e-con e-child\" data-id=\"a51b3be\" data-element_type=\"container\" data-e-type=\"container\">\n\t\t\t\t<div class=\"elementor-element elementor-element-3a08b16 elementor-widget elementor-widget-image\" data-id=\"3a08b16\" data-element_type=\"widget\" data-e-type=\"widget\" data-widget_type=\"image.default\">\n\t\t\t\t<div class=\"elementor-widget-container\">\n\t\t\t\t\t\t\t\t\t\t\t\t\t\t\t<img loading=\"lazy\" decoding=\"async\" width=\"864\" height=\"447\" src=\"https:\/\/cecilemachin.com\/wp-content\/uploads\/2024\/01\/nadege5-1.jpg\" class=\"attachment-large size-large wp-image-181\" alt=\"\" srcset=\"https:\/\/cecilemachin.com\/wp-content\/uploads\/2024\/01\/nadege5-1.jpg 864w, https:\/\/cecilemachin.com\/wp-content\/uploads\/2024\/01\/nadege5-1-300x155.jpg 300w, https:\/\/cecilemachin.com\/wp-content\/uploads\/2024\/01\/nadege5-1-768x397.jpg 768w\" sizes=\"(max-width: 864px) 100vw, 864px\" \/>\t\t\t\t\t\t\t\t\t\t\t\t\t\t\t<\/div>\n\t\t\t\t<\/div>\n\t\t\t\t<\/div>\n\t\t\t\t\t<\/div>\n\t\t\t\t<\/div>\n\t\t<div class=\"elementor-element elementor-element-f4688f1 e-flex e-con-boxed e-con e-parent\" data-id=\"f4688f1\" data-element_type=\"container\" data-e-type=\"container\">\n\t\t\t\t\t<div class=\"e-con-inner\">\n\t\t\t\t<div class=\"elementor-element elementor-element-ef858ba elementor-widget elementor-widget-image\" data-id=\"ef858ba\" data-element_type=\"widget\" data-e-type=\"widget\" data-widget_type=\"image.default\">\n\t\t\t\t<div class=\"elementor-widget-container\">\n\t\t\t\t\t\t\t\t\t\t\t\t\t\t\t<img loading=\"lazy\" decoding=\"async\" width=\"768\" height=\"301\" src=\"https:\/\/cecilemachin.com\/wp-content\/uploads\/2024\/01\/nadege6-1-768x301.jpg\" class=\"attachment-medium_large size-medium_large wp-image-182\" alt=\"\" srcset=\"https:\/\/cecilemachin.com\/wp-content\/uploads\/2024\/01\/nadege6-1-768x301.jpg 768w, https:\/\/cecilemachin.com\/wp-content\/uploads\/2024\/01\/nadege6-1-300x118.jpg 300w, https:\/\/cecilemachin.com\/wp-content\/uploads\/2024\/01\/nadege6-1.jpg 900w\" sizes=\"(max-width: 768px) 100vw, 768px\" \/>\t\t\t\t\t\t\t\t\t\t\t\t\t\t\t<\/div>\n\t\t\t\t<\/div>\n\t\t\t\t\t<\/div>\n\t\t\t\t<\/div>\n\t\t<div class=\"elementor-element elementor-element-c0e75e6 e-con-full e-flex e-con e-parent\" data-id=\"c0e75e6\" data-element_type=\"container\" data-e-type=\"container\">\n\t\t\t\t<div class=\"elementor-element elementor-element-2c13d74 elementor-widget elementor-widget-image\" data-id=\"2c13d74\" data-element_type=\"widget\" data-e-type=\"widget\" data-widget_type=\"image.default\">\n\t\t\t\t<div class=\"elementor-widget-container\">\n\t\t\t\t\t\t\t\t\t\t\t\t\t\t\t<img loading=\"lazy\" decoding=\"async\" width=\"1024\" height=\"645\" src=\"https:\/\/cecilemachin.com\/wp-content\/uploads\/2024\/01\/nadege3-1024x645.jpg\" class=\"attachment-large size-large wp-image-179\" alt=\"\" srcset=\"https:\/\/cecilemachin.com\/wp-content\/uploads\/2024\/01\/nadege3-1024x645.jpg 1024w, https:\/\/cecilemachin.com\/wp-content\/uploads\/2024\/01\/nadege3-300x189.jpg 300w, https:\/\/cecilemachin.com\/wp-content\/uploads\/2024\/01\/nadege3-768x484.jpg 768w, https:\/\/cecilemachin.com\/wp-content\/uploads\/2024\/01\/nadege3.jpg 1500w\" sizes=\"(max-width: 1024px) 100vw, 1024px\" \/>\t\t\t\t\t\t\t\t\t\t\t\t\t\t\t<\/div>\n\t\t\t\t<\/div>\n\t\t\t\t<\/div>\n\t\t\t\t<\/div>\n\t\t","protected":false},"excerpt":{"rendered":"<p>Semaine de la Danse 2022, Conservatoire de Vienne Cr\u00e9ation costumes pour les 3C Classique, chor\u00e9graphie de Nad\u00e8ge Cabisidan \u00a0 7 [&hellip;]<\/p>\n","protected":false},"author":1,"featured_media":0,"parent":0,"menu_order":0,"comment_status":"closed","ping_status":"closed","template":"","meta":{"site-sidebar-layout":"no-sidebar","site-content-layout":"","ast-site-content-layout":"full-width-container","site-content-style":"default","site-sidebar-style":"default","ast-global-header-display":"","ast-banner-title-visibility":"","ast-main-header-display":"","ast-hfb-above-header-display":"","ast-hfb-below-header-display":"","ast-hfb-mobile-header-display":"","site-post-title":"disabled","ast-breadcrumbs-content":"","ast-featured-img":"disabled","footer-sml-layout":"","ast-disable-related-posts":"","theme-transparent-header-meta":"","adv-header-id-meta":"","stick-header-meta":"","header-above-stick-meta":"","header-main-stick-meta":"","header-below-stick-meta":"","astra-migrate-meta-layouts":"default","ast-page-background-enabled":"default","ast-page-background-meta":{"desktop":{"background-color":"var(--ast-global-color-4)","background-image":"","background-repeat":"repeat","background-position":"center center","background-size":"auto","background-attachment":"scroll","background-type":"","background-media":"","overlay-type":"","overlay-color":"","overlay-opacity":"","overlay-gradient":""},"tablet":{"background-color":"","background-image":"","background-repeat":"repeat","background-position":"center center","background-size":"auto","background-attachment":"scroll","background-type":"","background-media":"","overlay-type":"","overlay-color":"","overlay-opacity":"","overlay-gradient":""},"mobile":{"background-color":"","background-image":"","background-repeat":"repeat","background-position":"center center","background-size":"auto","background-attachment":"scroll","background-type":"","background-media":"","overlay-type":"","overlay-color":"","overlay-opacity":"","overlay-gradient":""}},"ast-content-background-meta":{"desktop":{"background-color":"var(--ast-global-color-5)","background-image":"","background-repeat":"repeat","background-position":"center center","background-size":"auto","background-attachment":"scroll","background-type":"","background-media":"","overlay-type":"","overlay-color":"","overlay-opacity":"","overlay-gradient":""},"tablet":{"background-color":"var(--ast-global-color-5)","background-image":"","background-repeat":"repeat","background-position":"center center","background-size":"auto","background-attachment":"scroll","background-type":"","background-media":"","overlay-type":"","overlay-color":"","overlay-opacity":"","overlay-gradient":""},"mobile":{"background-color":"var(--ast-global-color-5)","background-image":"","background-repeat":"repeat","background-position":"center center","background-size":"auto","background-attachment":"scroll","background-type":"","background-media":"","overlay-type":"","overlay-color":"","overlay-opacity":"","overlay-gradient":""}},"footnotes":""},"class_list":["post-175","page","type-page","status-publish","hentry"],"_links":{"self":[{"href":"https:\/\/cecilemachin.com\/index.php\/wp-json\/wp\/v2\/pages\/175","targetHints":{"allow":["GET"]}}],"collection":[{"href":"https:\/\/cecilemachin.com\/index.php\/wp-json\/wp\/v2\/pages"}],"about":[{"href":"https:\/\/cecilemachin.com\/index.php\/wp-json\/wp\/v2\/types\/page"}],"author":[{"embeddable":true,"href":"https:\/\/cecilemachin.com\/index.php\/wp-json\/wp\/v2\/users\/1"}],"replies":[{"embeddable":true,"href":"https:\/\/cecilemachin.com\/index.php\/wp-json\/wp\/v2\/comments?post=175"}],"version-history":[{"count":7,"href":"https:\/\/cecilemachin.com\/index.php\/wp-json\/wp\/v2\/pages\/175\/revisions"}],"predecessor-version":[{"id":190,"href":"https:\/\/cecilemachin.com\/index.php\/wp-json\/wp\/v2\/pages\/175\/revisions\/190"}],"wp:attachment":[{"href":"https:\/\/cecilemachin.com\/index.php\/wp-json\/wp\/v2\/media?parent=175"}],"curies":[{"name":"wp","href":"https:\/\/api.w.org\/{rel}","templated":true}]}}