{"id":223,"date":"2024-01-21T20:10:14","date_gmt":"2024-01-21T19:10:14","guid":{"rendered":"http:\/\/cecilemachin.com\/?page_id=223"},"modified":"2024-01-21T20:32:51","modified_gmt":"2024-01-21T19:32:51","slug":"afriquarks-defile-de-la-biennale-de-la-danse-2021","status":"publish","type":"page","link":"https:\/\/cecilemachin.com\/index.php\/afriquarks-defile-de-la-biennale-de-la-danse-2021\/","title":{"rendered":"Afriquarks, D\u00e9fil\u00e9 de la biennale de la danse 2021"},"content":{"rendered":"\t\t<div data-elementor-type=\"wp-page\" data-elementor-id=\"223\" class=\"elementor elementor-223\">\n\t\t\t\t<div class=\"elementor-element elementor-element-bff6bfd e-con-full e-flex e-con e-parent\" data-id=\"bff6bfd\" data-element_type=\"container\" data-e-type=\"container\">\n\t\t\t\t<div class=\"elementor-element elementor-element-262fd73 elementor-widget elementor-widget-image\" data-id=\"262fd73\" data-element_type=\"widget\" data-e-type=\"widget\" data-widget_type=\"image.default\">\n\t\t\t\t<div class=\"elementor-widget-container\">\n\t\t\t\t\t\t\t\t\t\t\t\t\t\t\t<img fetchpriority=\"high\" decoding=\"async\" width=\"867\" height=\"650\" src=\"https:\/\/cecilemachin.com\/wp-content\/uploads\/2024\/01\/afriquarks1.jpg\" class=\"attachment-large size-large wp-image-226\" alt=\"\" srcset=\"https:\/\/cecilemachin.com\/wp-content\/uploads\/2024\/01\/afriquarks1.jpg 867w, https:\/\/cecilemachin.com\/wp-content\/uploads\/2024\/01\/afriquarks1-300x225.jpg 300w, https:\/\/cecilemachin.com\/wp-content\/uploads\/2024\/01\/afriquarks1-768x576.jpg 768w\" sizes=\"(max-width: 867px) 100vw, 867px\" \/>\t\t\t\t\t\t\t\t\t\t\t\t\t\t\t<\/div>\n\t\t\t\t<\/div>\n\t\t\t\t<\/div>\n\t\t<div class=\"elementor-element elementor-element-1aff2ca e-con-full e-flex e-con e-parent\" data-id=\"1aff2ca\" data-element_type=\"container\" data-e-type=\"container\">\n\t\t\t\t<div class=\"elementor-element elementor-element-208c733 elementor-widget elementor-widget-image\" data-id=\"208c733\" data-element_type=\"widget\" data-e-type=\"widget\" data-widget_type=\"image.default\">\n\t\t\t\t<div class=\"elementor-widget-container\">\n\t\t\t\t\t\t\t\t\t\t\t\t\t\t\t<img decoding=\"async\" width=\"867\" height=\"650\" src=\"https:\/\/cecilemachin.com\/wp-content\/uploads\/2024\/01\/afriquarks2.jpg\" class=\"attachment-large size-large wp-image-227\" alt=\"\" srcset=\"https:\/\/cecilemachin.com\/wp-content\/uploads\/2024\/01\/afriquarks2.jpg 867w, https:\/\/cecilemachin.com\/wp-content\/uploads\/2024\/01\/afriquarks2-300x225.jpg 300w, https:\/\/cecilemachin.com\/wp-content\/uploads\/2024\/01\/afriquarks2-768x576.jpg 768w\" sizes=\"(max-width: 867px) 100vw, 867px\" \/>\t\t\t\t\t\t\t\t\t\t\t\t\t\t\t<\/div>\n\t\t\t\t<\/div>\n\t\t\t\t<\/div>\n\t\t<div class=\"elementor-element elementor-element-d86f9a2 e-flex e-con-boxed e-con e-parent\" data-id=\"d86f9a2\" data-element_type=\"container\" data-e-type=\"container\">\n\t\t\t\t\t<div class=\"e-con-inner\">\n\t\t<div class=\"elementor-element elementor-element-92912e0 e-con-full e-flex e-con e-child\" data-id=\"92912e0\" data-element_type=\"container\" data-e-type=\"container\">\n\t\t\t\t<div class=\"elementor-element elementor-element-101ecce elementor-widget elementor-widget-heading\" data-id=\"101ecce\" data-element_type=\"widget\" data-e-type=\"widget\" data-widget_type=\"heading.default\">\n\t\t\t\t<div class=\"elementor-widget-container\">\n\t\t\t\t\t<h2 class=\"elementor-heading-title elementor-size-default\">Afriquarks, D\u00e9fil\u00e9 de la biennale de la danse 2021\nCostumi\u00e8re pour le groupe Lyon 8<\/h2>\t\t\t\t<\/div>\n\t\t\t\t<\/div>\n\t\t\t\t<div class=\"elementor-element elementor-element-fc98477 elementor-widget elementor-widget-text-editor\" data-id=\"fc98477\" data-element_type=\"widget\" data-e-type=\"widget\" data-widget_type=\"text-editor.default\">\n\t\t\t\t<div class=\"elementor-widget-container\">\n\t\t\t\t\t\t\t\t\t<p><span style=\"font-size: small;\">Projet port\u00e9 par la MJC Laennec-mermoz et Antiquarks\/Coin Coin Prod <br \/>Direction artistique : <a class=\"text\" href=\"https:\/\/www.antiquarks.org\/\">Richard Mons\u00e9gu et S\u00e9bastien Tron <\/a> <br \/>Artistes invit\u00e9s : Souleymane Faye et Moussa Faye <br \/>Chor\u00e9graphe associ\u00e9 : Sayouba Sigu\u00e9 (Cie Teguerer) <br \/>R\u00e9gisseuse g\u00e9n\u00e9rale : <a class=\"text\" href=\"https:\/\/fr.linkedin.com\/in\/mil%C3%A9na-grange-3a201912b\">Milena Grange<\/a> <br \/>Maquilleuse : <a class=\"text\" href=\"https:\/\/wondermakeup.fr\/\">No\u00e9mie Revial<\/a> <br \/><br \/>Merci \u00e0 toute l&#8217;\u00e9quipe de Coin Coin Prod ! Et merci \u00e0 ma stagiaire Aliz\u00e9e \ud83d\ude42 <br \/><br \/>Un \u00e9norme merci \u00e0 toutes les b\u00e9n\u00e9voles d&#8217;Antiquarks !! <\/span><\/p>\t\t\t\t\t\t\t\t<\/div>\n\t\t\t\t<\/div>\n\t\t\t\t<\/div>\n\t\t<div class=\"elementor-element elementor-element-872b8f4 e-con-full e-flex e-con e-child\" data-id=\"872b8f4\" data-element_type=\"container\" data-e-type=\"container\">\n\t\t\t\t<div class=\"elementor-element elementor-element-2aa403f elementor-widget elementor-widget-text-editor\" data-id=\"2aa403f\" data-element_type=\"widget\" data-e-type=\"widget\" data-widget_type=\"text-editor.default\">\n\t\t\t\t<div class=\"elementor-widget-container\">\n\t\t\t\t\t\t\t\t\t<p><span style=\"font-size: small;\">Premi\u00e8re partie de cr\u00e9ation et recherches en 2020 en bin\u00f4me avec<\/span><\/p><h3><a class=\"text\" href=\"http:\/\/www.emiliezanon.com\/\">Emilie Zanon<\/a><\/h3><p><span style=\"font-size: small;\">Puis adaption et recr\u00e9ation en 2021, ateliers &amp; confection seule, pour 80 danseurs. L&#8217;atelier \u00e9tait \u00e9tabli dans la r\u00e9sidence Albert Laurent, \u00e0 Moulin \u00e0 Vent, Lyon 7. <br \/><br \/>Les combinaisons bleues ont \u00e9t\u00e9 fabriqu\u00e9es en collaboration avec le lyc\u00e9e La Martini\u00e8re. Elles ont \u00e9t\u00e9 pens\u00e9es comme un projet p\u00e9dagogique o\u00f9 chaque \u00e9l\u00e8ve mixait les couleurs de lycra et les poches en sacs plastiques d\u00e9coup\u00e9s comme il voulait. <br \/><br \/>Recherche de 2 ambiances avec de multiples silhouettes, le groupe Racine aux influences maghr\u00e9bines, et le groupe des Travailleurs de l&#8217;eau influenc\u00e9 par l&#8217;Afrique du Sud. Travail de tampons sur tissu d&#8217;apr\u00e8s des motifs traditionnels. Coiffes avec des plantes s\u00e9ch\u00e9es. <\/span><\/p>\t\t\t\t\t\t\t\t<\/div>\n\t\t\t\t<\/div>\n\t\t\t\t<\/div>\n\t\t\t\t\t<\/div>\n\t\t\t\t<\/div>\n\t\t<div class=\"elementor-element elementor-element-c7d85c0 e-flex e-con-boxed e-con e-parent\" data-id=\"c7d85c0\" data-element_type=\"container\" data-e-type=\"container\">\n\t\t\t\t\t<div class=\"e-con-inner\">\n\t\t<div class=\"elementor-element elementor-element-35444dd e-con-full e-flex e-con e-child\" data-id=\"35444dd\" data-element_type=\"container\" data-e-type=\"container\">\n\t\t\t\t<div class=\"elementor-element elementor-element-47341db elementor-widget elementor-widget-image\" data-id=\"47341db\" data-element_type=\"widget\" data-e-type=\"widget\" data-widget_type=\"image.default\">\n\t\t\t\t<div class=\"elementor-widget-container\">\n\t\t\t\t\t\t\t\t\t\t\t\t\t\t\t<img decoding=\"async\" width=\"506\" height=\"380\" src=\"https:\/\/cecilemachin.com\/wp-content\/uploads\/2024\/01\/afriquarks3.jpg\" class=\"attachment-large size-large wp-image-228\" alt=\"\" srcset=\"https:\/\/cecilemachin.com\/wp-content\/uploads\/2024\/01\/afriquarks3.jpg 506w, https:\/\/cecilemachin.com\/wp-content\/uploads\/2024\/01\/afriquarks3-300x225.jpg 300w\" sizes=\"(max-width: 506px) 100vw, 506px\" \/>\t\t\t\t\t\t\t\t\t\t\t\t\t\t\t<\/div>\n\t\t\t\t<\/div>\n\t\t\t\t<\/div>\n\t\t<div class=\"elementor-element elementor-element-693db3c e-con-full e-flex e-con e-child\" data-id=\"693db3c\" data-element_type=\"container\" data-e-type=\"container\">\n\t\t\t\t<div class=\"elementor-element elementor-element-6b33fa4 elementor-widget elementor-widget-image\" data-id=\"6b33fa4\" data-element_type=\"widget\" data-e-type=\"widget\" data-widget_type=\"image.default\">\n\t\t\t\t<div class=\"elementor-widget-container\">\n\t\t\t\t\t\t\t\t\t\t\t\t\t\t\t<img loading=\"lazy\" decoding=\"async\" width=\"506\" height=\"380\" src=\"https:\/\/cecilemachin.com\/wp-content\/uploads\/2024\/01\/afriquarks4.jpg\" class=\"attachment-large size-large wp-image-229\" alt=\"\" srcset=\"https:\/\/cecilemachin.com\/wp-content\/uploads\/2024\/01\/afriquarks4.jpg 506w, https:\/\/cecilemachin.com\/wp-content\/uploads\/2024\/01\/afriquarks4-300x225.jpg 300w\" sizes=\"(max-width: 506px) 100vw, 506px\" \/>\t\t\t\t\t\t\t\t\t\t\t\t\t\t\t<\/div>\n\t\t\t\t<\/div>\n\t\t\t\t<\/div>\n\t\t\t\t\t<\/div>\n\t\t\t\t<\/div>\n\t\t<div class=\"elementor-element elementor-element-20ac9f9 e-flex e-con-boxed e-con e-parent\" data-id=\"20ac9f9\" data-element_type=\"container\" data-e-type=\"container\">\n\t\t\t\t\t<div class=\"e-con-inner\">\n\t\t<div class=\"elementor-element elementor-element-bce8f2d e-con-full e-flex e-con e-child\" data-id=\"bce8f2d\" data-element_type=\"container\" data-e-type=\"container\">\n\t\t<div class=\"elementor-element elementor-element-1f3ca6d e-flex e-con-boxed e-con e-child\" data-id=\"1f3ca6d\" data-element_type=\"container\" data-e-type=\"container\">\n\t\t\t\t\t<div class=\"e-con-inner\">\n\t\t\t\t<div class=\"elementor-element elementor-element-1372ee9 elementor-widget elementor-widget-image\" data-id=\"1372ee9\" data-element_type=\"widget\" data-e-type=\"widget\" data-widget_type=\"image.default\">\n\t\t\t\t<div class=\"elementor-widget-container\">\n\t\t\t\t\t\t\t\t\t\t\t\t\t\t\t<img loading=\"lazy\" decoding=\"async\" width=\"320\" height=\"427\" src=\"https:\/\/cecilemachin.com\/wp-content\/uploads\/2024\/01\/afriquarks5.jpg\" class=\"attachment-large size-large wp-image-230\" alt=\"\" srcset=\"https:\/\/cecilemachin.com\/wp-content\/uploads\/2024\/01\/afriquarks5.jpg 320w, https:\/\/cecilemachin.com\/wp-content\/uploads\/2024\/01\/afriquarks5-225x300.jpg 225w\" sizes=\"(max-width: 320px) 100vw, 320px\" \/>\t\t\t\t\t\t\t\t\t\t\t\t\t\t\t<\/div>\n\t\t\t\t<\/div>\n\t\t\t\t\t<\/div>\n\t\t\t\t<\/div>\n\t\t<div class=\"elementor-element elementor-element-b87ce3f e-flex e-con-boxed e-con e-child\" data-id=\"b87ce3f\" data-element_type=\"container\" data-e-type=\"container\">\n\t\t\t\t\t<div class=\"e-con-inner\">\n\t\t\t\t<div class=\"elementor-element elementor-element-4c54808 elementor-widget elementor-widget-image\" data-id=\"4c54808\" data-element_type=\"widget\" data-e-type=\"widget\" data-widget_type=\"image.default\">\n\t\t\t\t<div class=\"elementor-widget-container\">\n\t\t\t\t\t\t\t\t\t\t\t\t\t\t\t<img loading=\"lazy\" decoding=\"async\" width=\"290\" height=\"387\" src=\"https:\/\/cecilemachin.com\/wp-content\/uploads\/2024\/01\/afriquarks7.jpg\" class=\"attachment-large size-large wp-image-232\" alt=\"\" srcset=\"https:\/\/cecilemachin.com\/wp-content\/uploads\/2024\/01\/afriquarks7.jpg 290w, https:\/\/cecilemachin.com\/wp-content\/uploads\/2024\/01\/afriquarks7-225x300.jpg 225w\" sizes=\"(max-width: 290px) 100vw, 290px\" \/>\t\t\t\t\t\t\t\t\t\t\t\t\t\t\t<\/div>\n\t\t\t\t<\/div>\n\t\t\t\t\t<\/div>\n\t\t\t\t<\/div>\n\t\t\t\t<\/div>\n\t\t<div class=\"elementor-element elementor-element-0c82011 e-con-full e-flex e-con e-child\" data-id=\"0c82011\" data-element_type=\"container\" data-e-type=\"container\">\n\t\t\t\t<div class=\"elementor-element elementor-element-1f461cd elementor-widget elementor-widget-image\" data-id=\"1f461cd\" data-element_type=\"widget\" data-e-type=\"widget\" data-widget_type=\"image.default\">\n\t\t\t\t<div class=\"elementor-widget-container\">\n\t\t\t\t\t\t\t\t\t\t\t\t\t\t\t<img loading=\"lazy\" decoding=\"async\" width=\"600\" height=\"800\" src=\"https:\/\/cecilemachin.com\/wp-content\/uploads\/2024\/01\/afriquarks6-1.jpg\" class=\"attachment-large size-large wp-image-231\" alt=\"\" srcset=\"https:\/\/cecilemachin.com\/wp-content\/uploads\/2024\/01\/afriquarks6-1.jpg 600w, https:\/\/cecilemachin.com\/wp-content\/uploads\/2024\/01\/afriquarks6-1-225x300.jpg 225w\" sizes=\"(max-width: 600px) 100vw, 600px\" \/>\t\t\t\t\t\t\t\t\t\t\t\t\t\t\t<\/div>\n\t\t\t\t<\/div>\n\t\t\t\t<\/div>\n\t\t\t\t\t<\/div>\n\t\t\t\t<\/div>\n\t\t<div class=\"elementor-element elementor-element-060d8a9 e-flex e-con-boxed e-con e-parent\" data-id=\"060d8a9\" data-element_type=\"container\" data-e-type=\"container\">\n\t\t\t\t\t<div class=\"e-con-inner\">\n\t\t<div class=\"elementor-element elementor-element-b33cfe0 e-con-full e-flex e-con e-child\" data-id=\"b33cfe0\" data-element_type=\"container\" data-e-type=\"container\">\n\t\t\t\t<div class=\"elementor-element elementor-element-a4341dd elementor-widget elementor-widget-image\" data-id=\"a4341dd\" data-element_type=\"widget\" data-e-type=\"widget\" data-widget_type=\"image.default\">\n\t\t\t\t<div class=\"elementor-widget-container\">\n\t\t\t\t\t\t\t\t\t\t\t\t\t\t\t<img loading=\"lazy\" decoding=\"async\" width=\"533\" height=\"400\" src=\"https:\/\/cecilemachin.com\/wp-content\/uploads\/2024\/01\/afriquarks9.jpg\" class=\"attachment-large size-large wp-image-234\" alt=\"\" srcset=\"https:\/\/cecilemachin.com\/wp-content\/uploads\/2024\/01\/afriquarks9.jpg 533w, https:\/\/cecilemachin.com\/wp-content\/uploads\/2024\/01\/afriquarks9-300x225.jpg 300w\" sizes=\"(max-width: 533px) 100vw, 533px\" \/>\t\t\t\t\t\t\t\t\t\t\t\t\t\t\t<\/div>\n\t\t\t\t<\/div>\n\t\t\t\t<\/div>\n\t\t<div class=\"elementor-element elementor-element-feed10a e-con-full e-flex e-con e-child\" data-id=\"feed10a\" data-element_type=\"container\" data-e-type=\"container\">\n\t\t\t\t<div class=\"elementor-element elementor-element-c46e717 elementor-widget elementor-widget-image\" data-id=\"c46e717\" data-element_type=\"widget\" data-e-type=\"widget\" data-widget_type=\"image.default\">\n\t\t\t\t<div class=\"elementor-widget-container\">\n\t\t\t\t\t\t\t\t\t\t\t\t\t\t\t<img loading=\"lazy\" decoding=\"async\" width=\"499\" height=\"437\" src=\"https:\/\/cecilemachin.com\/wp-content\/uploads\/2024\/01\/afriquarks14.jpg\" class=\"attachment-large size-large wp-image-238\" alt=\"\" srcset=\"https:\/\/cecilemachin.com\/wp-content\/uploads\/2024\/01\/afriquarks14.jpg 499w, https:\/\/cecilemachin.com\/wp-content\/uploads\/2024\/01\/afriquarks14-300x263.jpg 300w\" sizes=\"(max-width: 499px) 100vw, 499px\" \/>\t\t\t\t\t\t\t\t\t\t\t\t\t\t\t<\/div>\n\t\t\t\t<\/div>\n\t\t\t\t<\/div>\n\t\t\t\t\t<\/div>\n\t\t\t\t<\/div>\n\t\t<div class=\"elementor-element elementor-element-779810b e-con-full e-flex e-con e-parent\" data-id=\"779810b\" data-element_type=\"container\" data-e-type=\"container\">\n\t\t<div class=\"elementor-element elementor-element-63dfa1d e-con-full e-flex e-con e-child\" data-id=\"63dfa1d\" data-element_type=\"container\" data-e-type=\"container\">\n\t\t\t\t<div class=\"elementor-element elementor-element-51e769b elementor-widget elementor-widget-image\" data-id=\"51e769b\" data-element_type=\"widget\" data-e-type=\"widget\" data-widget_type=\"image.default\">\n\t\t\t\t<div class=\"elementor-widget-container\">\n\t\t\t\t\t\t\t\t\t\t\t\t\t\t\t<img loading=\"lazy\" decoding=\"async\" width=\"300\" height=\"400\" src=\"https:\/\/cecilemachin.com\/wp-content\/uploads\/2024\/01\/afriquarks11.jpg\" class=\"attachment-large size-large wp-image-236\" alt=\"\" srcset=\"https:\/\/cecilemachin.com\/wp-content\/uploads\/2024\/01\/afriquarks11.jpg 300w, https:\/\/cecilemachin.com\/wp-content\/uploads\/2024\/01\/afriquarks11-225x300.jpg 225w\" sizes=\"(max-width: 300px) 100vw, 300px\" \/>\t\t\t\t\t\t\t\t\t\t\t\t\t\t\t<\/div>\n\t\t\t\t<\/div>\n\t\t\t\t<\/div>\n\t\t<div class=\"elementor-element elementor-element-a94ec36 e-con-full e-flex e-con e-child\" data-id=\"a94ec36\" data-element_type=\"container\" data-e-type=\"container\">\n\t\t\t\t<div class=\"elementor-element elementor-element-a0d1121 elementor-widget elementor-widget-image\" data-id=\"a0d1121\" data-element_type=\"widget\" data-e-type=\"widget\" data-widget_type=\"image.default\">\n\t\t\t\t<div class=\"elementor-widget-container\">\n\t\t\t\t\t\t\t\t\t\t\t\t\t\t\t<img loading=\"lazy\" decoding=\"async\" width=\"300\" height=\"400\" src=\"https:\/\/cecilemachin.com\/wp-content\/uploads\/2024\/01\/afriquarks12.jpg\" class=\"attachment-large size-large wp-image-237\" alt=\"\" srcset=\"https:\/\/cecilemachin.com\/wp-content\/uploads\/2024\/01\/afriquarks12.jpg 300w, https:\/\/cecilemachin.com\/wp-content\/uploads\/2024\/01\/afriquarks12-225x300.jpg 225w\" sizes=\"(max-width: 300px) 100vw, 300px\" \/>\t\t\t\t\t\t\t\t\t\t\t\t\t\t\t<\/div>\n\t\t\t\t<\/div>\n\t\t\t\t<\/div>\n\t\t<div class=\"elementor-element elementor-element-2706b72 e-con-full e-flex e-con e-child\" data-id=\"2706b72\" data-element_type=\"container\" data-e-type=\"container\">\n\t\t\t\t<div class=\"elementor-element elementor-element-b7830d1 elementor-widget elementor-widget-image\" data-id=\"b7830d1\" data-element_type=\"widget\" data-e-type=\"widget\" data-widget_type=\"image.default\">\n\t\t\t\t<div class=\"elementor-widget-container\">\n\t\t\t\t\t\t\t\t\t\t\t\t\t\t\t<img loading=\"lazy\" decoding=\"async\" width=\"300\" height=\"400\" src=\"https:\/\/cecilemachin.com\/wp-content\/uploads\/2024\/01\/afriquarks10.jpg\" class=\"attachment-large size-large wp-image-235\" alt=\"\" srcset=\"https:\/\/cecilemachin.com\/wp-content\/uploads\/2024\/01\/afriquarks10.jpg 300w, https:\/\/cecilemachin.com\/wp-content\/uploads\/2024\/01\/afriquarks10-225x300.jpg 225w\" sizes=\"(max-width: 300px) 100vw, 300px\" \/>\t\t\t\t\t\t\t\t\t\t\t\t\t\t\t<\/div>\n\t\t\t\t<\/div>\n\t\t\t\t<\/div>\n\t\t\t\t<\/div>\n\t\t<div class=\"elementor-element elementor-element-ee5620a e-con-full e-flex e-con e-parent\" data-id=\"ee5620a\" data-element_type=\"container\" data-e-type=\"container\">\n\t\t\t\t<div class=\"elementor-element elementor-element-ebfac5d elementor-widget elementor-widget-image\" data-id=\"ebfac5d\" data-element_type=\"widget\" data-e-type=\"widget\" data-widget_type=\"image.default\">\n\t\t\t\t<div class=\"elementor-widget-container\">\n\t\t\t\t\t\t\t\t\t\t\t\t\t\t\t<img loading=\"lazy\" decoding=\"async\" width=\"1024\" height=\"576\" src=\"https:\/\/cecilemachin.com\/wp-content\/uploads\/2024\/01\/afriquarks0-1024x576.jpg\" class=\"attachment-large size-large wp-image-225\" alt=\"\" srcset=\"https:\/\/cecilemachin.com\/wp-content\/uploads\/2024\/01\/afriquarks0-1024x576.jpg 1024w, https:\/\/cecilemachin.com\/wp-content\/uploads\/2024\/01\/afriquarks0-300x169.jpg 300w, https:\/\/cecilemachin.com\/wp-content\/uploads\/2024\/01\/afriquarks0-768x432.jpg 768w, https:\/\/cecilemachin.com\/wp-content\/uploads\/2024\/01\/afriquarks0.jpg 1182w\" sizes=\"(max-width: 1024px) 100vw, 1024px\" \/>\t\t\t\t\t\t\t\t\t\t\t\t\t\t\t<\/div>\n\t\t\t\t<\/div>\n\t\t\t\t<\/div>\n\t\t\t\t<\/div>\n\t\t","protected":false},"excerpt":{"rendered":"<p>Afriquarks, D\u00e9fil\u00e9 de la biennale de la danse 2021 Costumi\u00e8re pour le groupe Lyon 8 Projet port\u00e9 par la MJC [&hellip;]<\/p>\n","protected":false},"author":1,"featured_media":0,"parent":0,"menu_order":0,"comment_status":"closed","ping_status":"closed","template":"","meta":{"site-sidebar-layout":"no-sidebar","site-content-layout":"","ast-site-content-layout":"full-width-container","site-content-style":"default","site-sidebar-style":"default","ast-global-header-display":"","ast-banner-title-visibility":"","ast-main-header-display":"","ast-hfb-above-header-display":"","ast-hfb-below-header-display":"","ast-hfb-mobile-header-display":"","site-post-title":"disabled","ast-breadcrumbs-content":"","ast-featured-img":"disabled","footer-sml-layout":"","ast-disable-related-posts":"","theme-transparent-header-meta":"","adv-header-id-meta":"","stick-header-meta":"","header-above-stick-meta":"","header-main-stick-meta":"","header-below-stick-meta":"","astra-migrate-meta-layouts":"default","ast-page-background-enabled":"default","ast-page-background-meta":{"desktop":{"background-color":"var(--ast-global-color-4)","background-image":"","background-repeat":"repeat","background-position":"center center","background-size":"auto","background-attachment":"scroll","background-type":"","background-media":"","overlay-type":"","overlay-color":"","overlay-opacity":"","overlay-gradient":""},"tablet":{"background-color":"","background-image":"","background-repeat":"repeat","background-position":"center center","background-size":"auto","background-attachment":"scroll","background-type":"","background-media":"","overlay-type":"","overlay-color":"","overlay-opacity":"","overlay-gradient":""},"mobile":{"background-color":"","background-image":"","background-repeat":"repeat","background-position":"center center","background-size":"auto","background-attachment":"scroll","background-type":"","background-media":"","overlay-type":"","overlay-color":"","overlay-opacity":"","overlay-gradient":""}},"ast-content-background-meta":{"desktop":{"background-color":"var(--ast-global-color-5)","background-image":"","background-repeat":"repeat","background-position":"center center","background-size":"auto","background-attachment":"scroll","background-type":"","background-media":"","overlay-type":"","overlay-color":"","overlay-opacity":"","overlay-gradient":""},"tablet":{"background-color":"var(--ast-global-color-5)","background-image":"","background-repeat":"repeat","background-position":"center center","background-size":"auto","background-attachment":"scroll","background-type":"","background-media":"","overlay-type":"","overlay-color":"","overlay-opacity":"","overlay-gradient":""},"mobile":{"background-color":"var(--ast-global-color-5)","background-image":"","background-repeat":"repeat","background-position":"center center","background-size":"auto","background-attachment":"scroll","background-type":"","background-media":"","overlay-type":"","overlay-color":"","overlay-opacity":"","overlay-gradient":""}},"footnotes":""},"class_list":["post-223","page","type-page","status-publish","hentry"],"_links":{"self":[{"href":"https:\/\/cecilemachin.com\/index.php\/wp-json\/wp\/v2\/pages\/223","targetHints":{"allow":["GET"]}}],"collection":[{"href":"https:\/\/cecilemachin.com\/index.php\/wp-json\/wp\/v2\/pages"}],"about":[{"href":"https:\/\/cecilemachin.com\/index.php\/wp-json\/wp\/v2\/types\/page"}],"author":[{"embeddable":true,"href":"https:\/\/cecilemachin.com\/index.php\/wp-json\/wp\/v2\/users\/1"}],"replies":[{"embeddable":true,"href":"https:\/\/cecilemachin.com\/index.php\/wp-json\/wp\/v2\/comments?post=223"}],"version-history":[{"count":11,"href":"https:\/\/cecilemachin.com\/index.php\/wp-json\/wp\/v2\/pages\/223\/revisions"}],"predecessor-version":[{"id":254,"href":"https:\/\/cecilemachin.com\/index.php\/wp-json\/wp\/v2\/pages\/223\/revisions\/254"}],"wp:attachment":[{"href":"https:\/\/cecilemachin.com\/index.php\/wp-json\/wp\/v2\/media?parent=223"}],"curies":[{"name":"wp","href":"https:\/\/api.w.org\/{rel}","templated":true}]}}