{"id":255,"date":"2024-01-21T20:34:51","date_gmt":"2024-01-21T19:34:51","guid":{"rendered":"http:\/\/cecilemachin.com\/?page_id=255"},"modified":"2024-01-21T20:46:48","modified_gmt":"2024-01-21T19:46:48","slug":"matricule-f34-900cie-le-cid","status":"publish","type":"page","link":"https:\/\/cecilemachin.com\/index.php\/matricule-f34-900cie-le-cid\/","title":{"rendered":"Matricule F34.900,cie Le CID"},"content":{"rendered":"\t\t<div data-elementor-type=\"wp-page\" data-elementor-id=\"255\" class=\"elementor elementor-255\">\n\t\t\t\t<div class=\"elementor-element elementor-element-db190c4 e-con-full e-flex e-con e-parent\" data-id=\"db190c4\" data-element_type=\"container\" data-e-type=\"container\">\n\t\t\t\t<div class=\"elementor-element elementor-element-3a512ab elementor-widget elementor-widget-image\" data-id=\"3a512ab\" data-element_type=\"widget\" data-e-type=\"widget\" data-widget_type=\"image.default\">\n\t\t\t\t<div class=\"elementor-widget-container\">\n\t\t\t\t\t\t\t\t\t\t\t\t\t\t\t<img fetchpriority=\"high\" decoding=\"async\" width=\"1024\" height=\"683\" src=\"https:\/\/cecilemachin.com\/wp-content\/uploads\/2024\/01\/matricule5-1024x683.jpg\" class=\"attachment-large size-large wp-image-265\" alt=\"\" srcset=\"https:\/\/cecilemachin.com\/wp-content\/uploads\/2024\/01\/matricule5-1024x683.jpg 1024w, https:\/\/cecilemachin.com\/wp-content\/uploads\/2024\/01\/matricule5-300x200.jpg 300w, https:\/\/cecilemachin.com\/wp-content\/uploads\/2024\/01\/matricule5-768x512.jpg 768w, https:\/\/cecilemachin.com\/wp-content\/uploads\/2024\/01\/matricule5.jpg 1350w\" sizes=\"(max-width: 1024px) 100vw, 1024px\" \/>\t\t\t\t\t\t\t\t\t\t\t\t\t\t\t<\/div>\n\t\t\t\t<\/div>\n\t\t\t\t<\/div>\n\t\t<div class=\"elementor-element elementor-element-f33cab1 e-flex e-con-boxed e-con e-parent\" data-id=\"f33cab1\" data-element_type=\"container\" data-e-type=\"container\">\n\t\t\t\t\t<div class=\"e-con-inner\">\n\t\t<div class=\"elementor-element elementor-element-25ea224 e-con-full e-flex e-con e-child\" data-id=\"25ea224\" data-element_type=\"container\" data-e-type=\"container\">\n\t\t\t\t<div class=\"elementor-element elementor-element-4b6aeee elementor-widget elementor-widget-heading\" data-id=\"4b6aeee\" data-element_type=\"widget\" data-e-type=\"widget\" data-widget_type=\"heading.default\">\n\t\t\t\t<div class=\"elementor-widget-container\">\n\t\t\t\t\t<h2 class=\"elementor-heading-title elementor-size-default\">Matricule F34.900,\ncie Le CID<\/h2>\t\t\t\t<\/div>\n\t\t\t\t<\/div>\n\t\t\t\t<div class=\"elementor-element elementor-element-9d63429 elementor-widget elementor-widget-text-editor\" data-id=\"9d63429\" data-element_type=\"widget\" data-e-type=\"widget\" data-widget_type=\"text-editor.default\">\n\t\t\t\t<div class=\"elementor-widget-container\">\n\t\t\t\t\t\t\t\t\t<h6>Th\u00e9atre de Gleiz\u00e9, 12 septembre 2020<\/h6><p>Cr\u00e9ation et mise en sc\u00e8ne : Amandine Vinson<\/p><h6><span style=\"font-size: small;\"><span style=\"font-size: xx-small;\"> <br \/>Interpr\u00e9tation : Pauline Thireau, Jeanne Morel, Maud Roussel, Pierrick Monnereau <br \/>Musique : Pierrick Monnereau <br \/>Lumi\u00e8re : Marie Vuylsteker. <br \/>Sc\u00e9nographie: Benjamin Bouvier, Amandine Vinson, Alain Vinson et Yann Vinson <br \/>Cr\u00e9dit photo : Denis Oeuillet <\/span><\/span><\/h6><h6>R\u00e9sidences de travail au Th\u00e9atre de Gleiz\u00e9, au Th\u00e9atre Th\u00e9o Argence \u00e0 saint Priest (69), \u00e0 la MJC de saint Just \u00e0 Lyon, et \u00e0 l&#8217;Escale, espace culturel de saint Genis les Olli\u00e8res (69).<\/h6><h6>Premi\u00e8re \u00e9tape de travail visible le 5 avril 2019 dans le cadre du Festival Cies en r\u00e9sonance \u00e0 la Mjc Saint-Just.<\/h6><h6>2019\/2020<\/h6>\t\t\t\t\t\t\t\t<\/div>\n\t\t\t\t<\/div>\n\t\t\t\t<\/div>\n\t\t<div class=\"elementor-element elementor-element-e09b727 e-con-full e-flex e-con e-child\" data-id=\"e09b727\" data-element_type=\"container\" data-e-type=\"container\">\n\t\t\t\t<div class=\"elementor-element elementor-element-d136616 elementor-widget elementor-widget-image\" data-id=\"d136616\" data-element_type=\"widget\" data-e-type=\"widget\" data-widget_type=\"image.default\">\n\t\t\t\t<div class=\"elementor-widget-container\">\n\t\t\t\t\t\t\t\t\t\t\t\t\t\t\t<img decoding=\"async\" width=\"333\" height=\"500\" src=\"https:\/\/cecilemachin.com\/wp-content\/uploads\/2024\/01\/matricule2.jpg\" class=\"attachment-large size-large wp-image-262\" alt=\"\" srcset=\"https:\/\/cecilemachin.com\/wp-content\/uploads\/2024\/01\/matricule2.jpg 333w, https:\/\/cecilemachin.com\/wp-content\/uploads\/2024\/01\/matricule2-200x300.jpg 200w\" sizes=\"(max-width: 333px) 100vw, 333px\" \/>\t\t\t\t\t\t\t\t\t\t\t\t\t\t\t<\/div>\n\t\t\t\t<\/div>\n\t\t\t\t<\/div>\n\t\t\t\t\t<\/div>\n\t\t\t\t<\/div>\n\t\t<div class=\"elementor-element elementor-element-2a089b2 e-flex e-con-boxed e-con e-parent\" data-id=\"2a089b2\" data-element_type=\"container\" data-e-type=\"container\">\n\t\t\t\t\t<div class=\"e-con-inner\">\n\t\t\t\t<div class=\"elementor-element elementor-element-5251e0d elementor-widget elementor-widget-image\" data-id=\"5251e0d\" data-element_type=\"widget\" data-e-type=\"widget\" data-widget_type=\"image.default\">\n\t\t\t\t<div class=\"elementor-widget-container\">\n\t\t\t\t\t\t\t\t\t\t\t\t\t\t\t<img decoding=\"async\" width=\"900\" height=\"600\" src=\"https:\/\/cecilemachin.com\/wp-content\/uploads\/2024\/01\/matricule3.jpg\" class=\"attachment-large size-large wp-image-263\" alt=\"\" srcset=\"https:\/\/cecilemachin.com\/wp-content\/uploads\/2024\/01\/matricule3.jpg 900w, https:\/\/cecilemachin.com\/wp-content\/uploads\/2024\/01\/matricule3-300x200.jpg 300w, https:\/\/cecilemachin.com\/wp-content\/uploads\/2024\/01\/matricule3-768x512.jpg 768w\" sizes=\"(max-width: 900px) 100vw, 900px\" \/>\t\t\t\t\t\t\t\t\t\t\t\t\t\t\t<\/div>\n\t\t\t\t<\/div>\n\t\t\t\t\t<\/div>\n\t\t\t\t<\/div>\n\t\t<div class=\"elementor-element elementor-element-ee50265 e-flex e-con-boxed e-con e-parent\" data-id=\"ee50265\" data-element_type=\"container\" data-e-type=\"container\">\n\t\t\t\t\t<div class=\"e-con-inner\">\n\t\t<div class=\"elementor-element elementor-element-6ad65f8 e-con-full e-flex e-con e-child\" data-id=\"6ad65f8\" data-element_type=\"container\" data-e-type=\"container\">\n\t\t\t\t<div class=\"elementor-element elementor-element-5084d41 elementor-widget elementor-widget-image\" data-id=\"5084d41\" data-element_type=\"widget\" data-e-type=\"widget\" data-widget_type=\"image.default\">\n\t\t\t\t<div class=\"elementor-widget-container\">\n\t\t\t\t\t\t\t\t\t\t\t\t\t\t\t<img loading=\"lazy\" decoding=\"async\" width=\"267\" height=\"400\" src=\"https:\/\/cecilemachin.com\/wp-content\/uploads\/2024\/01\/matricule7.jpg\" class=\"attachment-large size-large wp-image-267\" alt=\"\" srcset=\"https:\/\/cecilemachin.com\/wp-content\/uploads\/2024\/01\/matricule7.jpg 267w, https:\/\/cecilemachin.com\/wp-content\/uploads\/2024\/01\/matricule7-200x300.jpg 200w\" sizes=\"(max-width: 267px) 100vw, 267px\" \/>\t\t\t\t\t\t\t\t\t\t\t\t\t\t\t<\/div>\n\t\t\t\t<\/div>\n\t\t\t\t<\/div>\n\t\t<div class=\"elementor-element elementor-element-25e1691 e-con-full e-flex e-con e-child\" data-id=\"25e1691\" data-element_type=\"container\" data-e-type=\"container\">\n\t\t\t\t<div class=\"elementor-element elementor-element-fe57b3d elementor-widget elementor-widget-image\" data-id=\"fe57b3d\" data-element_type=\"widget\" data-e-type=\"widget\" data-widget_type=\"image.default\">\n\t\t\t\t<div class=\"elementor-widget-container\">\n\t\t\t\t\t\t\t\t\t\t\t\t\t\t\t<img loading=\"lazy\" decoding=\"async\" width=\"266\" height=\"400\" src=\"https:\/\/cecilemachin.com\/wp-content\/uploads\/2024\/01\/matricule1.jpg\" class=\"attachment-large size-large wp-image-261\" alt=\"\" srcset=\"https:\/\/cecilemachin.com\/wp-content\/uploads\/2024\/01\/matricule1.jpg 266w, https:\/\/cecilemachin.com\/wp-content\/uploads\/2024\/01\/matricule1-200x300.jpg 200w\" sizes=\"(max-width: 266px) 100vw, 266px\" \/>\t\t\t\t\t\t\t\t\t\t\t\t\t\t\t<\/div>\n\t\t\t\t<\/div>\n\t\t\t\t<\/div>\n\t\t<div class=\"elementor-element elementor-element-7bbcbad e-con-full e-flex e-con e-child\" data-id=\"7bbcbad\" data-element_type=\"container\" data-e-type=\"container\">\n\t\t\t\t<div class=\"elementor-element elementor-element-8590b44 elementor-widget elementor-widget-text-editor\" data-id=\"8590b44\" data-element_type=\"widget\" data-e-type=\"widget\" data-widget_type=\"text-editor.default\">\n\t\t\t\t<div class=\"elementor-widget-container\">\n\t\t\t\t\t\t\t\t\t<p><span style=\"font-size: small;\"><span style=\"font-size: xx-small;\">Conception des costumes pendant la cr\u00e9ation de la pi\u00e8ce, au fil des r\u00e9sidences, de novembre 2018 \u00e0 septembre 2020. <\/span><\/span><br \/><br \/>Achat de certaines pi\u00e8ces avec modification (s\u00e9rie des manteaux, s\u00e9rie grandm\u00e8re-m\u00e8re-fille). Fabrication des 3 combinaisons grises selon les mesures des com\u00e9diennes.<\/p>\t\t\t\t\t\t\t\t<\/div>\n\t\t\t\t<\/div>\n\t\t\t\t<\/div>\n\t\t\t\t\t<\/div>\n\t\t\t\t<\/div>\n\t\t<div class=\"elementor-element elementor-element-bc3348f e-flex e-con-boxed e-con e-parent\" data-id=\"bc3348f\" data-element_type=\"container\" data-e-type=\"container\">\n\t\t\t\t\t<div class=\"e-con-inner\">\n\t\t<div class=\"elementor-element elementor-element-18ac5bf e-con-full e-flex e-con e-child\" data-id=\"18ac5bf\" data-element_type=\"container\" data-e-type=\"container\">\n\t\t\t\t<div class=\"elementor-element elementor-element-aee6831 elementor-widget elementor-widget-image\" data-id=\"aee6831\" data-element_type=\"widget\" data-e-type=\"widget\" data-widget_type=\"image.default\">\n\t\t\t\t<div class=\"elementor-widget-container\">\n\t\t\t\t\t\t\t\t\t\t\t\t\t\t\t<img loading=\"lazy\" decoding=\"async\" width=\"425\" height=\"350\" src=\"https:\/\/cecilemachin.com\/wp-content\/uploads\/2024\/01\/matricule11.jpg\" class=\"attachment-large size-large wp-image-270\" alt=\"\" srcset=\"https:\/\/cecilemachin.com\/wp-content\/uploads\/2024\/01\/matricule11.jpg 425w, https:\/\/cecilemachin.com\/wp-content\/uploads\/2024\/01\/matricule11-300x247.jpg 300w\" sizes=\"(max-width: 425px) 100vw, 425px\" \/>\t\t\t\t\t\t\t\t\t\t\t\t\t\t\t<\/div>\n\t\t\t\t<\/div>\n\t\t\t\t<\/div>\n\t\t<div class=\"elementor-element elementor-element-d2c9eac e-con-full e-flex e-con e-child\" data-id=\"d2c9eac\" data-element_type=\"container\" data-e-type=\"container\">\n\t\t\t\t<div class=\"elementor-element elementor-element-5b1c347 elementor-widget elementor-widget-image\" data-id=\"5b1c347\" data-element_type=\"widget\" data-e-type=\"widget\" data-widget_type=\"image.default\">\n\t\t\t\t<div class=\"elementor-widget-container\">\n\t\t\t\t\t\t\t\t\t\t\t\t\t\t\t<img loading=\"lazy\" decoding=\"async\" width=\"600\" height=\"400\" src=\"https:\/\/cecilemachin.com\/wp-content\/uploads\/2024\/01\/matricule10.jpg\" class=\"attachment-large size-large wp-image-269\" alt=\"\" srcset=\"https:\/\/cecilemachin.com\/wp-content\/uploads\/2024\/01\/matricule10.jpg 600w, https:\/\/cecilemachin.com\/wp-content\/uploads\/2024\/01\/matricule10-300x200.jpg 300w\" sizes=\"(max-width: 600px) 100vw, 600px\" \/>\t\t\t\t\t\t\t\t\t\t\t\t\t\t\t<\/div>\n\t\t\t\t<\/div>\n\t\t\t\t<\/div>\n\t\t\t\t\t<\/div>\n\t\t\t\t<\/div>\n\t\t<div class=\"elementor-element elementor-element-0b7972b e-flex e-con-boxed e-con e-parent\" data-id=\"0b7972b\" data-element_type=\"container\" data-e-type=\"container\">\n\t\t\t\t\t<div class=\"e-con-inner\">\n\t\t<div class=\"elementor-element elementor-element-21fafa0 e-con-full e-flex e-con e-child\" data-id=\"21fafa0\" data-element_type=\"container\" data-e-type=\"container\">\n\t\t\t\t<\/div>\n\t\t<div class=\"elementor-element elementor-element-7794ccf e-con-full e-flex e-con e-child\" data-id=\"7794ccf\" data-element_type=\"container\" data-e-type=\"container\">\n\t\t\t\t<div class=\"elementor-element elementor-element-d8ad44c elementor-widget elementor-widget-image\" data-id=\"d8ad44c\" data-element_type=\"widget\" data-e-type=\"widget\" data-widget_type=\"image.default\">\n\t\t\t\t<div class=\"elementor-widget-container\">\n\t\t\t\t\t\t\t\t\t\t\t\t\t\t\t<img loading=\"lazy\" decoding=\"async\" width=\"320\" height=\"375\" src=\"https:\/\/cecilemachin.com\/wp-content\/uploads\/2024\/01\/matricule6.jpg\" class=\"attachment-large size-large wp-image-266\" alt=\"\" srcset=\"https:\/\/cecilemachin.com\/wp-content\/uploads\/2024\/01\/matricule6.jpg 320w, https:\/\/cecilemachin.com\/wp-content\/uploads\/2024\/01\/matricule6-256x300.jpg 256w\" sizes=\"(max-width: 320px) 100vw, 320px\" \/>\t\t\t\t\t\t\t\t\t\t\t\t\t\t\t<\/div>\n\t\t\t\t<\/div>\n\t\t\t\t<\/div>\n\t\t\t\t\t<\/div>\n\t\t\t\t<\/div>\n\t\t<div class=\"elementor-element elementor-element-f077c80 e-flex e-con-boxed e-con e-parent\" data-id=\"f077c80\" data-element_type=\"container\" data-e-type=\"container\">\n\t\t\t\t\t<div class=\"e-con-inner\">\n\t\t\t\t<div class=\"elementor-element elementor-element-d1a023f elementor-widget elementor-widget-image\" data-id=\"d1a023f\" data-element_type=\"widget\" data-e-type=\"widget\" data-widget_type=\"image.default\">\n\t\t\t\t<div class=\"elementor-widget-container\">\n\t\t\t\t\t\t\t\t\t\t\t\t\t\t\t<img loading=\"lazy\" decoding=\"async\" width=\"768\" height=\"512\" src=\"https:\/\/cecilemachin.com\/wp-content\/uploads\/2024\/01\/matricule9-768x512.jpg\" class=\"attachment-medium_large size-medium_large wp-image-268\" alt=\"\" srcset=\"https:\/\/cecilemachin.com\/wp-content\/uploads\/2024\/01\/matricule9-768x512.jpg 768w, https:\/\/cecilemachin.com\/wp-content\/uploads\/2024\/01\/matricule9-300x200.jpg 300w, https:\/\/cecilemachin.com\/wp-content\/uploads\/2024\/01\/matricule9.jpg 900w\" sizes=\"(max-width: 768px) 100vw, 768px\" \/>\t\t\t\t\t\t\t\t\t\t\t\t\t\t\t<\/div>\n\t\t\t\t<\/div>\n\t\t\t\t\t<\/div>\n\t\t\t\t<\/div>\n\t\t<div class=\"elementor-element elementor-element-fa46298 e-con-full e-flex e-con e-parent\" data-id=\"fa46298\" data-element_type=\"container\" data-e-type=\"container\">\n\t\t\t\t<div class=\"elementor-element elementor-element-de4829e elementor-widget elementor-widget-image\" data-id=\"de4829e\" data-element_type=\"widget\" data-e-type=\"widget\" data-widget_type=\"image.default\">\n\t\t\t\t<div class=\"elementor-widget-container\">\n\t\t\t\t\t\t\t\t\t\t\t\t\t\t\t<img loading=\"lazy\" decoding=\"async\" width=\"1024\" height=\"683\" src=\"https:\/\/cecilemachin.com\/wp-content\/uploads\/2024\/01\/matricule12-1024x683.jpg\" class=\"attachment-large size-large wp-image-271\" alt=\"\" srcset=\"https:\/\/cecilemachin.com\/wp-content\/uploads\/2024\/01\/matricule12-1024x683.jpg 1024w, https:\/\/cecilemachin.com\/wp-content\/uploads\/2024\/01\/matricule12-300x200.jpg 300w, https:\/\/cecilemachin.com\/wp-content\/uploads\/2024\/01\/matricule12-768x512.jpg 768w, https:\/\/cecilemachin.com\/wp-content\/uploads\/2024\/01\/matricule12.jpg 1350w\" sizes=\"(max-width: 1024px) 100vw, 1024px\" \/>\t\t\t\t\t\t\t\t\t\t\t\t\t\t\t<\/div>\n\t\t\t\t<\/div>\n\t\t\t\t<\/div>\n\t\t\t\t<\/div>\n\t\t","protected":false},"excerpt":{"rendered":"<p>Matricule F34.900, cie Le CID Th\u00e9atre de Gleiz\u00e9, 12 septembre 2020 Cr\u00e9ation et mise en sc\u00e8ne : Amandine Vinson Interpr\u00e9tation [&hellip;]<\/p>\n","protected":false},"author":1,"featured_media":0,"parent":0,"menu_order":0,"comment_status":"closed","ping_status":"closed","template":"","meta":{"site-sidebar-layout":"no-sidebar","site-content-layout":"","ast-site-content-layout":"full-width-container","site-content-style":"default","site-sidebar-style":"default","ast-global-header-display":"","ast-banner-title-visibility":"","ast-main-header-display":"","ast-hfb-above-header-display":"","ast-hfb-below-header-display":"","ast-hfb-mobile-header-display":"","site-post-title":"disabled","ast-breadcrumbs-content":"","ast-featured-img":"disabled","footer-sml-layout":"","ast-disable-related-posts":"","theme-transparent-header-meta":"","adv-header-id-meta":"","stick-header-meta":"","header-above-stick-meta":"","header-main-stick-meta":"","header-below-stick-meta":"","astra-migrate-meta-layouts":"default","ast-page-background-enabled":"default","ast-page-background-meta":{"desktop":{"background-color":"var(--ast-global-color-4)","background-image":"","background-repeat":"repeat","background-position":"center center","background-size":"auto","background-attachment":"scroll","background-type":"","background-media":"","overlay-type":"","overlay-color":"","overlay-opacity":"","overlay-gradient":""},"tablet":{"background-color":"","background-image":"","background-repeat":"repeat","background-position":"center center","background-size":"auto","background-attachment":"scroll","background-type":"","background-media":"","overlay-type":"","overlay-color":"","overlay-opacity":"","overlay-gradient":""},"mobile":{"background-color":"","background-image":"","background-repeat":"repeat","background-position":"center center","background-size":"auto","background-attachment":"scroll","background-type":"","background-media":"","overlay-type":"","overlay-color":"","overlay-opacity":"","overlay-gradient":""}},"ast-content-background-meta":{"desktop":{"background-color":"var(--ast-global-color-5)","background-image":"","background-repeat":"repeat","background-position":"center center","background-size":"auto","background-attachment":"scroll","background-type":"","background-media":"","overlay-type":"","overlay-color":"","overlay-opacity":"","overlay-gradient":""},"tablet":{"background-color":"var(--ast-global-color-5)","background-image":"","background-repeat":"repeat","background-position":"center center","background-size":"auto","background-attachment":"scroll","background-type":"","background-media":"","overlay-type":"","overlay-color":"","overlay-opacity":"","overlay-gradient":""},"mobile":{"background-color":"var(--ast-global-color-5)","background-image":"","background-repeat":"repeat","background-position":"center center","background-size":"auto","background-attachment":"scroll","background-type":"","background-media":"","overlay-type":"","overlay-color":"","overlay-opacity":"","overlay-gradient":""}},"footnotes":""},"class_list":["post-255","page","type-page","status-publish","hentry"],"_links":{"self":[{"href":"https:\/\/cecilemachin.com\/index.php\/wp-json\/wp\/v2\/pages\/255","targetHints":{"allow":["GET"]}}],"collection":[{"href":"https:\/\/cecilemachin.com\/index.php\/wp-json\/wp\/v2\/pages"}],"about":[{"href":"https:\/\/cecilemachin.com\/index.php\/wp-json\/wp\/v2\/types\/page"}],"author":[{"embeddable":true,"href":"https:\/\/cecilemachin.com\/index.php\/wp-json\/wp\/v2\/users\/1"}],"replies":[{"embeddable":true,"href":"https:\/\/cecilemachin.com\/index.php\/wp-json\/wp\/v2\/comments?post=255"}],"version-history":[{"count":7,"href":"https:\/\/cecilemachin.com\/index.php\/wp-json\/wp\/v2\/pages\/255\/revisions"}],"predecessor-version":[{"id":277,"href":"https:\/\/cecilemachin.com\/index.php\/wp-json\/wp\/v2\/pages\/255\/revisions\/277"}],"wp:attachment":[{"href":"https:\/\/cecilemachin.com\/index.php\/wp-json\/wp\/v2\/media?parent=255"}],"curies":[{"name":"wp","href":"https:\/\/api.w.org\/{rel}","templated":true}]}}