{"id":278,"date":"2024-01-21T20:47:28","date_gmt":"2024-01-21T19:47:28","guid":{"rendered":"http:\/\/cecilemachin.com\/?page_id=278"},"modified":"2024-01-21T20:56:04","modified_gmt":"2024-01-21T19:56:04","slug":"thestathesis-creatures-du-7continent","status":"publish","type":"page","link":"https:\/\/cecilemachin.com\/index.php\/thestathesis-creatures-du-7continent\/","title":{"rendered":"Thestath\u00e9sis, cr\u00e9atures du 7\u00b0continent"},"content":{"rendered":"\t\t<div data-elementor-type=\"wp-page\" data-elementor-id=\"278\" class=\"elementor elementor-278\">\n\t\t\t\t<div class=\"elementor-element elementor-element-5baab97 e-flex e-con-boxed e-con e-parent\" data-id=\"5baab97\" data-element_type=\"container\" data-e-type=\"container\">\n\t\t\t\t\t<div class=\"e-con-inner\">\n\t\t<div class=\"elementor-element elementor-element-01303b5 e-con-full e-flex e-con e-child\" data-id=\"01303b5\" data-element_type=\"container\" data-e-type=\"container\">\n\t\t\t\t<div class=\"elementor-element elementor-element-1d6a07b elementor-widget elementor-widget-image\" data-id=\"1d6a07b\" data-element_type=\"widget\" data-e-type=\"widget\" data-widget_type=\"image.default\">\n\t\t\t\t<div class=\"elementor-widget-container\">\n\t\t\t\t\t\t\t\t\t\t\t\t\t\t\t<img fetchpriority=\"high\" decoding=\"async\" width=\"534\" height=\"400\" src=\"https:\/\/cecilemachin.com\/wp-content\/uploads\/2024\/01\/thestathesis1.jpg\" class=\"attachment-large size-large wp-image-280\" alt=\"\" srcset=\"https:\/\/cecilemachin.com\/wp-content\/uploads\/2024\/01\/thestathesis1.jpg 534w, https:\/\/cecilemachin.com\/wp-content\/uploads\/2024\/01\/thestathesis1-300x225.jpg 300w\" sizes=\"(max-width: 534px) 100vw, 534px\" \/>\t\t\t\t\t\t\t\t\t\t\t\t\t\t\t<\/div>\n\t\t\t\t<\/div>\n\t\t\t\t<\/div>\n\t\t<div class=\"elementor-element elementor-element-e157bbf e-con-full e-flex e-con e-child\" data-id=\"e157bbf\" data-element_type=\"container\" data-e-type=\"container\">\n\t\t\t\t<div class=\"elementor-element elementor-element-2c74ad5 elementor-widget elementor-widget-heading\" data-id=\"2c74ad5\" data-element_type=\"widget\" data-e-type=\"widget\" data-widget_type=\"heading.default\">\n\t\t\t\t<div class=\"elementor-widget-container\">\n\t\t\t\t\t<h2 class=\"elementor-heading-title elementor-size-default\">Thestath\u00e9sis, cr\u00e9atures du 7\u00b0continent<\/h2>\t\t\t\t<\/div>\n\t\t\t\t<\/div>\n\t\t\t\t<div class=\"elementor-element elementor-element-c1025a2 elementor-widget elementor-widget-text-editor\" data-id=\"c1025a2\" data-element_type=\"widget\" data-e-type=\"widget\" data-widget_type=\"text-editor.default\">\n\t\t\t\t<div class=\"elementor-widget-container\">\n\t\t\t\t\t\t\t\t\t<h2><a class=\"text\" href=\"https:\/\/www.antiquarks.org\/participatif\/testathesis\/\">Cie Antiquarks<\/a> <br \/>Direction artistique : Richard Mons\u00e9gu &amp; S\u00e9bastien Tron <br \/>Artiste associ\u00e9 &#8211; vid\u00e9aste : Zacharie Dangoin <br \/>Artiste associ\u00e9 &#8211; costumi\u00e8re : C\u00e9cile Machin <br \/>Production : Sarah Battegay &amp; Amandine Frachisse <br \/>2021<\/h2><p><span style=\"font-size: small;\"><span style=\"font-size: xx-small;\"><br \/>La compagnie Antiquarks continue son action au quartier Moulin \u00e0 Vent (Lyon 8e) avec ce projet de court m\u00e9trage r\u00e9alis\u00e9 avec les enfants et ados du quartier, pour qu&#8217;ils s&#8217;emparent du sujet des d\u00e9chets plastique dans les oc\u00e9ans. <br \/><br \/>Ils ont pu vraiment fabriqu\u00e9 le film lors de nombreux ateliers : rap, vid\u00e9o, peinture, \u00e9criture de chanson, fabrication de marionnettes&#8230; J&#8217;animais les ateliers fabrication de cr\u00e9atures de la mer, uniquement avec du plastique venant des poubelles jaune de tri. Pas de peinture. Seul le pistolet \u00e0 colle \u00e9tait ajout\u00e9 pour assembler les d\u00e9chets<\/span><\/span><\/p>\t\t\t\t\t\t\t\t<\/div>\n\t\t\t\t<\/div>\n\t\t\t\t<\/div>\n\t\t\t\t\t<\/div>\n\t\t\t\t<\/div>\n\t\t<div class=\"elementor-element elementor-element-9f7d51f e-con-full e-flex e-con e-parent\" data-id=\"9f7d51f\" data-element_type=\"container\" data-e-type=\"container\">\n\t\t<div class=\"elementor-element elementor-element-4810735 e-con-full e-flex e-con e-child\" data-id=\"4810735\" data-element_type=\"container\" data-e-type=\"container\">\n\t\t\t\t<div class=\"elementor-element elementor-element-5583340 elementor-widget elementor-widget-image\" data-id=\"5583340\" data-element_type=\"widget\" data-e-type=\"widget\" data-widget_type=\"image.default\">\n\t\t\t\t<div class=\"elementor-widget-container\">\n\t\t\t\t\t\t\t\t\t\t\t\t\t\t\t<img decoding=\"async\" width=\"263\" height=\"350\" src=\"https:\/\/cecilemachin.com\/wp-content\/uploads\/2024\/01\/thestathesis4-1.jpg\" class=\"attachment-large size-large wp-image-283\" alt=\"\" srcset=\"https:\/\/cecilemachin.com\/wp-content\/uploads\/2024\/01\/thestathesis4-1.jpg 263w, https:\/\/cecilemachin.com\/wp-content\/uploads\/2024\/01\/thestathesis4-1-225x300.jpg 225w\" sizes=\"(max-width: 263px) 100vw, 263px\" \/>\t\t\t\t\t\t\t\t\t\t\t\t\t\t\t<\/div>\n\t\t\t\t<\/div>\n\t\t\t\t<\/div>\n\t\t<div class=\"elementor-element elementor-element-a933452 e-con-full e-flex e-con e-child\" data-id=\"a933452\" data-element_type=\"container\" data-e-type=\"container\">\n\t\t\t\t<div class=\"elementor-element elementor-element-a4ba1a5 elementor-widget elementor-widget-image\" data-id=\"a4ba1a5\" data-element_type=\"widget\" data-e-type=\"widget\" data-widget_type=\"image.default\">\n\t\t\t\t<div class=\"elementor-widget-container\">\n\t\t\t\t\t\t\t\t\t\t\t\t\t\t\t<img decoding=\"async\" width=\"467\" height=\"350\" src=\"https:\/\/cecilemachin.com\/wp-content\/uploads\/2024\/01\/thestathesis2-1.jpg\" class=\"attachment-large size-large wp-image-281\" alt=\"\" srcset=\"https:\/\/cecilemachin.com\/wp-content\/uploads\/2024\/01\/thestathesis2-1.jpg 467w, https:\/\/cecilemachin.com\/wp-content\/uploads\/2024\/01\/thestathesis2-1-300x225.jpg 300w\" sizes=\"(max-width: 467px) 100vw, 467px\" \/>\t\t\t\t\t\t\t\t\t\t\t\t\t\t\t<\/div>\n\t\t\t\t<\/div>\n\t\t\t\t<\/div>\n\t\t<div class=\"elementor-element elementor-element-b004270 e-con-full e-flex e-con e-child\" data-id=\"b004270\" data-element_type=\"container\" data-e-type=\"container\">\n\t\t\t\t<div class=\"elementor-element elementor-element-106102e elementor-widget elementor-widget-image\" data-id=\"106102e\" data-element_type=\"widget\" data-e-type=\"widget\" data-widget_type=\"image.default\">\n\t\t\t\t<div class=\"elementor-widget-container\">\n\t\t\t\t\t\t\t\t\t\t\t\t\t\t\t<img loading=\"lazy\" decoding=\"async\" width=\"263\" height=\"350\" src=\"https:\/\/cecilemachin.com\/wp-content\/uploads\/2024\/01\/thestathesis3.jpg\" class=\"attachment-large size-large wp-image-282\" alt=\"\" srcset=\"https:\/\/cecilemachin.com\/wp-content\/uploads\/2024\/01\/thestathesis3.jpg 263w, https:\/\/cecilemachin.com\/wp-content\/uploads\/2024\/01\/thestathesis3-225x300.jpg 225w\" sizes=\"(max-width: 263px) 100vw, 263px\" \/>\t\t\t\t\t\t\t\t\t\t\t\t\t\t\t<\/div>\n\t\t\t\t<\/div>\n\t\t\t\t<\/div>\n\t\t\t\t<\/div>\n\t\t<div class=\"elementor-element elementor-element-a8769eb e-flex e-con-boxed e-con e-parent\" data-id=\"a8769eb\" data-element_type=\"container\" data-e-type=\"container\">\n\t\t\t\t\t<div class=\"e-con-inner\">\n\t\t<div class=\"elementor-element elementor-element-dcad4fa e-con-full e-flex e-con e-child\" data-id=\"dcad4fa\" data-element_type=\"container\" data-e-type=\"container\">\n\t\t\t\t<div class=\"elementor-element elementor-element-96b5eb8 elementor-widget elementor-widget-text-editor\" data-id=\"96b5eb8\" data-element_type=\"widget\" data-e-type=\"widget\" data-widget_type=\"text-editor.default\">\n\t\t\t\t<div class=\"elementor-widget-container\">\n\t\t\t\t\t\t\t\t\t<p><span style=\"font-size: small;\"><span style=\"font-size: xx-small;\">L&#8217;atelier \u00e9tait baign\u00e9 dans une ambiance maritime avec des photos d&#8217;animaux marins r\u00e9els et imaginaires et des gires. Ensuite les enfants pouvaient suivre des prototypes de cr\u00eates de rascasse, de tentacules de pieuvre, de masques, d&#8217;\u00e9toiles de mer, de jetpack&#8230; ou fabriquer l&#8217;objet ou l&#8217;accessoire qu&#8217;ils imaginaient. <br \/><br \/>Des appareils photos ont ainsi \u00e9t\u00e9 fabriqu\u00e9s, des maquettes d&#8217;appartement , des capes de sir\u00e8ne, des masques de b\u00e9b\u00e9 m\u00e9chant, des colliers \u00e9toiles de mer etc&#8230;<\/span><\/span><\/p>\t\t\t\t\t\t\t\t<\/div>\n\t\t\t\t<\/div>\n\t\t\t\t<\/div>\n\t\t<div class=\"elementor-element elementor-element-315d4aa e-con-full e-flex e-con e-child\" data-id=\"315d4aa\" data-element_type=\"container\" data-e-type=\"container\">\n\t\t\t\t<div class=\"elementor-element elementor-element-65335b7 elementor-widget elementor-widget-image\" data-id=\"65335b7\" data-element_type=\"widget\" data-e-type=\"widget\" data-widget_type=\"image.default\">\n\t\t\t\t<div class=\"elementor-widget-container\">\n\t\t\t\t\t\t\t\t\t\t\t\t\t\t\t<img loading=\"lazy\" decoding=\"async\" width=\"360\" height=\"480\" src=\"https:\/\/cecilemachin.com\/wp-content\/uploads\/2024\/01\/thestathesis5.jpg\" class=\"attachment-large size-large wp-image-284\" alt=\"\" srcset=\"https:\/\/cecilemachin.com\/wp-content\/uploads\/2024\/01\/thestathesis5.jpg 360w, https:\/\/cecilemachin.com\/wp-content\/uploads\/2024\/01\/thestathesis5-225x300.jpg 225w\" sizes=\"(max-width: 360px) 100vw, 360px\" \/>\t\t\t\t\t\t\t\t\t\t\t\t\t\t\t<\/div>\n\t\t\t\t<\/div>\n\t\t\t\t<\/div>\n\t\t<div class=\"elementor-element elementor-element-d9dd2c5 e-con-full e-flex e-con e-child\" data-id=\"d9dd2c5\" data-element_type=\"container\" data-e-type=\"container\">\n\t\t\t\t<div class=\"elementor-element elementor-element-3928c2c elementor-widget elementor-widget-image\" data-id=\"3928c2c\" data-element_type=\"widget\" data-e-type=\"widget\" data-widget_type=\"image.default\">\n\t\t\t\t<div class=\"elementor-widget-container\">\n\t\t\t\t\t\t\t\t\t\t\t\t\t\t\t<img loading=\"lazy\" decoding=\"async\" width=\"300\" height=\"400\" src=\"https:\/\/cecilemachin.com\/wp-content\/uploads\/2024\/01\/thestathesis7.jpg\" class=\"attachment-large size-large wp-image-286\" alt=\"\" srcset=\"https:\/\/cecilemachin.com\/wp-content\/uploads\/2024\/01\/thestathesis7.jpg 300w, https:\/\/cecilemachin.com\/wp-content\/uploads\/2024\/01\/thestathesis7-225x300.jpg 225w\" sizes=\"(max-width: 300px) 100vw, 300px\" \/>\t\t\t\t\t\t\t\t\t\t\t\t\t\t\t<\/div>\n\t\t\t\t<\/div>\n\t\t\t\t<\/div>\n\t\t\t\t\t<\/div>\n\t\t\t\t<\/div>\n\t\t<div class=\"elementor-element elementor-element-17266e4 e-con-full e-flex e-con e-parent\" data-id=\"17266e4\" data-element_type=\"container\" data-e-type=\"container\">\n\t\t\t\t<div class=\"elementor-element elementor-element-9a86b4e elementor-widget elementor-widget-image\" data-id=\"9a86b4e\" data-element_type=\"widget\" data-e-type=\"widget\" data-widget_type=\"image.default\">\n\t\t\t\t<div class=\"elementor-widget-container\">\n\t\t\t\t\t\t\t\t\t\t\t\t\t\t\t<img loading=\"lazy\" decoding=\"async\" width=\"1024\" height=\"768\" src=\"https:\/\/cecilemachin.com\/wp-content\/uploads\/2024\/01\/thestathesis8.jpg\" class=\"attachment-large size-large wp-image-287\" alt=\"\" srcset=\"https:\/\/cecilemachin.com\/wp-content\/uploads\/2024\/01\/thestathesis8.jpg 1024w, https:\/\/cecilemachin.com\/wp-content\/uploads\/2024\/01\/thestathesis8-300x225.jpg 300w, https:\/\/cecilemachin.com\/wp-content\/uploads\/2024\/01\/thestathesis8-768x576.jpg 768w\" sizes=\"(max-width: 1024px) 100vw, 1024px\" \/>\t\t\t\t\t\t\t\t\t\t\t\t\t\t\t<\/div>\n\t\t\t\t<\/div>\n\t\t\t\t<\/div>\n\t\t<div class=\"elementor-element elementor-element-6f8f8e1 e-flex e-con-boxed e-con e-parent\" data-id=\"6f8f8e1\" data-element_type=\"container\" data-e-type=\"container\">\n\t\t\t\t\t<div class=\"e-con-inner\">\n\t\t<div class=\"elementor-element elementor-element-3ba986b e-con-full e-flex e-con e-child\" data-id=\"3ba986b\" data-element_type=\"container\" data-e-type=\"container\">\n\t\t\t\t<div class=\"elementor-element elementor-element-30c326f elementor-widget elementor-widget-image\" data-id=\"30c326f\" data-element_type=\"widget\" data-e-type=\"widget\" data-widget_type=\"image.default\">\n\t\t\t\t<div class=\"elementor-widget-container\">\n\t\t\t\t\t\t\t\t\t\t\t\t\t\t\t<img loading=\"lazy\" decoding=\"async\" width=\"338\" height=\"450\" src=\"https:\/\/cecilemachin.com\/wp-content\/uploads\/2024\/01\/thestathesis6.jpg\" class=\"attachment-large size-large wp-image-285\" alt=\"\" srcset=\"https:\/\/cecilemachin.com\/wp-content\/uploads\/2024\/01\/thestathesis6.jpg 338w, https:\/\/cecilemachin.com\/wp-content\/uploads\/2024\/01\/thestathesis6-225x300.jpg 225w\" sizes=\"(max-width: 338px) 100vw, 338px\" \/>\t\t\t\t\t\t\t\t\t\t\t\t\t\t\t<\/div>\n\t\t\t\t<\/div>\n\t\t\t\t<\/div>\n\t\t<div class=\"elementor-element elementor-element-9426281 e-con-full e-flex e-con e-child\" data-id=\"9426281\" data-element_type=\"container\" data-e-type=\"container\">\n\t\t\t\t<div class=\"elementor-element elementor-element-c79dbe9 elementor-widget elementor-widget-image\" data-id=\"c79dbe9\" data-element_type=\"widget\" data-e-type=\"widget\" data-widget_type=\"image.default\">\n\t\t\t\t<div class=\"elementor-widget-container\">\n\t\t\t\t\t\t\t\t\t\t\t\t\t\t\t<img loading=\"lazy\" decoding=\"async\" width=\"773\" height=\"580\" src=\"https:\/\/cecilemachin.com\/wp-content\/uploads\/2024\/01\/thestathesis10.jpg\" class=\"attachment-large size-large wp-image-289\" alt=\"\" srcset=\"https:\/\/cecilemachin.com\/wp-content\/uploads\/2024\/01\/thestathesis10.jpg 773w, https:\/\/cecilemachin.com\/wp-content\/uploads\/2024\/01\/thestathesis10-300x225.jpg 300w, https:\/\/cecilemachin.com\/wp-content\/uploads\/2024\/01\/thestathesis10-768x576.jpg 768w\" sizes=\"(max-width: 773px) 100vw, 773px\" \/>\t\t\t\t\t\t\t\t\t\t\t\t\t\t\t<\/div>\n\t\t\t\t<\/div>\n\t\t\t\t<\/div>\n\t\t\t\t\t<\/div>\n\t\t\t\t<\/div>\n\t\t<div class=\"elementor-element elementor-element-290d3af e-con-full e-flex e-con e-parent\" data-id=\"290d3af\" data-element_type=\"container\" data-e-type=\"container\">\n\t\t\t\t<div class=\"elementor-element elementor-element-bf876e0 elementor-widget elementor-widget-image\" data-id=\"bf876e0\" data-element_type=\"widget\" data-e-type=\"widget\" data-widget_type=\"image.default\">\n\t\t\t\t<div class=\"elementor-widget-container\">\n\t\t\t\t\t\t\t\t\t\t\t\t\t\t\t<img loading=\"lazy\" decoding=\"async\" width=\"441\" height=\"280\" src=\"https:\/\/cecilemachin.com\/wp-content\/uploads\/2024\/01\/thestathesis9.jpg\" class=\"attachment-large size-large wp-image-288\" alt=\"\" srcset=\"https:\/\/cecilemachin.com\/wp-content\/uploads\/2024\/01\/thestathesis9.jpg 441w, https:\/\/cecilemachin.com\/wp-content\/uploads\/2024\/01\/thestathesis9-300x190.jpg 300w\" sizes=\"(max-width: 441px) 100vw, 441px\" \/>\t\t\t\t\t\t\t\t\t\t\t\t\t\t\t<\/div>\n\t\t\t\t<\/div>\n\t\t\t\t<\/div>\n\t\t\t\t<\/div>\n\t\t","protected":false},"excerpt":{"rendered":"<p>Thestath\u00e9sis, cr\u00e9atures du 7\u00b0continent Cie Antiquarks Direction artistique : Richard Mons\u00e9gu &amp; S\u00e9bastien Tron Artiste associ\u00e9 &#8211; vid\u00e9aste : Zacharie [&hellip;]<\/p>\n","protected":false},"author":1,"featured_media":0,"parent":0,"menu_order":0,"comment_status":"closed","ping_status":"closed","template":"","meta":{"site-sidebar-layout":"no-sidebar","site-content-layout":"","ast-site-content-layout":"full-width-container","site-content-style":"default","site-sidebar-style":"default","ast-global-header-display":"","ast-banner-title-visibility":"","ast-main-header-display":"","ast-hfb-above-header-display":"","ast-hfb-below-header-display":"","ast-hfb-mobile-header-display":"","site-post-title":"disabled","ast-breadcrumbs-content":"","ast-featured-img":"disabled","footer-sml-layout":"","ast-disable-related-posts":"","theme-transparent-header-meta":"","adv-header-id-meta":"","stick-header-meta":"","header-above-stick-meta":"","header-main-stick-meta":"","header-below-stick-meta":"","astra-migrate-meta-layouts":"default","ast-page-background-enabled":"default","ast-page-background-meta":{"desktop":{"background-color":"var(--ast-global-color-4)","background-image":"","background-repeat":"repeat","background-position":"center center","background-size":"auto","background-attachment":"scroll","background-type":"","background-media":"","overlay-type":"","overlay-color":"","overlay-opacity":"","overlay-gradient":""},"tablet":{"background-color":"","background-image":"","background-repeat":"repeat","background-position":"center center","background-size":"auto","background-attachment":"scroll","background-type":"","background-media":"","overlay-type":"","overlay-color":"","overlay-opacity":"","overlay-gradient":""},"mobile":{"background-color":"","background-image":"","background-repeat":"repeat","background-position":"center center","background-size":"auto","background-attachment":"scroll","background-type":"","background-media":"","overlay-type":"","overlay-color":"","overlay-opacity":"","overlay-gradient":""}},"ast-content-background-meta":{"desktop":{"background-color":"var(--ast-global-color-5)","background-image":"","background-repeat":"repeat","background-position":"center center","background-size":"auto","background-attachment":"scroll","background-type":"","background-media":"","overlay-type":"","overlay-color":"","overlay-opacity":"","overlay-gradient":""},"tablet":{"background-color":"var(--ast-global-color-5)","background-image":"","background-repeat":"repeat","background-position":"center center","background-size":"auto","background-attachment":"scroll","background-type":"","background-media":"","overlay-type":"","overlay-color":"","overlay-opacity":"","overlay-gradient":""},"mobile":{"background-color":"var(--ast-global-color-5)","background-image":"","background-repeat":"repeat","background-position":"center center","background-size":"auto","background-attachment":"scroll","background-type":"","background-media":"","overlay-type":"","overlay-color":"","overlay-opacity":"","overlay-gradient":""}},"footnotes":""},"class_list":["post-278","page","type-page","status-publish","hentry"],"_links":{"self":[{"href":"https:\/\/cecilemachin.com\/index.php\/wp-json\/wp\/v2\/pages\/278","targetHints":{"allow":["GET"]}}],"collection":[{"href":"https:\/\/cecilemachin.com\/index.php\/wp-json\/wp\/v2\/pages"}],"about":[{"href":"https:\/\/cecilemachin.com\/index.php\/wp-json\/wp\/v2\/types\/page"}],"author":[{"embeddable":true,"href":"https:\/\/cecilemachin.com\/index.php\/wp-json\/wp\/v2\/users\/1"}],"replies":[{"embeddable":true,"href":"https:\/\/cecilemachin.com\/index.php\/wp-json\/wp\/v2\/comments?post=278"}],"version-history":[{"count":4,"href":"https:\/\/cecilemachin.com\/index.php\/wp-json\/wp\/v2\/pages\/278\/revisions"}],"predecessor-version":[{"id":292,"href":"https:\/\/cecilemachin.com\/index.php\/wp-json\/wp\/v2\/pages\/278\/revisions\/292"}],"wp:attachment":[{"href":"https:\/\/cecilemachin.com\/index.php\/wp-json\/wp\/v2\/media?parent=278"}],"curies":[{"name":"wp","href":"https:\/\/api.w.org\/{rel}","templated":true}]}}