{"id":319,"date":"2024-01-21T21:08:06","date_gmt":"2024-01-21T20:08:06","guid":{"rendered":"http:\/\/cecilemachin.com\/?page_id=319"},"modified":"2024-01-21T21:16:22","modified_gmt":"2024-01-21T20:16:22","slug":"journees-de-la-danse-2019-3-spectacles-du-conservatoire-de-vienne","status":"publish","type":"page","link":"https:\/\/cecilemachin.com\/index.php\/journees-de-la-danse-2019-3-spectacles-du-conservatoire-de-vienne\/","title":{"rendered":"Journ\u00e9es de la Danse 2019, 3 spectacles du Conservatoire de Vienne"},"content":{"rendered":"\t\t<div data-elementor-type=\"wp-page\" data-elementor-id=\"319\" class=\"elementor elementor-319\">\n\t\t\t\t<div class=\"elementor-element elementor-element-4d07fc5 e-con-full e-flex e-con e-parent\" data-id=\"4d07fc5\" data-element_type=\"container\" data-e-type=\"container\">\n\t\t\t\t<div class=\"elementor-element elementor-element-1abecb0 elementor-widget elementor-widget-image\" data-id=\"1abecb0\" data-element_type=\"widget\" data-e-type=\"widget\" data-widget_type=\"image.default\">\n\t\t\t\t<div class=\"elementor-widget-container\">\n\t\t\t\t\t\t\t\t\t\t\t\t\t\t\t<img fetchpriority=\"high\" decoding=\"async\" width=\"1024\" height=\"775\" src=\"https:\/\/cecilemachin.com\/wp-content\/uploads\/2024\/01\/semainedanse2019-1-1024x775.jpg\" class=\"attachment-large size-large wp-image-321\" alt=\"\" srcset=\"https:\/\/cecilemachin.com\/wp-content\/uploads\/2024\/01\/semainedanse2019-1-1024x775.jpg 1024w, https:\/\/cecilemachin.com\/wp-content\/uploads\/2024\/01\/semainedanse2019-1-300x227.jpg 300w, https:\/\/cecilemachin.com\/wp-content\/uploads\/2024\/01\/semainedanse2019-1-768x581.jpg 768w, https:\/\/cecilemachin.com\/wp-content\/uploads\/2024\/01\/semainedanse2019-1.jpg 1322w\" sizes=\"(max-width: 1024px) 100vw, 1024px\" \/>\t\t\t\t\t\t\t\t\t\t\t\t\t\t\t<\/div>\n\t\t\t\t<\/div>\n\t\t\t\t<\/div>\n\t\t<div class=\"elementor-element elementor-element-e2fd95a e-con-full e-flex e-con e-parent\" data-id=\"e2fd95a\" data-element_type=\"container\" data-e-type=\"container\">\n\t\t\t\t<div class=\"elementor-element elementor-element-92663a4 elementor-widget elementor-widget-heading\" data-id=\"92663a4\" data-element_type=\"widget\" data-e-type=\"widget\" data-widget_type=\"heading.default\">\n\t\t\t\t<div class=\"elementor-widget-container\">\n\t\t\t\t\t<h2 class=\"elementor-heading-title elementor-size-default\">Journ\u00e9es de la Danse 2019, 3 spectacles du Conservatoire de Vienne<\/h2>\t\t\t\t<\/div>\n\t\t\t\t<\/div>\n\t\t\t\t<\/div>\n\t\t<div class=\"elementor-element elementor-element-eb83ab4 e-con-full e-flex e-con e-parent\" data-id=\"eb83ab4\" data-element_type=\"container\" data-e-type=\"container\">\n\t\t\t\t<div class=\"elementor-element elementor-element-1afbcfd elementor-widget elementor-widget-text-editor\" data-id=\"1afbcfd\" data-element_type=\"widget\" data-e-type=\"widget\" data-widget_type=\"text-editor.default\">\n\t\t\t\t<div class=\"elementor-widget-container\">\n\t\t\t\t\t\t\t\t\t<h2>Spectacles le 18 mai et 5 juin au Man\u00e8ge. Et spectacle des petits le 12 juin \u00e0 l&#8217;auditorium du Trente. <br \/>Environ 100 costumes cr\u00e9\u00e9s et r\u00e9alis\u00e9s.<\/h2><p><span style=\"font-size: small;\"><span style=\"font-size: xx-small;\">Coordination p\u00f4le danse et danse contemporiane : Carla Frison. <\/span><\/span><\/p><p><span style=\"font-size: small;\"><span style=\"font-size: xx-small;\">Danse Jazz : H\u00e9l\u00e8ne Vidal. <\/span><\/span><\/p><p><span style=\"font-size: small;\"><span style=\"font-size: xx-small;\">Danse classique : Nad\u00e8ge Cabisidan<\/span><\/span><\/p>\t\t\t\t\t\t\t\t<\/div>\n\t\t\t\t<\/div>\n\t\t\t\t<\/div>\n\t\t<div class=\"elementor-element elementor-element-e9973e2 e-con-full e-flex e-con e-parent\" data-id=\"e9973e2\" data-element_type=\"container\" data-e-type=\"container\">\n\t\t<div class=\"elementor-element elementor-element-de26140 e-con-full e-flex e-con e-child\" data-id=\"de26140\" data-element_type=\"container\" data-e-type=\"container\">\n\t\t\t\t<div class=\"elementor-element elementor-element-a2114f9 elementor-widget elementor-widget-image\" data-id=\"a2114f9\" data-element_type=\"widget\" data-e-type=\"widget\" data-widget_type=\"image.default\">\n\t\t\t\t<div class=\"elementor-widget-container\">\n\t\t\t\t\t\t\t\t\t\t\t\t\t\t\t<img decoding=\"async\" width=\"560\" height=\"350\" src=\"https:\/\/cecilemachin.com\/wp-content\/uploads\/2024\/01\/semainedanse2019-2.jpg\" class=\"attachment-medium_large size-medium_large wp-image-322\" alt=\"\" srcset=\"https:\/\/cecilemachin.com\/wp-content\/uploads\/2024\/01\/semainedanse2019-2.jpg 560w, https:\/\/cecilemachin.com\/wp-content\/uploads\/2024\/01\/semainedanse2019-2-300x188.jpg 300w\" sizes=\"(max-width: 560px) 100vw, 560px\" \/>\t\t\t\t\t\t\t\t\t\t\t\t\t\t\t<\/div>\n\t\t\t\t<\/div>\n\t\t\t\t<\/div>\n\t\t<div class=\"elementor-element elementor-element-1a7aaef e-con-full e-flex e-con e-child\" data-id=\"1a7aaef\" data-element_type=\"container\" data-e-type=\"container\">\n\t\t\t\t<div class=\"elementor-element elementor-element-bf2befd elementor-widget elementor-widget-image\" data-id=\"bf2befd\" data-element_type=\"widget\" data-e-type=\"widget\" data-widget_type=\"image.default\">\n\t\t\t\t<div class=\"elementor-widget-container\">\n\t\t\t\t\t\t\t\t\t\t\t\t\t\t\t<img decoding=\"async\" width=\"608\" height=\"350\" src=\"https:\/\/cecilemachin.com\/wp-content\/uploads\/2024\/01\/semainedanse2019-3.jpg\" class=\"attachment-large size-large wp-image-323\" alt=\"\" srcset=\"https:\/\/cecilemachin.com\/wp-content\/uploads\/2024\/01\/semainedanse2019-3.jpg 608w, https:\/\/cecilemachin.com\/wp-content\/uploads\/2024\/01\/semainedanse2019-3-300x173.jpg 300w\" sizes=\"(max-width: 608px) 100vw, 608px\" \/>\t\t\t\t\t\t\t\t\t\t\t\t\t\t\t<\/div>\n\t\t\t\t<\/div>\n\t\t\t\t<\/div>\n\t\t\t\t<\/div>\n\t\t<div class=\"elementor-element elementor-element-9b89f43 e-flex e-con-boxed e-con e-parent\" data-id=\"9b89f43\" data-element_type=\"container\" data-e-type=\"container\">\n\t\t\t\t\t<div class=\"e-con-inner\">\n\t\t<div class=\"elementor-element elementor-element-9e881af e-con-full e-flex e-con e-child\" data-id=\"9e881af\" data-element_type=\"container\" data-e-type=\"container\">\n\t\t\t\t<div class=\"elementor-element elementor-element-b646397 elementor-widget elementor-widget-image\" data-id=\"b646397\" data-element_type=\"widget\" data-e-type=\"widget\" data-widget_type=\"image.default\">\n\t\t\t\t<div class=\"elementor-widget-container\">\n\t\t\t\t\t\t\t\t\t\t\t\t\t\t\t<img loading=\"lazy\" decoding=\"async\" width=\"401\" height=\"400\" src=\"https:\/\/cecilemachin.com\/wp-content\/uploads\/2024\/01\/semainedanse2019-7.jpg\" class=\"attachment-large size-large wp-image-327\" alt=\"\" srcset=\"https:\/\/cecilemachin.com\/wp-content\/uploads\/2024\/01\/semainedanse2019-7.jpg 401w, https:\/\/cecilemachin.com\/wp-content\/uploads\/2024\/01\/semainedanse2019-7-300x300.jpg 300w, https:\/\/cecilemachin.com\/wp-content\/uploads\/2024\/01\/semainedanse2019-7-150x150.jpg 150w\" sizes=\"(max-width: 401px) 100vw, 401px\" \/>\t\t\t\t\t\t\t\t\t\t\t\t\t\t\t<\/div>\n\t\t\t\t<\/div>\n\t\t\t\t<\/div>\n\t\t<div class=\"elementor-element elementor-element-1f06ad6 e-con-full e-flex e-con e-child\" data-id=\"1f06ad6\" data-element_type=\"container\" data-e-type=\"container\">\n\t\t\t\t<div class=\"elementor-element elementor-element-9d76196 elementor-widget elementor-widget-image\" data-id=\"9d76196\" data-element_type=\"widget\" data-e-type=\"widget\" data-widget_type=\"image.default\">\n\t\t\t\t<div class=\"elementor-widget-container\">\n\t\t\t\t\t\t\t\t\t\t\t\t\t\t\t<img loading=\"lazy\" decoding=\"async\" width=\"467\" height=\"600\" src=\"https:\/\/cecilemachin.com\/wp-content\/uploads\/2024\/01\/semainedanse2019-6.jpg\" class=\"attachment-large size-large wp-image-326\" alt=\"\" srcset=\"https:\/\/cecilemachin.com\/wp-content\/uploads\/2024\/01\/semainedanse2019-6.jpg 467w, https:\/\/cecilemachin.com\/wp-content\/uploads\/2024\/01\/semainedanse2019-6-234x300.jpg 234w\" sizes=\"(max-width: 467px) 100vw, 467px\" \/>\t\t\t\t\t\t\t\t\t\t\t\t\t\t\t<\/div>\n\t\t\t\t<\/div>\n\t\t\t\t<\/div>\n\t\t\t\t\t<\/div>\n\t\t\t\t<\/div>\n\t\t<div class=\"elementor-element elementor-element-344023e e-flex e-con-boxed e-con e-parent\" data-id=\"344023e\" data-element_type=\"container\" data-e-type=\"container\">\n\t\t\t\t\t<div class=\"e-con-inner\">\n\t\t<div class=\"elementor-element elementor-element-929775c e-con-full e-flex e-con e-child\" data-id=\"929775c\" data-element_type=\"container\" data-e-type=\"container\">\n\t\t\t\t<div class=\"elementor-element elementor-element-fffd82c elementor-widget elementor-widget-image\" data-id=\"fffd82c\" data-element_type=\"widget\" data-e-type=\"widget\" data-widget_type=\"image.default\">\n\t\t\t\t<div class=\"elementor-widget-container\">\n\t\t\t\t\t\t\t\t\t\t\t\t\t\t\t<img loading=\"lazy\" decoding=\"async\" width=\"554\" height=\"400\" src=\"https:\/\/cecilemachin.com\/wp-content\/uploads\/2024\/01\/semainedanse2019-8.jpg\" class=\"attachment-large size-large wp-image-328\" alt=\"\" srcset=\"https:\/\/cecilemachin.com\/wp-content\/uploads\/2024\/01\/semainedanse2019-8.jpg 554w, https:\/\/cecilemachin.com\/wp-content\/uploads\/2024\/01\/semainedanse2019-8-300x217.jpg 300w\" sizes=\"(max-width: 554px) 100vw, 554px\" \/>\t\t\t\t\t\t\t\t\t\t\t\t\t\t\t<\/div>\n\t\t\t\t<\/div>\n\t\t\t\t<\/div>\n\t\t<div class=\"elementor-element elementor-element-93df6aa e-con-full e-flex e-con e-child\" data-id=\"93df6aa\" data-element_type=\"container\" data-e-type=\"container\">\n\t\t\t\t<div class=\"elementor-element elementor-element-592bfd4 elementor-widget elementor-widget-image\" data-id=\"592bfd4\" data-element_type=\"widget\" data-e-type=\"widget\" data-widget_type=\"image.default\">\n\t\t\t\t<div class=\"elementor-widget-container\">\n\t\t\t\t\t\t\t\t\t\t\t\t\t\t\t<img loading=\"lazy\" decoding=\"async\" width=\"703\" height=\"400\" src=\"https:\/\/cecilemachin.com\/wp-content\/uploads\/2024\/01\/semainedanse2019-5.jpg\" class=\"attachment-large size-large wp-image-325\" alt=\"\" srcset=\"https:\/\/cecilemachin.com\/wp-content\/uploads\/2024\/01\/semainedanse2019-5.jpg 703w, https:\/\/cecilemachin.com\/wp-content\/uploads\/2024\/01\/semainedanse2019-5-300x171.jpg 300w\" sizes=\"(max-width: 703px) 100vw, 703px\" \/>\t\t\t\t\t\t\t\t\t\t\t\t\t\t\t<\/div>\n\t\t\t\t<\/div>\n\t\t\t\t<\/div>\n\t\t\t\t\t<\/div>\n\t\t\t\t<\/div>\n\t\t<div class=\"elementor-element elementor-element-92fecef e-con-full e-flex e-con e-parent\" data-id=\"92fecef\" data-element_type=\"container\" data-e-type=\"container\">\n\t\t\t\t<div class=\"elementor-element elementor-element-d442d09 elementor-widget elementor-widget-image\" data-id=\"d442d09\" data-element_type=\"widget\" data-e-type=\"widget\" data-widget_type=\"image.default\">\n\t\t\t\t<div class=\"elementor-widget-container\">\n\t\t\t\t\t\t\t\t\t\t\t\t\t\t\t<img loading=\"lazy\" decoding=\"async\" width=\"1500\" height=\"1000\" src=\"https:\/\/cecilemachin.com\/wp-content\/uploads\/2024\/01\/semainedanse2019-4.jpg\" class=\"attachment-full size-full wp-image-324\" alt=\"\" srcset=\"https:\/\/cecilemachin.com\/wp-content\/uploads\/2024\/01\/semainedanse2019-4.jpg 1500w, https:\/\/cecilemachin.com\/wp-content\/uploads\/2024\/01\/semainedanse2019-4-300x200.jpg 300w, https:\/\/cecilemachin.com\/wp-content\/uploads\/2024\/01\/semainedanse2019-4-1024x683.jpg 1024w, https:\/\/cecilemachin.com\/wp-content\/uploads\/2024\/01\/semainedanse2019-4-768x512.jpg 768w\" sizes=\"(max-width: 1500px) 100vw, 1500px\" \/>\t\t\t\t\t\t\t\t\t\t\t\t\t\t\t<\/div>\n\t\t\t\t<\/div>\n\t\t\t\t<\/div>\n\t\t\t\t<\/div>\n\t\t","protected":false},"excerpt":{"rendered":"<p>Journ\u00e9es de la Danse 2019, 3 spectacles du Conservatoire de Vienne Spectacles le 18 mai et 5 juin au Man\u00e8ge. [&hellip;]<\/p>\n","protected":false},"author":1,"featured_media":0,"parent":0,"menu_order":0,"comment_status":"closed","ping_status":"closed","template":"","meta":{"site-sidebar-layout":"no-sidebar","site-content-layout":"","ast-site-content-layout":"full-width-container","site-content-style":"default","site-sidebar-style":"default","ast-global-header-display":"","ast-banner-title-visibility":"","ast-main-header-display":"","ast-hfb-above-header-display":"","ast-hfb-below-header-display":"","ast-hfb-mobile-header-display":"","site-post-title":"disabled","ast-breadcrumbs-content":"","ast-featured-img":"disabled","footer-sml-layout":"","ast-disable-related-posts":"","theme-transparent-header-meta":"","adv-header-id-meta":"","stick-header-meta":"","header-above-stick-meta":"","header-main-stick-meta":"","header-below-stick-meta":"","astra-migrate-meta-layouts":"default","ast-page-background-enabled":"default","ast-page-background-meta":{"desktop":{"background-color":"var(--ast-global-color-4)","background-image":"","background-repeat":"repeat","background-position":"center center","background-size":"auto","background-attachment":"scroll","background-type":"","background-media":"","overlay-type":"","overlay-color":"","overlay-opacity":"","overlay-gradient":""},"tablet":{"background-color":"","background-image":"","background-repeat":"repeat","background-position":"center center","background-size":"auto","background-attachment":"scroll","background-type":"","background-media":"","overlay-type":"","overlay-color":"","overlay-opacity":"","overlay-gradient":""},"mobile":{"background-color":"","background-image":"","background-repeat":"repeat","background-position":"center center","background-size":"auto","background-attachment":"scroll","background-type":"","background-media":"","overlay-type":"","overlay-color":"","overlay-opacity":"","overlay-gradient":""}},"ast-content-background-meta":{"desktop":{"background-color":"var(--ast-global-color-5)","background-image":"","background-repeat":"repeat","background-position":"center center","background-size":"auto","background-attachment":"scroll","background-type":"","background-media":"","overlay-type":"","overlay-color":"","overlay-opacity":"","overlay-gradient":""},"tablet":{"background-color":"var(--ast-global-color-5)","background-image":"","background-repeat":"repeat","background-position":"center center","background-size":"auto","background-attachment":"scroll","background-type":"","background-media":"","overlay-type":"","overlay-color":"","overlay-opacity":"","overlay-gradient":""},"mobile":{"background-color":"var(--ast-global-color-5)","background-image":"","background-repeat":"repeat","background-position":"center center","background-size":"auto","background-attachment":"scroll","background-type":"","background-media":"","overlay-type":"","overlay-color":"","overlay-opacity":"","overlay-gradient":""}},"footnotes":""},"class_list":["post-319","page","type-page","status-publish","hentry"],"_links":{"self":[{"href":"https:\/\/cecilemachin.com\/index.php\/wp-json\/wp\/v2\/pages\/319","targetHints":{"allow":["GET"]}}],"collection":[{"href":"https:\/\/cecilemachin.com\/index.php\/wp-json\/wp\/v2\/pages"}],"about":[{"href":"https:\/\/cecilemachin.com\/index.php\/wp-json\/wp\/v2\/types\/page"}],"author":[{"embeddable":true,"href":"https:\/\/cecilemachin.com\/index.php\/wp-json\/wp\/v2\/users\/1"}],"replies":[{"embeddable":true,"href":"https:\/\/cecilemachin.com\/index.php\/wp-json\/wp\/v2\/comments?post=319"}],"version-history":[{"count":4,"href":"https:\/\/cecilemachin.com\/index.php\/wp-json\/wp\/v2\/pages\/319\/revisions"}],"predecessor-version":[{"id":332,"href":"https:\/\/cecilemachin.com\/index.php\/wp-json\/wp\/v2\/pages\/319\/revisions\/332"}],"wp:attachment":[{"href":"https:\/\/cecilemachin.com\/index.php\/wp-json\/wp\/v2\/media?parent=319"}],"curies":[{"name":"wp","href":"https:\/\/api.w.org\/{rel}","templated":true}]}}