{"id":392,"date":"2024-02-10T17:07:11","date_gmt":"2024-02-10T16:07:11","guid":{"rendered":"http:\/\/cecilemachin.com\/?page_id=392"},"modified":"2024-02-10T17:14:21","modified_gmt":"2024-02-10T16:14:21","slug":"biennale-danse-2018","status":"publish","type":"page","link":"https:\/\/cecilemachin.com\/index.php\/biennale-danse-2018\/","title":{"rendered":"Biennale de la danse 2018"},"content":{"rendered":"\t\t<div data-elementor-type=\"wp-page\" data-elementor-id=\"392\" class=\"elementor elementor-392\">\n\t\t\t\t<div class=\"elementor-element elementor-element-6db6441 e-flex e-con-boxed e-con e-parent\" data-id=\"6db6441\" data-element_type=\"container\" data-e-type=\"container\">\n\t\t\t\t\t<div class=\"e-con-inner\">\n\t\t\t\t<div class=\"elementor-element elementor-element-2a8b7dd elementor-widget elementor-widget-image\" data-id=\"2a8b7dd\" data-element_type=\"widget\" data-e-type=\"widget\" data-widget_type=\"image.default\">\n\t\t\t\t<div class=\"elementor-widget-container\">\n\t\t\t\t\t\t\t\t\t\t\t\t\t\t\t<img fetchpriority=\"high\" decoding=\"async\" width=\"751\" height=\"722\" src=\"https:\/\/cecilemachin.com\/wp-content\/uploads\/2024\/02\/biennale2018-2.jpg\" class=\"attachment-large size-large wp-image-395\" alt=\"\" srcset=\"https:\/\/cecilemachin.com\/wp-content\/uploads\/2024\/02\/biennale2018-2.jpg 751w, https:\/\/cecilemachin.com\/wp-content\/uploads\/2024\/02\/biennale2018-2-300x288.jpg 300w\" sizes=\"(max-width: 751px) 100vw, 751px\" \/>\t\t\t\t\t\t\t\t\t\t\t\t\t\t\t<\/div>\n\t\t\t\t<\/div>\n\t\t\t\t\t<\/div>\n\t\t\t\t<\/div>\n\t\t<div class=\"elementor-element elementor-element-e17c9a5 e-flex e-con-boxed e-con e-parent\" data-id=\"e17c9a5\" data-element_type=\"container\" data-e-type=\"container\">\n\t\t\t\t\t<div class=\"e-con-inner\">\n\t\t\t\t<div class=\"elementor-element elementor-element-6d4457f elementor-widget elementor-widget-image\" data-id=\"6d4457f\" data-element_type=\"widget\" data-e-type=\"widget\" data-widget_type=\"image.default\">\n\t\t\t\t<div class=\"elementor-widget-container\">\n\t\t\t\t\t\t\t\t\t\t\t\t\t\t\t<img decoding=\"async\" width=\"750\" height=\"500\" src=\"https:\/\/cecilemachin.com\/wp-content\/uploads\/2024\/02\/biennale2018-7.jpg\" class=\"attachment-large size-large wp-image-400\" alt=\"\" srcset=\"https:\/\/cecilemachin.com\/wp-content\/uploads\/2024\/02\/biennale2018-7.jpg 750w, https:\/\/cecilemachin.com\/wp-content\/uploads\/2024\/02\/biennale2018-7-300x200.jpg 300w\" sizes=\"(max-width: 750px) 100vw, 750px\" \/>\t\t\t\t\t\t\t\t\t\t\t\t\t\t\t<\/div>\n\t\t\t\t<\/div>\n\t\t\t\t\t<\/div>\n\t\t\t\t<\/div>\n\t\t<div class=\"elementor-element elementor-element-1e9e1c9 e-flex e-con-boxed e-con e-parent\" data-id=\"1e9e1c9\" data-element_type=\"container\" data-e-type=\"container\">\n\t\t\t\t\t<div class=\"e-con-inner\">\n\t\t<div class=\"elementor-element elementor-element-4023f38 e-con-full e-flex e-con e-child\" data-id=\"4023f38\" data-element_type=\"container\" data-e-type=\"container\">\n\t\t\t\t<\/div>\n\t\t<div class=\"elementor-element elementor-element-543de6e e-con-full e-flex e-con e-child\" data-id=\"543de6e\" data-element_type=\"container\" data-e-type=\"container\">\n\t\t\t\t<div class=\"elementor-element elementor-element-6712a73 elementor-widget elementor-widget-heading\" data-id=\"6712a73\" data-element_type=\"widget\" data-e-type=\"widget\" data-widget_type=\"heading.default\">\n\t\t\t\t<div class=\"elementor-widget-container\">\n\t\t\t\t\t<h2 class=\"elementor-heading-title elementor-size-default\">D\u00e9fil\u00e9 de la biennale de la danse 2018 - \nCostumi\u00e8re pour le groupe du pays viennois<\/h2>\t\t\t\t<\/div>\n\t\t\t\t<\/div>\n\t\t\t\t<div class=\"elementor-element elementor-element-1564057 elementor-widget elementor-widget-text-editor\" data-id=\"1564057\" data-element_type=\"widget\" data-e-type=\"widget\" data-widget_type=\"text-editor.default\">\n\t\t\t\t<div class=\"elementor-widget-container\">\n\t\t\t\t\t\t\t\t\t<p><span style=\"font-size: medium;\">Cr\u00e9ation costumes, recherche de mati\u00e8res, animation des ateliers, confection pour <br \/>200 d\u00e9filants danseurs, percussionistes, pousseurs de structures&#8230; <br \/>Atelier costumes gratuit et ouvert \u00e0 tous pendant 4 mois, avec le soutien \u00e9norme du centre social de la vall\u00e9e de G\u00e8re -mille merci Anais !, et le centre social de l&#8217;Isle. <br \/><br \/>Projet port\u00e9 par la <a href=\"http:\/\/mjc-vienne.org\/section-18-biennale-de-la-danse\">MJC de Vienne<\/a> <br \/><br \/>Direction artistique : <a href=\"http:\/\/aquietla.com\/\">Carla Frison<\/a> <br \/>Plasticien : Nicolas Baduraux <br \/>Musicien compositeur : <a href=\"http:\/\/www.davidkiledjian.com\/\">David Kiledjian<\/a> <br \/>R\u00e9gisseur : Laurent Cech <br \/>Danseurs : H\u00e9l\u00e8ne Vidal (<a href=\"https:\/\/www.facebook.com\/compagnie.jazz.evolution\/\">Cie Jazz \u00e9volution<\/a>), Foued Chaia (Compagnie Impasse), Marwan Kadded (<a href=\"https:\/\/www.facebook.com\/CompagnieRelevant\/\">Cie Relevant<\/a>), <a href=\"https:\/\/www.facebook.com\/profile.php?id=100011563148555\">Germain Ducros<\/a>et 180 danseurs et musiciens b\u00e9n\u00e9voles ! <br \/>Cr\u00e9dit Photo : Daniel Peyreplane <br \/><br \/>Un \u00e9norme merci \u00e0 toutes les b\u00e9n\u00e9voles de l&#8217;atelier costumes !<\/span><\/p>\t\t\t\t\t\t\t\t<\/div>\n\t\t\t\t<\/div>\n\t\t\t\t<\/div>\n\t\t<div class=\"elementor-element elementor-element-589e8f4 e-con-full e-flex e-con e-child\" data-id=\"589e8f4\" data-element_type=\"container\" data-e-type=\"container\">\n\t\t\t\t<\/div>\n\t\t\t\t\t<\/div>\n\t\t\t\t<\/div>\n\t\t<div class=\"elementor-element elementor-element-2a45e23 e-flex e-con-boxed e-con e-parent\" data-id=\"2a45e23\" data-element_type=\"container\" data-e-type=\"container\">\n\t\t\t\t\t<div class=\"e-con-inner\">\n\t\t<div class=\"elementor-element elementor-element-cd8e992 e-con-full e-flex e-con e-child\" data-id=\"cd8e992\" data-element_type=\"container\" data-e-type=\"container\">\n\t\t\t\t<div class=\"elementor-element elementor-element-07dcb6a elementor-widget elementor-widget-image\" data-id=\"07dcb6a\" data-element_type=\"widget\" data-e-type=\"widget\" data-widget_type=\"image.default\">\n\t\t\t\t<div class=\"elementor-widget-container\">\n\t\t\t\t\t\t\t\t\t\t\t\t\t\t\t<img decoding=\"async\" width=\"500\" height=\"375\" src=\"https:\/\/cecilemachin.com\/wp-content\/uploads\/2024\/02\/biennale2018-8.jpg\" class=\"attachment-large size-large wp-image-401\" alt=\"\" srcset=\"https:\/\/cecilemachin.com\/wp-content\/uploads\/2024\/02\/biennale2018-8.jpg 500w, https:\/\/cecilemachin.com\/wp-content\/uploads\/2024\/02\/biennale2018-8-300x225.jpg 300w\" sizes=\"(max-width: 500px) 100vw, 500px\" \/>\t\t\t\t\t\t\t\t\t\t\t\t\t\t\t<\/div>\n\t\t\t\t<\/div>\n\t\t\t\t<\/div>\n\t\t<div class=\"elementor-element elementor-element-7c299cb e-con-full e-flex e-con e-child\" data-id=\"7c299cb\" data-element_type=\"container\" data-e-type=\"container\">\n\t\t\t\t<div class=\"elementor-element elementor-element-9e70209 elementor-widget elementor-widget-image\" data-id=\"9e70209\" data-element_type=\"widget\" data-e-type=\"widget\" data-widget_type=\"image.default\">\n\t\t\t\t<div class=\"elementor-widget-container\">\n\t\t\t\t\t\t\t\t\t\t\t\t\t\t\t<img loading=\"lazy\" decoding=\"async\" width=\"500\" height=\"375\" src=\"https:\/\/cecilemachin.com\/wp-content\/uploads\/2024\/02\/biennale2018-9.jpg\" class=\"attachment-large size-large wp-image-402\" alt=\"\" srcset=\"https:\/\/cecilemachin.com\/wp-content\/uploads\/2024\/02\/biennale2018-9.jpg 500w, https:\/\/cecilemachin.com\/wp-content\/uploads\/2024\/02\/biennale2018-9-300x225.jpg 300w\" sizes=\"(max-width: 500px) 100vw, 500px\" \/>\t\t\t\t\t\t\t\t\t\t\t\t\t\t\t<\/div>\n\t\t\t\t<\/div>\n\t\t\t\t<\/div>\n\t\t\t\t\t<\/div>\n\t\t\t\t<\/div>\n\t\t<div class=\"elementor-element elementor-element-398d2b5 e-con-full e-flex e-con e-parent\" data-id=\"398d2b5\" data-element_type=\"container\" data-e-type=\"container\">\n\t\t\t\t<div class=\"elementor-element elementor-element-627be3b elementor-widget elementor-widget-image\" data-id=\"627be3b\" data-element_type=\"widget\" data-e-type=\"widget\" data-widget_type=\"image.default\">\n\t\t\t\t<div class=\"elementor-widget-container\">\n\t\t\t\t\t\t\t\t\t\t\t\t\t\t\t<img loading=\"lazy\" decoding=\"async\" width=\"900\" height=\"600\" src=\"https:\/\/cecilemachin.com\/wp-content\/uploads\/2024\/02\/biennale2018-1.jpg\" class=\"attachment-large size-large wp-image-394\" alt=\"\" srcset=\"https:\/\/cecilemachin.com\/wp-content\/uploads\/2024\/02\/biennale2018-1.jpg 900w, https:\/\/cecilemachin.com\/wp-content\/uploads\/2024\/02\/biennale2018-1-300x200.jpg 300w, https:\/\/cecilemachin.com\/wp-content\/uploads\/2024\/02\/biennale2018-1-768x512.jpg 768w\" sizes=\"(max-width: 900px) 100vw, 900px\" \/>\t\t\t\t\t\t\t\t\t\t\t\t\t\t\t<\/div>\n\t\t\t\t<\/div>\n\t\t\t\t<\/div>\n\t\t<div class=\"elementor-element elementor-element-6ef301e e-flex e-con-boxed e-con e-parent\" data-id=\"6ef301e\" data-element_type=\"container\" data-e-type=\"container\">\n\t\t\t\t\t<div class=\"e-con-inner\">\n\t\t<div class=\"elementor-element elementor-element-ba695d3 e-con-full e-flex e-con e-child\" data-id=\"ba695d3\" data-element_type=\"container\" data-e-type=\"container\">\n\t\t\t\t<div class=\"elementor-element elementor-element-cea1c73 elementor-widget elementor-widget-image\" data-id=\"cea1c73\" data-element_type=\"widget\" data-e-type=\"widget\" data-widget_type=\"image.default\">\n\t\t\t\t<div class=\"elementor-widget-container\">\n\t\t\t\t\t\t\t\t\t\t\t\t\t\t\t<img loading=\"lazy\" decoding=\"async\" width=\"400\" height=\"400\" src=\"https:\/\/cecilemachin.com\/wp-content\/uploads\/2024\/02\/biennale2018-4.jpg\" class=\"attachment-large size-large wp-image-397\" alt=\"\" srcset=\"https:\/\/cecilemachin.com\/wp-content\/uploads\/2024\/02\/biennale2018-4.jpg 400w, https:\/\/cecilemachin.com\/wp-content\/uploads\/2024\/02\/biennale2018-4-300x300.jpg 300w, https:\/\/cecilemachin.com\/wp-content\/uploads\/2024\/02\/biennale2018-4-150x150.jpg 150w\" sizes=\"(max-width: 400px) 100vw, 400px\" \/>\t\t\t\t\t\t\t\t\t\t\t\t\t\t\t<\/div>\n\t\t\t\t<\/div>\n\t\t\t\t<\/div>\n\t\t<div class=\"elementor-element elementor-element-429026f e-con-full e-flex e-con e-child\" data-id=\"429026f\" data-element_type=\"container\" data-e-type=\"container\">\n\t\t\t\t<div class=\"elementor-element elementor-element-df76414 elementor-widget elementor-widget-image\" data-id=\"df76414\" data-element_type=\"widget\" data-e-type=\"widget\" data-widget_type=\"image.default\">\n\t\t\t\t<div class=\"elementor-widget-container\">\n\t\t\t\t\t\t\t\t\t\t\t\t\t\t\t<img loading=\"lazy\" decoding=\"async\" width=\"400\" height=\"266\" src=\"https:\/\/cecilemachin.com\/wp-content\/uploads\/2024\/02\/biennale2018-5.jpg\" class=\"attachment-large size-large wp-image-398\" alt=\"\" srcset=\"https:\/\/cecilemachin.com\/wp-content\/uploads\/2024\/02\/biennale2018-5.jpg 400w, https:\/\/cecilemachin.com\/wp-content\/uploads\/2024\/02\/biennale2018-5-300x200.jpg 300w\" sizes=\"(max-width: 400px) 100vw, 400px\" \/>\t\t\t\t\t\t\t\t\t\t\t\t\t\t\t<\/div>\n\t\t\t\t<\/div>\n\t\t\t\t<\/div>\n\t\t\t\t\t<\/div>\n\t\t\t\t<\/div>\n\t\t<div class=\"elementor-element elementor-element-ed0242b e-flex e-con-boxed e-con e-parent\" data-id=\"ed0242b\" data-element_type=\"container\" data-e-type=\"container\">\n\t\t\t\t\t<div class=\"e-con-inner\">\n\t\t<div class=\"elementor-element elementor-element-2dc0e7d e-con-full e-flex e-con e-child\" data-id=\"2dc0e7d\" data-element_type=\"container\" data-e-type=\"container\">\n\t\t\t\t<div class=\"elementor-element elementor-element-cf43bb5 elementor-widget elementor-widget-image\" data-id=\"cf43bb5\" data-element_type=\"widget\" data-e-type=\"widget\" data-widget_type=\"image.default\">\n\t\t\t\t<div class=\"elementor-widget-container\">\n\t\t\t\t\t\t\t\t\t\t\t\t\t\t\t<img loading=\"lazy\" decoding=\"async\" width=\"400\" height=\"300\" src=\"https:\/\/cecilemachin.com\/wp-content\/uploads\/2024\/02\/biennale2018-6.jpg\" class=\"attachment-large size-large wp-image-399\" alt=\"\" srcset=\"https:\/\/cecilemachin.com\/wp-content\/uploads\/2024\/02\/biennale2018-6.jpg 400w, https:\/\/cecilemachin.com\/wp-content\/uploads\/2024\/02\/biennale2018-6-300x225.jpg 300w\" sizes=\"(max-width: 400px) 100vw, 400px\" \/>\t\t\t\t\t\t\t\t\t\t\t\t\t\t\t<\/div>\n\t\t\t\t<\/div>\n\t\t\t\t<\/div>\n\t\t<div class=\"elementor-element elementor-element-8a9942b e-con-full e-flex e-con e-child\" data-id=\"8a9942b\" data-element_type=\"container\" data-e-type=\"container\">\n\t\t\t\t<div class=\"elementor-element elementor-element-f621d3b elementor-widget elementor-widget-image\" data-id=\"f621d3b\" data-element_type=\"widget\" data-e-type=\"widget\" data-widget_type=\"image.default\">\n\t\t\t\t<div class=\"elementor-widget-container\">\n\t\t\t\t\t\t\t\t\t\t\t\t\t\t\t<img loading=\"lazy\" decoding=\"async\" width=\"400\" height=\"400\" src=\"https:\/\/cecilemachin.com\/wp-content\/uploads\/2024\/02\/biennale2018-3.jpg\" class=\"attachment-large size-large wp-image-396\" alt=\"\" srcset=\"https:\/\/cecilemachin.com\/wp-content\/uploads\/2024\/02\/biennale2018-3.jpg 400w, https:\/\/cecilemachin.com\/wp-content\/uploads\/2024\/02\/biennale2018-3-300x300.jpg 300w, https:\/\/cecilemachin.com\/wp-content\/uploads\/2024\/02\/biennale2018-3-150x150.jpg 150w\" sizes=\"(max-width: 400px) 100vw, 400px\" \/>\t\t\t\t\t\t\t\t\t\t\t\t\t\t\t<\/div>\n\t\t\t\t<\/div>\n\t\t\t\t<\/div>\n\t\t\t\t\t<\/div>\n\t\t\t\t<\/div>\n\t\t\t\t<\/div>\n\t\t","protected":false},"excerpt":{"rendered":"<p>D\u00e9fil\u00e9 de la biennale de la danse 2018 &#8211; Costumi\u00e8re pour le groupe du pays viennois Cr\u00e9ation costumes, recherche de [&hellip;]<\/p>\n","protected":false},"author":1,"featured_media":0,"parent":0,"menu_order":0,"comment_status":"closed","ping_status":"closed","template":"","meta":{"site-sidebar-layout":"no-sidebar","site-content-layout":"","ast-site-content-layout":"full-width-container","site-content-style":"default","site-sidebar-style":"default","ast-global-header-display":"","ast-banner-title-visibility":"","ast-main-header-display":"","ast-hfb-above-header-display":"","ast-hfb-below-header-display":"","ast-hfb-mobile-header-display":"","site-post-title":"disabled","ast-breadcrumbs-content":"","ast-featured-img":"disabled","footer-sml-layout":"","ast-disable-related-posts":"","theme-transparent-header-meta":"","adv-header-id-meta":"","stick-header-meta":"","header-above-stick-meta":"","header-main-stick-meta":"","header-below-stick-meta":"","astra-migrate-meta-layouts":"default","ast-page-background-enabled":"default","ast-page-background-meta":{"desktop":{"background-color":"var(--ast-global-color-4)","background-image":"","background-repeat":"repeat","background-position":"center center","background-size":"auto","background-attachment":"scroll","background-type":"","background-media":"","overlay-type":"","overlay-color":"","overlay-opacity":"","overlay-gradient":""},"tablet":{"background-color":"","background-image":"","background-repeat":"repeat","background-position":"center center","background-size":"auto","background-attachment":"scroll","background-type":"","background-media":"","overlay-type":"","overlay-color":"","overlay-opacity":"","overlay-gradient":""},"mobile":{"background-color":"","background-image":"","background-repeat":"repeat","background-position":"center center","background-size":"auto","background-attachment":"scroll","background-type":"","background-media":"","overlay-type":"","overlay-color":"","overlay-opacity":"","overlay-gradient":""}},"ast-content-background-meta":{"desktop":{"background-color":"var(--ast-global-color-5)","background-image":"","background-repeat":"repeat","background-position":"center center","background-size":"auto","background-attachment":"scroll","background-type":"","background-media":"","overlay-type":"","overlay-color":"","overlay-opacity":"","overlay-gradient":""},"tablet":{"background-color":"var(--ast-global-color-5)","background-image":"","background-repeat":"repeat","background-position":"center center","background-size":"auto","background-attachment":"scroll","background-type":"","background-media":"","overlay-type":"","overlay-color":"","overlay-opacity":"","overlay-gradient":""},"mobile":{"background-color":"var(--ast-global-color-5)","background-image":"","background-repeat":"repeat","background-position":"center center","background-size":"auto","background-attachment":"scroll","background-type":"","background-media":"","overlay-type":"","overlay-color":"","overlay-opacity":"","overlay-gradient":""}},"footnotes":""},"class_list":["post-392","page","type-page","status-publish","hentry"],"_links":{"self":[{"href":"https:\/\/cecilemachin.com\/index.php\/wp-json\/wp\/v2\/pages\/392","targetHints":{"allow":["GET"]}}],"collection":[{"href":"https:\/\/cecilemachin.com\/index.php\/wp-json\/wp\/v2\/pages"}],"about":[{"href":"https:\/\/cecilemachin.com\/index.php\/wp-json\/wp\/v2\/types\/page"}],"author":[{"embeddable":true,"href":"https:\/\/cecilemachin.com\/index.php\/wp-json\/wp\/v2\/users\/1"}],"replies":[{"embeddable":true,"href":"https:\/\/cecilemachin.com\/index.php\/wp-json\/wp\/v2\/comments?post=392"}],"version-history":[{"count":5,"href":"https:\/\/cecilemachin.com\/index.php\/wp-json\/wp\/v2\/pages\/392\/revisions"}],"predecessor-version":[{"id":415,"href":"https:\/\/cecilemachin.com\/index.php\/wp-json\/wp\/v2\/pages\/392\/revisions\/415"}],"wp:attachment":[{"href":"https:\/\/cecilemachin.com\/index.php\/wp-json\/wp\/v2\/media?parent=392"}],"curies":[{"name":"wp","href":"https:\/\/api.w.org\/{rel}","templated":true}]}}