{"id":462,"date":"2024-02-10T17:42:55","date_gmt":"2024-02-10T16:42:55","guid":{"rendered":"http:\/\/cecilemachin.com\/?page_id=462"},"modified":"2024-02-10T17:47:47","modified_gmt":"2024-02-10T16:47:47","slug":"b612-dessine-moi-une-danse","status":"publish","type":"page","link":"https:\/\/cecilemachin.com\/index.php\/b612-dessine-moi-une-danse\/","title":{"rendered":"B612, dessine moi une danse"},"content":{"rendered":"\t\t<div data-elementor-type=\"wp-page\" data-elementor-id=\"462\" class=\"elementor elementor-462\">\n\t\t\t\t<div class=\"elementor-element elementor-element-3b90e6d e-flex e-con-boxed e-con e-parent\" data-id=\"3b90e6d\" data-element_type=\"container\" data-e-type=\"container\">\n\t\t\t\t\t<div class=\"e-con-inner\">\n\t\t\t\t<div class=\"elementor-element elementor-element-5a59bad elementor-widget elementor-widget-image\" data-id=\"5a59bad\" data-element_type=\"widget\" data-e-type=\"widget\" data-widget_type=\"image.default\">\n\t\t\t\t<div class=\"elementor-widget-container\">\n\t\t\t\t\t\t\t\t\t\t\t\t\t\t\t<img fetchpriority=\"high\" decoding=\"async\" width=\"1024\" height=\"681\" src=\"https:\/\/cecilemachin.com\/wp-content\/uploads\/2024\/02\/b612-2-1024x681.jpg\" class=\"attachment-large size-large wp-image-465\" alt=\"\" srcset=\"https:\/\/cecilemachin.com\/wp-content\/uploads\/2024\/02\/b612-2-1024x681.jpg 1024w, https:\/\/cecilemachin.com\/wp-content\/uploads\/2024\/02\/b612-2-300x199.jpg 300w, https:\/\/cecilemachin.com\/wp-content\/uploads\/2024\/02\/b612-2-768x510.jpg 768w, https:\/\/cecilemachin.com\/wp-content\/uploads\/2024\/02\/b612-2.jpg 1300w\" sizes=\"(max-width: 1024px) 100vw, 1024px\" \/>\t\t\t\t\t\t\t\t\t\t\t\t\t\t\t<\/div>\n\t\t\t\t<\/div>\n\t\t\t\t\t<\/div>\n\t\t\t\t<\/div>\n\t\t<div class=\"elementor-element elementor-element-6528ff0 e-flex e-con-boxed e-con e-parent\" data-id=\"6528ff0\" data-element_type=\"container\" data-e-type=\"container\">\n\t\t\t\t\t<div class=\"e-con-inner\">\n\t\t<div class=\"elementor-element elementor-element-d6a6eba e-con-full e-flex e-con e-child\" data-id=\"d6a6eba\" data-element_type=\"container\" data-e-type=\"container\">\n\t\t\t\t<div class=\"elementor-element elementor-element-6497c02 elementor-widget elementor-widget-image\" data-id=\"6497c02\" data-element_type=\"widget\" data-e-type=\"widget\" data-widget_type=\"image.default\">\n\t\t\t\t<div class=\"elementor-widget-container\">\n\t\t\t\t\t\t\t\t\t\t\t\t\t\t\t<img decoding=\"async\" width=\"213\" height=\"300\" src=\"https:\/\/cecilemachin.com\/wp-content\/uploads\/2024\/02\/b612-3.jpg\" class=\"attachment-large size-large wp-image-466\" alt=\"\" \/>\t\t\t\t\t\t\t\t\t\t\t\t\t\t\t<\/div>\n\t\t\t\t<\/div>\n\t\t\t\t<\/div>\n\t\t<div class=\"elementor-element elementor-element-f7de4bf e-con-full e-flex e-con e-child\" data-id=\"f7de4bf\" data-element_type=\"container\" data-e-type=\"container\">\n\t\t\t\t<div class=\"elementor-element elementor-element-7b32086 elementor-widget elementor-widget-image\" data-id=\"7b32086\" data-element_type=\"widget\" data-e-type=\"widget\" data-widget_type=\"image.default\">\n\t\t\t\t<div class=\"elementor-widget-container\">\n\t\t\t\t\t\t\t\t\t\t\t\t\t\t\t<img decoding=\"async\" width=\"222\" height=\"300\" src=\"https:\/\/cecilemachin.com\/wp-content\/uploads\/2024\/02\/b612-4.jpg\" class=\"attachment-large size-large wp-image-467\" alt=\"\" \/>\t\t\t\t\t\t\t\t\t\t\t\t\t\t\t<\/div>\n\t\t\t\t<\/div>\n\t\t\t\t<\/div>\n\t\t<div class=\"elementor-element elementor-element-f76dd14 e-con-full e-flex e-con e-child\" data-id=\"f76dd14\" data-element_type=\"container\" data-e-type=\"container\">\n\t\t\t\t<div class=\"elementor-element elementor-element-9162949 elementor-widget elementor-widget-heading\" data-id=\"9162949\" data-element_type=\"widget\" data-e-type=\"widget\" data-widget_type=\"heading.default\">\n\t\t\t\t<div class=\"elementor-widget-container\">\n\t\t\t\t\t<h2 class=\"elementor-heading-title elementor-size-default\">B612, dessine moi une danse\nCie Aqui et L\u00e0<\/h2>\t\t\t\t<\/div>\n\t\t\t\t<\/div>\n\t\t\t\t<div class=\"elementor-element elementor-element-443dc35 elementor-widget elementor-widget-text-editor\" data-id=\"443dc35\" data-element_type=\"widget\" data-e-type=\"widget\" data-widget_type=\"text-editor.default\">\n\t\t\t\t<div class=\"elementor-widget-container\">\n\t\t\t\t\t\t\t\t\t<p><span style=\"font-size: small;\">Cr\u00e9ation des costumes et accessoires. Spectacle jeune public<br \/>Chor\u00e9graphie et danse de Carla Frison, H\u00e9l\u00e8ne Vidal et Germain Ducros. <br \/>Accessoire papier de Nicolas Baduraux.<\/span><\/p><p><span style=\"font-size: small;\">2017<\/span><\/p><p>\u00a0<\/p>\t\t\t\t\t\t\t\t<\/div>\n\t\t\t\t<\/div>\n\t\t\t\t<\/div>\n\t\t\t\t\t<\/div>\n\t\t\t\t<\/div>\n\t\t<div class=\"elementor-element elementor-element-692e1bc e-flex e-con-boxed e-con e-parent\" data-id=\"692e1bc\" data-element_type=\"container\" data-e-type=\"container\">\n\t\t\t\t\t<div class=\"e-con-inner\">\n\t\t\t\t<div class=\"elementor-element elementor-element-6812039 elementor-widget elementor-widget-image\" data-id=\"6812039\" data-element_type=\"widget\" data-e-type=\"widget\" data-widget_type=\"image.default\">\n\t\t\t\t<div class=\"elementor-widget-container\">\n\t\t\t\t\t\t\t\t\t\t\t\t\t\t\t<img loading=\"lazy\" decoding=\"async\" width=\"1024\" height=\"681\" src=\"https:\/\/cecilemachin.com\/wp-content\/uploads\/2024\/02\/b612-7-1024x681.jpg\" class=\"attachment-large size-large wp-image-470\" alt=\"\" srcset=\"https:\/\/cecilemachin.com\/wp-content\/uploads\/2024\/02\/b612-7-1024x681.jpg 1024w, https:\/\/cecilemachin.com\/wp-content\/uploads\/2024\/02\/b612-7-300x199.jpg 300w, https:\/\/cecilemachin.com\/wp-content\/uploads\/2024\/02\/b612-7-768x510.jpg 768w, https:\/\/cecilemachin.com\/wp-content\/uploads\/2024\/02\/b612-7.jpg 1300w\" sizes=\"(max-width: 1024px) 100vw, 1024px\" \/>\t\t\t\t\t\t\t\t\t\t\t\t\t\t\t<\/div>\n\t\t\t\t<\/div>\n\t\t\t\t\t<\/div>\n\t\t\t\t<\/div>\n\t\t<div class=\"elementor-element elementor-element-35fe9e4 e-flex e-con-boxed e-con e-parent\" data-id=\"35fe9e4\" data-element_type=\"container\" data-e-type=\"container\">\n\t\t\t\t\t<div class=\"e-con-inner\">\n\t\t<div class=\"elementor-element elementor-element-16ee094 e-con-full e-flex e-con e-child\" data-id=\"16ee094\" data-element_type=\"container\" data-e-type=\"container\">\n\t\t\t\t<div class=\"elementor-element elementor-element-10ad078 elementor-widget elementor-widget-image\" data-id=\"10ad078\" data-element_type=\"widget\" data-e-type=\"widget\" data-widget_type=\"image.default\">\n\t\t\t\t<div class=\"elementor-widget-container\">\n\t\t\t\t\t\t\t\t\t\t\t\t\t\t\t<img loading=\"lazy\" decoding=\"async\" width=\"399\" height=\"600\" src=\"https:\/\/cecilemachin.com\/wp-content\/uploads\/2024\/02\/b612-6.jpg\" class=\"attachment-large size-large wp-image-469\" alt=\"\" srcset=\"https:\/\/cecilemachin.com\/wp-content\/uploads\/2024\/02\/b612-6.jpg 399w, https:\/\/cecilemachin.com\/wp-content\/uploads\/2024\/02\/b612-6-200x300.jpg 200w\" sizes=\"(max-width: 399px) 100vw, 399px\" \/>\t\t\t\t\t\t\t\t\t\t\t\t\t\t\t<\/div>\n\t\t\t\t<\/div>\n\t\t\t\t<\/div>\n\t\t<div class=\"elementor-element elementor-element-bf9b5cd e-con-full e-flex e-con e-child\" data-id=\"bf9b5cd\" data-element_type=\"container\" data-e-type=\"container\">\n\t\t\t\t<div class=\"elementor-element elementor-element-70faefe elementor-widget elementor-widget-image\" data-id=\"70faefe\" data-element_type=\"widget\" data-e-type=\"widget\" data-widget_type=\"image.default\">\n\t\t\t\t<div class=\"elementor-widget-container\">\n\t\t\t\t\t\t\t\t\t\t\t\t\t\t\t<img loading=\"lazy\" decoding=\"async\" width=\"399\" height=\"600\" src=\"https:\/\/cecilemachin.com\/wp-content\/uploads\/2024\/02\/b612-5.jpg\" class=\"attachment-large size-large wp-image-468\" alt=\"\" srcset=\"https:\/\/cecilemachin.com\/wp-content\/uploads\/2024\/02\/b612-5.jpg 399w, https:\/\/cecilemachin.com\/wp-content\/uploads\/2024\/02\/b612-5-200x300.jpg 200w\" sizes=\"(max-width: 399px) 100vw, 399px\" \/>\t\t\t\t\t\t\t\t\t\t\t\t\t\t\t<\/div>\n\t\t\t\t<\/div>\n\t\t\t\t<\/div>\n\t\t\t\t\t<\/div>\n\t\t\t\t<\/div>\n\t\t\t\t<\/div>\n\t\t","protected":false},"excerpt":{"rendered":"<p>B612, dessine moi une danse Cie Aqui et L\u00e0 Cr\u00e9ation des costumes et accessoires. Spectacle jeune publicChor\u00e9graphie et danse de [&hellip;]<\/p>\n","protected":false},"author":1,"featured_media":0,"parent":0,"menu_order":0,"comment_status":"closed","ping_status":"closed","template":"","meta":{"site-sidebar-layout":"no-sidebar","site-content-layout":"","ast-site-content-layout":"full-width-container","site-content-style":"default","site-sidebar-style":"default","ast-global-header-display":"","ast-banner-title-visibility":"","ast-main-header-display":"","ast-hfb-above-header-display":"","ast-hfb-below-header-display":"","ast-hfb-mobile-header-display":"","site-post-title":"disabled","ast-breadcrumbs-content":"","ast-featured-img":"disabled","footer-sml-layout":"","ast-disable-related-posts":"","theme-transparent-header-meta":"","adv-header-id-meta":"","stick-header-meta":"","header-above-stick-meta":"","header-main-stick-meta":"","header-below-stick-meta":"","astra-migrate-meta-layouts":"default","ast-page-background-enabled":"default","ast-page-background-meta":{"desktop":{"background-color":"var(--ast-global-color-4)","background-image":"","background-repeat":"repeat","background-position":"center center","background-size":"auto","background-attachment":"scroll","background-type":"","background-media":"","overlay-type":"","overlay-color":"","overlay-opacity":"","overlay-gradient":""},"tablet":{"background-color":"","background-image":"","background-repeat":"repeat","background-position":"center center","background-size":"auto","background-attachment":"scroll","background-type":"","background-media":"","overlay-type":"","overlay-color":"","overlay-opacity":"","overlay-gradient":""},"mobile":{"background-color":"","background-image":"","background-repeat":"repeat","background-position":"center center","background-size":"auto","background-attachment":"scroll","background-type":"","background-media":"","overlay-type":"","overlay-color":"","overlay-opacity":"","overlay-gradient":""}},"ast-content-background-meta":{"desktop":{"background-color":"var(--ast-global-color-5)","background-image":"","background-repeat":"repeat","background-position":"center center","background-size":"auto","background-attachment":"scroll","background-type":"","background-media":"","overlay-type":"","overlay-color":"","overlay-opacity":"","overlay-gradient":""},"tablet":{"background-color":"var(--ast-global-color-5)","background-image":"","background-repeat":"repeat","background-position":"center center","background-size":"auto","background-attachment":"scroll","background-type":"","background-media":"","overlay-type":"","overlay-color":"","overlay-opacity":"","overlay-gradient":""},"mobile":{"background-color":"var(--ast-global-color-5)","background-image":"","background-repeat":"repeat","background-position":"center center","background-size":"auto","background-attachment":"scroll","background-type":"","background-media":"","overlay-type":"","overlay-color":"","overlay-opacity":"","overlay-gradient":""}},"footnotes":""},"class_list":["post-462","page","type-page","status-publish","hentry"],"_links":{"self":[{"href":"https:\/\/cecilemachin.com\/index.php\/wp-json\/wp\/v2\/pages\/462","targetHints":{"allow":["GET"]}}],"collection":[{"href":"https:\/\/cecilemachin.com\/index.php\/wp-json\/wp\/v2\/pages"}],"about":[{"href":"https:\/\/cecilemachin.com\/index.php\/wp-json\/wp\/v2\/types\/page"}],"author":[{"embeddable":true,"href":"https:\/\/cecilemachin.com\/index.php\/wp-json\/wp\/v2\/users\/1"}],"replies":[{"embeddable":true,"href":"https:\/\/cecilemachin.com\/index.php\/wp-json\/wp\/v2\/comments?post=462"}],"version-history":[{"count":4,"href":"https:\/\/cecilemachin.com\/index.php\/wp-json\/wp\/v2\/pages\/462\/revisions"}],"predecessor-version":[{"id":473,"href":"https:\/\/cecilemachin.com\/index.php\/wp-json\/wp\/v2\/pages\/462\/revisions\/473"}],"wp:attachment":[{"href":"https:\/\/cecilemachin.com\/index.php\/wp-json\/wp\/v2\/media?parent=462"}],"curies":[{"name":"wp","href":"https:\/\/api.w.org\/{rel}","templated":true}]}}