{"id":474,"date":"2024-02-10T17:48:37","date_gmt":"2024-02-10T16:48:37","guid":{"rendered":"http:\/\/cecilemachin.com\/?page_id=474"},"modified":"2024-02-10T17:54:39","modified_gmt":"2024-02-10T16:54:39","slug":"semaine-de-la-danse-2017","status":"publish","type":"page","link":"https:\/\/cecilemachin.com\/index.php\/semaine-de-la-danse-2017\/","title":{"rendered":"Semaine de la danse 2017"},"content":{"rendered":"\t\t<div data-elementor-type=\"wp-page\" data-elementor-id=\"474\" class=\"elementor elementor-474\">\n\t\t\t\t<div class=\"elementor-element elementor-element-9ae2550 e-con-full e-flex e-con e-parent\" data-id=\"9ae2550\" data-element_type=\"container\" data-e-type=\"container\">\n\t\t\t\t<div class=\"elementor-element elementor-element-f10c7e8 elementor-widget elementor-widget-image\" data-id=\"f10c7e8\" data-element_type=\"widget\" data-e-type=\"widget\" data-widget_type=\"image.default\">\n\t\t\t\t<div class=\"elementor-widget-container\">\n\t\t\t\t\t\t\t\t\t\t\t\t\t\t\t<img fetchpriority=\"high\" decoding=\"async\" width=\"1024\" height=\"683\" src=\"https:\/\/cecilemachin.com\/wp-content\/uploads\/2024\/02\/semaine2017-1-1024x683.jpg\" class=\"attachment-large size-large wp-image-477\" alt=\"\" srcset=\"https:\/\/cecilemachin.com\/wp-content\/uploads\/2024\/02\/semaine2017-1-1024x683.jpg 1024w, https:\/\/cecilemachin.com\/wp-content\/uploads\/2024\/02\/semaine2017-1-300x200.jpg 300w, https:\/\/cecilemachin.com\/wp-content\/uploads\/2024\/02\/semaine2017-1-768x512.jpg 768w, https:\/\/cecilemachin.com\/wp-content\/uploads\/2024\/02\/semaine2017-1-1536x1024.jpg 1536w, https:\/\/cecilemachin.com\/wp-content\/uploads\/2024\/02\/semaine2017-1-2048x1365.jpg 2048w\" sizes=\"(max-width: 1024px) 100vw, 1024px\" \/>\t\t\t\t\t\t\t\t\t\t\t\t\t\t\t<\/div>\n\t\t\t\t<\/div>\n\t\t\t\t<\/div>\n\t\t<div class=\"elementor-element elementor-element-3f2461e e-flex e-con-boxed e-con e-parent\" data-id=\"3f2461e\" data-element_type=\"container\" data-e-type=\"container\">\n\t\t\t\t\t<div class=\"e-con-inner\">\n\t\t<div class=\"elementor-element elementor-element-71b8ea0 e-con-full e-flex e-con e-child\" data-id=\"71b8ea0\" data-element_type=\"container\" data-e-type=\"container\">\n\t\t\t\t<div class=\"elementor-element elementor-element-8a01dd4 elementor-widget elementor-widget-heading\" data-id=\"8a01dd4\" data-element_type=\"widget\" data-e-type=\"widget\" data-widget_type=\"heading.default\">\n\t\t\t\t<div class=\"elementor-widget-container\">\n\t\t\t\t\t<h2 class=\"elementor-heading-title elementor-size-default\">Semaine de la danse 2017, spectacle de danse du Conservatoire de Vienne<\/h2>\t\t\t\t<\/div>\n\t\t\t\t<\/div>\n\t\t\t\t<div class=\"elementor-element elementor-element-e514378 elementor-widget elementor-widget-text-editor\" data-id=\"e514378\" data-element_type=\"widget\" data-e-type=\"widget\" data-widget_type=\"text-editor.default\">\n\t\t\t\t<div class=\"elementor-widget-container\">\n\t\t\t\t\t\t\t\t\t<p><span style=\"font-size: small;\">17&amp;20 mai \u00e0 l&#8217;Auditorium du Trente <br \/>18&amp;19 mai au Th\u00e9atre de Vienne <br \/>Projet port\u00e9 et chor\u00e9graphi\u00e9 par Carla Frison (danse contemporaine et coordination), H\u00e9l\u00e8ne Vidal (danse jazz) et Nad\u00e8ge Cabisidan(danse classique). <br \/><br \/>Une centaine de costumes a \u00e9t\u00e9 con\u00e7us et confectionn\u00e9s. Habillage lors des 6 spectacles. <br \/>Cr\u00e9dit photo : Alain Moyret<\/span><\/p>\t\t\t\t\t\t\t\t<\/div>\n\t\t\t\t<\/div>\n\t\t\t\t<\/div>\n\t\t<div class=\"elementor-element elementor-element-551ba60 e-con-full e-flex e-con e-child\" data-id=\"551ba60\" data-element_type=\"container\" data-e-type=\"container\">\n\t\t\t\t<div class=\"elementor-element elementor-element-56954a4 elementor-widget elementor-widget-image\" data-id=\"56954a4\" data-element_type=\"widget\" data-e-type=\"widget\" data-widget_type=\"image.default\">\n\t\t\t\t<div class=\"elementor-widget-container\">\n\t\t\t\t\t\t\t\t\t\t\t\t\t\t\t<img decoding=\"async\" src=\"https:\/\/cecilemachin.com\/wp-content\/uploads\/2024\/02\/semaine2017-5.jpg\" title=\"semaine2017-5\" alt=\"semaine2017-5\" loading=\"lazy\" \/>\t\t\t\t\t\t\t\t\t\t\t\t\t\t\t<\/div>\n\t\t\t\t<\/div>\n\t\t\t\t<\/div>\n\t\t\t\t\t<\/div>\n\t\t\t\t<\/div>\n\t\t<div class=\"elementor-element elementor-element-a3e0d34 e-flex e-con-boxed e-con e-parent\" data-id=\"a3e0d34\" data-element_type=\"container\" data-e-type=\"container\">\n\t\t\t\t\t<div class=\"e-con-inner\">\n\t\t<div class=\"elementor-element elementor-element-49f6142 e-con-full e-flex e-con e-child\" data-id=\"49f6142\" data-element_type=\"container\" data-e-type=\"container\">\n\t\t\t\t<div class=\"elementor-element elementor-element-af59de6 elementor-widget elementor-widget-image\" data-id=\"af59de6\" data-element_type=\"widget\" data-e-type=\"widget\" data-widget_type=\"image.default\">\n\t\t\t\t<div class=\"elementor-widget-container\">\n\t\t\t\t\t\t\t\t\t\t\t\t\t\t\t<img decoding=\"async\" src=\"https:\/\/cecilemachin.com\/wp-content\/uploads\/2024\/02\/semaine2017-4.jpg\" title=\"semaine2017-4\" alt=\"semaine2017-4\" loading=\"lazy\" \/>\t\t\t\t\t\t\t\t\t\t\t\t\t\t\t<\/div>\n\t\t\t\t<\/div>\n\t\t\t\t<\/div>\n\t\t<div class=\"elementor-element elementor-element-0e9df2a e-con-full e-flex e-con e-child\" data-id=\"0e9df2a\" data-element_type=\"container\" data-e-type=\"container\">\n\t\t\t\t<div class=\"elementor-element elementor-element-c63d633 elementor-widget elementor-widget-image\" data-id=\"c63d633\" data-element_type=\"widget\" data-e-type=\"widget\" data-widget_type=\"image.default\">\n\t\t\t\t<div class=\"elementor-widget-container\">\n\t\t\t\t\t\t\t\t\t\t\t\t\t\t\t<img decoding=\"async\" width=\"1024\" height=\"683\" src=\"https:\/\/cecilemachin.com\/wp-content\/uploads\/2024\/02\/semaine2017-2-1024x683.jpg\" class=\"attachment-large size-large wp-image-478\" alt=\"\" srcset=\"https:\/\/cecilemachin.com\/wp-content\/uploads\/2024\/02\/semaine2017-2-1024x683.jpg 1024w, https:\/\/cecilemachin.com\/wp-content\/uploads\/2024\/02\/semaine2017-2-300x200.jpg 300w, https:\/\/cecilemachin.com\/wp-content\/uploads\/2024\/02\/semaine2017-2-768x512.jpg 768w, https:\/\/cecilemachin.com\/wp-content\/uploads\/2024\/02\/semaine2017-2-1536x1024.jpg 1536w, https:\/\/cecilemachin.com\/wp-content\/uploads\/2024\/02\/semaine2017-2-2048x1366.jpg 2048w\" sizes=\"(max-width: 1024px) 100vw, 1024px\" \/>\t\t\t\t\t\t\t\t\t\t\t\t\t\t\t<\/div>\n\t\t\t\t<\/div>\n\t\t\t\t<\/div>\n\t\t\t\t\t<\/div>\n\t\t\t\t<\/div>\n\t\t<div class=\"elementor-element elementor-element-dc8514c e-flex e-con-boxed e-con e-parent\" data-id=\"dc8514c\" data-element_type=\"container\" data-e-type=\"container\">\n\t\t\t\t\t<div class=\"e-con-inner\">\n\t\t\t\t<div class=\"elementor-element elementor-element-87e6445 elementor-widget elementor-widget-image\" data-id=\"87e6445\" data-element_type=\"widget\" data-e-type=\"widget\" data-widget_type=\"image.default\">\n\t\t\t\t<div class=\"elementor-widget-container\">\n\t\t\t\t\t\t\t\t\t\t\t\t\t\t\t<img decoding=\"async\" width=\"768\" height=\"512\" src=\"https:\/\/cecilemachin.com\/wp-content\/uploads\/2024\/02\/semaine2017-3-768x512.jpg\" class=\"attachment-medium_large size-medium_large wp-image-479\" alt=\"\" srcset=\"https:\/\/cecilemachin.com\/wp-content\/uploads\/2024\/02\/semaine2017-3-768x512.jpg 768w, https:\/\/cecilemachin.com\/wp-content\/uploads\/2024\/02\/semaine2017-3-300x200.jpg 300w, https:\/\/cecilemachin.com\/wp-content\/uploads\/2024\/02\/semaine2017-3-1024x683.jpg 1024w, https:\/\/cecilemachin.com\/wp-content\/uploads\/2024\/02\/semaine2017-3-1536x1024.jpg 1536w, https:\/\/cecilemachin.com\/wp-content\/uploads\/2024\/02\/semaine2017-3-2048x1365.jpg 2048w\" sizes=\"(max-width: 768px) 100vw, 768px\" \/>\t\t\t\t\t\t\t\t\t\t\t\t\t\t\t<\/div>\n\t\t\t\t<\/div>\n\t\t\t\t\t<\/div>\n\t\t\t\t<\/div>\n\t\t\t\t<\/div>\n\t\t","protected":false},"excerpt":{"rendered":"<p>Semaine de la danse 2017, spectacle de danse du Conservatoire de Vienne 17&amp;20 mai \u00e0 l&#8217;Auditorium du Trente 18&amp;19 mai [&hellip;]<\/p>\n","protected":false},"author":1,"featured_media":0,"parent":0,"menu_order":0,"comment_status":"closed","ping_status":"closed","template":"","meta":{"site-sidebar-layout":"no-sidebar","site-content-layout":"","ast-site-content-layout":"full-width-container","site-content-style":"default","site-sidebar-style":"default","ast-global-header-display":"","ast-banner-title-visibility":"","ast-main-header-display":"","ast-hfb-above-header-display":"","ast-hfb-below-header-display":"","ast-hfb-mobile-header-display":"","site-post-title":"disabled","ast-breadcrumbs-content":"","ast-featured-img":"disabled","footer-sml-layout":"","ast-disable-related-posts":"","theme-transparent-header-meta":"","adv-header-id-meta":"","stick-header-meta":"","header-above-stick-meta":"","header-main-stick-meta":"","header-below-stick-meta":"","astra-migrate-meta-layouts":"default","ast-page-background-enabled":"default","ast-page-background-meta":{"desktop":{"background-color":"var(--ast-global-color-4)","background-image":"","background-repeat":"repeat","background-position":"center center","background-size":"auto","background-attachment":"scroll","background-type":"","background-media":"","overlay-type":"","overlay-color":"","overlay-opacity":"","overlay-gradient":""},"tablet":{"background-color":"","background-image":"","background-repeat":"repeat","background-position":"center center","background-size":"auto","background-attachment":"scroll","background-type":"","background-media":"","overlay-type":"","overlay-color":"","overlay-opacity":"","overlay-gradient":""},"mobile":{"background-color":"","background-image":"","background-repeat":"repeat","background-position":"center center","background-size":"auto","background-attachment":"scroll","background-type":"","background-media":"","overlay-type":"","overlay-color":"","overlay-opacity":"","overlay-gradient":""}},"ast-content-background-meta":{"desktop":{"background-color":"var(--ast-global-color-5)","background-image":"","background-repeat":"repeat","background-position":"center center","background-size":"auto","background-attachment":"scroll","background-type":"","background-media":"","overlay-type":"","overlay-color":"","overlay-opacity":"","overlay-gradient":""},"tablet":{"background-color":"var(--ast-global-color-5)","background-image":"","background-repeat":"repeat","background-position":"center center","background-size":"auto","background-attachment":"scroll","background-type":"","background-media":"","overlay-type":"","overlay-color":"","overlay-opacity":"","overlay-gradient":""},"mobile":{"background-color":"var(--ast-global-color-5)","background-image":"","background-repeat":"repeat","background-position":"center center","background-size":"auto","background-attachment":"scroll","background-type":"","background-media":"","overlay-type":"","overlay-color":"","overlay-opacity":"","overlay-gradient":""}},"footnotes":""},"class_list":["post-474","page","type-page","status-publish","hentry"],"_links":{"self":[{"href":"https:\/\/cecilemachin.com\/index.php\/wp-json\/wp\/v2\/pages\/474","targetHints":{"allow":["GET"]}}],"collection":[{"href":"https:\/\/cecilemachin.com\/index.php\/wp-json\/wp\/v2\/pages"}],"about":[{"href":"https:\/\/cecilemachin.com\/index.php\/wp-json\/wp\/v2\/types\/page"}],"author":[{"embeddable":true,"href":"https:\/\/cecilemachin.com\/index.php\/wp-json\/wp\/v2\/users\/1"}],"replies":[{"embeddable":true,"href":"https:\/\/cecilemachin.com\/index.php\/wp-json\/wp\/v2\/comments?post=474"}],"version-history":[{"count":4,"href":"https:\/\/cecilemachin.com\/index.php\/wp-json\/wp\/v2\/pages\/474\/revisions"}],"predecessor-version":[{"id":484,"href":"https:\/\/cecilemachin.com\/index.php\/wp-json\/wp\/v2\/pages\/474\/revisions\/484"}],"wp:attachment":[{"href":"https:\/\/cecilemachin.com\/index.php\/wp-json\/wp\/v2\/media?parent=474"}],"curies":[{"name":"wp","href":"https:\/\/api.w.org\/{rel}","templated":true}]}}