{"id":569,"date":"2024-02-21T14:15:40","date_gmt":"2024-02-21T13:15:40","guid":{"rendered":"http:\/\/cecilemachin.com\/?page_id=569"},"modified":"2024-02-27T17:24:58","modified_gmt":"2024-02-27T16:24:58","slug":"shooting-antiquarks","status":"publish","type":"page","link":"https:\/\/cecilemachin.com\/index.php\/shooting-antiquarks\/","title":{"rendered":"shooting Antiquarks"},"content":{"rendered":"\t\t<div data-elementor-type=\"wp-page\" data-elementor-id=\"569\" class=\"elementor elementor-569\">\n\t\t\t\t<div class=\"elementor-element elementor-element-0b720ae e-flex e-con-boxed e-con e-parent\" data-id=\"0b720ae\" data-element_type=\"container\" data-e-type=\"container\">\n\t\t\t\t\t<div class=\"e-con-inner\">\n\t\t<div class=\"elementor-element elementor-element-c50141a e-con-full e-flex e-con e-child\" data-id=\"c50141a\" data-element_type=\"container\" data-e-type=\"container\">\n\t\t\t\t<div class=\"elementor-element elementor-element-2a144bd elementor-widget elementor-widget-image\" data-id=\"2a144bd\" data-element_type=\"widget\" data-e-type=\"widget\" data-widget_type=\"image.default\">\n\t\t\t\t<div class=\"elementor-widget-container\">\n\t\t\t\t\t\t\t\t\t\t\t\t\t\t\t<img fetchpriority=\"high\" decoding=\"async\" width=\"683\" height=\"1024\" src=\"https:\/\/cecilemachin.com\/wp-content\/uploads\/2024\/02\/antiquarks-shooting10-683x1024.webp\" class=\"attachment-large size-large wp-image-591\" alt=\"\" srcset=\"https:\/\/cecilemachin.com\/wp-content\/uploads\/2024\/02\/antiquarks-shooting10-683x1024.webp 683w, https:\/\/cecilemachin.com\/wp-content\/uploads\/2024\/02\/antiquarks-shooting10-200x300.webp 200w, https:\/\/cecilemachin.com\/wp-content\/uploads\/2024\/02\/antiquarks-shooting10-768x1152.webp 768w, https:\/\/cecilemachin.com\/wp-content\/uploads\/2024\/02\/antiquarks-shooting10-1024x1536.webp 1024w, https:\/\/cecilemachin.com\/wp-content\/uploads\/2024\/02\/antiquarks-shooting10.webp 1067w\" sizes=\"(max-width: 683px) 100vw, 683px\" \/>\t\t\t\t\t\t\t\t\t\t\t\t\t\t\t<\/div>\n\t\t\t\t<\/div>\n\t\t\t\t<\/div>\n\t\t<div class=\"elementor-element elementor-element-2f46302 e-con-full e-flex e-con e-child\" data-id=\"2f46302\" data-element_type=\"container\" data-e-type=\"container\">\n\t\t\t\t<div class=\"elementor-element elementor-element-d90b061 elementor-widget elementor-widget-heading\" data-id=\"d90b061\" data-element_type=\"widget\" data-e-type=\"widget\" data-widget_type=\"heading.default\">\n\t\t\t\t<div class=\"elementor-widget-container\">\n\t\t\t\t\t<h2 class=\"elementor-heading-title elementor-size-default\">Shooting photo Antiquarks<\/h2>\t\t\t\t<\/div>\n\t\t\t\t<\/div>\n\t\t\t\t<div class=\"elementor-element elementor-element-3ba1b06 elementor-widget elementor-widget-text-editor\" data-id=\"3ba1b06\" data-element_type=\"widget\" data-e-type=\"widget\" data-widget_type=\"text-editor.default\">\n\t\t\t\t<div class=\"elementor-widget-container\">\n\t\t\t\t\t\t\t\t\t<p>Fabrication de costumes pour les nouveaux visuels d&#8217;Antiquarks de Richard Monts\u00e9gu solo. Costumes con\u00e7us pour donner de la mati\u00e8re \u00e0 Richard solo, en donnant un voir ses th\u00e8mes de travail.<\/p><p>Travail de teinture chimique avec shibori \/ fabrication d&#8217;une capuche \u00e0 sequin \/ tshirt avec peinture textile &#8230;<\/p><p>Shooting photo par l&#8217;excellent Mathias Antoniassi !<\/p><p>Make up\u00a0 par la g\u00e9niale No\u00e9mie Revial \ud83d\ude42<\/p><p>2023<\/p>\t\t\t\t\t\t\t\t<\/div>\n\t\t\t\t<\/div>\n\t\t\t\t<\/div>\n\t\t\t\t\t<\/div>\n\t\t\t\t<\/div>\n\t\t<div class=\"elementor-element elementor-element-46626d5 e-con-full e-flex e-con e-parent\" data-id=\"46626d5\" data-element_type=\"container\" data-e-type=\"container\">\n\t\t<div class=\"elementor-element elementor-element-a0a6d78 e-con-full e-flex e-con e-child\" data-id=\"a0a6d78\" data-element_type=\"container\" data-e-type=\"container\">\n\t\t\t\t<div class=\"elementor-element elementor-element-46f7800 elementor-widget elementor-widget-image\" data-id=\"46f7800\" data-element_type=\"widget\" data-e-type=\"widget\" data-widget_type=\"image.default\">\n\t\t\t\t<div class=\"elementor-widget-container\">\n\t\t\t\t\t\t\t\t\t\t\t\t\t\t\t<img decoding=\"async\" width=\"1024\" height=\"1024\" src=\"https:\/\/cecilemachin.com\/wp-content\/uploads\/2024\/02\/IMG_6229-1024x1024.webp\" class=\"attachment-large size-large wp-image-595\" alt=\"\" srcset=\"https:\/\/cecilemachin.com\/wp-content\/uploads\/2024\/02\/IMG_6229-1024x1024.webp 1024w, https:\/\/cecilemachin.com\/wp-content\/uploads\/2024\/02\/IMG_6229-300x300.webp 300w, https:\/\/cecilemachin.com\/wp-content\/uploads\/2024\/02\/IMG_6229-150x150.webp 150w, https:\/\/cecilemachin.com\/wp-content\/uploads\/2024\/02\/IMG_6229-768x768.webp 768w, https:\/\/cecilemachin.com\/wp-content\/uploads\/2024\/02\/IMG_6229-1536x1536.webp 1536w, https:\/\/cecilemachin.com\/wp-content\/uploads\/2024\/02\/IMG_6229-2048x2048.webp 2048w, https:\/\/cecilemachin.com\/wp-content\/uploads\/2024\/02\/IMG_6229-scaled-2000x2000.webp 2000w\" sizes=\"(max-width: 1024px) 100vw, 1024px\" \/>\t\t\t\t\t\t\t\t\t\t\t\t\t\t\t<\/div>\n\t\t\t\t<\/div>\n\t\t\t\t<div class=\"elementor-element elementor-element-b2e934c elementor-widget elementor-widget-image\" data-id=\"b2e934c\" data-element_type=\"widget\" data-e-type=\"widget\" data-widget_type=\"image.default\">\n\t\t\t\t<div class=\"elementor-widget-container\">\n\t\t\t\t\t\t\t\t\t\t\t\t\t\t\t<img decoding=\"async\" width=\"480\" height=\"640\" src=\"https:\/\/cecilemachin.com\/wp-content\/uploads\/2024\/02\/antiquarks-shooting1.webp\" class=\"attachment-large size-large wp-image-572\" alt=\"\" srcset=\"https:\/\/cecilemachin.com\/wp-content\/uploads\/2024\/02\/antiquarks-shooting1.webp 480w, https:\/\/cecilemachin.com\/wp-content\/uploads\/2024\/02\/antiquarks-shooting1-225x300.webp 225w\" sizes=\"(max-width: 480px) 100vw, 480px\" \/>\t\t\t\t\t\t\t\t\t\t\t\t\t\t\t<\/div>\n\t\t\t\t<\/div>\n\t\t\t\t<\/div>\n\t\t<div class=\"elementor-element elementor-element-89e3a28 e-con-full e-flex e-con e-child\" data-id=\"89e3a28\" data-element_type=\"container\" data-e-type=\"container\">\n\t\t\t\t<div class=\"elementor-element elementor-element-dc40633 elementor-widget elementor-widget-image\" data-id=\"dc40633\" data-element_type=\"widget\" data-e-type=\"widget\" data-widget_type=\"image.default\">\n\t\t\t\t<div class=\"elementor-widget-container\">\n\t\t\t\t\t\t\t\t\t\t\t\t\t\t\t<img loading=\"lazy\" decoding=\"async\" width=\"768\" height=\"1024\" src=\"https:\/\/cecilemachin.com\/wp-content\/uploads\/2024\/02\/IMG_6226-768x1024.webp\" class=\"attachment-large size-large wp-image-593\" alt=\"\" srcset=\"https:\/\/cecilemachin.com\/wp-content\/uploads\/2024\/02\/IMG_6226-768x1024.webp 768w, https:\/\/cecilemachin.com\/wp-content\/uploads\/2024\/02\/IMG_6226-225x300.webp 225w, https:\/\/cecilemachin.com\/wp-content\/uploads\/2024\/02\/IMG_6226-1152x1536.webp 1152w, https:\/\/cecilemachin.com\/wp-content\/uploads\/2024\/02\/IMG_6226-scaled.webp 1440w\" sizes=\"(max-width: 768px) 100vw, 768px\" \/>\t\t\t\t\t\t\t\t\t\t\t\t\t\t\t<\/div>\n\t\t\t\t<\/div>\n\t\t\t\t<div class=\"elementor-element elementor-element-ec65481 elementor-widget elementor-widget-image\" data-id=\"ec65481\" data-element_type=\"widget\" data-e-type=\"widget\" data-widget_type=\"image.default\">\n\t\t\t\t<div class=\"elementor-widget-container\">\n\t\t\t\t\t\t\t\t\t\t\t\t\t\t\t<img loading=\"lazy\" decoding=\"async\" width=\"768\" height=\"1024\" src=\"https:\/\/cecilemachin.com\/wp-content\/uploads\/2024\/02\/IMG_6227-768x1024.webp\" class=\"attachment-large size-large wp-image-594\" alt=\"\" srcset=\"https:\/\/cecilemachin.com\/wp-content\/uploads\/2024\/02\/IMG_6227-768x1024.webp 768w, https:\/\/cecilemachin.com\/wp-content\/uploads\/2024\/02\/IMG_6227-225x300.webp 225w, https:\/\/cecilemachin.com\/wp-content\/uploads\/2024\/02\/IMG_6227-1152x1536.webp 1152w, https:\/\/cecilemachin.com\/wp-content\/uploads\/2024\/02\/IMG_6227-scaled.webp 1440w\" sizes=\"(max-width: 768px) 100vw, 768px\" \/>\t\t\t\t\t\t\t\t\t\t\t\t\t\t\t<\/div>\n\t\t\t\t<\/div>\n\t\t\t\t<\/div>\n\t\t<div class=\"elementor-element elementor-element-f0beb5c e-con-full e-flex e-con e-child\" data-id=\"f0beb5c\" data-element_type=\"container\" data-e-type=\"container\">\n\t\t\t\t<div class=\"elementor-element elementor-element-6172ad8 elementor-widget elementor-widget-image\" data-id=\"6172ad8\" data-element_type=\"widget\" data-e-type=\"widget\" data-widget_type=\"image.default\">\n\t\t\t\t<div class=\"elementor-widget-container\">\n\t\t\t\t\t\t\t\t\t\t\t\t\t\t\t<img loading=\"lazy\" decoding=\"async\" width=\"768\" height=\"1024\" src=\"https:\/\/cecilemachin.com\/wp-content\/uploads\/2024\/02\/antiquarks-shooting2.webp\" class=\"attachment-large size-large wp-image-573\" alt=\"\" srcset=\"https:\/\/cecilemachin.com\/wp-content\/uploads\/2024\/02\/antiquarks-shooting2.webp 768w, https:\/\/cecilemachin.com\/wp-content\/uploads\/2024\/02\/antiquarks-shooting2-225x300.webp 225w\" sizes=\"(max-width: 768px) 100vw, 768px\" \/>\t\t\t\t\t\t\t\t\t\t\t\t\t\t\t<\/div>\n\t\t\t\t<\/div>\n\t\t\t\t<\/div>\n\t\t\t\t<\/div>\n\t\t<div class=\"elementor-element elementor-element-09cd549 e-flex e-con-boxed e-con e-parent\" data-id=\"09cd549\" data-element_type=\"container\" data-e-type=\"container\">\n\t\t\t\t\t<div class=\"e-con-inner\">\n\t\t<div class=\"elementor-element elementor-element-6cd9528 e-con-full e-flex e-con e-child\" data-id=\"6cd9528\" data-element_type=\"container\" data-e-type=\"container\">\n\t\t\t\t<div class=\"elementor-element elementor-element-d7f9faa elementor-widget elementor-widget-image\" data-id=\"d7f9faa\" data-element_type=\"widget\" data-e-type=\"widget\" data-widget_type=\"image.default\">\n\t\t\t\t<div class=\"elementor-widget-container\">\n\t\t\t\t\t\t\t\t\t\t\t\t\t\t\t<img loading=\"lazy\" decoding=\"async\" width=\"1024\" height=\"1024\" src=\"https:\/\/cecilemachin.com\/wp-content\/uploads\/2024\/02\/antiquarks-shooting7-1024x1024.webp\" class=\"attachment-large size-large wp-image-586\" alt=\"\" srcset=\"https:\/\/cecilemachin.com\/wp-content\/uploads\/2024\/02\/antiquarks-shooting7-1024x1024.webp 1024w, https:\/\/cecilemachin.com\/wp-content\/uploads\/2024\/02\/antiquarks-shooting7-300x300.webp 300w, https:\/\/cecilemachin.com\/wp-content\/uploads\/2024\/02\/antiquarks-shooting7-150x150.webp 150w, https:\/\/cecilemachin.com\/wp-content\/uploads\/2024\/02\/antiquarks-shooting7-768x768.webp 768w, https:\/\/cecilemachin.com\/wp-content\/uploads\/2024\/02\/antiquarks-shooting7-1536x1536.webp 1536w, https:\/\/cecilemachin.com\/wp-content\/uploads\/2024\/02\/antiquarks-shooting7.webp 1600w\" sizes=\"(max-width: 1024px) 100vw, 1024px\" \/>\t\t\t\t\t\t\t\t\t\t\t\t\t\t\t<\/div>\n\t\t\t\t<\/div>\n\t\t\t\t<div class=\"elementor-element elementor-element-c3fbb13 elementor-widget elementor-widget-image\" data-id=\"c3fbb13\" data-element_type=\"widget\" data-e-type=\"widget\" data-widget_type=\"image.default\">\n\t\t\t\t<div class=\"elementor-widget-container\">\n\t\t\t\t\t\t\t\t\t\t\t\t\t\t\t<img loading=\"lazy\" decoding=\"async\" width=\"683\" height=\"1024\" src=\"https:\/\/cecilemachin.com\/wp-content\/uploads\/2024\/02\/antiquarks-shooting4-683x1024.webp\" class=\"attachment-large size-large wp-image-571\" alt=\"\" srcset=\"https:\/\/cecilemachin.com\/wp-content\/uploads\/2024\/02\/antiquarks-shooting4-683x1024.webp 683w, https:\/\/cecilemachin.com\/wp-content\/uploads\/2024\/02\/antiquarks-shooting4-200x300.webp 200w, https:\/\/cecilemachin.com\/wp-content\/uploads\/2024\/02\/antiquarks-shooting4-768x1152.webp 768w, https:\/\/cecilemachin.com\/wp-content\/uploads\/2024\/02\/antiquarks-shooting4-1024x1536.webp 1024w, https:\/\/cecilemachin.com\/wp-content\/uploads\/2024\/02\/antiquarks-shooting4.webp 1067w\" sizes=\"(max-width: 683px) 100vw, 683px\" \/>\t\t\t\t\t\t\t\t\t\t\t\t\t\t\t<\/div>\n\t\t\t\t<\/div>\n\t\t\t\t<\/div>\n\t\t<div class=\"elementor-element elementor-element-f29bbb5 e-con-full e-flex e-con e-child\" data-id=\"f29bbb5\" data-element_type=\"container\" data-e-type=\"container\">\n\t\t\t\t<div class=\"elementor-element elementor-element-38f2152 elementor-widget elementor-widget-image\" data-id=\"38f2152\" data-element_type=\"widget\" data-e-type=\"widget\" data-widget_type=\"image.default\">\n\t\t\t\t<div class=\"elementor-widget-container\">\n\t\t\t\t\t\t\t\t\t\t\t\t\t\t\t<img loading=\"lazy\" decoding=\"async\" width=\"683\" height=\"1024\" src=\"https:\/\/cecilemachin.com\/wp-content\/uploads\/2024\/02\/antiquarks-shooting9-683x1024.webp\" class=\"attachment-large size-large wp-image-587\" alt=\"\" srcset=\"https:\/\/cecilemachin.com\/wp-content\/uploads\/2024\/02\/antiquarks-shooting9-683x1024.webp 683w, https:\/\/cecilemachin.com\/wp-content\/uploads\/2024\/02\/antiquarks-shooting9-200x300.webp 200w, https:\/\/cecilemachin.com\/wp-content\/uploads\/2024\/02\/antiquarks-shooting9-768x1152.webp 768w, https:\/\/cecilemachin.com\/wp-content\/uploads\/2024\/02\/antiquarks-shooting9-1024x1536.webp 1024w, https:\/\/cecilemachin.com\/wp-content\/uploads\/2024\/02\/antiquarks-shooting9.webp 1067w\" sizes=\"(max-width: 683px) 100vw, 683px\" \/>\t\t\t\t\t\t\t\t\t\t\t\t\t\t\t<\/div>\n\t\t\t\t<\/div>\n\t\t\t\t<div class=\"elementor-element elementor-element-fe1789a elementor-widget elementor-widget-image\" data-id=\"fe1789a\" data-element_type=\"widget\" data-e-type=\"widget\" data-widget_type=\"image.default\">\n\t\t\t\t<div class=\"elementor-widget-container\">\n\t\t\t\t\t\t\t\t\t\t\t\t\t\t\t<img loading=\"lazy\" decoding=\"async\" width=\"673\" height=\"1024\" src=\"https:\/\/cecilemachin.com\/wp-content\/uploads\/2024\/02\/antiquarks-shooting6-673x1024.webp\" class=\"attachment-large size-large wp-image-588\" alt=\"\" srcset=\"https:\/\/cecilemachin.com\/wp-content\/uploads\/2024\/02\/antiquarks-shooting6-673x1024.webp 673w, https:\/\/cecilemachin.com\/wp-content\/uploads\/2024\/02\/antiquarks-shooting6-197x300.webp 197w, https:\/\/cecilemachin.com\/wp-content\/uploads\/2024\/02\/antiquarks-shooting6-768x1169.webp 768w, https:\/\/cecilemachin.com\/wp-content\/uploads\/2024\/02\/antiquarks-shooting6-1009x1536.webp 1009w, https:\/\/cecilemachin.com\/wp-content\/uploads\/2024\/02\/antiquarks-shooting6.webp 1051w\" sizes=\"(max-width: 673px) 100vw, 673px\" \/>\t\t\t\t\t\t\t\t\t\t\t\t\t\t\t<\/div>\n\t\t\t\t<\/div>\n\t\t\t\t<\/div>\n\t\t\t\t\t<\/div>\n\t\t\t\t<\/div>\n\t\t<div class=\"elementor-element elementor-element-5e7b365 e-flex e-con-boxed e-con e-parent\" data-id=\"5e7b365\" data-element_type=\"container\" data-e-type=\"container\">\n\t\t\t\t\t<div class=\"e-con-inner\">\n\t\t\t\t<div class=\"elementor-element elementor-element-46103cd elementor-widget elementor-widget-image\" data-id=\"46103cd\" data-element_type=\"widget\" data-e-type=\"widget\" data-widget_type=\"image.default\">\n\t\t\t\t<div class=\"elementor-widget-container\">\n\t\t\t\t\t\t\t\t\t\t\t\t\t\t\t<img loading=\"lazy\" decoding=\"async\" width=\"1024\" height=\"683\" src=\"https:\/\/cecilemachin.com\/wp-content\/uploads\/2024\/02\/antiquarks-shooting3-1024x683.webp\" class=\"attachment-large size-large wp-image-574\" alt=\"\" srcset=\"https:\/\/cecilemachin.com\/wp-content\/uploads\/2024\/02\/antiquarks-shooting3-1024x683.webp 1024w, https:\/\/cecilemachin.com\/wp-content\/uploads\/2024\/02\/antiquarks-shooting3-300x200.webp 300w, https:\/\/cecilemachin.com\/wp-content\/uploads\/2024\/02\/antiquarks-shooting3-768x512.webp 768w, https:\/\/cecilemachin.com\/wp-content\/uploads\/2024\/02\/antiquarks-shooting3-1536x1024.webp 1536w, https:\/\/cecilemachin.com\/wp-content\/uploads\/2024\/02\/antiquarks-shooting3.webp 1600w\" sizes=\"(max-width: 1024px) 100vw, 1024px\" \/>\t\t\t\t\t\t\t\t\t\t\t\t\t\t\t<\/div>\n\t\t\t\t<\/div>\n\t\t\t\t\t<\/div>\n\t\t\t\t<\/div>\n\t\t\t\t<\/div>\n\t\t","protected":false},"excerpt":{"rendered":"<p>\/*! elementor &#8211; v3.18.0 &#8211; 20-12-2023 *\/ .elementor-widget-image{text-align:center}.elementor-widget-image a{display:inline-block}.elementor-widget-image a img[src$=&#8221;.svg&#8221;]{width:48px}.elementor-widget-image img{vertical-align:middle;display:inline-block} \/*! elementor &#8211; v3.18.0 &#8211; 20-12-2023 *\/ .elementor-heading-title{padding:0;margin:0;line-height:1}.elementor-widget-heading [&hellip;]<\/p>\n","protected":false},"author":1,"featured_media":0,"parent":0,"menu_order":0,"comment_status":"closed","ping_status":"closed","template":"","meta":{"site-sidebar-layout":"no-sidebar","site-content-layout":"","ast-site-content-layout":"full-width-container","site-content-style":"default","site-sidebar-style":"default","ast-global-header-display":"","ast-banner-title-visibility":"","ast-main-header-display":"","ast-hfb-above-header-display":"","ast-hfb-below-header-display":"","ast-hfb-mobile-header-display":"","site-post-title":"disabled","ast-breadcrumbs-content":"","ast-featured-img":"disabled","footer-sml-layout":"","ast-disable-related-posts":"","theme-transparent-header-meta":"","adv-header-id-meta":"","stick-header-meta":"","header-above-stick-meta":"","header-main-stick-meta":"","header-below-stick-meta":"","astra-migrate-meta-layouts":"default","ast-page-background-enabled":"default","ast-page-background-meta":{"desktop":{"background-color":"var(--ast-global-color-4)","background-image":"","background-repeat":"repeat","background-position":"center center","background-size":"auto","background-attachment":"scroll","background-type":"","background-media":"","overlay-type":"","overlay-color":"","overlay-opacity":"","overlay-gradient":""},"tablet":{"background-color":"","background-image":"","background-repeat":"repeat","background-position":"center center","background-size":"auto","background-attachment":"scroll","background-type":"","background-media":"","overlay-type":"","overlay-color":"","overlay-opacity":"","overlay-gradient":""},"mobile":{"background-color":"","background-image":"","background-repeat":"repeat","background-position":"center center","background-size":"auto","background-attachment":"scroll","background-type":"","background-media":"","overlay-type":"","overlay-color":"","overlay-opacity":"","overlay-gradient":""}},"ast-content-background-meta":{"desktop":{"background-color":"var(--ast-global-color-5)","background-image":"","background-repeat":"repeat","background-position":"center center","background-size":"auto","background-attachment":"scroll","background-type":"","background-media":"","overlay-type":"","overlay-color":"","overlay-opacity":"","overlay-gradient":""},"tablet":{"background-color":"var(--ast-global-color-5)","background-image":"","background-repeat":"repeat","background-position":"center center","background-size":"auto","background-attachment":"scroll","background-type":"","background-media":"","overlay-type":"","overlay-color":"","overlay-opacity":"","overlay-gradient":""},"mobile":{"background-color":"var(--ast-global-color-5)","background-image":"","background-repeat":"repeat","background-position":"center center","background-size":"auto","background-attachment":"scroll","background-type":"","background-media":"","overlay-type":"","overlay-color":"","overlay-opacity":"","overlay-gradient":""}},"footnotes":""},"class_list":["post-569","page","type-page","status-publish","hentry"],"_links":{"self":[{"href":"https:\/\/cecilemachin.com\/index.php\/wp-json\/wp\/v2\/pages\/569","targetHints":{"allow":["GET"]}}],"collection":[{"href":"https:\/\/cecilemachin.com\/index.php\/wp-json\/wp\/v2\/pages"}],"about":[{"href":"https:\/\/cecilemachin.com\/index.php\/wp-json\/wp\/v2\/types\/page"}],"author":[{"embeddable":true,"href":"https:\/\/cecilemachin.com\/index.php\/wp-json\/wp\/v2\/users\/1"}],"replies":[{"embeddable":true,"href":"https:\/\/cecilemachin.com\/index.php\/wp-json\/wp\/v2\/comments?post=569"}],"version-history":[{"count":45,"href":"https:\/\/cecilemachin.com\/index.php\/wp-json\/wp\/v2\/pages\/569\/revisions"}],"predecessor-version":[{"id":914,"href":"https:\/\/cecilemachin.com\/index.php\/wp-json\/wp\/v2\/pages\/569\/revisions\/914"}],"wp:attachment":[{"href":"https:\/\/cecilemachin.com\/index.php\/wp-json\/wp\/v2\/media?parent=569"}],"curies":[{"name":"wp","href":"https:\/\/api.w.org\/{rel}","templated":true}]}}