{"id":602,"date":"2024-02-21T15:08:36","date_gmt":"2024-02-21T14:08:36","guid":{"rendered":"http:\/\/cecilemachin.com\/?page_id=602"},"modified":"2024-02-27T17:00:15","modified_gmt":"2024-02-27T16:00:15","slug":"janus","status":"publish","type":"page","link":"https:\/\/cecilemachin.com\/index.php\/janus\/","title":{"rendered":"Janus"},"content":{"rendered":"\t\t<div data-elementor-type=\"wp-page\" data-elementor-id=\"602\" class=\"elementor elementor-602\">\n\t\t\t\t<div class=\"elementor-element elementor-element-59c2832 e-flex e-con-boxed e-con e-parent\" data-id=\"59c2832\" data-element_type=\"container\" data-e-type=\"container\">\n\t\t\t\t\t<div class=\"e-con-inner\">\n\t\t\t\t<div class=\"elementor-element elementor-element-4f3bf07 elementor-widget elementor-widget-image\" data-id=\"4f3bf07\" data-element_type=\"widget\" data-e-type=\"widget\" data-widget_type=\"image.default\">\n\t\t\t\t<div class=\"elementor-widget-container\">\n\t\t\t\t\t\t\t\t\t\t\t\t\t\t\t<img fetchpriority=\"high\" decoding=\"async\" width=\"1024\" height=\"683\" src=\"https:\/\/cecilemachin.com\/wp-content\/uploads\/2024\/02\/janus-oofzos5-1024x683.webp\" class=\"attachment-large size-large wp-image-608\" alt=\"\" srcset=\"https:\/\/cecilemachin.com\/wp-content\/uploads\/2024\/02\/janus-oofzos5-1024x683.webp 1024w, https:\/\/cecilemachin.com\/wp-content\/uploads\/2024\/02\/janus-oofzos5-300x200.webp 300w, https:\/\/cecilemachin.com\/wp-content\/uploads\/2024\/02\/janus-oofzos5-768x512.webp 768w, https:\/\/cecilemachin.com\/wp-content\/uploads\/2024\/02\/janus-oofzos5-1536x1024.webp 1536w, https:\/\/cecilemachin.com\/wp-content\/uploads\/2024\/02\/janus-oofzos5-scaled.webp 1920w\" sizes=\"(max-width: 1024px) 100vw, 1024px\" \/>\t\t\t\t\t\t\t\t\t\t\t\t\t\t\t<\/div>\n\t\t\t\t<\/div>\n\t\t\t\t\t<\/div>\n\t\t\t\t<\/div>\n\t\t<div class=\"elementor-element elementor-element-aed296b e-flex e-con-boxed e-con e-parent\" data-id=\"aed296b\" data-element_type=\"container\" data-e-type=\"container\">\n\t\t\t\t\t<div class=\"e-con-inner\">\n\t\t<div class=\"elementor-element elementor-element-dd6bd75 e-con-full e-flex e-con e-child\" data-id=\"dd6bd75\" data-element_type=\"container\" data-e-type=\"container\">\n\t\t\t\t<div class=\"elementor-element elementor-element-e6cc4d1 elementor-widget elementor-widget-heading\" data-id=\"e6cc4d1\" data-element_type=\"widget\" data-e-type=\"widget\" data-widget_type=\"heading.default\">\n\t\t\t\t<div class=\"elementor-widget-container\">\n\t\t\t\t\t<h2 class=\"elementor-heading-title elementor-size-default\">Janus, spectacle de Antoine Arnera<\/h2>\t\t\t\t<\/div>\n\t\t\t\t<\/div>\n\t\t\t\t<div class=\"elementor-element elementor-element-f61a0c0 elementor-widget elementor-widget-text-editor\" data-id=\"f61a0c0\" data-element_type=\"widget\" data-e-type=\"widget\" data-widget_type=\"text-editor.default\">\n\t\t\t\t<div class=\"elementor-widget-container\">\n\t\t\t\t\t\t\t\t\t<p>Cr\u00e9ation en duo avec la formidable Lola Roubert aux acc\u00e9ssoires, et bibi aux costumes.<\/p><p>Achats et retouches des 17 costumes des musiciens. Cr\u00e9ation des 6 robes des chanteuses &amp; chanteurs. Cr\u00e9ation des costumes pour les personnages solo : Hypnopompe la danseuse, le scientifique, le chien r\u00e9gisseur.<\/p><p>&#8212;<\/p><p>Photos par Oofzos<\/p><p>2022<\/p>\t\t\t\t\t\t\t\t<\/div>\n\t\t\t\t<\/div>\n\t\t\t\t<div class=\"elementor-element elementor-element-4604f5b elementor-widget elementor-widget-text-editor\" data-id=\"4604f5b\" data-element_type=\"widget\" data-e-type=\"widget\" data-widget_type=\"text-editor.default\">\n\t\t\t\t<div class=\"elementor-widget-container\">\n\t\t\t\t\t\t\t\t\t<div>\u00a0<\/div><div>\u00a0<\/div>\t\t\t\t\t\t\t\t<\/div>\n\t\t\t\t<\/div>\n\t\t\t\t<\/div>\n\t\t<div class=\"elementor-element elementor-element-86ae04b e-con-full e-flex e-con e-child\" data-id=\"86ae04b\" data-element_type=\"container\" data-e-type=\"container\">\n\t\t\t\t<div class=\"elementor-element elementor-element-f14faf5 elementor-widget elementor-widget-text-editor\" data-id=\"f14faf5\" data-element_type=\"widget\" data-e-type=\"widget\" data-widget_type=\"text-editor.default\">\n\t\t\t\t<div class=\"elementor-widget-container\">\n\t\t\t\t\t\t\t\t\t<div class=\"block_KrDu1\"><div class=\"root_PIkPk\"><p>Direction artistique, musique <strong>Antoine Arnera<\/strong><br \/>Livret <strong>Thomas Arnera<\/strong>, <strong>Antoine Arnera<\/strong>, <strong>Maud Chapoutier<\/strong><br \/>Direction musicale <strong>L\u00e9o Margue<\/strong><br \/>Mise en sc\u00e8ne <strong>Guillaume Bailliart<\/strong><br \/>Lumi\u00e8res <strong>Kamille Fau<\/strong><br \/>Son <strong>Guillaume Puissant<\/strong><br \/>R\u00e9gie g\u00e9n\u00e9rale <strong>Th\u00e9o Vacheron<\/strong><\/p><\/div><div class=\"root_PIkPk\"><p>&#8212;<\/p><p>Avec <strong>Caroline Sentis, Louise Perret, Antoine Mermet, Olivier Germain Noureux, Agn\u00e8s Poti\u00e9, Jessica Martin Maresco<\/strong> chant, <strong>Thomas Arnera, Pauline Laurendeau<\/strong> chant, jeu, <strong>Lucie Leker, Fany Fresard violon, Antonin Le Faure<\/strong> alto,<strong>Lise Pechenart<\/strong> violoncelle, <strong>\u00c9milie Martin<\/strong> contrebasse, <strong>Pierre Glorieux<\/strong> basson, <strong>Cl\u00e9lia Bobichon, Pierre Horckmans<\/strong> clarinettes, <strong>Nathalie Cornevin<\/strong> harpe, <strong>Miha\u00ef Trestian<\/strong> cymbalum, <strong>Matthieu Lemennicier<\/strong>, <strong>Boris Cassone<\/strong> guitares \u00e9lectriques, <strong>Antoine Arnera<\/strong> claviers, \u00e9lectroacoustique <strong>Guilhem Meier<\/strong> batterie, <strong>Beno\u00eet Lecomte<\/strong> \u00e9lectroacoustique<\/p><\/div><\/div><div class=\"block_KrDu1\"><div class=\"root_PIkPk\"><p>*Production : L\u2019Abeille Beugle<\/p><p>Coproduction : Th\u00e9\u00e2tre de La Renaissance \u2013 Oullins Lyon M\u00e9tropole<\/p><\/div><\/div>\t\t\t\t\t\t\t\t<\/div>\n\t\t\t\t<\/div>\n\t\t\t\t<\/div>\n\t\t\t\t\t<\/div>\n\t\t\t\t<\/div>\n\t\t<div class=\"elementor-element elementor-element-c3174e7 e-flex e-con-boxed e-con e-parent\" data-id=\"c3174e7\" data-element_type=\"container\" data-e-type=\"container\">\n\t\t\t\t\t<div class=\"e-con-inner\">\n\t\t<div class=\"elementor-element elementor-element-53f03df e-con-full e-flex e-con e-child\" data-id=\"53f03df\" data-element_type=\"container\" data-e-type=\"container\">\n\t\t\t\t<div class=\"elementor-element elementor-element-88bbca2 elementor-widget elementor-widget-image\" data-id=\"88bbca2\" data-element_type=\"widget\" data-e-type=\"widget\" data-widget_type=\"image.default\">\n\t\t\t\t<div class=\"elementor-widget-container\">\n\t\t\t\t\t\t\t\t\t\t\t\t\t\t\t<img decoding=\"async\" width=\"683\" height=\"1024\" src=\"https:\/\/cecilemachin.com\/wp-content\/uploads\/2024\/02\/janus-oofzos6-683x1024.webp\" class=\"attachment-large size-large wp-image-609\" alt=\"\" srcset=\"https:\/\/cecilemachin.com\/wp-content\/uploads\/2024\/02\/janus-oofzos6-683x1024.webp 683w, https:\/\/cecilemachin.com\/wp-content\/uploads\/2024\/02\/janus-oofzos6-200x300.webp 200w, https:\/\/cecilemachin.com\/wp-content\/uploads\/2024\/02\/janus-oofzos6-768x1152.webp 768w, https:\/\/cecilemachin.com\/wp-content\/uploads\/2024\/02\/janus-oofzos6-1024x1536.webp 1024w, https:\/\/cecilemachin.com\/wp-content\/uploads\/2024\/02\/janus-oofzos6-scaled.webp 1280w\" sizes=\"(max-width: 683px) 100vw, 683px\" \/>\t\t\t\t\t\t\t\t\t\t\t\t\t\t\t<\/div>\n\t\t\t\t<\/div>\n\t\t\t\t<\/div>\n\t\t<div class=\"elementor-element elementor-element-4b780f5 e-con-full e-flex e-con e-child\" data-id=\"4b780f5\" data-element_type=\"container\" data-e-type=\"container\">\n\t\t\t\t<div class=\"elementor-element elementor-element-c7f4bfa elementor-widget elementor-widget-image\" data-id=\"c7f4bfa\" data-element_type=\"widget\" data-e-type=\"widget\" data-widget_type=\"image.default\">\n\t\t\t\t<div class=\"elementor-widget-container\">\n\t\t\t\t\t\t\t\t\t\t\t\t\t\t\t<img decoding=\"async\" width=\"683\" height=\"1024\" src=\"https:\/\/cecilemachin.com\/wp-content\/uploads\/2024\/02\/janus-oofzos2-683x1024.webp\" class=\"attachment-large size-large wp-image-605\" alt=\"\" srcset=\"https:\/\/cecilemachin.com\/wp-content\/uploads\/2024\/02\/janus-oofzos2-683x1024.webp 683w, https:\/\/cecilemachin.com\/wp-content\/uploads\/2024\/02\/janus-oofzos2-200x300.webp 200w, https:\/\/cecilemachin.com\/wp-content\/uploads\/2024\/02\/janus-oofzos2-768x1152.webp 768w, https:\/\/cecilemachin.com\/wp-content\/uploads\/2024\/02\/janus-oofzos2-1024x1536.webp 1024w, https:\/\/cecilemachin.com\/wp-content\/uploads\/2024\/02\/janus-oofzos2-1366x2048.webp 1281w, https:\/\/cecilemachin.com\/wp-content\/uploads\/2024\/02\/janus-oofzos2-scaled.webp 1280w\" sizes=\"(max-width: 683px) 100vw, 683px\" \/>\t\t\t\t\t\t\t\t\t\t\t\t\t\t\t<\/div>\n\t\t\t\t<\/div>\n\t\t\t\t<\/div>\n\t\t\t\t\t<\/div>\n\t\t\t\t<\/div>\n\t\t<div class=\"elementor-element elementor-element-e8a1fac e-flex e-con-boxed e-con e-parent\" data-id=\"e8a1fac\" data-element_type=\"container\" data-e-type=\"container\">\n\t\t\t\t\t<div class=\"e-con-inner\">\n\t\t<div class=\"elementor-element elementor-element-471ea69 e-con-full e-flex e-con e-child\" data-id=\"471ea69\" data-element_type=\"container\" data-e-type=\"container\">\n\t\t\t\t<div class=\"elementor-element elementor-element-e2e1738 elementor-widget elementor-widget-image\" data-id=\"e2e1738\" data-element_type=\"widget\" data-e-type=\"widget\" data-widget_type=\"image.default\">\n\t\t\t\t<div class=\"elementor-widget-container\">\n\t\t\t\t\t\t\t\t\t\t\t\t\t\t\t<img loading=\"lazy\" decoding=\"async\" width=\"1024\" height=\"539\" src=\"https:\/\/cecilemachin.com\/wp-content\/uploads\/2024\/02\/janus-oofzos1-1024x539.webp\" class=\"attachment-large size-large wp-image-604\" alt=\"\" srcset=\"https:\/\/cecilemachin.com\/wp-content\/uploads\/2024\/02\/janus-oofzos1-1024x539.webp 1024w, https:\/\/cecilemachin.com\/wp-content\/uploads\/2024\/02\/janus-oofzos1-300x158.webp 300w, https:\/\/cecilemachin.com\/wp-content\/uploads\/2024\/02\/janus-oofzos1-768x404.webp 768w, https:\/\/cecilemachin.com\/wp-content\/uploads\/2024\/02\/janus-oofzos1-1536x808.webp 1536w, https:\/\/cecilemachin.com\/wp-content\/uploads\/2024\/02\/janus-oofzos1-scaled.webp 1920w\" sizes=\"(max-width: 1024px) 100vw, 1024px\" \/>\t\t\t\t\t\t\t\t\t\t\t\t\t\t\t<\/div>\n\t\t\t\t<\/div>\n\t\t\t\t<\/div>\n\t\t\t\t\t<\/div>\n\t\t\t\t<\/div>\n\t\t<div class=\"elementor-element elementor-element-e717637 e-flex e-con-boxed e-con e-parent\" data-id=\"e717637\" data-element_type=\"container\" data-e-type=\"container\">\n\t\t\t\t\t<div class=\"e-con-inner\">\n\t\t<div class=\"elementor-element elementor-element-2b4c264 e-con-full e-flex e-con e-child\" data-id=\"2b4c264\" data-element_type=\"container\" data-e-type=\"container\">\n\t\t\t\t<div class=\"elementor-element elementor-element-d634250 elementor-widget elementor-widget-image\" data-id=\"d634250\" data-element_type=\"widget\" data-e-type=\"widget\" data-widget_type=\"image.default\">\n\t\t\t\t<div class=\"elementor-widget-container\">\n\t\t\t\t\t\t\t\t\t\t\t\t\t\t\t<img loading=\"lazy\" decoding=\"async\" width=\"1024\" height=\"683\" src=\"https:\/\/cecilemachin.com\/wp-content\/uploads\/2024\/02\/janus-oofzos3-1024x683.webp\" class=\"attachment-large size-large wp-image-606\" alt=\"\" srcset=\"https:\/\/cecilemachin.com\/wp-content\/uploads\/2024\/02\/janus-oofzos3-1024x683.webp 1024w, https:\/\/cecilemachin.com\/wp-content\/uploads\/2024\/02\/janus-oofzos3-300x200.webp 300w, https:\/\/cecilemachin.com\/wp-content\/uploads\/2024\/02\/janus-oofzos3-768x512.webp 768w, https:\/\/cecilemachin.com\/wp-content\/uploads\/2024\/02\/janus-oofzos3-1536x1024.webp 1536w, https:\/\/cecilemachin.com\/wp-content\/uploads\/2024\/02\/janus-oofzos3-scaled.webp 1920w\" sizes=\"(max-width: 1024px) 100vw, 1024px\" \/>\t\t\t\t\t\t\t\t\t\t\t\t\t\t\t<\/div>\n\t\t\t\t<\/div>\n\t\t\t\t<\/div>\n\t\t<div class=\"elementor-element elementor-element-90ed4e2 e-con-full e-flex e-con e-child\" data-id=\"90ed4e2\" data-element_type=\"container\" data-e-type=\"container\">\n\t\t\t\t<div class=\"elementor-element elementor-element-c19ae19 elementor-widget elementor-widget-image\" data-id=\"c19ae19\" data-element_type=\"widget\" data-e-type=\"widget\" data-widget_type=\"image.default\">\n\t\t\t\t<div class=\"elementor-widget-container\">\n\t\t\t\t\t\t\t\t\t\t\t\t\t\t\t<img loading=\"lazy\" decoding=\"async\" width=\"1024\" height=\"683\" src=\"https:\/\/cecilemachin.com\/wp-content\/uploads\/2024\/02\/janus-oofzos4-1024x683.webp\" class=\"attachment-large size-large wp-image-607\" alt=\"\" srcset=\"https:\/\/cecilemachin.com\/wp-content\/uploads\/2024\/02\/janus-oofzos4-1024x683.webp 1024w, https:\/\/cecilemachin.com\/wp-content\/uploads\/2024\/02\/janus-oofzos4-300x200.webp 300w, https:\/\/cecilemachin.com\/wp-content\/uploads\/2024\/02\/janus-oofzos4-768x512.webp 768w, https:\/\/cecilemachin.com\/wp-content\/uploads\/2024\/02\/janus-oofzos4-1536x1024.webp 1536w, https:\/\/cecilemachin.com\/wp-content\/uploads\/2024\/02\/janus-oofzos4-scaled.webp 1920w\" sizes=\"(max-width: 1024px) 100vw, 1024px\" \/>\t\t\t\t\t\t\t\t\t\t\t\t\t\t\t<\/div>\n\t\t\t\t<\/div>\n\t\t\t\t<\/div>\n\t\t\t\t\t<\/div>\n\t\t\t\t<\/div>\n\t\t<div class=\"elementor-element elementor-element-665d2b8 e-flex e-con-boxed e-con e-parent\" data-id=\"665d2b8\" data-element_type=\"container\" data-e-type=\"container\">\n\t\t\t\t\t<div class=\"e-con-inner\">\n\t\t<div class=\"elementor-element elementor-element-a76b422 e-con-full e-flex e-con e-child\" data-id=\"a76b422\" data-element_type=\"container\" data-e-type=\"container\">\n\t\t\t\t<div class=\"elementor-element elementor-element-a338a59 elementor-widget elementor-widget-image\" data-id=\"a338a59\" data-element_type=\"widget\" data-e-type=\"widget\" data-widget_type=\"image.default\">\n\t\t\t\t<div class=\"elementor-widget-container\">\n\t\t\t\t\t\t\t\t\t\t\t\t\t\t\t<img loading=\"lazy\" decoding=\"async\" width=\"1000\" height=\"667\" src=\"https:\/\/cecilemachin.com\/wp-content\/uploads\/2024\/02\/DSF4272-copie.webp\" class=\"attachment-large size-large wp-image-622\" alt=\"\" srcset=\"https:\/\/cecilemachin.com\/wp-content\/uploads\/2024\/02\/DSF4272-copie.webp 1000w, https:\/\/cecilemachin.com\/wp-content\/uploads\/2024\/02\/DSF4272-copie-300x200.webp 300w, https:\/\/cecilemachin.com\/wp-content\/uploads\/2024\/02\/DSF4272-copie-768x512.webp 768w\" sizes=\"(max-width: 1000px) 100vw, 1000px\" \/>\t\t\t\t\t\t\t\t\t\t\t\t\t\t\t<\/div>\n\t\t\t\t<\/div>\n\t\t\t\t<div class=\"elementor-element elementor-element-68b2c9b elementor-widget elementor-widget-image\" data-id=\"68b2c9b\" data-element_type=\"widget\" data-e-type=\"widget\" data-widget_type=\"image.default\">\n\t\t\t\t<div class=\"elementor-widget-container\">\n\t\t\t\t\t\t\t\t\t\t\t\t\t\t\t<img loading=\"lazy\" decoding=\"async\" width=\"1000\" height=\"750\" src=\"https:\/\/cecilemachin.com\/wp-content\/uploads\/2024\/02\/IMG_5539-1.webp\" class=\"attachment-large size-large wp-image-625\" alt=\"\" srcset=\"https:\/\/cecilemachin.com\/wp-content\/uploads\/2024\/02\/IMG_5539-1.webp 1000w, https:\/\/cecilemachin.com\/wp-content\/uploads\/2024\/02\/IMG_5539-1-300x225.webp 300w, https:\/\/cecilemachin.com\/wp-content\/uploads\/2024\/02\/IMG_5539-1-768x576.webp 768w\" sizes=\"(max-width: 1000px) 100vw, 1000px\" \/>\t\t\t\t\t\t\t\t\t\t\t\t\t\t\t<\/div>\n\t\t\t\t<\/div>\n\t\t\t\t<\/div>\n\t\t<div class=\"elementor-element elementor-element-4d069d2 e-con-full e-flex e-con e-child\" data-id=\"4d069d2\" data-element_type=\"container\" data-e-type=\"container\">\n\t\t\t\t<div class=\"elementor-element elementor-element-e8c5497 elementor-widget elementor-widget-image\" data-id=\"e8c5497\" data-element_type=\"widget\" data-e-type=\"widget\" data-widget_type=\"image.default\">\n\t\t\t\t<div class=\"elementor-widget-container\">\n\t\t\t\t\t\t\t\t\t\t\t\t\t\t\t<img loading=\"lazy\" decoding=\"async\" width=\"768\" height=\"1024\" src=\"https:\/\/cecilemachin.com\/wp-content\/uploads\/2024\/02\/janus12-768x1024.webp\" class=\"attachment-large size-large wp-image-620\" alt=\"\" srcset=\"https:\/\/cecilemachin.com\/wp-content\/uploads\/2024\/02\/janus12-768x1024.webp 768w, https:\/\/cecilemachin.com\/wp-content\/uploads\/2024\/02\/janus12-225x300.webp 225w, https:\/\/cecilemachin.com\/wp-content\/uploads\/2024\/02\/janus12-1152x1536.webp 1152w, https:\/\/cecilemachin.com\/wp-content\/uploads\/2024\/02\/janus12-scaled.webp 1440w\" sizes=\"(max-width: 768px) 100vw, 768px\" \/>\t\t\t\t\t\t\t\t\t\t\t\t\t\t\t<\/div>\n\t\t\t\t<\/div>\n\t\t\t\t<\/div>\n\t\t\t\t\t<\/div>\n\t\t\t\t<\/div>\n\t\t<div class=\"elementor-element elementor-element-fff234d e-flex e-con-boxed e-con e-parent\" data-id=\"fff234d\" data-element_type=\"container\" data-e-type=\"container\">\n\t\t\t\t\t<div class=\"e-con-inner\">\n\t\t\t\t<div class=\"elementor-element elementor-element-e0bb463 elementor-widget elementor-widget-image\" data-id=\"e0bb463\" data-element_type=\"widget\" data-e-type=\"widget\" data-widget_type=\"image.default\">\n\t\t\t\t<div class=\"elementor-widget-container\">\n\t\t\t\t\t\t\t\t\t\t\t\t\t\t\t<img loading=\"lazy\" decoding=\"async\" width=\"1024\" height=\"768\" src=\"https:\/\/cecilemachin.com\/wp-content\/uploads\/2024\/02\/IMG_5627-scaled-e1708527366365-1024x768.webp\" class=\"attachment-large size-large wp-image-623\" alt=\"\" srcset=\"https:\/\/cecilemachin.com\/wp-content\/uploads\/2024\/02\/IMG_5627-scaled-e1708527366365-1024x768.webp 1024w, https:\/\/cecilemachin.com\/wp-content\/uploads\/2024\/02\/IMG_5627-scaled-e1708527366365-300x225.webp 300w, https:\/\/cecilemachin.com\/wp-content\/uploads\/2024\/02\/IMG_5627-scaled-e1708527366365-768x576.webp 768w, https:\/\/cecilemachin.com\/wp-content\/uploads\/2024\/02\/IMG_5627-scaled-e1708527366365-1536x1152.webp 1536w, https:\/\/cecilemachin.com\/wp-content\/uploads\/2024\/02\/IMG_5627-scaled-e1708527366365.webp 1920w\" sizes=\"(max-width: 1024px) 100vw, 1024px\" \/>\t\t\t\t\t\t\t\t\t\t\t\t\t\t\t<\/div>\n\t\t\t\t<\/div>\n\t\t\t\t\t<\/div>\n\t\t\t\t<\/div>\n\t\t\t\t<\/div>\n\t\t","protected":false},"excerpt":{"rendered":"<p>\/*! elementor &#8211; v3.18.0 &#8211; 20-12-2023 *\/ .elementor-widget-image{text-align:center}.elementor-widget-image a{display:inline-block}.elementor-widget-image a img[src$=&#8221;.svg&#8221;]{width:48px}.elementor-widget-image img{vertical-align:middle;display:inline-block} \/*! elementor &#8211; v3.18.0 &#8211; 20-12-2023 *\/ .elementor-heading-title{padding:0;margin:0;line-height:1}.elementor-widget-heading [&hellip;]<\/p>\n","protected":false},"author":1,"featured_media":0,"parent":0,"menu_order":0,"comment_status":"closed","ping_status":"closed","template":"","meta":{"site-sidebar-layout":"no-sidebar","site-content-layout":"","ast-site-content-layout":"full-width-container","site-content-style":"default","site-sidebar-style":"default","ast-global-header-display":"","ast-banner-title-visibility":"","ast-main-header-display":"","ast-hfb-above-header-display":"","ast-hfb-below-header-display":"","ast-hfb-mobile-header-display":"","site-post-title":"disabled","ast-breadcrumbs-content":"","ast-featured-img":"disabled","footer-sml-layout":"","ast-disable-related-posts":"","theme-transparent-header-meta":"","adv-header-id-meta":"","stick-header-meta":"","header-above-stick-meta":"","header-main-stick-meta":"","header-below-stick-meta":"","astra-migrate-meta-layouts":"default","ast-page-background-enabled":"default","ast-page-background-meta":{"desktop":{"background-color":"var(--ast-global-color-4)","background-image":"","background-repeat":"repeat","background-position":"center center","background-size":"auto","background-attachment":"scroll","background-type":"","background-media":"","overlay-type":"","overlay-color":"","overlay-opacity":"","overlay-gradient":""},"tablet":{"background-color":"","background-image":"","background-repeat":"repeat","background-position":"center center","background-size":"auto","background-attachment":"scroll","background-type":"","background-media":"","overlay-type":"","overlay-color":"","overlay-opacity":"","overlay-gradient":""},"mobile":{"background-color":"","background-image":"","background-repeat":"repeat","background-position":"center center","background-size":"auto","background-attachment":"scroll","background-type":"","background-media":"","overlay-type":"","overlay-color":"","overlay-opacity":"","overlay-gradient":""}},"ast-content-background-meta":{"desktop":{"background-color":"var(--ast-global-color-5)","background-image":"","background-repeat":"repeat","background-position":"center center","background-size":"auto","background-attachment":"scroll","background-type":"","background-media":"","overlay-type":"","overlay-color":"","overlay-opacity":"","overlay-gradient":""},"tablet":{"background-color":"var(--ast-global-color-5)","background-image":"","background-repeat":"repeat","background-position":"center center","background-size":"auto","background-attachment":"scroll","background-type":"","background-media":"","overlay-type":"","overlay-color":"","overlay-opacity":"","overlay-gradient":""},"mobile":{"background-color":"var(--ast-global-color-5)","background-image":"","background-repeat":"repeat","background-position":"center center","background-size":"auto","background-attachment":"scroll","background-type":"","background-media":"","overlay-type":"","overlay-color":"","overlay-opacity":"","overlay-gradient":""}},"footnotes":""},"class_list":["post-602","page","type-page","status-publish","hentry"],"_links":{"self":[{"href":"https:\/\/cecilemachin.com\/index.php\/wp-json\/wp\/v2\/pages\/602","targetHints":{"allow":["GET"]}}],"collection":[{"href":"https:\/\/cecilemachin.com\/index.php\/wp-json\/wp\/v2\/pages"}],"about":[{"href":"https:\/\/cecilemachin.com\/index.php\/wp-json\/wp\/v2\/types\/page"}],"author":[{"embeddable":true,"href":"https:\/\/cecilemachin.com\/index.php\/wp-json\/wp\/v2\/users\/1"}],"replies":[{"embeddable":true,"href":"https:\/\/cecilemachin.com\/index.php\/wp-json\/wp\/v2\/comments?post=602"}],"version-history":[{"count":28,"href":"https:\/\/cecilemachin.com\/index.php\/wp-json\/wp\/v2\/pages\/602\/revisions"}],"predecessor-version":[{"id":885,"href":"https:\/\/cecilemachin.com\/index.php\/wp-json\/wp\/v2\/pages\/602\/revisions\/885"}],"wp:attachment":[{"href":"https:\/\/cecilemachin.com\/index.php\/wp-json\/wp\/v2\/media?parent=602"}],"curies":[{"name":"wp","href":"https:\/\/api.w.org\/{rel}","templated":true}]}}