{"id":653,"date":"2024-02-25T20:04:33","date_gmt":"2024-02-25T19:04:33","guid":{"rendered":"http:\/\/cecilemachin.com\/?page_id=653"},"modified":"2024-02-27T16:48:24","modified_gmt":"2024-02-27T15:48:24","slug":"histoire-costumee-de-la-danse-classique","status":"publish","type":"page","link":"https:\/\/cecilemachin.com\/index.php\/histoire-costumee-de-la-danse-classique\/","title":{"rendered":"Histoire costum\u00e9e de la danse classique"},"content":{"rendered":"\t\t<div data-elementor-type=\"wp-page\" data-elementor-id=\"653\" class=\"elementor elementor-653\">\n\t\t\t\t<div class=\"elementor-element elementor-element-f69b38a e-flex e-con-boxed e-con e-parent\" data-id=\"f69b38a\" data-element_type=\"container\" data-e-type=\"container\">\n\t\t\t\t\t<div class=\"e-con-inner\">\n\t\t<div class=\"elementor-element elementor-element-365d339 e-con-full e-flex e-con e-child\" data-id=\"365d339\" data-element_type=\"container\" data-e-type=\"container\">\n\t\t\t\t<div class=\"elementor-element elementor-element-f961514 elementor-widget elementor-widget-heading\" data-id=\"f961514\" data-element_type=\"widget\" data-e-type=\"widget\" data-widget_type=\"heading.default\">\n\t\t\t\t<div class=\"elementor-widget-container\">\n\t\t\t\t\t<h2 class=\"elementor-heading-title elementor-size-default\">Histoire costum\u00e9e de la danse classique \/\/ conservatoire de Vienne<\/h2>\t\t\t\t<\/div>\n\t\t\t\t<\/div>\n\t\t\t\t<div class=\"elementor-element elementor-element-cdc1af3 elementor-widget elementor-widget-text-editor\" data-id=\"cdc1af3\" data-element_type=\"widget\" data-e-type=\"widget\" data-widget_type=\"text-editor.default\">\n\t\t\t\t<div class=\"elementor-widget-container\">\n\t\t\t\t\t\t\t\t\t<p>Projet port\u00e9 par Nad\u00e8ge Cabisidan, professeur de danse classique et moi, en collaboration avec Blandine Schelles et toutes ces \u00e9l\u00e8ves de DTMS habilleurs\/euses du lyc\u00e9e Lamartini\u00e8re !<\/p><p>L&#8217;id\u00e9e \u00e9tait de pr\u00e9senter les multiples esth\u00e9tiques de la danse classique tout au long de son histoire. Les \u00e9l\u00e8ves danseuses pouvaient ainsi porter et danser avec des copies des costumes tr\u00e8s differents des tutus!<\/p><p>2023<\/p>\t\t\t\t\t\t\t\t<\/div>\n\t\t\t\t<\/div>\n\t\t\t\t<\/div>\n\t\t<div class=\"elementor-element elementor-element-d779241 e-con-full e-flex e-con e-child\" data-id=\"d779241\" data-element_type=\"container\" data-e-type=\"container\">\n\t\t\t\t<div class=\"elementor-element elementor-element-a836123 elementor-widget elementor-widget-image\" data-id=\"a836123\" data-element_type=\"widget\" data-e-type=\"widget\" data-widget_type=\"image.default\">\n\t\t\t\t<div class=\"elementor-widget-container\">\n\t\t\t\t\t\t\t\t\t\t\t\t\t\t\t<img fetchpriority=\"high\" decoding=\"async\" width=\"480\" height=\"640\" src=\"https:\/\/cecilemachin.com\/wp-content\/uploads\/2024\/02\/histoire-danseclassique3-rotated.webp\" class=\"attachment-large size-large wp-image-655\" alt=\"\" srcset=\"https:\/\/cecilemachin.com\/wp-content\/uploads\/2024\/02\/histoire-danseclassique3-rotated.webp 480w, https:\/\/cecilemachin.com\/wp-content\/uploads\/2024\/02\/histoire-danseclassique3-225x300.webp 225w\" sizes=\"(max-width: 480px) 100vw, 480px\" \/>\t\t\t\t\t\t\t\t\t\t\t\t\t\t\t<\/div>\n\t\t\t\t<\/div>\n\t\t\t\t<\/div>\n\t\t\t\t\t<\/div>\n\t\t\t\t<\/div>\n\t\t<div class=\"elementor-element elementor-element-bfa9d3c e-flex e-con-boxed e-con e-parent\" data-id=\"bfa9d3c\" data-element_type=\"container\" data-e-type=\"container\">\n\t\t\t\t\t<div class=\"e-con-inner\">\n\t\t<div class=\"elementor-element elementor-element-3180317 e-con-full e-flex e-con e-child\" data-id=\"3180317\" data-element_type=\"container\" data-e-type=\"container\">\n\t\t\t\t<div class=\"elementor-element elementor-element-a514c28 elementor-widget elementor-widget-text-editor\" data-id=\"a514c28\" data-element_type=\"widget\" data-e-type=\"widget\" data-widget_type=\"text-editor.default\">\n\t\t\t\t<div class=\"elementor-widget-container\">\n\t\t\t\t\t\t\t\t\t<p>A chaque \u00e9poque, la chor\u00e9graphie dans\u00e9e par les \u00e9l\u00e8ves et les costumes correspondants :<\/p><ul><li>\u00e9poque Renaissance : la danse allemande, avec la danseuse sp\u00e9cialiste en danse ancienne Anouk Mialaret<\/li><li>\u00e9poque Baroque<\/li><li>18\u00b0 si\u00e8cle, le ballet d&#8217;action<\/li><li>le ballet de la R\u00e9volution : la fille mal gard\u00e9e<\/li><li>la p\u00e9riode romantique, 1830-1860 :<\/li><li>La Sylphide<\/li><li>Giselle<\/li><li>Grand pas de 4<\/li><li>le ballet classique 1860-1905 : Paquita<\/li><li>le ballet moderne<\/li><li>le ballet international de 1945 \u00e0 maintenant :<\/li><li>The vertiginous of exactitude, de W. Forsythe<\/li><li>Petite mort, de Jiri Kilian<\/li><\/ul><p>Les \u00e9l\u00e8ves habilleuses ont habill\u00e9 les danseuses lors du spectacle et ont r\u00e9alis\u00e9 l&#8217;entretien.<\/p><p>Au total, 140 costumes \u00e9taient sortis de diff\u00e9rents stocks, et une trentaine r\u00e9alis\u00e9s pour l&#8217;occasion.<\/p><p>Projet tr\u00e8s mal document\u00e9.<\/p>\t\t\t\t\t\t\t\t<\/div>\n\t\t\t\t<\/div>\n\t\t\t\t<\/div>\n\t\t<div class=\"elementor-element elementor-element-a58ae55 e-con-full e-flex e-con e-child\" data-id=\"a58ae55\" data-element_type=\"container\" data-e-type=\"container\">\n\t\t\t\t<div class=\"elementor-element elementor-element-de9f1df elementor-widget elementor-widget-image\" data-id=\"de9f1df\" data-element_type=\"widget\" data-e-type=\"widget\" data-widget_type=\"image.default\">\n\t\t\t\t<div class=\"elementor-widget-container\">\n\t\t\t\t\t\t\t\t\t\t\t\t\t\t\t<img decoding=\"async\" width=\"576\" height=\"1024\" src=\"https:\/\/cecilemachin.com\/wp-content\/uploads\/2024\/02\/histoire-danseclassique1-576x1024.webp\" class=\"attachment-large size-large wp-image-656\" alt=\"\" srcset=\"https:\/\/cecilemachin.com\/wp-content\/uploads\/2024\/02\/histoire-danseclassique1-576x1024.webp 576w, https:\/\/cecilemachin.com\/wp-content\/uploads\/2024\/02\/histoire-danseclassique1-169x300.webp 169w, https:\/\/cecilemachin.com\/wp-content\/uploads\/2024\/02\/histoire-danseclassique1.webp 636w\" sizes=\"(max-width: 576px) 100vw, 576px\" \/>\t\t\t\t\t\t\t\t\t\t\t\t\t\t\t<\/div>\n\t\t\t\t<\/div>\n\t\t\t\t<\/div>\n\t\t\t\t\t<\/div>\n\t\t\t\t<\/div>\n\t\t<div class=\"elementor-element elementor-element-3c8472a e-flex e-con-boxed e-con e-parent\" data-id=\"3c8472a\" data-element_type=\"container\" data-e-type=\"container\">\n\t\t\t\t\t<div class=\"e-con-inner\">\n\t\t\t\t<div class=\"elementor-element elementor-element-de4dd81 elementor-widget elementor-widget-image\" data-id=\"de4dd81\" data-element_type=\"widget\" data-e-type=\"widget\" data-widget_type=\"image.default\">\n\t\t\t\t<div class=\"elementor-widget-container\">\n\t\t\t\t\t\t\t\t\t\t\t\t\t\t\t<img decoding=\"async\" width=\"799\" height=\"449\" src=\"https:\/\/cecilemachin.com\/wp-content\/uploads\/2024\/02\/histoire-danseclassique2.webp\" class=\"attachment-large size-large wp-image-657\" alt=\"\" srcset=\"https:\/\/cecilemachin.com\/wp-content\/uploads\/2024\/02\/histoire-danseclassique2.webp 799w, https:\/\/cecilemachin.com\/wp-content\/uploads\/2024\/02\/histoire-danseclassique2-300x169.webp 300w, https:\/\/cecilemachin.com\/wp-content\/uploads\/2024\/02\/histoire-danseclassique2-768x432.webp 768w\" sizes=\"(max-width: 799px) 100vw, 799px\" \/>\t\t\t\t\t\t\t\t\t\t\t\t\t\t\t<\/div>\n\t\t\t\t<\/div>\n\t\t\t\t\t<\/div>\n\t\t\t\t<\/div>\n\t\t\t\t<\/div>\n\t\t","protected":false},"excerpt":{"rendered":"<p>Histoire costum\u00e9e de la danse classique \/\/ conservatoire de Vienne Projet port\u00e9 par Nad\u00e8ge Cabisidan, professeur de danse classique et [&hellip;]<\/p>\n","protected":false},"author":1,"featured_media":0,"parent":0,"menu_order":0,"comment_status":"closed","ping_status":"closed","template":"","meta":{"site-sidebar-layout":"no-sidebar","site-content-layout":"","ast-site-content-layout":"full-width-container","site-content-style":"default","site-sidebar-style":"default","ast-global-header-display":"","ast-banner-title-visibility":"","ast-main-header-display":"","ast-hfb-above-header-display":"","ast-hfb-below-header-display":"","ast-hfb-mobile-header-display":"","site-post-title":"disabled","ast-breadcrumbs-content":"","ast-featured-img":"disabled","footer-sml-layout":"","ast-disable-related-posts":"","theme-transparent-header-meta":"","adv-header-id-meta":"","stick-header-meta":"","header-above-stick-meta":"","header-main-stick-meta":"","header-below-stick-meta":"","astra-migrate-meta-layouts":"default","ast-page-background-enabled":"default","ast-page-background-meta":{"desktop":{"background-color":"var(--ast-global-color-4)","background-image":"","background-repeat":"repeat","background-position":"center center","background-size":"auto","background-attachment":"scroll","background-type":"","background-media":"","overlay-type":"","overlay-color":"","overlay-opacity":"","overlay-gradient":""},"tablet":{"background-color":"","background-image":"","background-repeat":"repeat","background-position":"center center","background-size":"auto","background-attachment":"scroll","background-type":"","background-media":"","overlay-type":"","overlay-color":"","overlay-opacity":"","overlay-gradient":""},"mobile":{"background-color":"","background-image":"","background-repeat":"repeat","background-position":"center center","background-size":"auto","background-attachment":"scroll","background-type":"","background-media":"","overlay-type":"","overlay-color":"","overlay-opacity":"","overlay-gradient":""}},"ast-content-background-meta":{"desktop":{"background-color":"var(--ast-global-color-5)","background-image":"","background-repeat":"repeat","background-position":"center center","background-size":"auto","background-attachment":"scroll","background-type":"","background-media":"","overlay-type":"","overlay-color":"","overlay-opacity":"","overlay-gradient":""},"tablet":{"background-color":"var(--ast-global-color-5)","background-image":"","background-repeat":"repeat","background-position":"center center","background-size":"auto","background-attachment":"scroll","background-type":"","background-media":"","overlay-type":"","overlay-color":"","overlay-opacity":"","overlay-gradient":""},"mobile":{"background-color":"var(--ast-global-color-5)","background-image":"","background-repeat":"repeat","background-position":"center center","background-size":"auto","background-attachment":"scroll","background-type":"","background-media":"","overlay-type":"","overlay-color":"","overlay-opacity":"","overlay-gradient":""}},"footnotes":""},"class_list":["post-653","page","type-page","status-publish","hentry"],"_links":{"self":[{"href":"https:\/\/cecilemachin.com\/index.php\/wp-json\/wp\/v2\/pages\/653","targetHints":{"allow":["GET"]}}],"collection":[{"href":"https:\/\/cecilemachin.com\/index.php\/wp-json\/wp\/v2\/pages"}],"about":[{"href":"https:\/\/cecilemachin.com\/index.php\/wp-json\/wp\/v2\/types\/page"}],"author":[{"embeddable":true,"href":"https:\/\/cecilemachin.com\/index.php\/wp-json\/wp\/v2\/users\/1"}],"replies":[{"embeddable":true,"href":"https:\/\/cecilemachin.com\/index.php\/wp-json\/wp\/v2\/comments?post=653"}],"version-history":[{"count":18,"href":"https:\/\/cecilemachin.com\/index.php\/wp-json\/wp\/v2\/pages\/653\/revisions"}],"predecessor-version":[{"id":861,"href":"https:\/\/cecilemachin.com\/index.php\/wp-json\/wp\/v2\/pages\/653\/revisions\/861"}],"wp:attachment":[{"href":"https:\/\/cecilemachin.com\/index.php\/wp-json\/wp\/v2\/media?parent=653"}],"curies":[{"name":"wp","href":"https:\/\/api.w.org\/{rel}","templated":true}]}}