{"id":694,"date":"2024-02-25T21:06:38","date_gmt":"2024-02-25T20:06:38","guid":{"rendered":"http:\/\/cecilemachin.com\/?page_id=694"},"modified":"2024-02-27T16:46:28","modified_gmt":"2024-02-27T15:46:28","slug":"autour-de-tree-carolyn-carlson","status":"publish","type":"page","link":"https:\/\/cecilemachin.com\/index.php\/autour-de-tree-carolyn-carlson\/","title":{"rendered":"Autour de tree, de Carolyn Carlson"},"content":{"rendered":"\t\t<div data-elementor-type=\"wp-page\" data-elementor-id=\"694\" class=\"elementor elementor-694\">\n\t\t\t\t<div class=\"elementor-element elementor-element-9192232 e-flex e-con-boxed e-con e-parent\" data-id=\"9192232\" data-element_type=\"container\" data-e-type=\"container\">\n\t\t\t\t\t<div class=\"e-con-inner\">\n\t\t\t\t<div class=\"elementor-element elementor-element-894ee82 elementor-widget elementor-widget-image\" data-id=\"894ee82\" data-element_type=\"widget\" data-e-type=\"widget\" data-widget_type=\"image.default\">\n\t\t\t\t<div class=\"elementor-widget-container\">\n\t\t\t\t\t\t\t\t\t\t\t\t\t\t\t<img fetchpriority=\"high\" decoding=\"async\" width=\"1024\" height=\"682\" src=\"https:\/\/cecilemachin.com\/wp-content\/uploads\/2024\/02\/DSF5681-copie-1024x682.webp\" class=\"attachment-large size-large wp-image-696\" alt=\"\" srcset=\"https:\/\/cecilemachin.com\/wp-content\/uploads\/2024\/02\/DSF5681-copie-1024x682.webp 1024w, https:\/\/cecilemachin.com\/wp-content\/uploads\/2024\/02\/DSF5681-copie-300x200.webp 300w, https:\/\/cecilemachin.com\/wp-content\/uploads\/2024\/02\/DSF5681-copie-768x512.webp 768w, https:\/\/cecilemachin.com\/wp-content\/uploads\/2024\/02\/DSF5681-copie.webp 1400w\" sizes=\"(max-width: 1024px) 100vw, 1024px\" \/>\t\t\t\t\t\t\t\t\t\t\t\t\t\t\t<\/div>\n\t\t\t\t<\/div>\n\t\t\t\t\t<\/div>\n\t\t\t\t<\/div>\n\t\t<div class=\"elementor-element elementor-element-a545ddc e-flex e-con-boxed e-con e-parent\" data-id=\"a545ddc\" data-element_type=\"container\" data-e-type=\"container\">\n\t\t\t\t\t<div class=\"e-con-inner\">\n\t\t<div class=\"elementor-element elementor-element-becdc94 e-con-full e-flex e-con e-child\" data-id=\"becdc94\" data-element_type=\"container\" data-e-type=\"container\">\n\t\t\t\t<div class=\"elementor-element elementor-element-8d3e8ff elementor-widget elementor-widget-heading\" data-id=\"8d3e8ff\" data-element_type=\"widget\" data-e-type=\"widget\" data-widget_type=\"heading.default\">\n\t\t\t\t<div class=\"elementor-widget-container\">\n\t\t\t\t\t<h2 class=\"elementor-heading-title elementor-size-default\">Projet autour de Tree, de Carolyn Carlson, au conservatoire de Vienne<\/h2>\t\t\t\t<\/div>\n\t\t\t\t<\/div>\n\t\t\t\t<div class=\"elementor-element elementor-element-67d1871 elementor-widget elementor-widget-text-editor\" data-id=\"67d1871\" data-element_type=\"widget\" data-e-type=\"widget\" data-widget_type=\"text-editor.default\">\n\t\t\t\t<div class=\"elementor-widget-container\">\n\t\t\t\t\t\t\t\t\t<p>Refaire des costumes pour les \u00e9l\u00e8ves danseuses d&#8217;apr\u00e8s les photos du spectacle Tree, de Carolyn Carlson.<\/p><p>Mati\u00e8res et techniques adapt\u00e9s au budget et au stockage ult\u00e9rieur (les originaux sont en soie teints \u00e0 la main).<\/p><p>Worshop avec Isida, une des danseuses de la cie CC. Performance dans le mus\u00e9e de Saint Romain en Gal.<\/p><p>2023<\/p>\t\t\t\t\t\t\t\t<\/div>\n\t\t\t\t<\/div>\n\t\t\t\t<\/div>\n\t\t<div class=\"elementor-element elementor-element-03d6cb3 e-con-full e-flex e-con e-child\" data-id=\"03d6cb3\" data-element_type=\"container\" data-e-type=\"container\">\n\t\t\t\t<div class=\"elementor-element elementor-element-fbcd1c9 elementor-widget elementor-widget-image\" data-id=\"fbcd1c9\" data-element_type=\"widget\" data-e-type=\"widget\" data-widget_type=\"image.default\">\n\t\t\t\t<div class=\"elementor-widget-container\">\n\t\t\t\t\t\t\t\t\t\t\t\t\t\t\t<img decoding=\"async\" width=\"1000\" height=\"667\" src=\"https:\/\/cecilemachin.com\/wp-content\/uploads\/2024\/02\/DSF5729-copie.webp\" class=\"attachment-large size-large wp-image-697\" alt=\"\" srcset=\"https:\/\/cecilemachin.com\/wp-content\/uploads\/2024\/02\/DSF5729-copie.webp 1000w, https:\/\/cecilemachin.com\/wp-content\/uploads\/2024\/02\/DSF5729-copie-300x200.webp 300w, https:\/\/cecilemachin.com\/wp-content\/uploads\/2024\/02\/DSF5729-copie-768x512.webp 768w\" sizes=\"(max-width: 1000px) 100vw, 1000px\" \/>\t\t\t\t\t\t\t\t\t\t\t\t\t\t\t<\/div>\n\t\t\t\t<\/div>\n\t\t\t\t<\/div>\n\t\t\t\t\t<\/div>\n\t\t\t\t<\/div>\n\t\t<div class=\"elementor-element elementor-element-63d0b61 e-flex e-con-boxed e-con e-parent\" data-id=\"63d0b61\" data-element_type=\"container\" data-e-type=\"container\">\n\t\t\t\t\t<div class=\"e-con-inner\">\n\t\t\t\t<div class=\"elementor-element elementor-element-f357898 elementor-widget elementor-widget-image\" data-id=\"f357898\" data-element_type=\"widget\" data-e-type=\"widget\" data-widget_type=\"image.default\">\n\t\t\t\t<div class=\"elementor-widget-container\">\n\t\t\t\t\t\t\t\t\t\t\t\t\t\t\t<img decoding=\"async\" width=\"1000\" height=\"667\" src=\"https:\/\/cecilemachin.com\/wp-content\/uploads\/2024\/02\/DSF5777-copie.webp\" class=\"attachment-large size-large wp-image-698\" alt=\"\" srcset=\"https:\/\/cecilemachin.com\/wp-content\/uploads\/2024\/02\/DSF5777-copie.webp 1000w, https:\/\/cecilemachin.com\/wp-content\/uploads\/2024\/02\/DSF5777-copie-300x200.webp 300w, https:\/\/cecilemachin.com\/wp-content\/uploads\/2024\/02\/DSF5777-copie-768x512.webp 768w\" sizes=\"(max-width: 1000px) 100vw, 1000px\" \/>\t\t\t\t\t\t\t\t\t\t\t\t\t\t\t<\/div>\n\t\t\t\t<\/div>\n\t\t\t\t\t<\/div>\n\t\t\t\t<\/div>\n\t\t\t\t<\/div>\n\t\t","protected":false},"excerpt":{"rendered":"<p>Projet autour de Tree, de Carolyn Carlson, au conservatoire de Vienne Refaire des costumes pour les \u00e9l\u00e8ves danseuses d&#8217;apr\u00e8s les [&hellip;]<\/p>\n","protected":false},"author":1,"featured_media":0,"parent":0,"menu_order":0,"comment_status":"closed","ping_status":"closed","template":"","meta":{"site-sidebar-layout":"no-sidebar","site-content-layout":"","ast-site-content-layout":"full-width-container","site-content-style":"default","site-sidebar-style":"default","ast-global-header-display":"","ast-banner-title-visibility":"","ast-main-header-display":"","ast-hfb-above-header-display":"","ast-hfb-below-header-display":"","ast-hfb-mobile-header-display":"","site-post-title":"disabled","ast-breadcrumbs-content":"","ast-featured-img":"disabled","footer-sml-layout":"","ast-disable-related-posts":"","theme-transparent-header-meta":"","adv-header-id-meta":"","stick-header-meta":"","header-above-stick-meta":"","header-main-stick-meta":"","header-below-stick-meta":"","astra-migrate-meta-layouts":"default","ast-page-background-enabled":"default","ast-page-background-meta":{"desktop":{"background-color":"var(--ast-global-color-4)","background-image":"","background-repeat":"repeat","background-position":"center center","background-size":"auto","background-attachment":"scroll","background-type":"","background-media":"","overlay-type":"","overlay-color":"","overlay-opacity":"","overlay-gradient":""},"tablet":{"background-color":"","background-image":"","background-repeat":"repeat","background-position":"center center","background-size":"auto","background-attachment":"scroll","background-type":"","background-media":"","overlay-type":"","overlay-color":"","overlay-opacity":"","overlay-gradient":""},"mobile":{"background-color":"","background-image":"","background-repeat":"repeat","background-position":"center center","background-size":"auto","background-attachment":"scroll","background-type":"","background-media":"","overlay-type":"","overlay-color":"","overlay-opacity":"","overlay-gradient":""}},"ast-content-background-meta":{"desktop":{"background-color":"var(--ast-global-color-5)","background-image":"","background-repeat":"repeat","background-position":"center center","background-size":"auto","background-attachment":"scroll","background-type":"","background-media":"","overlay-type":"","overlay-color":"","overlay-opacity":"","overlay-gradient":""},"tablet":{"background-color":"var(--ast-global-color-5)","background-image":"","background-repeat":"repeat","background-position":"center center","background-size":"auto","background-attachment":"scroll","background-type":"","background-media":"","overlay-type":"","overlay-color":"","overlay-opacity":"","overlay-gradient":""},"mobile":{"background-color":"var(--ast-global-color-5)","background-image":"","background-repeat":"repeat","background-position":"center center","background-size":"auto","background-attachment":"scroll","background-type":"","background-media":"","overlay-type":"","overlay-color":"","overlay-opacity":"","overlay-gradient":""}},"footnotes":""},"class_list":["post-694","page","type-page","status-publish","hentry"],"_links":{"self":[{"href":"https:\/\/cecilemachin.com\/index.php\/wp-json\/wp\/v2\/pages\/694","targetHints":{"allow":["GET"]}}],"collection":[{"href":"https:\/\/cecilemachin.com\/index.php\/wp-json\/wp\/v2\/pages"}],"about":[{"href":"https:\/\/cecilemachin.com\/index.php\/wp-json\/wp\/v2\/types\/page"}],"author":[{"embeddable":true,"href":"https:\/\/cecilemachin.com\/index.php\/wp-json\/wp\/v2\/users\/1"}],"replies":[{"embeddable":true,"href":"https:\/\/cecilemachin.com\/index.php\/wp-json\/wp\/v2\/comments?post=694"}],"version-history":[{"count":18,"href":"https:\/\/cecilemachin.com\/index.php\/wp-json\/wp\/v2\/pages\/694\/revisions"}],"predecessor-version":[{"id":826,"href":"https:\/\/cecilemachin.com\/index.php\/wp-json\/wp\/v2\/pages\/694\/revisions\/826"}],"wp:attachment":[{"href":"https:\/\/cecilemachin.com\/index.php\/wp-json\/wp\/v2\/media?parent=694"}],"curies":[{"name":"wp","href":"https:\/\/api.w.org\/{rel}","templated":true}]}}