{"id":994,"date":"2024-08-19T18:04:32","date_gmt":"2024-08-19T16:04:32","guid":{"rendered":"http:\/\/cecilemachin.com\/?page_id=994"},"modified":"2024-08-27T15:06:23","modified_gmt":"2024-08-27T13:06:23","slug":"catch-kevin-avanti","status":"publish","type":"page","link":"https:\/\/cecilemachin.com\/index.php\/catch-kevin-avanti\/","title":{"rendered":"Catch &#8211; Kevin Avanti &#038; The chess master"},"content":{"rendered":"\t\t<div data-elementor-type=\"wp-page\" data-elementor-id=\"994\" class=\"elementor elementor-994\">\n\t\t\t\t<div class=\"elementor-element elementor-element-a181f22 e-flex e-con-boxed e-con e-parent\" data-id=\"a181f22\" data-element_type=\"container\" data-e-type=\"container\" data-settings=\"{&quot;background_background&quot;:&quot;classic&quot;}\">\n\t\t\t\t\t<div class=\"e-con-inner\">\n\t\t\t\t<div class=\"elementor-element elementor-element-3fc8928 elementor-widget elementor-widget-image\" data-id=\"3fc8928\" data-element_type=\"widget\" data-e-type=\"widget\" data-widget_type=\"image.default\">\n\t\t\t\t<div class=\"elementor-widget-container\">\n\t\t\t\t\t\t\t\t\t\t\t\t\t\t\t<img fetchpriority=\"high\" decoding=\"async\" width=\"581\" height=\"581\" src=\"https:\/\/cecilemachin.com\/wp-content\/uploads\/2024\/08\/kevin.jpg\" class=\"attachment-full size-full wp-image-1002\" alt=\"\" srcset=\"https:\/\/cecilemachin.com\/wp-content\/uploads\/2024\/08\/kevin.jpg 581w, https:\/\/cecilemachin.com\/wp-content\/uploads\/2024\/08\/kevin-300x300.jpg 300w, https:\/\/cecilemachin.com\/wp-content\/uploads\/2024\/08\/kevin-150x150.jpg 150w\" sizes=\"(max-width: 581px) 100vw, 581px\" \/>\t\t\t\t\t\t\t\t\t\t\t\t\t\t\t<\/div>\n\t\t\t\t<\/div>\n\t\t\t\t\t<\/div>\n\t\t\t\t<\/div>\n\t\t<div class=\"elementor-element elementor-element-e53e970 e-flex e-con-boxed e-con e-parent\" data-id=\"e53e970\" data-element_type=\"container\" data-e-type=\"container\">\n\t\t\t\t\t<div class=\"e-con-inner\">\n\t\t<div class=\"elementor-element elementor-element-4fbff15 e-con-full e-flex e-con e-child\" data-id=\"4fbff15\" data-element_type=\"container\" data-e-type=\"container\">\n\t\t\t\t<div class=\"elementor-element elementor-element-68c995f elementor-widget elementor-widget-image\" data-id=\"68c995f\" data-element_type=\"widget\" data-e-type=\"widget\" data-widget_type=\"image.default\">\n\t\t\t\t<div class=\"elementor-widget-container\">\n\t\t\t\t\t\t\t\t\t\t\t\t\t\t\t<img decoding=\"async\" width=\"1024\" height=\"768\" src=\"https:\/\/cecilemachin.com\/wp-content\/uploads\/2024\/08\/IMG_8219-1024x768.jpg\" class=\"attachment-large size-large wp-image-996\" alt=\"\" srcset=\"https:\/\/cecilemachin.com\/wp-content\/uploads\/2024\/08\/IMG_8219-1024x768.jpg 1024w, https:\/\/cecilemachin.com\/wp-content\/uploads\/2024\/08\/IMG_8219-300x225.jpg 300w, https:\/\/cecilemachin.com\/wp-content\/uploads\/2024\/08\/IMG_8219-2000x1500.jpg 2000w, https:\/\/cecilemachin.com\/wp-content\/uploads\/2024\/08\/IMG_8219-scaled-1536x1152.jpg 1536w, https:\/\/cecilemachin.com\/wp-content\/uploads\/2024\/08\/IMG_8219-scaled-2048x1536.jpg 2048w\" sizes=\"(max-width: 1024px) 100vw, 1024px\" \/>\t\t\t\t\t\t\t\t\t\t\t\t\t\t\t<\/div>\n\t\t\t\t<\/div>\n\t\t\t\t<\/div>\n\t\t<div class=\"elementor-element elementor-element-c823082 e-flex e-con-boxed e-con e-child\" data-id=\"c823082\" data-element_type=\"container\" data-e-type=\"container\">\n\t\t\t\t\t<div class=\"e-con-inner\">\n\t\t\t\t\t<\/div>\n\t\t\t\t<\/div>\n\t\t\t\t\t<\/div>\n\t\t\t\t<\/div>\n\t\t<div class=\"elementor-element elementor-element-8442f19 e-flex e-con-boxed e-con e-parent\" data-id=\"8442f19\" data-element_type=\"container\" data-e-type=\"container\">\n\t\t\t\t\t<div class=\"e-con-inner\">\n\t\t<div class=\"elementor-element elementor-element-212c0a9 e-flex e-con-boxed e-con e-child\" data-id=\"212c0a9\" data-element_type=\"container\" data-e-type=\"container\">\n\t\t\t\t\t<div class=\"e-con-inner\">\n\t\t\t\t<div class=\"elementor-element elementor-element-3f6bff0 elementor-widget elementor-widget-heading\" data-id=\"3f6bff0\" data-element_type=\"widget\" data-e-type=\"widget\" data-widget_type=\"heading.default\">\n\t\t\t\t<div class=\"elementor-widget-container\">\n\t\t\t\t\t<h2 class=\"elementor-heading-title elementor-size-default\">Catch \/ K\u00e9vin Avanti<\/h2>\t\t\t\t<\/div>\n\t\t\t\t<\/div>\n\t\t\t\t<div class=\"elementor-element elementor-element-5c2286e elementor-widget elementor-widget-text-editor\" data-id=\"5c2286e\" data-element_type=\"widget\" data-e-type=\"widget\" data-widget_type=\"text-editor.default\">\n\t\t\t\t<div class=\"elementor-widget-container\">\n\t\t\t\t\t\t\t\t\t<p>Cr\u00e9ation du costume du catcheur K\u00e9vin Avanti, selon son personnage et ses contraintes techniques.<\/p><p>Tshirt et pantalon enti\u00e8rement doubl\u00e9s pour la solidit\u00e9. Motif appliqu\u00e9 et non imprim\u00e9 pour qu&#8217;il dure dans le temps et qu&#8217;il reste bien contrast\u00e9.<\/p><p>@kevin_avanti<\/p><p>2024<\/p>\t\t\t\t\t\t\t\t<\/div>\n\t\t\t\t<\/div>\n\t\t\t\t<div class=\"elementor-element elementor-element-d7bf280 elementor-widget elementor-widget-heading\" data-id=\"d7bf280\" data-element_type=\"widget\" data-e-type=\"widget\" data-widget_type=\"heading.default\">\n\t\t\t\t<div class=\"elementor-widget-container\">\n\t\t\t\t\t<h2 class=\"elementor-heading-title elementor-size-default\">Catch \/ The chess master<\/h2>\t\t\t\t<\/div>\n\t\t\t\t<\/div>\n\t\t\t\t<div class=\"elementor-element elementor-element-481a245 elementor-widget elementor-widget-text-editor\" data-id=\"481a245\" data-element_type=\"widget\" data-e-type=\"widget\" data-widget_type=\"text-editor.default\">\n\t\t\t\t<div class=\"elementor-widget-container\">\n\t\t\t\t\t\t\t\t\t<p>Ci-dessous, cr\u00e9ation du pantalon sur mesure d&#8217;Enzo, tout doubl\u00e9 toujours pour la solidit\u00e9. Motif noir et blanc imprim\u00e9 industriellement, logo couleur imprim\u00e9 par l&#8217;industrie \u00e9galement, avec appliqu\u00e9 et peinture textile pour le contraste.<\/p>\t\t\t\t\t\t\t\t<\/div>\n\t\t\t\t<\/div>\n\t\t\t\t\t<\/div>\n\t\t\t\t<\/div>\n\t\t<div class=\"elementor-element elementor-element-5aa984f e-flex e-con-boxed e-con e-child\" data-id=\"5aa984f\" data-element_type=\"container\" data-e-type=\"container\">\n\t\t\t\t\t<div class=\"e-con-inner\">\n\t\t\t\t<div class=\"elementor-element elementor-element-a65ad91 elementor-widget elementor-widget-image\" data-id=\"a65ad91\" data-element_type=\"widget\" data-e-type=\"widget\" data-widget_type=\"image.default\">\n\t\t\t\t<div class=\"elementor-widget-container\">\n\t\t\t\t\t\t\t\t\t\t\t\t\t\t\t<img decoding=\"async\" width=\"768\" height=\"1024\" src=\"https:\/\/cecilemachin.com\/wp-content\/uploads\/2024\/08\/IMG_8255-768x1024.jpg\" class=\"attachment-large size-large wp-image-998\" alt=\"\" srcset=\"https:\/\/cecilemachin.com\/wp-content\/uploads\/2024\/08\/IMG_8255-768x1024.jpg 768w, https:\/\/cecilemachin.com\/wp-content\/uploads\/2024\/08\/IMG_8255-225x300.jpg 225w, https:\/\/cecilemachin.com\/wp-content\/uploads\/2024\/08\/IMG_8255-2000x2667.jpg 2000w, https:\/\/cecilemachin.com\/wp-content\/uploads\/2024\/08\/IMG_8255-scaled-1152x1536.jpg 1152w, https:\/\/cecilemachin.com\/wp-content\/uploads\/2024\/08\/IMG_8255-scaled-1536x2048.jpg 1536w, https:\/\/cecilemachin.com\/wp-content\/uploads\/2024\/08\/IMG_8255-scaled.jpg 1920w\" sizes=\"(max-width: 768px) 100vw, 768px\" \/>\t\t\t\t\t\t\t\t\t\t\t\t\t\t\t<\/div>\n\t\t\t\t<\/div>\n\t\t\t\t\t<\/div>\n\t\t\t\t<\/div>\n\t\t<div class=\"elementor-element elementor-element-41c8746 e-con-full e-flex e-con e-child\" data-id=\"41c8746\" data-element_type=\"container\" data-e-type=\"container\">\n\t\t\t\t<div class=\"elementor-element elementor-element-33ee7f5 elementor-widget elementor-widget-image\" data-id=\"33ee7f5\" data-element_type=\"widget\" data-e-type=\"widget\" data-widget_type=\"image.default\">\n\t\t\t\t<div class=\"elementor-widget-container\">\n\t\t\t\t\t\t\t\t\t\t\t\t\t\t\t<img loading=\"lazy\" decoding=\"async\" width=\"768\" height=\"1024\" src=\"https:\/\/cecilemachin.com\/wp-content\/uploads\/2024\/08\/IMG_8489-768x1024.jpg\" class=\"attachment-large size-large wp-image-997\" alt=\"\" srcset=\"https:\/\/cecilemachin.com\/wp-content\/uploads\/2024\/08\/IMG_8489-768x1024.jpg 768w, https:\/\/cecilemachin.com\/wp-content\/uploads\/2024\/08\/IMG_8489-225x300.jpg 225w, https:\/\/cecilemachin.com\/wp-content\/uploads\/2024\/08\/IMG_8489-2000x2667.jpg 2000w, https:\/\/cecilemachin.com\/wp-content\/uploads\/2024\/08\/IMG_8489-scaled-1152x1536.jpg 1152w, https:\/\/cecilemachin.com\/wp-content\/uploads\/2024\/08\/IMG_8489-scaled-1536x2048.jpg 1536w, https:\/\/cecilemachin.com\/wp-content\/uploads\/2024\/08\/IMG_8489-scaled.jpg 1920w\" sizes=\"(max-width: 768px) 100vw, 768px\" \/>\t\t\t\t\t\t\t\t\t\t\t\t\t\t\t<\/div>\n\t\t\t\t<\/div>\n\t\t\t\t<\/div>\n\t\t\t\t\t<\/div>\n\t\t\t\t<\/div>\n\t\t<div class=\"elementor-element elementor-element-bfea2be e-flex e-con-boxed e-con e-parent\" data-id=\"bfea2be\" data-element_type=\"container\" data-e-type=\"container\">\n\t\t\t\t\t<div class=\"e-con-inner\">\n\t\t<div class=\"elementor-element elementor-element-d226a6b e-con-full e-flex e-con e-child\" data-id=\"d226a6b\" data-element_type=\"container\" data-e-type=\"container\">\n\t\t\t\t<div class=\"elementor-element elementor-element-912c438 elementor-widget elementor-widget-image\" data-id=\"912c438\" data-element_type=\"widget\" data-e-type=\"widget\" data-widget_type=\"image.default\">\n\t\t\t\t<div class=\"elementor-widget-container\">\n\t\t\t\t\t\t\t\t\t\t\t\t\t\t\t<img loading=\"lazy\" decoding=\"async\" width=\"667\" height=\"757\" src=\"https:\/\/cecilemachin.com\/wp-content\/uploads\/2024\/08\/IMG_0932.jpg\" class=\"attachment-large size-large wp-image-1141\" alt=\"\" srcset=\"https:\/\/cecilemachin.com\/wp-content\/uploads\/2024\/08\/IMG_0932.jpg 667w, https:\/\/cecilemachin.com\/wp-content\/uploads\/2024\/08\/IMG_0932-264x300.jpg 264w\" sizes=\"(max-width: 667px) 100vw, 667px\" \/>\t\t\t\t\t\t\t\t\t\t\t\t\t\t\t<\/div>\n\t\t\t\t<\/div>\n\t\t\t\t<\/div>\n\t\t<div class=\"elementor-element elementor-element-d65bfae e-con-full e-flex e-con e-child\" data-id=\"d65bfae\" data-element_type=\"container\" data-e-type=\"container\">\n\t\t\t\t<div class=\"elementor-element elementor-element-471ab0f elementor-widget elementor-widget-image\" data-id=\"471ab0f\" data-element_type=\"widget\" data-e-type=\"widget\" data-widget_type=\"image.default\">\n\t\t\t\t<div class=\"elementor-widget-container\">\n\t\t\t\t\t\t\t\t\t\t\t\t\t\t\t<img loading=\"lazy\" decoding=\"async\" width=\"638\" height=\"735\" src=\"https:\/\/cecilemachin.com\/wp-content\/uploads\/2024\/08\/IMG_0934.jpg\" class=\"attachment-large size-large wp-image-1143\" alt=\"\" srcset=\"https:\/\/cecilemachin.com\/wp-content\/uploads\/2024\/08\/IMG_0934.jpg 638w, https:\/\/cecilemachin.com\/wp-content\/uploads\/2024\/08\/IMG_0934-260x300.jpg 260w\" sizes=\"(max-width: 638px) 100vw, 638px\" \/>\t\t\t\t\t\t\t\t\t\t\t\t\t\t\t<\/div>\n\t\t\t\t<\/div>\n\t\t\t\t<\/div>\n\t\t<div class=\"elementor-element elementor-element-025dc39 e-con-full e-flex e-con e-child\" data-id=\"025dc39\" data-element_type=\"container\" data-e-type=\"container\">\n\t\t\t\t<div class=\"elementor-element elementor-element-166b8ee elementor-widget elementor-widget-image\" data-id=\"166b8ee\" data-element_type=\"widget\" data-e-type=\"widget\" data-widget_type=\"image.default\">\n\t\t\t\t<div class=\"elementor-widget-container\">\n\t\t\t\t\t\t\t\t\t\t\t\t\t\t\t<img loading=\"lazy\" decoding=\"async\" width=\"672\" height=\"744\" src=\"https:\/\/cecilemachin.com\/wp-content\/uploads\/2024\/08\/IMG_0933.jpg\" class=\"attachment-large size-large wp-image-1142\" alt=\"\" srcset=\"https:\/\/cecilemachin.com\/wp-content\/uploads\/2024\/08\/IMG_0933.jpg 672w, https:\/\/cecilemachin.com\/wp-content\/uploads\/2024\/08\/IMG_0933-271x300.jpg 271w\" sizes=\"(max-width: 672px) 100vw, 672px\" \/>\t\t\t\t\t\t\t\t\t\t\t\t\t\t\t<\/div>\n\t\t\t\t<\/div>\n\t\t\t\t<\/div>\n\t\t\t\t\t<\/div>\n\t\t\t\t<\/div>\n\t\t<div class=\"elementor-element elementor-element-0611e21 e-flex e-con-boxed e-con e-parent\" data-id=\"0611e21\" data-element_type=\"container\" data-e-type=\"container\">\n\t\t\t\t\t<div class=\"e-con-inner\">\n\t\t\t\t<div class=\"elementor-element elementor-element-84f28f0 elementor-widget elementor-widget-image\" data-id=\"84f28f0\" data-element_type=\"widget\" data-e-type=\"widget\" data-widget_type=\"image.default\">\n\t\t\t\t<div class=\"elementor-widget-container\">\n\t\t\t\t\t\t\t\t\t\t\t\t\t\t\t<img loading=\"lazy\" decoding=\"async\" width=\"582\" height=\"691\" src=\"https:\/\/cecilemachin.com\/wp-content\/uploads\/2024\/08\/IMG_8666.jpg\" class=\"attachment-large size-large wp-image-1144\" alt=\"\" srcset=\"https:\/\/cecilemachin.com\/wp-content\/uploads\/2024\/08\/IMG_8666.jpg 582w, https:\/\/cecilemachin.com\/wp-content\/uploads\/2024\/08\/IMG_8666-253x300.jpg 253w\" sizes=\"(max-width: 582px) 100vw, 582px\" \/>\t\t\t\t\t\t\t\t\t\t\t\t\t\t\t<\/div>\n\t\t\t\t<\/div>\n\t\t\t\t\t<\/div>\n\t\t\t\t<\/div>\n\t\t\t\t<\/div>\n\t\t","protected":false},"excerpt":{"rendered":"<p>Catch \/ K\u00e9vin Avanti Cr\u00e9ation du costume du catcheur K\u00e9vin Avanti, selon son personnage et ses contraintes techniques. Tshirt et [&hellip;]<\/p>\n","protected":false},"author":1,"featured_media":0,"parent":0,"menu_order":0,"comment_status":"closed","ping_status":"closed","template":"","meta":{"site-sidebar-layout":"default","site-content-layout":"","ast-site-content-layout":"default","site-content-style":"default","site-sidebar-style":"default","ast-global-header-display":"","ast-banner-title-visibility":"","ast-main-header-display":"","ast-hfb-above-header-display":"","ast-hfb-below-header-display":"","ast-hfb-mobile-header-display":"","site-post-title":"","ast-breadcrumbs-content":"","ast-featured-img":"","footer-sml-layout":"","ast-disable-related-posts":"","theme-transparent-header-meta":"","adv-header-id-meta":"","stick-header-meta":"","header-above-stick-meta":"","header-main-stick-meta":"","header-below-stick-meta":"","astra-migrate-meta-layouts":"default","ast-page-background-enabled":"default","ast-page-background-meta":{"desktop":{"background-color":"var(--ast-global-color-4)","background-image":"","background-repeat":"repeat","background-position":"center center","background-size":"auto","background-attachment":"scroll","background-type":"","background-media":"","overlay-type":"","overlay-color":"","overlay-opacity":"","overlay-gradient":""},"tablet":{"background-color":"","background-image":"","background-repeat":"repeat","background-position":"center center","background-size":"auto","background-attachment":"scroll","background-type":"","background-media":"","overlay-type":"","overlay-color":"","overlay-opacity":"","overlay-gradient":""},"mobile":{"background-color":"","background-image":"","background-repeat":"repeat","background-position":"center center","background-size":"auto","background-attachment":"scroll","background-type":"","background-media":"","overlay-type":"","overlay-color":"","overlay-opacity":"","overlay-gradient":""}},"ast-content-background-meta":{"desktop":{"background-color":"var(--ast-global-color-5)","background-image":"","background-repeat":"repeat","background-position":"center center","background-size":"auto","background-attachment":"scroll","background-type":"","background-media":"","overlay-type":"","overlay-color":"","overlay-opacity":"","overlay-gradient":""},"tablet":{"background-color":"var(--ast-global-color-5)","background-image":"","background-repeat":"repeat","background-position":"center center","background-size":"auto","background-attachment":"scroll","background-type":"","background-media":"","overlay-type":"","overlay-color":"","overlay-opacity":"","overlay-gradient":""},"mobile":{"background-color":"var(--ast-global-color-5)","background-image":"","background-repeat":"repeat","background-position":"center center","background-size":"auto","background-attachment":"scroll","background-type":"","background-media":"","overlay-type":"","overlay-color":"","overlay-opacity":"","overlay-gradient":""}},"footnotes":""},"class_list":["post-994","page","type-page","status-publish","hentry"],"_links":{"self":[{"href":"https:\/\/cecilemachin.com\/index.php\/wp-json\/wp\/v2\/pages\/994","targetHints":{"allow":["GET"]}}],"collection":[{"href":"https:\/\/cecilemachin.com\/index.php\/wp-json\/wp\/v2\/pages"}],"about":[{"href":"https:\/\/cecilemachin.com\/index.php\/wp-json\/wp\/v2\/types\/page"}],"author":[{"embeddable":true,"href":"https:\/\/cecilemachin.com\/index.php\/wp-json\/wp\/v2\/users\/1"}],"replies":[{"embeddable":true,"href":"https:\/\/cecilemachin.com\/index.php\/wp-json\/wp\/v2\/comments?post=994"}],"version-history":[{"count":22,"href":"https:\/\/cecilemachin.com\/index.php\/wp-json\/wp\/v2\/pages\/994\/revisions"}],"predecessor-version":[{"id":1153,"href":"https:\/\/cecilemachin.com\/index.php\/wp-json\/wp\/v2\/pages\/994\/revisions\/1153"}],"wp:attachment":[{"href":"https:\/\/cecilemachin.com\/index.php\/wp-json\/wp\/v2\/media?parent=994"}],"curies":[{"name":"wp","href":"https:\/\/api.w.org\/{rel}","templated":true}]}}